{"id":14712,"date":"2017-09-24T19:31:03","date_gmt":"2017-09-24T19:31:03","guid":{"rendered":"https:\/\/www.ambifuego.net\/xtempx\/web17\/?post_type=product&#038;p=14712"},"modified":"2025-08-25T09:41:12","modified_gmt":"2025-08-25T07:41:12","slug":"fabricante-de-chimeneas-electricas","status":"publish","type":"product","link":"https:\/\/www.ambifuego.net\/es\/producto\/fabricante-de-chimeneas-electricas\/","title":{"rendered":"ELEKTRA"},"content":{"rendered":"<p style=\"text-align: justify;\"><span style=\"font-family: verdana, geneva, sans-serif;\"><strong><span style=\"font-family: verdana, geneva, sans-serif;\">Ambifuego<\/span><\/strong>, <strong>Fabricante de chimeneas el\u00e9ctricas en Espa\u00f1a<\/strong>, presenta el modelo Elektra, uno de nuestros modelos exclusivos de chimeneas el\u00e9ctrica de alta calidad. <span class=\"Y2IQFc\" lang=\"es\">La colecci\u00f3n Elektra es, en primer lugar, un modelo con un equilibrio perfecto entre un dise\u00f1o inteligente y una tecnolog\u00eda de punta. Es adem\u00e1s un modelo simple y funcional que ofrece una gran cantidad de opciones y le permite convertir su chimenea el\u00e9ctrica en la pieza de referencia de su hogar.<\/span><\/span><\/p>\n<h2 style=\"text-align: justify;\"><span style=\"font-size: 12pt; font-family: verdana, geneva, sans-serif;\">\u00bfQu\u00e9 es una chimenea el\u00e9ctrica?<\/span><\/h2>\n<p style=\"text-align: justify;\"><span style=\"font-family: verdana, geneva, sans-serif;\">En primer lugar este tipo de aparatos son decorativas y adem\u00e1s al mismo tiempo sirve de apoyo para caldear. Por es similar apare una chimenea tradicional, pero s\u00f3lo necesita un enchufe para funcionar. Mientras que con una chimenea tradicional hay que almacenar le\u00f1a, limpiar cenizas, humos,&#8230; con Elektra basta con un enchufe. <\/span><\/p>\n<p style=\"text-align: justify;\"><span style=\"font-family: verdana, geneva, sans-serif;\">Vienen decoradas con le\u00f1os cer\u00e1micos, cristales o piedras, mientras que baja la cama, bombillas Leds recrean de las llamas y las brasas. Como resultado se consigue el efecto de un fuego casi real. Tambi\u00e9n tienen incorporado una resistencia que genera 1000 \u00f3 2000 W de calor al activar <em><strong>el calefactor<\/strong><\/em>.\u00a0<\/span><\/p>\n<h2 dir=\"ltr\" style=\"text-align: justify;\" data-placeholder=\"Traducci\u00f3n\"><span style=\"font-family: verdana, geneva, sans-serif; font-size: 12pt;\">Fabricante de chimeneas el\u00e9ctricas vers\u00e1tiles tambi\u00e9n en Espa\u00f1a<\/span><\/h2>\n<p id=\"tw-target-text\" class=\"tw-data-text tw-text-large tw-ta\" dir=\"ltr\" style=\"text-align: justify;\" data-placeholder=\"Traducci\u00f3n\"><span class=\"Y2IQFc\" lang=\"es\" style=\"font-family: verdana, geneva, sans-serif;\">Con todo esto, seguro que encuentra en la gama Elektra un modelo que se adapta al dise\u00f1o deseado. La chimenea se entrega con cristal <em><strong>frontal<\/strong><\/em> y laterales vistos, es decir vista del fuego a <strong><em>tres lados<\/em><\/strong>. No obstante si desea una chimenea frontal, basta con colocar los paneles incluidos en los laterales y ya esta! Lo mismo se puede aplicar si prefiere un modelo de esquina.<\/span><\/p>\n<p class=\"tw-data-text tw-text-large tw-ta\" dir=\"ltr\" style=\"text-align: justify;\" data-placeholder=\"Traducci\u00f3n\"><span class=\"Y2IQFc\" lang=\"es\" style=\"font-family: verdana, geneva, sans-serif;\">De hecho, a la entrega del aparato se incluye un kit de paneles para ello. Por lo tanto puede decidir el estilo en cualquier momento, ya que con los paneles, puede crear el modelo preferido.<\/span><\/p>\n<p class=\"tw-data-text tw-text-large tw-ta\" dir=\"ltr\" style=\"text-align: justify;\" data-placeholder=\"Traducci\u00f3n\"><span class=\"Y2IQFc\" lang=\"es\" style=\"font-family: verdana, geneva, sans-serif;\">Esta gama de chimenea adem\u00e1s le ofrece flexibilidad para expresar su estilo y crear un punto focal perfecto en su hogar. La chimenea puede usarse con o sin el calefactor en marcha. Su versatilidad le permite crear un ambiente con s\u00f3lo la visi\u00f3n de las llamas del fuego, incluso en una c\u00e1lida tarde de verano<\/span><\/p>\n<p id=\"tw-target-text\" class=\"tw-data-text tw-text-large tw-ta\" dir=\"ltr\" style=\"text-align: justify;\" data-placeholder=\"Traducci\u00f3n\"><span class=\"Y2IQFc\" lang=\"es\" style=\"font-family: verdana, geneva, sans-serif;\">El modelo Elektra 750, por ejemplo, tiene un\u00a0 <strong>dise\u00f1o contempor\u00e1neo y minimalista,<\/strong> adem\u00e1s viene con un acabado elegante y sin marco. Este modelo tiene dos opciones; la primera son modelos con un cristal bajo. La segunda opci\u00f3n son modelos con un cristal m\u00e1s alto. Naturalmente al tener m\u00e1s altura tiene<\/span><span class=\"Y2IQFc\" lang=\"es\" style=\"font-family: verdana, geneva, sans-serif;\">\u00a0una amplia visi\u00f3n de las cautivadoras llamas, creando un toque de glamour y elegancia en cualquier estancia.<\/span><\/p>\n<h2 style=\"text-align: justify;\"><span style=\"font-size: 12pt; font-family: verdana, geneva, sans-serif;\">\u00bfPuede utilizarse la chimenea el\u00e9ctrica sin calefactor?<\/span><\/h2>\n<p style=\"text-align: justify;\"><span style=\"font-family: verdana, geneva, sans-serif;\">Por supuesto, las chimeneas el\u00e9ctricas pueden funcionar s\u00f3lo con el efectos de las llamas sin la calefacci\u00f3n. Ideal sobre todo cuando solo se quiere disfrutar de la visi\u00f3n del fuego. De este modo, es muy f\u00e1cil crear un ambiente acogedor y agradable en su hogar. Si por el contrario, tambi\u00e9n desea caldear, active el calefactor y la calefacci\u00f3n se pone en marcha. Cuando ambas funciones est\u00e1n en marcha, obtendr\u00e1 por lo tanto un bello fuego adem\u00e1s de un agradable ambiente.<\/span><\/p>\n<h2><span style=\"font-family: verdana, geneva, sans-serif; font-size: 12pt;\">Fabricante chimeneas el\u00e9ctricas Espa\u00f1a, Elektra es sobre todo un modelo exclusivo.<\/span><\/h2>\n<ul>\n<li><span class=\"Y2IQFc\" lang=\"es\" style=\"font-family: verdana, geneva, sans-serif;\">Uso del efecto llama con o sin calor.<\/span><\/li>\n<li><span class=\"Y2IQFc\" lang=\"es\" style=\"font-family: verdana, geneva, sans-serif;\">Adem\u00e1s; Tecnolog\u00eda de color Duoflame Multi Flame con 7 configuraciones .<\/span><\/li>\n<li><span class=\"Y2IQFc\" lang=\"es\" style=\"font-family: verdana, geneva, sans-serif;\">Distribuci\u00f3n uniforme del calor integrada en todos los modelos.<\/span><\/li>\n<li><span class=\"Y2IQFc\" lang=\"es\" style=\"font-family: verdana, geneva, sans-serif;\">Por supuesto, un bajo consumo con tecnolog\u00eda LED Multi Flame.<\/span><\/li>\n<li><span class=\"Y2IQFc\" lang=\"es\" style=\"font-family: verdana, geneva, sans-serif;\"> Visualizaci\u00f3n de las llamas en todo el frente con llama realistas.<\/span><\/li>\n<li><span class=\"Y2IQFc\" lang=\"es\" style=\"font-family: verdana, geneva, sans-serif;\">Asimismo puede tener una iluminaci\u00f3n ambiental, imitaci\u00f3n a brasas debajo de la cama de los le\u00f1os con 7 configuraciones.<\/span><\/li>\n<li><span class=\"Y2IQFc\" lang=\"es\" style=\"font-family: verdana, geneva, sans-serif;\">Opciones de dise\u00f1os; frente, esquina a la izquierda o a la derecha y por \u00faltimo a tres lados.\u00a0 <\/span><\/li>\n<li><span class=\"Y2IQFc\" lang=\"es\" style=\"font-family: verdana, geneva, sans-serif;\">En el aparato se acompa\u00f1a un Kit accesorio con paneles para adaptar la chimenea seg\u00fan desee. (1,2 \u00f3 3 lados).<\/span><\/li>\n<li><span style=\"font-family: verdana, geneva, sans-serif;\"><span class=\"Y2IQFc\" lang=\"es\">De igual modo tambi\u00e9n dispone de un control remoto con panel t\u00e1ctil RF y pantalla a color.<\/span><\/span><\/li>\n<li><span style=\"font-family: verdana, geneva, sans-serif;\">Fabricado en Europa.<\/span><\/li>\n<li><span style=\"font-family: verdana, geneva, sans-serif;\">Gama de chimeneas con 5 tama\u00f1os diferentes.\u00a0<\/span><\/li>\n<li><span style=\"font-family: verdana, geneva, sans-serif;\">Igualmente es f\u00e1cil de instalar y montar.<\/span><\/li>\n<li><span style=\"font-family: verdana, geneva, sans-serif;\">Adem\u00e1s puede adaptar la Potencia 0 &#8211; 2000 W<\/span><\/li>\n<li><span style=\"font-family: verdana, geneva, sans-serif;\">Chimeneas de bajo consumo &#8211; Bombillas Leds<\/span><\/li>\n<li><span style=\"font-family: verdana, geneva, sans-serif;\">Control de altura y amplitud de llamas<\/span><\/li>\n<li><span style=\"font-family: verdana, geneva, sans-serif;\">Le\u00f1os cer\u00e1micos decorativos de Gran Calidad<\/span><\/li>\n<li><span style=\"font-family: verdana, geneva, sans-serif;\"><a href=\"https:\/\/www.youtube.com\/watch?v=FDK9ahMmwnc&amp;ab_channel=ambifuegosur\" target=\"_blank\" rel=\"noopener\">Video1<\/a><\/span><\/li>\n<li><a href=\"https:\/\/vimeo.com\/manage\/videos\/885658854\" target=\"_blank\" rel=\"noopener\"><span style=\"font-family: verdana, geneva, sans-serif;\">Video2<\/span><\/a><\/li>\n<li><a href=\"https:\/\/www.ambifuego.net\/contacto\/\" target=\"_blank\" rel=\"noopener\"><span style=\"font-family: verdana, geneva, sans-serif;\">PVP &#8211; Disponibilidad<\/span><\/a><\/li>\n<li><a href=\"https:\/\/www.ambifuego.net\/wp-content\/uploads\/2023\/10\/20-10-23-cat.general-comprimido.pdf\" target=\"_blank\" rel=\"noopener\"><span style=\"font-family: verdana, geneva, sans-serif;\">Cat\u00e1logo<\/span><\/a><\/li>\n<\/ul>\n<p>&nbsp;<\/p>\n<p><img fetchpriority=\"high\" decoding=\"async\" class=\"alignnone wp-image-39855\" src=\"https:\/\/www.ambifuego.net\/wp-content\/uploads\/2017\/09\/plano-tunel-electrico.jpg\" alt=\"\" width=\"506\" height=\"298\" \/><\/p>\n<table style=\"border-collapse: collapse; width: 73.3039%; height: 181px;\" border=\"1\">\n<tbody>\n<tr>\n<td style=\"width: 12.5%;\"><strong>\u00a0 \u00a0 \u00a0 \u00a0 Modelo<\/strong><\/td>\n<td style=\"width: 8.89547%;\"><strong>\u00a0 \u00a0 \u00a0 \u00a0 A<\/strong><\/td>\n<td style=\"width: 8.27752%;\"><strong>\u00a0 \u00a0 \u00a0 \u00a0 B<\/strong><\/td>\n<td style=\"width: 8.07159%;\"><strong>\u00a0 \u00a0 \u00a0 \u00a0 C<\/strong><\/td>\n<td style=\"width: 8.27754%;\"><strong>\u00a0 \u00a0 \u00a0 \u00a0 \u00a0 D<\/strong><\/td>\n<td style=\"width: 8.17296%;\"><strong>\u00a0 \u00a0 \u00a0 \u00a0 E<\/strong><\/td>\n<\/tr>\n<tr>\n<td style=\"width: 12.5%;\"><strong>\u00a0 \u00a0 \u00a0 \u00a0 \u00a0 \u00a0750<\/strong><\/td>\n<td style=\"width: 8.89547%;\">\u00a0 \u00a0 \u00a0 \u00a0667<\/td>\n<td style=\"width: 8.27752%;\">\u00a0 \u00a0 \u00a0 \u00a0360<\/td>\n<td style=\"width: 8.07159%;\">\u00a0 \u00a0 \u00a0 \u00a0586<\/td>\n<td style=\"width: 8.27754%;\">\u00a0 \u00a0 \u00a0 \u00a0744<\/td>\n<td style=\"width: 8.17296%;\">\u00a0 \u00a0 \u00a0 \u00a0305<\/td>\n<\/tr>\n<tr style=\"height: 23px;\">\n<td style=\"width: 12.5%; height: 23px;\"><strong>\u00a0 \u00a0 \u00a0 \u00a0 \u00a0 \u00a0750 XL<\/strong><\/td>\n<td style=\"width: 8.89547%; height: 23px;\">\u00a0 \u00a0 \u00a0 \u00a0667<\/td>\n<td style=\"width: 8.27752%; height: 23px;\">\u00a0 \u00a0 \u00a0 \u00a0455<\/td>\n<td style=\"width: 8.07159%; height: 23px;\">\u00a0 \u00a0 \u00a0 \u00a0681<\/td>\n<td style=\"width: 8.27754%; height: 23px;\">\u00a0 \u00a0 \u00a0 \u00a0744<\/td>\n<td style=\"width: 8.17296%; height: 23px;\">\u00a0 \u00a0 \u00a0<strong> \u00a0<\/strong>305<\/td>\n<\/tr>\n<tr style=\"height: 23px;\">\n<td style=\"width: 12.5%; height: 23px;\">\u00a0 \u00a0 \u00a0 \u00a0 \u00a0 \u00a0<strong> 950XL\u00a0<\/strong><\/td>\n<td style=\"width: 8.89547%; height: 23px;\">\u00a0 \u00a0 \u00a0 793<\/td>\n<td style=\"width: 8.27752%; height: 23px;\">\u00a0 \u00a0 \u00a0 \u00a0592<\/td>\n<td style=\"width: 8.07159%; height: 23px;\">\u00a0 \u00a0 \u00a0 816<\/td>\n<td style=\"width: 8.27754%; height: 23px;\">\u00a0 \u00a0 \u00a0 \u00a0877<\/td>\n<td style=\"width: 8.17296%; height: 23px;\">\u00a0 \u00a0 \u00a0 \u00a0305<\/td>\n<\/tr>\n<tr style=\"height: 23px;\">\n<td style=\"width: 12.5%; height: 23px;\">\u00a0 <strong>\u00a0 \u00a0 \u00a0 \u00a0 1600<\/strong><\/td>\n<td style=\"width: 8.89547%; height: 23px;\">\u00a0 \u00a0 1580<\/td>\n<td style=\"width: 8.27752%; height: 23px;\">\u00a0 \u00a0 \u00a0 400<\/td>\n<td style=\"width: 8.07159%; height: 23px;\">\u00a0 \u00a0 \u00a0 628<\/td>\n<td style=\"width: 8.27754%; height: 23px;\">\u00a0 \u00a0 \u00a01625<\/td>\n<td style=\"width: 8.17296%; height: 23px;\">\u00a0 \u00a0 \u00a0 \u00a0320<\/td>\n<\/tr>\n<tr style=\"height: 23px;\">\n<td style=\"width: 12.5%; height: 23px;\"><\/td>\n<td style=\"width: 8.89547%; height: 23px;\"><\/td>\n<td style=\"width: 8.27752%; height: 23px;\"><\/td>\n<td style=\"width: 8.07159%; height: 23px;\"><\/td>\n<td style=\"width: 8.27754%; height: 23px;\"><\/td>\n<td style=\"width: 8.17296%; height: 23px;\"><\/td>\n<\/tr>\n<\/tbody>\n<\/table>\n<p>&nbsp;<\/p>\n","protected":false},"excerpt":{"rendered":"[caption id=\"attachment_53366\" align=\"alignnone\" width=\"446\"]<img decoding=\"async\" class=\"size-full wp-image-53366\" src=\"https:\/\/www.ambifuego.net\/wp-content\/uploads\/2017\/09\/electra-corner_optimized.jpg\" alt=\"electra-corner\" width=\"446\" height=\"320\" srcset=\"https:\/\/www.ambifuego.net\/wp-content\/uploads\/2017\/09\/electra-corner_optimized.jpg 446w, https:\/\/www.ambifuego.net\/wp-content\/uploads\/2017\/09\/electra-corner_optimized-376x270.jpg 376w\" sizes=\"(max-width: 446px) 100vw, 446px\" \/> electra-corner[\/caption]\n<p>&nbsp;<\/p>\n","protected":false},"featured_media":51172,"template":"","meta":[],"product_brand":[],"product_cat":[260],"product_tag":[],"class_list":{"0":"post-14712","1":"product","2":"type-product","3":"status-publish","4":"has-post-thumbnail","6":"product_cat-electricas-panoramicas","8":"first","9":"instock","10":"shipping-taxable","11":"product-type-simple"},"_links":{"self":[{"href":"https:\/\/www.ambifuego.net\/es\/wp-json\/wp\/v2\/product\/14712","targetHints":{"allow":["GET"]}}],"collection":[{"href":"https:\/\/www.ambifuego.net\/es\/wp-json\/wp\/v2\/product"}],"about":[{"href":"https:\/\/www.ambifuego.net\/es\/wp-json\/wp\/v2\/types\/product"}],"version-history":[{"count":0,"href":"https:\/\/www.ambifuego.net\/es\/wp-json\/wp\/v2\/product\/14712\/revisions"}],"wp:featuredmedia":[{"embeddable":true,"href":"https:\/\/www.ambifuego.net\/es\/wp-json\/wp\/v2\/media\/51172"}],"wp:attachment":[{"href":"https:\/\/www.ambifuego.net\/es\/wp-json\/wp\/v2\/media?parent=14712"}],"wp:term":[{"taxonomy":"product_brand","embeddable":true,"href":"https:\/\/www.ambifuego.net\/es\/wp-json\/wp\/v2\/product_brand?post=14712"},{"taxonomy":"product_cat","embeddable":true,"href":"https:\/\/www.ambifuego.net\/es\/wp-json\/wp\/v2\/product_cat?post=14712"},{"taxonomy":"product_tag","embeddable":true,"href":"https:\/\/www.ambifuego.net\/es\/wp-json\/wp\/v2\/product_tag?post=14712"}],"curies":[{"name":"wp","href":"https:\/\/api.w.org\/{rel}","templated":true}]}}