{"id":14687,"date":"2017-09-24T18:01:44","date_gmt":"2017-09-24T18:01:44","guid":{"rendered":"https:\/\/www.ambifuego.net\/xtempx\/web17\/?post_type=product&#038;p=14687"},"modified":"2024-05-02T10:05:38","modified_gmt":"2024-05-02T08:05:38","slug":"chimenea-electrica-clasica-inglesa","status":"publish","type":"product","link":"https:\/\/www.ambifuego.net\/es\/producto\/chimenea-electrica-clasica-inglesa\/","title":{"rendered":"BRONTE &#8211; AUSTEN"},"content":{"rendered":"<p style=\"text-align: justify;\"><span style=\"font-family: verdana, geneva, sans-serif;\">Una chimenea el\u00e9ctrica cl\u00e1sica inglesa es un ejemplo de perfecci\u00f3n y tradici\u00f3n antigua combinadas en una. Su dise\u00f1o combina patriarcado, solidez, respetabilidad y grandeza. Al mismo tiempo, la chimenea hecha en estilo cl\u00e1sico, no se puede llamar una instalaci\u00f3n est\u00e1ndar. Este dise\u00f1o se ve original en el interior de cada habitaci\u00f3n por separado, se juega e interpreta de diferentes maneras. <\/span><\/p>\n<p style=\"text-align: justify;\"><span style=\"font-family: verdana, geneva, sans-serif;\">Se adopta un enfoque espec\u00edfico para la instalaci\u00f3n de una chimenea cl\u00e1sica La ventaja de una chimenea de estilo cl\u00e1sico es su versatilidad en apariencia. El dise\u00f1o encaja armoniosamente en cualquier interior. As\u00ed estamos acostumbrados a ver esta fuente de luz, calidez y confort. Puede instalarla con un recerco de madera o m\u00e1rmol con un dise\u00f1o cl\u00e1sico o igualmente algo m\u00e1s moderno.<\/span><\/p>\n<p style=\"text-align: justify;\"><span style=\"font-family: verdana, geneva, sans-serif;\">El estilo cl\u00e1sico se caracteriza por la presencia de una figura coordinadora. Por lo general, se elige un frontal voluminoso como base. Una chimenea de estilo cl\u00e1sico hace un excelente trabajo con la funci\u00f3n del cuerpo de fundici\u00f3n con su chimenea el\u00e9ctrica en el interior.<\/span><\/p>\n<h2 style=\"text-align: justify;\"><span style=\"font-family: verdana, geneva, sans-serif;\">\u00bfQu\u00e9 es una chimenea el\u00e9ctrica cl\u00e1sica inglesa?<\/span><\/h2>\n<p style=\"text-align: justify;\"><span style=\"font-family: verdana, geneva, sans-serif;\">Chimenea que conserva el estilo de una \u00e9poca ya pasada pero con un estilo decorativo especial. Disfrutar de una chimenea cl\u00e1sicas inglesas original era todo un privilegio. Eran chimeneas decorativas de indudable belleza, realizadas a medida, para espacios importantes del hogar.\u00a0<\/span><\/p>\n<p style=\"text-align: justify;\"><span style=\"font-family: verdana, geneva, sans-serif;\">El modelo Bronte es una chimenea fabricada artesanalmente con hierro fundido y tiene una <strong>vida \u00fatil de m\u00e1s de 40 a\u00f1os<\/strong>. Podr\u00eda utilizarse para quemar le\u00f1a o gas o como\u00a0 le mostramos la <strong>versi\u00f3n el\u00e9ctrica<\/strong>. Claro est\u00e1, estos modelos le dar\u00e1n un aspecto muy sofisticado a su sal\u00f3n.<\/span><\/p>\n<ul>\n<li style=\"text-align: justify;\"><span style=\"font-family: verdana, geneva, sans-serif;\">Chimenea el\u00e9ctrica completa, frontal y panel de fundici\u00f3n con aparato el\u00e9ctrico.<\/span><\/li>\n<li style=\"text-align: justify;\"><span style=\"font-family: verdana, geneva, sans-serif;\">Panel trasero de fundici\u00f3n y quemador disponible suelto.<\/span><\/li>\n<li style=\"text-align: justify;\"><span style=\"font-family: verdana, geneva, sans-serif;\">Control mediante App-Tel\u00e9fono &#8211; Manual con panel interno.<\/span><\/li>\n<li style=\"text-align: justify;\"><span style=\"font-family: verdana, geneva, sans-serif;\">S\u00f3lo efecto decorativo sin calor<\/span><\/li>\n<li style=\"text-align: justify;\"><span style=\"font-family: verdana, geneva, sans-serif;\">Calefactor incorporado con Potencia 1000W\/2000W<\/span><\/li>\n<li style=\"text-align: justify;\"><span style=\"font-family: verdana, geneva, sans-serif;\">Disponible con carbones \/ Le\u00f1os cer\u00e1micos &#8211; Gran Calidad <\/span><\/li>\n<li style=\"text-align: justify;\"><span style=\"font-family: verdana, geneva, sans-serif;\">Alto: 950 \/ Ancho: 950 \/ Fondo: 250<\/span><\/li>\n<li style=\"text-align: justify;\"><span style=\"font-family: verdana, geneva, sans-serif;\"><a href=\"https:\/\/www.ambifuego.net\/wp-content\/uploads\/2023\/10\/20-10-23-cat.general-comprimido.pdf\" target=\"_blank\" rel=\"noopener\">Cat\u00e1logo<\/a>\u00a0<\/span><\/li>\n<li style=\"text-align: justify;\"><span style=\"font-family: verdana, geneva, sans-serif;\"><a href=\"https:\/\/www.ambifuego.net\/contacto\/\" target=\"_blank\" rel=\"noopener\">Pvp &#8211; Disponibilidad<\/a><\/span><\/li>\n<\/ul>\n","protected":false},"excerpt":{"rendered":"<p><img fetchpriority=\"high\" decoding=\"async\" class=\"alignnone wp-image-19524\" src=\"https:\/\/www.ambifuego.net\/wp-content\/uploads\/2017\/09\/tennyson-cast-1-e1523871558542.jpg\" alt=\"chimenea cl\u00e1sica\" width=\"583\" height=\"437\" \/><\/p>\n","protected":false},"featured_media":57213,"template":"","meta":[],"product_brand":[],"product_cat":[512],"product_tag":[],"class_list":{"0":"post-14687","1":"product","2":"type-product","3":"status-publish","4":"has-post-thumbnail","6":"product_cat-chimeneas-clasicas-inglesas","8":"first","9":"instock","10":"shipping-taxable","11":"product-type-simple"},"_links":{"self":[{"href":"https:\/\/www.ambifuego.net\/es\/wp-json\/wp\/v2\/product\/14687","targetHints":{"allow":["GET"]}}],"collection":[{"href":"https:\/\/www.ambifuego.net\/es\/wp-json\/wp\/v2\/product"}],"about":[{"href":"https:\/\/www.ambifuego.net\/es\/wp-json\/wp\/v2\/types\/product"}],"version-history":[{"count":0,"href":"https:\/\/www.ambifuego.net\/es\/wp-json\/wp\/v2\/product\/14687\/revisions"}],"wp:featuredmedia":[{"embeddable":true,"href":"https:\/\/www.ambifuego.net\/es\/wp-json\/wp\/v2\/media\/57213"}],"wp:attachment":[{"href":"https:\/\/www.ambifuego.net\/es\/wp-json\/wp\/v2\/media?parent=14687"}],"wp:term":[{"taxonomy":"product_brand","embeddable":true,"href":"https:\/\/www.ambifuego.net\/es\/wp-json\/wp\/v2\/product_brand?post=14687"},{"taxonomy":"product_cat","embeddable":true,"href":"https:\/\/www.ambifuego.net\/es\/wp-json\/wp\/v2\/product_cat?post=14687"},{"taxonomy":"product_tag","embeddable":true,"href":"https:\/\/www.ambifuego.net\/es\/wp-json\/wp\/v2\/product_tag?post=14687"}],"curies":[{"name":"wp","href":"https:\/\/api.w.org\/{rel}","templated":true}]}}