{"id":14636,"date":"2017-09-24T17:37:39","date_gmt":"2017-09-24T17:37:39","guid":{"rendered":"https:\/\/www.ambifuego.net\/xtempx\/web17\/?post_type=product&#038;p=14636"},"modified":"2023-11-17T12:18:15","modified_gmt":"2023-11-17T11:18:15","slug":"chimenea-electrica-moderna-flamerite","status":"publish","type":"product","link":"https:\/\/www.ambifuego.net\/es\/producto\/chimenea-electrica-moderna-flamerite\/","title":{"rendered":"ARLO"},"content":{"rendered":"<p style=\"text-align: justify;\"><span style=\"font-family: verdana, geneva, sans-serif;\"><span style=\"font-size: 12pt;\">Chimenea el\u00e9ctrica moderna <a href=\"https:\/\/flameritefires.com\/en\/product-category\/fires\/fire-fitting\/built-in-wall-mounted-fires\/\" target=\"_blank\" rel=\"noopener\">flamerite, Arlo<\/a> la f\u00e1cil opci\u00f3n para crear <\/span>el ambiente que dan vida a un hogar. Por supuesto una chimenea el\u00e9ctrica es una estupenda alternativa a una chimenea tradicional abierta. Al mismo tiempo le brinda la comodidad en su propia casa de disfrutar de un hogar con s\u00f3lo un click, sin los humos ni la suciedad asociados a una chimenea cl\u00e1sica de combustible s\u00f3lido.<\/span><\/p>\n<h2><span style=\"font-size: 14pt;\">Chimenea el\u00e9ctrica moderna, para disfrutar todo el a\u00f1o, tambi\u00e9n con o sin calor.<\/span><\/h2>\n<p style=\"text-align: justify;\"><span style=\"font-family: verdana, geneva, sans-serif;\">Desde tan solo 6 W, nuestros efectos de llama LED pueden disfrutarse durante todo el a\u0144o, con o sin calefacci\u00f3n. Tiene m\u00e1s opciones, no solo el estilo de fuego sino tambi\u00e9n el efecto de la llama y la tecnolog\u00eda de control. Nuestras chimeneas de conformidad con el dise\u00f1o ecol\u00f3gico son 100 % eficientes a partir de tan solo 750 W de calor, no se desperdicia nada. No solo es muy positivo para usted, sino tambi\u00e9n para el medio ambiente. Nuestra gama de chimeneas el\u00e9ctricas son perfectas para transformar muy f\u00e1cilmente. cualquier estancia Con la garant\u00eda a\u00f1adida de que est\u00e1 comprando productos de fabricaci\u00f3n brit\u00e1nica y de una empresa familiar con m\u00e1s de 50 a\u00f1os de experiencia en el sector y con un servicio de atenci\u00f3n al cliente sin precedentes.<\/span><\/p>\n<p style=\"text-align: justify;\"><span style=\"font-family: verdana, geneva, sans-serif;\">La chimenea el\u00e9ctrica moderna Flamerite modelo Arlo puede tener efectos de llamas a elegir son RADIA O NITRA<a href=\"https:\/\/flameritefires.com\/es\/control-features\/\">.<\/a>\u00a0 Estos son efectos de llamas y combustibles vibrantes y coloridos con profundos reflejos de alta definici\u00f3n. Los efectos de llamas con LEDs, son regulables y con funci\u00f3n de cambio de color y 5 animaciones de llamas preestablecidas. <\/span><\/p>\n<h2 style=\"text-align: justify;\"><span style=\"font-size: 14pt;\"><strong><span style=\"font-family: verdana, geneva, sans-serif;\">Flamerite, el\u00a0 fabricante de chimeneas el\u00e9ctricas con m\u00e1s antig\u00fcedad en el Reino Unido.<\/span><\/strong><\/span><\/h2>\n<ul>\n<li><span style=\"font-family: verdana, geneva, sans-serif;\">Chimenea el\u00e9ctrica moderna para insertar o montar en una pared.<\/span><\/li>\n<li><span style=\"font-family: verdana, geneva, sans-serif;\">Le\u00f1os y brasas decorativas.<\/span><\/li>\n<li><span style=\"font-family: verdana, geneva, sans-serif;\">Con temporizador programable adaptativo de 7 d\u00edas con una sola programaci\u00f3n.<\/span><\/li>\n<li><span style=\"font-family: verdana, geneva, sans-serif;\">Detecci\u00f3n de ventana abierta.<\/span><\/li>\n<li><span style=\"font-family: verdana, geneva, sans-serif;\">Opci\u00f3n efecto de llamas Radia Flame 3D y adem\u00e1s Nitra Flame (con diversos colores)<\/span><\/li>\n<li><span style=\"font-family: verdana, geneva, sans-serif;\">Control manual, con mando a distancia as\u00ed como con una aplicaci\u00f3n (tel\u00e9fono)<\/span><\/li>\n<li><span style=\"font-family: verdana, geneva, sans-serif;\">Calefactor oculto con control termost\u00e1tico 750 \/ 1500 W.<\/span><\/li>\n<li><span style=\"font-family: verdana, geneva, sans-serif;\">Color de marco; plata, bronce o lat\u00f3n.<\/span><\/li>\n<li><span style=\"font-family: verdana, geneva, sans-serif;\">Insertable para hueco de 42 x 57 cm.<\/span><\/li>\n<li><span style=\"font-family: verdana, geneva, sans-serif;\">Tambi\u00e9n disponible un espaciador para adaptar a una pared plana.<strong>\u00a0<\/strong><\/span><\/li>\n<li><a href=\"https:\/\/www.ambifuego.net\/wp-content\/uploads\/2023\/10\/20-10-23-cat.general-comprimido.pdf\" target=\"_blank\" rel=\"noopener\"><span style=\"font-family: verdana, geneva, sans-serif;\">Cat\u00e1logo<\/span><\/a><\/li>\n<li><span style=\"font-family: verdana, geneva, sans-serif;\"><a href=\"https:\/\/www.ambifuego.net\/contacto\/\" target=\"_blank\" rel=\"noopener\">PVP consultar<\/a><\/span><\/li>\n<\/ul>\n<p>&nbsp;<\/p>\n<p><img fetchpriority=\"high\" decoding=\"async\" class=\"alignnone size-full wp-image-57531\" src=\"https:\/\/www.ambifuego.net\/wp-content\/uploads\/2017\/09\/arlo-medidas_optimized.jpg\" alt=\"\" width=\"480\" height=\"380\" srcset=\"https:\/\/www.ambifuego.net\/wp-content\/uploads\/2017\/09\/arlo-medidas_optimized.jpg 480w, https:\/\/www.ambifuego.net\/wp-content\/uploads\/2017\/09\/arlo-medidas_optimized-341x270.jpg 341w\" sizes=\"(max-width: 480px) 100vw, 480px\" \/><\/p>\n<p>&nbsp;<\/p>\n<p>&nbsp;<\/p>\n<p><!--more--><\/p>\n","protected":false},"excerpt":{"rendered":"<p><a href=\"https:\/\/www.ambifuego.net\/producto\/chimenea-electrica-moderna-flamerite\/\"><img decoding=\"async\" class=\"alignnone size-medium wp-image-57537\" src=\"https:\/\/www.ambifuego.net\/wp-content\/uploads\/2017\/09\/flamerite-arlo-22-silver-cu_optimized-480x480.jpg\" alt=\"\" width=\"480\" height=\"480\" srcset=\"https:\/\/www.ambifuego.net\/wp-content\/uploads\/2017\/09\/flamerite-arlo-22-silver-cu_optimized-480x480.jpg 480w, https:\/\/www.ambifuego.net\/wp-content\/uploads\/2017\/09\/flamerite-arlo-22-silver-cu_optimized-150x150.jpg 150w, https:\/\/www.ambifuego.net\/wp-content\/uploads\/2017\/09\/flamerite-arlo-22-silver-cu_optimized-270x270.jpg 270w, https:\/\/www.ambifuego.net\/wp-content\/uploads\/2017\/09\/flamerite-arlo-22-silver-cu_optimized-439x439.jpg 439w, https:\/\/www.ambifuego.net\/wp-content\/uploads\/2017\/09\/flamerite-arlo-22-silver-cu_optimized-388x388.jpg 388w, https:\/\/www.ambifuego.net\/wp-content\/uploads\/2017\/09\/flamerite-arlo-22-silver-cu_optimized-40x40.jpg 40w, https:\/\/www.ambifuego.net\/wp-content\/uploads\/2017\/09\/flamerite-arlo-22-silver-cu_optimized-100x100.jpg 100w, https:\/\/www.ambifuego.net\/wp-content\/uploads\/2017\/09\/flamerite-arlo-22-silver-cu_optimized.jpg 600w\" sizes=\"(max-width: 480px) 100vw, 480px\" \/><\/a><\/p>\n","protected":false},"featured_media":57528,"template":"","meta":[],"product_brand":[],"product_cat":[259,261],"product_tag":[],"class_list":{"0":"post-14636","1":"product","2":"type-product","3":"status-publish","4":"has-post-thumbnail","6":"product_cat-chimeneas-electricas-decorativas-modernas-calefactor","7":"product_cat-chimeneas-electricas-empotrar-insertar","9":"first","10":"instock","11":"shipping-taxable","12":"product-type-simple"},"_links":{"self":[{"href":"https:\/\/www.ambifuego.net\/es\/wp-json\/wp\/v2\/product\/14636","targetHints":{"allow":["GET"]}}],"collection":[{"href":"https:\/\/www.ambifuego.net\/es\/wp-json\/wp\/v2\/product"}],"about":[{"href":"https:\/\/www.ambifuego.net\/es\/wp-json\/wp\/v2\/types\/product"}],"version-history":[{"count":0,"href":"https:\/\/www.ambifuego.net\/es\/wp-json\/wp\/v2\/product\/14636\/revisions"}],"wp:featuredmedia":[{"embeddable":true,"href":"https:\/\/www.ambifuego.net\/es\/wp-json\/wp\/v2\/media\/57528"}],"wp:attachment":[{"href":"https:\/\/www.ambifuego.net\/es\/wp-json\/wp\/v2\/media?parent=14636"}],"wp:term":[{"taxonomy":"product_brand","embeddable":true,"href":"https:\/\/www.ambifuego.net\/es\/wp-json\/wp\/v2\/product_brand?post=14636"},{"taxonomy":"product_cat","embeddable":true,"href":"https:\/\/www.ambifuego.net\/es\/wp-json\/wp\/v2\/product_cat?post=14636"},{"taxonomy":"product_tag","embeddable":true,"href":"https:\/\/www.ambifuego.net\/es\/wp-json\/wp\/v2\/product_tag?post=14636"}],"curies":[{"name":"wp","href":"https:\/\/api.w.org\/{rel}","templated":true}]}}