{"id":14610,"date":"2017-09-21T17:22:39","date_gmt":"2017-09-21T17:22:39","guid":{"rendered":"https:\/\/www.ambifuego.net\/xtempx\/web17\/?post_type=product&#038;p=14610"},"modified":"2025-05-30T14:13:23","modified_gmt":"2025-05-30T12:13:23","slug":"chimenea-insertable-electrica-1800","status":"publish","type":"product","link":"https:\/\/www.ambifuego.net\/es\/producto\/chimenea-insertable-electrica-1800\/","title":{"rendered":"1-2-3 LADOS &#8211; E 1800"},"content":{"rendered":"<h1 style=\"text-align: justify;\"><span style=\"font-family: verdana, geneva, sans-serif;\"><strong><span style=\"font-size: 14pt;\">Insertables panor\u00e1micos el\u00e9ctricos\u00a0<\/span><\/strong><\/span><\/h1>\n<p style=\"text-align: justify;\"><span style=\"font-family: verdana, geneva, sans-serif;\"><span style=\"font-size: 14pt;\"><span style=\"font-size: 12pt;\">Chimenea Insertable El\u00e9ctrica 1800, <\/span><\/span><span style=\"font-size: 12pt;\">producto de bajo consumo con bombillas Leds. Equipada con una tecnolog\u00eda de \u00faltima generaci\u00f3n. Sistema EvoFlame para crear un efecto de fuego y llamas de gran realismo. Estas chimeneas poseen grandes <\/span><span style=\"font-size: 12pt;\">cristales y por lo tanto ofrece una gran visi\u00f3n del fuego y los le\u00f1os decorativos. El efecto del fuego se logra mediante bombillas Leds y asimismo se controla con una <\/span><span style=\"font-size: 12pt;\">App del fabricante.<\/span><\/span><\/p>\n<p style=\"text-align: justify;\"><span style=\"font-family: verdana, geneva, sans-serif;\">El efecto Evoflame da la impresi\u00f3n de una imagen del fuego rica y profunda. Adem\u00e1s, en el lecho imita el aspecto de brasas calientes a trav\u00e9s de reflejos. Los efectos de llama que se producen con bombillas Ledes pueden funcionar hasta 50.000 horas.<\/span><\/p>\n<p style=\"text-align: justify;\"><span style=\"font-family: verdana, geneva, sans-serif;\">La chimenea el\u00e9ctrica 1800 es un insertable que incorpora el sistema Evoflame para una llama rica y profunda. Las chimeneas con la tecnolog\u00eda Evoflame usan un cristal <strong>Schott conturan Magic,<\/strong>\u00a0que reduce los reflejos de la superficie \u00f3pticamente hasta en un 90%, haciendo que el vidrio parezca invisible.<\/span><\/p>\n<p style=\"text-align: justify;\"><span style=\"font-family: verdana, geneva, sans-serif;\"> Tambi\u00e9n incorpora un efecto de parpadeo \u00fanico que agrega gran realismo y movimiento en la cama de combustible. <\/span><strong style=\"text-align: justify; font-family: verdana, geneva, sans-serif;\">El sistema e-touch\u00ae<\/strong><span style=\"text-align: justify; font-family: verdana, geneva, sans-serif;\"> permite ciertamente un completo control de cualquier producto de esta gama. El sistema de control es una unidad de pantalla t\u00e1ctil basada en bluetooth recargable, totalmente port\u00e1til. Igualmente puede regular su chimenea a trav\u00e9s de su tel\u00e9fono con la App del fabricante.<\/span><\/p>\n<h2 style=\"text-align: justify;\"><span style=\"font-family: verdana, geneva, sans-serif;\"><strong><span style=\"font-size: 12pt;\"><span style=\"font-size: 14pt;\"><span style=\"font-size: 12pt;\">Chimenea Insertable El\u00e9ctrica 1800<\/span> &#8211;\u00a0<\/span><\/span><\/strong><span style=\"font-size: 12pt;\"> Fabricada en Europa<\/span><\/span><\/h2>\n<ul>\n<li style=\"text-align: justify;\"><span style=\"font-family: verdana, geneva, sans-serif;\">Chimenea el\u00e9ctrica con 1 &#8211; 2 o 3 lados<\/span><\/li>\n<li style=\"text-align: justify;\"><span style=\"font-family: verdana, geneva, sans-serif;\">Bombillas LED por lo tanto bajo consumo y larga vida<\/span><\/li>\n<li style=\"text-align: justify;\"><span id=\"result_box\" class=\"\" lang=\"es\" style=\"font-family: verdana, geneva, sans-serif;\"><span class=\"\">Control; APP-Tel\u00e9fono &#8211; Mando (Disponible en breve)<\/span><br \/>\n<\/span><\/li>\n<li style=\"text-align: justify;\"><span style=\"font-family: verdana, geneva, sans-serif;\"><span id=\"result_box\" class=\"\" lang=\"es\"><span class=\"\">Le\u00f1os cer\u00e1micos de Gran Cali<\/span><\/span><span id=\"result_box\" class=\"\" lang=\"es\"><span class=\"\">dad y Piedras opcionales<\/span><br \/>\n<\/span><\/span><\/li>\n<li style=\"text-align: justify;\"><span style=\"font-family: verdana, geneva, sans-serif;\">Potencia calefactor 750 &#8211; 1500 W<\/span><\/li>\n<li style=\"text-align: justify;\"><span style=\"font-family: verdana, geneva, sans-serif;\">1750mm Evoflame de ultra HD\u00ae efecto<\/span><\/li>\n<li style=\"text-align: justify;\"><span style=\"font-family: verdana, geneva, sans-serif;\">sistema de control e-touch<\/span><\/li>\n<li style=\"text-align: justify;\"><span style=\"font-family: verdana, geneva, sans-serif;\">Vidrio frontal y lateral SCHOTT CONTURAN\u00ae MAGIC por lo tanto sin reflejos<\/span><\/li>\n<li style=\"text-align: justify;\"><span style=\"font-family: verdana, geneva, sans-serif;\">Gran realismo y tambi\u00e9n efecto de llamas abundantes y profundos<\/span><\/li>\n<li style=\"text-align: justify;\"><span style=\"font-family: verdana, geneva, sans-serif;\">Efecto de brasas calientes<\/span><\/li>\n<li style=\"text-align: justify;\"><span style=\"font-family: verdana, geneva, sans-serif;\">Opcional &#8211; Nitro-Flame efecto &#8211; llamas de colores &#8211;<\/span><\/li>\n<li><span style=\"font-family: verdana, geneva, sans-serif;\">Dise\u00f1os galardonados<\/span><\/li>\n<li><span style=\"font-family: verdana, geneva, sans-serif;\"><a href=\"https:\/\/www.ambifuego.net\/wp-content\/uploads\/2021\/05\/EVONIC-2021.pdf\" target=\"_blank\" rel=\"noopener\">Cat\u00e1logo<\/a>\u00a0<\/span><\/li>\n<li><a href=\"https:\/\/vimeo.com\/ambifuego\" target=\"_blank\" rel=\"noopener\"><span style=\"font-family: verdana, geneva, sans-serif;\">Videos<\/span><\/a><\/li>\n<li><a href=\"https:\/\/www.ambifuego.net\/contacto\/\" target=\"_blank\" rel=\"noopener\"><span style=\"font-family: verdana, geneva, sans-serif;\">PVP &#8211; Disponibilidad<\/span><\/a><\/li>\n<\/ul>\n<figure id=\"attachment_74432\" aria-describedby=\"caption-attachment-74432\" style=\"width: 400px\" class=\"wp-caption alignnone\"><a href=\"https:\/\/www.ambifuego.net\/es\/?attachment_id=74432\" target=\"_blank\" rel=\"noopener\"><img fetchpriority=\"high\" decoding=\"async\" class=\"wp-image-74432\" src=\"https:\/\/www.ambifuego.net\/wp-content\/uploads\/2017\/09\/medidas-4-1800-2-evonic_11zon.jpg\" alt=\"chimenea insertable el\u00e9ctrica 1800 medidas\" width=\"400\" height=\"191\" srcset=\"https:\/\/www.ambifuego.net\/wp-content\/uploads\/2017\/09\/medidas-4-1800-2-evonic_11zon.jpg 1259w, https:\/\/www.ambifuego.net\/wp-content\/uploads\/2017\/09\/medidas-4-1800-2-evonic_11zon-768x366.jpg 768w, https:\/\/www.ambifuego.net\/wp-content\/uploads\/2017\/09\/medidas-4-1800-2-evonic_11zon-800x381.jpg 800w\" sizes=\"(max-width: 400px) 100vw, 400px\" \/><\/a><figcaption id=\"caption-attachment-74432\" class=\"wp-caption-text\">chimenea insertable el\u00e9ctrica 1800 medidas<\/figcaption><\/figure>\n","protected":false},"excerpt":{"rendered":"<p><strong>\u00a0 \u00a0 \u00a0 \u00a0 \u00a0 \u00a0 \u00a0 \u00a0 \u00a0<\/strong><\/p>\n[caption id=\"attachment_49245\" align=\"alignnone\" width=\"480\"]<img decoding=\"async\" class=\"wp-image-49245 size-medium\" src=\"https:\/\/www.ambifuego.net\/wp-content\/uploads\/2017\/09\/1800-2-3lados_optimized-480x255.jpg\" alt=\"chimenea frente electrica 1800 - front electric fire - Front Elektrokamin\" width=\"480\" height=\"255\" srcset=\"https:\/\/www.ambifuego.net\/wp-content\/uploads\/2017\/09\/1800-2-3lados_optimized-480x255.jpg 480w, https:\/\/www.ambifuego.net\/wp-content\/uploads\/2017\/09\/1800-2-3lados_optimized.jpg 603w\" sizes=\"(max-width: 480px) 100vw, 480px\" \/> chimenea frente electrica 1800 &#8211; front electric fire &#8211; Front Elektrokamin &#8211;[\/caption]\n","protected":false},"featured_media":74423,"template":"","meta":[],"product_brand":[],"product_cat":[259,260],"product_tag":[],"class_list":{"0":"post-14610","1":"product","2":"type-product","3":"status-publish","4":"has-post-thumbnail","6":"product_cat-chimeneas-electricas-decorativas-modernas-calefactor","7":"product_cat-electricas-panoramicas","9":"first","10":"instock","11":"shipping-taxable","12":"product-type-simple"},"_links":{"self":[{"href":"https:\/\/www.ambifuego.net\/es\/wp-json\/wp\/v2\/product\/14610","targetHints":{"allow":["GET"]}}],"collection":[{"href":"https:\/\/www.ambifuego.net\/es\/wp-json\/wp\/v2\/product"}],"about":[{"href":"https:\/\/www.ambifuego.net\/es\/wp-json\/wp\/v2\/types\/product"}],"version-history":[{"count":0,"href":"https:\/\/www.ambifuego.net\/es\/wp-json\/wp\/v2\/product\/14610\/revisions"}],"wp:featuredmedia":[{"embeddable":true,"href":"https:\/\/www.ambifuego.net\/es\/wp-json\/wp\/v2\/media\/74423"}],"wp:attachment":[{"href":"https:\/\/www.ambifuego.net\/es\/wp-json\/wp\/v2\/media?parent=14610"}],"wp:term":[{"taxonomy":"product_brand","embeddable":true,"href":"https:\/\/www.ambifuego.net\/es\/wp-json\/wp\/v2\/product_brand?post=14610"},{"taxonomy":"product_cat","embeddable":true,"href":"https:\/\/www.ambifuego.net\/es\/wp-json\/wp\/v2\/product_cat?post=14610"},{"taxonomy":"product_tag","embeddable":true,"href":"https:\/\/www.ambifuego.net\/es\/wp-json\/wp\/v2\/product_tag?post=14610"}],"curies":[{"name":"wp","href":"https:\/\/api.w.org\/{rel}","templated":true}]}}