{"id":14606,"date":"2017-09-21T17:09:44","date_gmt":"2017-09-21T17:09:44","guid":{"rendered":"https:\/\/www.ambifuego.net\/xtempx\/web17\/?post_type=product&#038;p=14606"},"modified":"2025-05-30T13:32:08","modified_gmt":"2025-05-30T11:32:08","slug":"distribuidor-chimeneas-evonic-fires","status":"publish","type":"product","link":"https:\/\/www.ambifuego.net\/es\/producto\/distribuidor-chimeneas-evonic-fires\/","title":{"rendered":"2-3 LADOS &#8211; 1500"},"content":{"rendered":"<p style=\"text-align: justify;\"><span style=\"font-family: verdana, geneva, sans-serif;\">Ambifuego como Distribuidor chimeneas Evonic Fires, presentamos un modelo de chimenea el\u00e9ctrica de gran calidad<\/span><span style=\"font-family: verdana, geneva, sans-serif;\"> en Espa\u00f1a, con 150 cm de ancho y con la opci\u00f3n a vista de frente, esquina o tres lados. Viene equipado con cristales especiales que tienen propiedades de interferencia \u00f3ptica. Por lo tanto con estos cristales se reduce hasta un 90% los reflejos y ello provoca la sensaci\u00f3n de un fuego sin cristales.<\/span><\/p>\n<p style=\"text-align: justify;\"><span style=\"font-family: verdana, geneva, sans-serif;\">Este modelo de 1500-mm de ancho es fabricado por la empresa\u00a0 Evonic Fires, un reconocido y galardonado fabricante europeo.\u00a0 <\/span><\/p>\n<p style=\"text-align: justify;\"><span style=\"font-family: verdana, geneva, sans-serif;\">En primer lugar las chimeneas el\u00e9ctricas son de bajo consumo ya que funcionan funcionan con Leds. El sistema Evoflame produce un efecto de llamas del fuego profundo, imitando un fuego muy real.<\/span><\/p>\n<p style=\"text-align: justify;\"><span style=\"font-family: verdana, geneva, sans-serif;\">Las chimeneas vienen con cristales frontales y laterales y por lo tanto con una gran visi\u00f3n del fuego. Igualmente la base del fuego se decora con troncos cer\u00e1micos de gran calidad, con piedras y con luces Leds que imitan las brasas.<\/span><\/p>\n<p style=\"text-align: justify;\"><span style=\"font-family: verdana, geneva, sans-serif;\">El efecto de llamas el\u00e9ctricas Evoflame, es lo que produce la impresi\u00f3n de una llama rica y profunda con un lecho de combustible y con efecto de cenizas calientes a trav\u00e9s de su efectividad \u00fanica.<\/span><\/p>\n<p style=\"text-align: justify;\"><span style=\"font-family: verdana, geneva, sans-serif;\">De hecho, la imagen de la llama que se produce con Leds, la cual puede funcionar hasta 50,000 horas y es de muy bajo consumo el\u00e9ctrico. Asimismo estos aparatos presentan un efecto de parpadeo \u00fanico que agrega realismo y movimiento en la cama de combustible.<\/span><\/p>\n<h2 style=\"text-align: justify;\"><span style=\"font-family: verdana, geneva, sans-serif;\"><span style=\"font-size: 12pt;\"><a href=\"https:\/\/www.ambifuego.net\/articulos\/chimeneas-electricas-decorativas-modernas-calefactor\/electricas-panoramicas\/\" target=\"_blank\" rel=\"noopener\">Distribuidor de chimeneas<\/a> Evonic Fires, fabricante reconocido y galardonado por su gran calidad\u00a0<\/span><\/span><\/h2>\n<p style=\"text-align: justify;\"><span style=\"font-family: verdana, geneva, sans-serif;\">Puede controlar su chimenea con un tel\u00e9fono o table con pantalla t\u00e1ctil con aplicaci\u00f3n bluetooth, recargable y totalmente port\u00e1til. Las chimeneas vienen tambi\u00e9n con un termostato incorporado que permite regular f\u00e1cilmente la temperatura seleccionada en el ambiente.<\/span><\/p>\n<ul>\n<li><span style=\"font-family: verdana, geneva, sans-serif;\">Distribuidor chimeneas Evonic Fires<\/span><\/li>\n<li><span style=\"font-family: verdana, geneva, sans-serif;\">Chimenea gran calidad en Espa\u00f1a<\/span><\/li>\n<li style=\"text-align: justify;\"><span style=\"font-family: verdana, geneva, sans-serif;\">Dise\u00f1os de chimeneas reconocidos y galardonados.<\/span><\/li>\n<li style=\"text-align: justify;\"><span style=\"font-family: verdana, geneva, sans-serif;\">1500-mm insertable el\u00e9ctrico chimeneas &#8211; Fabrica en Europa.<\/span><\/li>\n<li style=\"text-align: justify;\"><span style=\"font-family: verdana, geneva, sans-serif;\">Modelo disponible con 1 lados y tambi\u00e9n a 2 \u00f3 3 caras.<\/span><\/li>\n<li style=\"text-align: justify;\"><span style=\"font-family: verdana, geneva, sans-serif;\">Gran realismos con efecto brasas calientes.<\/span><\/li>\n<li style=\"text-align: justify;\"><span style=\"font-family: verdana, geneva, sans-serif;\">Bombillas Led, bajo consumo y larga vida.<\/span><\/li>\n<li style=\"text-align: justify;\"><span style=\"font-family: verdana, geneva, sans-serif;\">Potencia calefactor 750 \u00f3 1500 Kw.<\/span><\/li>\n<li style=\"text-align: justify;\"><span style=\"font-family: verdana, geneva, sans-serif;\">Control del aparato mediante App-Tel\u00e9fono &#8211; Mando (Disponible en breve).<\/span><\/li>\n<li style=\"text-align: justify;\"><span style=\"font-family: verdana, geneva, sans-serif;\">Le\u00f1os cer\u00e1micos &#8211; Gran calidad &#8211; Tono abedul plateado o color madera<\/span><\/li>\n<li style=\"text-align: justify;\"><span style=\"font-family: verdana, geneva, sans-serif;\">&#8211; Piedras &#8211; Cristales.<\/span><\/li>\n<li style=\"text-align: justify;\"><span style=\"font-family: verdana, geneva, sans-serif;\">Opci\u00f3n &#8211; Flame (Colorido de las llamas abundantes y profundo).<\/span><\/li>\n<li style=\"text-align: justify;\"><span style=\"font-family: verdana, geneva, sans-serif;\">Cristal anti- reflejos.<\/span><\/li>\n<li><a href=\"https:\/\/www.ambifuego.net\/contacto\/\" target=\"_blank\" rel=\"noopener\"><span style=\"font-family: verdana, geneva, sans-serif;\">PVP &#8211; Disponibilidad<\/span><\/a><\/li>\n<li><a href=\"https:\/\/www.ambifuego.net\/wp-content\/uploads\/2021\/05\/EVONIC-2021.pdf\" target=\"_blank\" rel=\"noopener\"><span style=\"font-family: verdana, geneva, sans-serif;\">Cat\u00e1logo<\/span><\/a><\/li>\n<\/ul>\n<figure id=\"attachment_74416\" aria-describedby=\"caption-attachment-74416\" style=\"width: 400px\" class=\"wp-caption alignnone\"><a href=\"https:\/\/www.ambifuego.net\/es\/?attachment_id=74416\" target=\"_blank\" rel=\"noopener\"><img fetchpriority=\"high\" decoding=\"async\" class=\"wp-image-74416\" src=\"https:\/\/www.ambifuego.net\/wp-content\/uploads\/2017\/09\/medidas-evonic-1500-_11zon.jpg\" alt=\"Distribuidor chimeneas evonic fires -1500 chimenea panoramica electrica\" width=\"400\" height=\"191\" srcset=\"https:\/\/www.ambifuego.net\/wp-content\/uploads\/2017\/09\/medidas-evonic-1500-_11zon.jpg 1259w, https:\/\/www.ambifuego.net\/wp-content\/uploads\/2017\/09\/medidas-evonic-1500-_11zon-768x366.jpg 768w, https:\/\/www.ambifuego.net\/wp-content\/uploads\/2017\/09\/medidas-evonic-1500-_11zon-800x381.jpg 800w\" sizes=\"(max-width: 400px) 100vw, 400px\" \/><\/a><figcaption id=\"caption-attachment-74416\" class=\"wp-caption-text\">Distribuidor chimeneas evonic fires -1500 chimenea panoramica electrica<\/figcaption><\/figure>\n<p>&nbsp;<\/p>\n","protected":false},"excerpt":{"rendered":"[caption id=\"attachment_50865\" align=\"alignnone\" width=\"480\"]<img decoding=\"async\" class=\"size-medium wp-image-50865\" src=\"https:\/\/www.ambifuego.net\/wp-content\/uploads\/2021\/05\/chimenea-2400-grande2_optimized-480x199.jpg\" alt=\"chimenea electrica 2400 grande\u00a0\" width=\"480\" height=\"199\" \/> chimenea electrica 2400 grande[\/caption]\n<p><strong>Disfrute de su chimenea desde cualquier punto<\/strong><\/p>\n<p>&nbsp;<\/p>\n","protected":false},"featured_media":74410,"template":"","meta":[],"product_brand":[],"product_cat":[259,260],"product_tag":[],"class_list":{"0":"post-14606","1":"product","2":"type-product","3":"status-publish","4":"has-post-thumbnail","6":"product_cat-chimeneas-electricas-decorativas-modernas-calefactor","7":"product_cat-electricas-panoramicas","9":"first","10":"instock","11":"shipping-taxable","12":"product-type-simple"},"_links":{"self":[{"href":"https:\/\/www.ambifuego.net\/es\/wp-json\/wp\/v2\/product\/14606","targetHints":{"allow":["GET"]}}],"collection":[{"href":"https:\/\/www.ambifuego.net\/es\/wp-json\/wp\/v2\/product"}],"about":[{"href":"https:\/\/www.ambifuego.net\/es\/wp-json\/wp\/v2\/types\/product"}],"version-history":[{"count":0,"href":"https:\/\/www.ambifuego.net\/es\/wp-json\/wp\/v2\/product\/14606\/revisions"}],"wp:featuredmedia":[{"embeddable":true,"href":"https:\/\/www.ambifuego.net\/es\/wp-json\/wp\/v2\/media\/74410"}],"wp:attachment":[{"href":"https:\/\/www.ambifuego.net\/es\/wp-json\/wp\/v2\/media?parent=14606"}],"wp:term":[{"taxonomy":"product_brand","embeddable":true,"href":"https:\/\/www.ambifuego.net\/es\/wp-json\/wp\/v2\/product_brand?post=14606"},{"taxonomy":"product_cat","embeddable":true,"href":"https:\/\/www.ambifuego.net\/es\/wp-json\/wp\/v2\/product_cat?post=14606"},{"taxonomy":"product_tag","embeddable":true,"href":"https:\/\/www.ambifuego.net\/es\/wp-json\/wp\/v2\/product_tag?post=14606"}],"curies":[{"name":"wp","href":"https:\/\/api.w.org\/{rel}","templated":true}]}}