{"id":14588,"date":"2017-09-21T16:15:05","date_gmt":"2017-09-21T16:15:05","guid":{"rendered":"https:\/\/www.ambifuego.net\/xtempx\/web17\/?post_type=product&#038;p=14588"},"modified":"2023-11-13T16:54:48","modified_gmt":"2023-11-13T15:54:48","slug":"cesto-decorativo-de-gas","status":"publish","type":"product","link":"https:\/\/www.ambifuego.net\/es\/producto\/cesto-decorativo-de-gas\/","title":{"rendered":"SPANISH 21&#8243;"},"content":{"rendered":"<p style=\"text-align: justify;\"><span style=\"font-family: verdana, geneva, sans-serif;\">Cesto decorativo de gas de fundici\u00f3n al estilo ingl\u00e9s. Lleva quemador de gas incorporado. Gas natural o gas de propano. Puede regularse manualmente o con mando a distancia. Carbones o le\u00f1os cer\u00e1micos de gran calidad. Debe instalarse en un hogar existente con salida de humos natural y lo m\u00e1s al fondo posible de modo que los humos se extraigan adecuadamente.<\/span><\/p>\n<ul>\n<li><span style=\"font-family: verdana, geneva, sans-serif;\">Gas natural o propano<\/span><\/li>\n<li><span style=\"font-family: verdana, geneva, sans-serif;\">Tiro natural<\/span><\/li>\n<li><span style=\"font-family: verdana, geneva, sans-serif;\">Control manual o control remoto<\/span><\/li>\n<li><span style=\"font-family: verdana, geneva, sans-serif;\">Efecto le\u00f1os \/ carbones<\/span><\/li>\n<li><span style=\"font-family: verdana, geneva, sans-serif;\">Di\u00e1metro tiro &#8211; 175 mm<\/span><\/li>\n<li><span style=\"font-family: verdana, geneva, sans-serif;\">*M\u00e1s informaci\u00f3n &#8211; <a href=\"https:\/\/www.ambifuego.net\/wp-content\/uploads\/2023\/10\/20-10-23-cat.general-comprimido.pdf\" target=\"_blank\" rel=\"noopener\">Cat\u00e1logo<\/a>\u00a0<\/span><\/li>\n<\/ul>\n<p><span style=\"font-family: verdana, geneva, sans-serif;\">Los cestos de gas deben ser instalados justo debajo del tiro de evacuaci\u00f3n de gases y lo m\u00e1s al fondo posible. Estos aparatos son meramente decorativos.<\/span><\/p>\n<p><img fetchpriority=\"high\" decoding=\"async\" class=\"alignnone wp-image-43727\" src=\"https:\/\/www.ambifuego.net\/wp-content\/uploads\/2017\/09\/spanish-21-medidas_optimized.jpg\" alt=\"\" width=\"334\" height=\"321\" srcset=\"https:\/\/www.ambifuego.net\/wp-content\/uploads\/2017\/09\/spanish-21-medidas_optimized.jpg 416w, https:\/\/www.ambifuego.net\/wp-content\/uploads\/2017\/09\/spanish-21-medidas_optimized-281x270.jpg 281w\" sizes=\"(max-width: 334px) 100vw, 334px\" \/><\/p>\n<p>&nbsp;<\/p>\n","protected":false},"excerpt":{"rendered":"<p><img decoding=\"async\" class=\"alignnone size-medium wp-image-43718\" src=\"https:\/\/www.ambifuego.net\/wp-content\/uploads\/2017\/09\/efecto-carbones-cestos_optimized-480x338.jpg\" alt=\"carbones cesto de gas\" width=\"480\" height=\"338\" srcset=\"https:\/\/www.ambifuego.net\/wp-content\/uploads\/2017\/09\/efecto-carbones-cestos_optimized-480x338.jpg 480w, https:\/\/www.ambifuego.net\/wp-content\/uploads\/2017\/09\/efecto-carbones-cestos_optimized-384x270.jpg 384w, https:\/\/www.ambifuego.net\/wp-content\/uploads\/2017\/09\/efecto-carbones-cestos_optimized.jpg 500w\" sizes=\"(max-width: 480px) 100vw, 480px\" \/><\/p>\n","protected":false},"featured_media":43733,"template":"","meta":[],"product_brand":[],"product_cat":[185,258],"product_tag":[],"class_list":{"0":"post-14588","1":"product","2":"type-product","3":"status-publish","4":"has-post-thumbnail","6":"product_cat-chimeneas-y-productos-gas","7":"product_cat-cestos-decorativos-de-gas","9":"first","10":"instock","11":"shipping-taxable","12":"product-type-simple"},"_links":{"self":[{"href":"https:\/\/www.ambifuego.net\/es\/wp-json\/wp\/v2\/product\/14588","targetHints":{"allow":["GET"]}}],"collection":[{"href":"https:\/\/www.ambifuego.net\/es\/wp-json\/wp\/v2\/product"}],"about":[{"href":"https:\/\/www.ambifuego.net\/es\/wp-json\/wp\/v2\/types\/product"}],"version-history":[{"count":0,"href":"https:\/\/www.ambifuego.net\/es\/wp-json\/wp\/v2\/product\/14588\/revisions"}],"wp:featuredmedia":[{"embeddable":true,"href":"https:\/\/www.ambifuego.net\/es\/wp-json\/wp\/v2\/media\/43733"}],"wp:attachment":[{"href":"https:\/\/www.ambifuego.net\/es\/wp-json\/wp\/v2\/media?parent=14588"}],"wp:term":[{"taxonomy":"product_brand","embeddable":true,"href":"https:\/\/www.ambifuego.net\/es\/wp-json\/wp\/v2\/product_brand?post=14588"},{"taxonomy":"product_cat","embeddable":true,"href":"https:\/\/www.ambifuego.net\/es\/wp-json\/wp\/v2\/product_cat?post=14588"},{"taxonomy":"product_tag","embeddable":true,"href":"https:\/\/www.ambifuego.net\/es\/wp-json\/wp\/v2\/product_tag?post=14588"}],"curies":[{"name":"wp","href":"https:\/\/api.w.org\/{rel}","templated":true}]}}