{"id":14584,"date":"2017-09-21T16:11:19","date_gmt":"2017-09-21T16:11:19","guid":{"rendered":"https:\/\/www.ambifuego.net\/xtempx\/web17\/?post_type=product&#038;p=14584"},"modified":"2023-11-13T17:30:37","modified_gmt":"2023-11-13T16:30:37","slug":"chimenea-decorativa-de-gas","status":"publish","type":"product","link":"https:\/\/www.ambifuego.net\/es\/producto\/chimenea-decorativa-de-gas\/","title":{"rendered":"SPANISH 18&#8243;"},"content":{"rendered":"<p><a href=\"https:\/\/vimeo.com\/ambifuego\" target=\"_blank\" rel=\"noopener\">Chimenea decorativa de gas<\/a>, cesto decorativo de fundici\u00f3n. Puede ir sin quemador de gas, para quemar le\u00f1a o carb\u00f3n o con quemador para su uso con gas propano o gas natural. Tama\u00f1o reducido que permite instalarlo en cualquier hogar existente con una salida de humos natural. Dise\u00f1o r\u00fastico de \u00e9poca ingl\u00e9s.<\/p>\n<ul>\n<li>Gas natural \/ propano<\/li>\n<li>Tiro natural<\/li>\n<li>Control manual o control remoto<\/li>\n<li>Efecto carb\u00f3n<\/li>\n<li>Di\u00e1metro tiro &#8211; 150 mm<\/li>\n<li>Pvp- Disponibilidad<\/li>\n<li><a href=\"https:\/\/www.ambifuego.net\/wp-content\/uploads\/2021\/06\/18-06-21-2-Sin-estufa-columbus.pdf\">Cat\u00e1logo<\/a><\/li>\n<\/ul>\n<p>Los cestos de gas deben ser instalados justo debajo del tiro de evacuaci\u00f3n de gases y lo m\u00e1s al fondo posible. Estos aparatos son meramente decorativos.<\/p>\n<p><img fetchpriority=\"high\" decoding=\"async\" class=\"alignnone size-full wp-image-43782\" src=\"https:\/\/www.ambifuego.net\/wp-content\/uploads\/2017\/09\/spanish-18-medidas_optimized.jpg\" alt=\"\" width=\"432\" height=\"400\" srcset=\"https:\/\/www.ambifuego.net\/wp-content\/uploads\/2017\/09\/spanish-18-medidas_optimized.jpg 432w, https:\/\/www.ambifuego.net\/wp-content\/uploads\/2017\/09\/spanish-18-medidas_optimized-292x270.jpg 292w\" sizes=\"(max-width: 432px) 100vw, 432px\" \/><\/p>\n","protected":false},"excerpt":{"rendered":"<p><img decoding=\"async\" class=\"alignnone size-full wp-image-43715\" src=\"https:\/\/www.ambifuego.net\/wp-content\/uploads\/2017\/09\/efecto-carbones_optimized.jpg\" alt=\"carbones ceramicos\" width=\"400\" height=\"278\" srcset=\"https:\/\/www.ambifuego.net\/wp-content\/uploads\/2017\/09\/efecto-carbones_optimized.jpg 400w, https:\/\/www.ambifuego.net\/wp-content\/uploads\/2017\/09\/efecto-carbones_optimized-388x270.jpg 388w\" sizes=\"(max-width: 400px) 100vw, 400px\" \/><\/p>\n","protected":false},"featured_media":43779,"template":"","meta":[],"product_brand":[],"product_cat":[185,258],"product_tag":[],"class_list":{"0":"post-14584","1":"product","2":"type-product","3":"status-publish","4":"has-post-thumbnail","6":"product_cat-chimeneas-y-productos-gas","7":"product_cat-cestos-decorativos-de-gas","9":"first","10":"instock","11":"shipping-taxable","12":"product-type-simple"},"_links":{"self":[{"href":"https:\/\/www.ambifuego.net\/es\/wp-json\/wp\/v2\/product\/14584","targetHints":{"allow":["GET"]}}],"collection":[{"href":"https:\/\/www.ambifuego.net\/es\/wp-json\/wp\/v2\/product"}],"about":[{"href":"https:\/\/www.ambifuego.net\/es\/wp-json\/wp\/v2\/types\/product"}],"version-history":[{"count":0,"href":"https:\/\/www.ambifuego.net\/es\/wp-json\/wp\/v2\/product\/14584\/revisions"}],"wp:featuredmedia":[{"embeddable":true,"href":"https:\/\/www.ambifuego.net\/es\/wp-json\/wp\/v2\/media\/43779"}],"wp:attachment":[{"href":"https:\/\/www.ambifuego.net\/es\/wp-json\/wp\/v2\/media?parent=14584"}],"wp:term":[{"taxonomy":"product_brand","embeddable":true,"href":"https:\/\/www.ambifuego.net\/es\/wp-json\/wp\/v2\/product_brand?post=14584"},{"taxonomy":"product_cat","embeddable":true,"href":"https:\/\/www.ambifuego.net\/es\/wp-json\/wp\/v2\/product_cat?post=14584"},{"taxonomy":"product_tag","embeddable":true,"href":"https:\/\/www.ambifuego.net\/es\/wp-json\/wp\/v2\/product_tag?post=14584"}],"curies":[{"name":"wp","href":"https:\/\/api.w.org\/{rel}","templated":true}]}}