{"id":14551,"date":"2017-09-21T15:11:15","date_gmt":"2017-09-21T15:11:15","guid":{"rendered":"https:\/\/www.ambifuego.net\/xtempx\/web17\/?post_type=product&#038;p=14551"},"modified":"2023-11-16T11:39:09","modified_gmt":"2023-11-16T10:39:09","slug":"chimenea-vintaje-azulejos-decorativos-galway","status":"publish","type":"product","link":"https:\/\/www.ambifuego.net\/es\/producto\/chimenea-vintaje-azulejos-decorativos-galway\/","title":{"rendered":"GALWAY"},"content":{"rendered":"<p style=\"text-align: justify;\"><span style=\"font-family: verdana, geneva, sans-serif;\">Chimenea\u00a0 Vintage con Azulejos Decorativos de estilo victoriano ingl\u00e9s. <\/span><span style=\"font-family: verdana, geneva, sans-serif;\">Del mismo modo viene con azulejos decorativos en los laterales. Ciertamente, e<\/span><span style=\"font-family: verdana, geneva, sans-serif;\">stas chimeneas en estilo <em>vintage<\/em> fascinan a todos los amantes de la nostalgia. Del mismo modo, combinan formas lineales cl\u00e1sicas y adornos sutiles de filigrana de gran belleza con azulejos de motivos florales.<\/span><\/p>\n<h2 class=\"tw-data-text tw-text-large tw-ta\" dir=\"ltr\" style=\"text-align: justify;\" data-placeholder=\"Traducci\u00f3n\"><span class=\"Y2IQFc\" lang=\"es\" style=\"font-family: verdana, geneva, sans-serif;\"><span style=\"font-size: 12pt;\">Chimenea con c\u00e1mara de combusti\u00f3n insertable y laterales con azulejos decorativos, modelo Galway.<\/span><\/span><\/h2>\n<p style=\"text-align: justify;\"><span style=\"font-size: 12pt; font-family: verdana, geneva, sans-serif;\">Las Chimeneas de estilo ingl\u00e9s son de hecho,\u00a0 obras de arte de la antigua tradici\u00f3n artesanal con<span class=\"Y2IQFc\" lang=\"es\" style=\"font-family: verdana, geneva, sans-serif;\"><span style=\"font-family: verdana, geneva, sans-serif;\"> paneles de fundici\u00f3n trasero con filigranas <\/span><span style=\"font-family: verdana, geneva, sans-serif;\">decorativas y laterales de azulejos con motivos florales. <\/span><\/span><\/span><\/p>\n<h2 style=\"text-align: justify;\"><span style=\"font-size: 12pt;\"><span class=\"Y2IQFc\" lang=\"es\" style=\"font-family: verdana, geneva, sans-serif;\"> El\u00a0<b>estilo victoriano<\/b>\u00a0es un\u00a0<b>estilo<\/b>\u00a0de arquitectura, <\/span><span class=\"Y2IQFc\" lang=\"es\" style=\"font-family: verdana, geneva, sans-serif;\">moda, literatura, artes decorativas y visuales entre otras \u00e1reas.<\/span><\/span><\/h2>\n<p style=\"text-align: justify;\"><span class=\"Y2IQFc\" lang=\"es\" style=\"font-family: verdana, geneva, sans-serif;\"> <span style=\"font-size: 12pt; font-family: verdana, geneva, sans-serif;\"><span style=\"font-family: verdana, geneva, sans-serif;\">El m<\/span><\/span>odelo Galway tiene de hecho,\u00a0 una gran campana arqueada y una c\u00e1mara de combusti\u00f3n. No obstante\u00a0 parte de la c\u00e1mara de combusti\u00f3n es insertable. Su decoraci\u00f3n, con mosaicos es de estilo victoriano tard\u00edo.<\/span><\/p>\n<p style=\"text-align: justify;\"><span class=\"Y2IQFc\" lang=\"es\" style=\"font-family: verdana, geneva, sans-serif;\">La decoraci\u00f3n de estilo victoriano se caracteriza, sobre todo, por ser rom\u00e1ntico y g\u00f3tica. Se impuso durante el reinado de la <\/span><span class=\"Y2IQFc\" lang=\"es\" style=\"font-family: verdana, geneva, sans-serif;\">reina Victoria de <\/span><span style=\"font-family: verdana, geneva, sans-serif; text-align: justify;\">Gran Breta\u00f1a desde mediados y finales del siglo XIX (20 de junio de 1837\u201322 de enero de 1901. <\/span><\/p>\n<p style=\"text-align: justify;\"><span style=\"font-family: verdana, geneva, sans-serif;\">Por lo tanto es una chimenea perfectamente adecuada para habitaciones grandes y campanas de chimenea grandes. La chimenea Galway de hierro fundido tiene un estilo majestuoso pero a la vez sutil, lo que contrasta fant\u00e1sticamente con la decoraci\u00f3n floral de los azulejos. Elija un recerco, frontal o cerramiento favorito para crear su propio estilo de chimenea.\u00a0<\/span><\/p>\n<p style=\"text-align: justify;\"><span style=\"font-family: verdana, geneva, sans-serif;\">Puede utilizarse con un quemador de gas o con hogar para le\u00f1a o carb\u00f3n o con chimenea el\u00e9ctrica. Para instalar con recerco a elegir, madera, m\u00e1rmol, <\/span><span style=\"font-family: verdana, geneva, sans-serif;\">etc&#8230;<\/span><\/p>\n<p style=\"text-align: justify;\"><span style=\"font-family: verdana, geneva, sans-serif;\">Cuando tenga intenci\u00f3n de usarla con le\u00f1a o con un quemador de gas, se deber\u00e1 tener una salida de humos. Si prefiere hacerlo con electricidad, se <\/span><span style=\"font-family: verdana, geneva, sans-serif;\">acopla un insertable el\u00e9ctrico y no es necesario una salida de humos.\u00a0<\/span><\/p>\n<ul>\n<li><span style=\"font-family: verdana, geneva, sans-serif;\">Chimenea cl\u00e1sica estilo ingl\u00e9s.<\/span><\/li>\n<li><span style=\"font-family: verdana, geneva, sans-serif;\">Panel de fundici\u00f3n con losas decoradas en los laterales.<\/span><\/li>\n<li class=\"dark-for-buttons\"><span style=\"font-family: verdana, geneva, sans-serif;\">Para usar con un quemador de Gas natural o propano.<\/span><\/li>\n<li><span style=\"font-family: verdana, geneva, sans-serif;\">Puede usar con hogar para le\u00f1a o carb\u00f3n.<\/span><\/li>\n<li><span style=\"font-family: verdana, geneva, sans-serif;\">Puede usar con chimenea el\u00e9ctrica montada en el hogar.<\/span><\/li>\n<li><span style=\"font-family: verdana, geneva, sans-serif;\">Para complementar con recerco o frontal a elegir.<\/span><\/li>\n<li><span style=\"font-family: verdana, geneva, sans-serif;\">Tiro natural.<\/span><\/li>\n<li><span style=\"font-family: verdana, geneva, sans-serif;\">Potencia: 3,7 Kw<\/span><\/li>\n<li class=\"dark-for-buttons\"><span style=\"font-family: verdana, geneva, sans-serif;\">No admite codos 90\u00ba<\/span><\/li>\n<li class=\"dark-for-buttons\"><span style=\"font-family: verdana, geneva, sans-serif;\">Las medidas no incluyen el recerco o frontal de madera.<\/span><\/li>\n<li class=\"dark-for-buttons\"><span style=\"font-family: verdana, geneva, sans-serif;\">F\u00e1cil instalaci\u00f3n con recerco de madera, piedra o m\u00e1rmol.<\/span><\/li>\n<li><span style=\"font-family: verdana, geneva, sans-serif;\"><a href=\"https:\/\/www.ambifuego.net\/contacto\/\" target=\"_blank\" rel=\"noopener\">PVP Disponibilidad<\/a><\/span><\/li>\n<\/ul>\n<figure id=\"attachment_43704\" aria-describedby=\"caption-attachment-43704\" style=\"width: 315px\" class=\"wp-caption alignnone\"><img fetchpriority=\"high\" decoding=\"async\" class=\"wp-image-43704 size-full\" title=\"chimenea vintaje azulejos decorativos galway medidas\" src=\"https:\/\/www.ambifuego.net\/wp-content\/uploads\/2017\/09\/galway-plano_optimized.jpg\" alt=\"chimenea vintaje azulejos decorativos galway medidas\" width=\"315\" height=\"320\" srcset=\"https:\/\/www.ambifuego.net\/wp-content\/uploads\/2017\/09\/galway-plano_optimized.jpg 315w, https:\/\/www.ambifuego.net\/wp-content\/uploads\/2017\/09\/galway-plano_optimized-266x270.jpg 266w, https:\/\/www.ambifuego.net\/wp-content\/uploads\/2017\/09\/galway-plano_optimized-40x40.jpg 40w\" sizes=\"(max-width: 315px) 100vw, 315px\" \/><figcaption id=\"caption-attachment-43704\" class=\"wp-caption-text\">chimenea vintage azulejos decorativos Galway<\/figcaption><\/figure>\n","protected":false},"excerpt":{"rendered":"[caption id=\"attachment_50420\" align=\"alignnone\" width=\"400\"]<img decoding=\"async\" class=\"size-full wp-image-50420\" src=\"https:\/\/www.ambifuego.net\/wp-content\/uploads\/2017\/09\/galway_optimized.jpg\" alt=\"chimenea vintaje azulejos decorativos galway\" width=\"400\" height=\"459\" srcset=\"https:\/\/www.ambifuego.net\/wp-content\/uploads\/2017\/09\/galway_optimized.jpg 400w, https:\/\/www.ambifuego.net\/wp-content\/uploads\/2017\/09\/galway_optimized-235x270.jpg 235w, https:\/\/www.ambifuego.net\/wp-content\/uploads\/2017\/09\/galway_optimized-383x439.jpg 383w\" sizes=\"(max-width: 400px) 100vw, 400px\" \/> chimenea vintaje azulejos decorativos galway[\/caption]\n","protected":false},"featured_media":43698,"template":"","meta":[],"product_brand":[],"product_cat":[259,512],"product_tag":[],"class_list":{"0":"post-14551","1":"product","2":"type-product","3":"status-publish","4":"has-post-thumbnail","6":"product_cat-chimeneas-electricas-decorativas-modernas-calefactor","7":"product_cat-chimeneas-clasicas-inglesas","9":"first","10":"instock","11":"shipping-taxable","12":"product-type-simple"},"_links":{"self":[{"href":"https:\/\/www.ambifuego.net\/es\/wp-json\/wp\/v2\/product\/14551","targetHints":{"allow":["GET"]}}],"collection":[{"href":"https:\/\/www.ambifuego.net\/es\/wp-json\/wp\/v2\/product"}],"about":[{"href":"https:\/\/www.ambifuego.net\/es\/wp-json\/wp\/v2\/types\/product"}],"version-history":[{"count":0,"href":"https:\/\/www.ambifuego.net\/es\/wp-json\/wp\/v2\/product\/14551\/revisions"}],"wp:featuredmedia":[{"embeddable":true,"href":"https:\/\/www.ambifuego.net\/es\/wp-json\/wp\/v2\/media\/43698"}],"wp:attachment":[{"href":"https:\/\/www.ambifuego.net\/es\/wp-json\/wp\/v2\/media?parent=14551"}],"wp:term":[{"taxonomy":"product_brand","embeddable":true,"href":"https:\/\/www.ambifuego.net\/es\/wp-json\/wp\/v2\/product_brand?post=14551"},{"taxonomy":"product_cat","embeddable":true,"href":"https:\/\/www.ambifuego.net\/es\/wp-json\/wp\/v2\/product_cat?post=14551"},{"taxonomy":"product_tag","embeddable":true,"href":"https:\/\/www.ambifuego.net\/es\/wp-json\/wp\/v2\/product_tag?post=14551"}],"curies":[{"name":"wp","href":"https:\/\/api.w.org\/{rel}","templated":true}]}}