{"id":14549,"date":"2017-09-21T15:10:24","date_gmt":"2017-09-21T15:10:24","guid":{"rendered":"https:\/\/www.ambifuego.net\/xtempx\/web17\/?post_type=product&#038;p=14549"},"modified":"2025-02-20T13:30:47","modified_gmt":"2025-02-20T12:30:47","slug":"chimenea-victoriana-clasica-fundicion-bolton","status":"publish","type":"product","link":"https:\/\/www.ambifuego.net\/es\/producto\/chimenea-victoriana-clasica-fundicion-bolton\/","title":{"rendered":"BOLTON"},"content":{"rendered":"<p style=\"text-align: justify;\"><span style=\"font-family: verdana, geneva, sans-serif;\">Si desea dar un \u00abtoque\u00bb de elegancia y exclusividad a su hogar, esta plancha de fundici\u00f3n crea un dise\u00f1o victoriano cl\u00e1sico.\u00a0 <\/span><\/p>\n<p style=\"text-align: justify;\"><span style=\"font-family: verdana, geneva, sans-serif;\">La <b>decoraci\u00f3n al estilo ingl\u00e9s<\/b> es uno de los grandes cl\u00e1sicos, que ha sabido adaptarse a los tiempos sin perder su esencia. Ciertamente tambi\u00e9n incorporando elementos de rabiosa tendencia. Por eso, si va a amueblar, renovar o redecorar su casa, le proponemos algunas ideas para\u00a0 <b>decorar en estilo nost\u00e1lgico <\/b>.\u00a0<\/span><\/p>\n<h2 style=\"text-align: justify;\"><span style=\"font-size: 12pt; font-family: verdana, geneva, sans-serif;\">Descubra la chimenea Bolton, chimenea victoriana inglesa cl\u00e1sica, de fundici\u00f3n.<\/span><\/h2>\n<p style=\"text-align: justify;\"><span style=\"font-family: verdana, geneva, sans-serif;\">El\u00a0<b>estilo victoriano ingl\u00e9s<\/b> es un estilo de arquitectura, adem\u00e1s de la moda, la literatura, las artes decorativas adem\u00e1s de las visuales entre otras \u00e1reas. Es m\u00e1s, este estilo se caracteriza por ser rom\u00e1ntico y g\u00f3tico. Es m\u00e1s este estilo se impuso durante el reinado de la reina Victoria de Gran Breta\u00f1a desde mediados y finales del siglo XIX (20 de junio de 1837\u201322 de enero de 1901).<\/span><\/p>\n<p style=\"text-align: justify;\"><span style=\"font-family: verdana, geneva, sans-serif;\">El panel de fundic\u00edon Bolton tiene una atractiva decoraci\u00f3n celta, <\/span><span style=\"font-family: verdana, geneva, sans-serif;\">con un hogar de fuego abierto.\u00a0 Esta <em>chimenea<\/em> antigua en estilo vintage fascinar\u00e1 a todos los amantes de la nostalgia. Combinando formas lineales <em>cl\u00e1sicas<\/em> y adornos sutiles de filigrana con decoraci\u00f3n floral.<\/span><!--more--><\/p>\n<p style=\"text-align: justify;\"><span style=\"font-family: verdana, geneva, sans-serif;\">Por lo tanto es muy vers\u00e1til<\/span><span style=\"font-family: verdana, geneva, sans-serif;\">, ya que adem\u00e1s puede acoplarse a cualquier recerco o frontal. Esta fabricada artesanalmente con hierro fundido y tiene una vida \u00fatil de m\u00e1s de 40 a\u00f1os.\u00a0<\/span><\/p>\n<p style=\"text-align: justify;\"><span style=\"font-family: verdana, geneva, sans-serif;\">Claro est\u00e1, Bolton le dar\u00e1 un aspecto muy sofisticado a su chimenea.\u00a0<\/span><\/p>\n<ul>\n<li style=\"text-align: justify;\"><span style=\"font-family: verdana, geneva, sans-serif;\"><span style=\"font-family: verdana, geneva, sans-serif;\">PLANCHA DE FUNDICI\u00d3N PARA MONTAR EN RECERCO, HOGAR O CHIMENEA EXISTENTE<\/span><\/span><\/li>\n<li style=\"text-align: justify;\"><span style=\"font-family: verdana, geneva, sans-serif;\">Plancha de fundici\u00f3n<\/span><\/li>\n<li class=\"dark-for-buttons\" style=\"text-align: justify;\"><span style=\"font-family: verdana, geneva, sans-serif;\">Las medidas no incluyen el recerco o frontal de madera<\/span><\/li>\n<li class=\"dark-for-buttons\" style=\"text-align: justify;\"><span style=\"font-family: verdana, geneva, sans-serif;\">F\u00e1cil instalaci\u00f3n con recerco de madera, piedra o m\u00e1rmol<\/span><\/li>\n<li style=\"text-align: justify;\"><a href=\"https:\/\/www.ambifuego.net\/wp-content\/uploads\/2023\/10\/20-10-23-cat.general-comprimido.pdf\" target=\"_blank\" rel=\"noopener\"><span style=\"font-family: verdana, geneva, sans-serif;\">Cat\u00e1logo general<\/span><\/a><\/li>\n<li><span style=\"font-family: verdana, geneva, sans-serif;\"><a href=\"https:\/\/www.ambifuego.net\/contacto\/\" target=\"_blank\" rel=\"noopener\">PVP Disponibilidad<\/a><\/span><\/li>\n<\/ul>\n<p><img fetchpriority=\"high\" decoding=\"async\" class=\"alignnone size-full wp-image-43690\" src=\"https:\/\/www.ambifuego.net\/wp-content\/uploads\/2021\/07\/bolton-plano-_optimized...jpg\" alt=\"\" width=\"325\" height=\"300\" srcset=\"https:\/\/www.ambifuego.net\/wp-content\/uploads\/2021\/07\/bolton-plano-_optimized...jpg 325w, https:\/\/www.ambifuego.net\/wp-content\/uploads\/2021\/07\/bolton-plano-_optimized..-293x270.jpg 293w\" sizes=\"(max-width: 325px) 100vw, 325px\" \/><\/p>\n","protected":false},"excerpt":{"rendered":"[caption id=\"attachment_50407\" align=\"alignnone\" width=\"400\"]<img decoding=\"async\" class=\"size-full wp-image-50407\" src=\"https:\/\/www.ambifuego.net\/wp-content\/uploads\/2017\/09\/bolton_optimized.jpg\" alt=\"clasico estilo ingl\u00e9s fundici\u00f3n\" width=\"400\" height=\"513\" srcset=\"https:\/\/www.ambifuego.net\/wp-content\/uploads\/2017\/09\/bolton_optimized.jpg 400w, https:\/\/www.ambifuego.net\/wp-content\/uploads\/2017\/09\/bolton_optimized-374x480.jpg 374w, https:\/\/www.ambifuego.net\/wp-content\/uploads\/2017\/09\/bolton_optimized-211x270.jpg 211w, https:\/\/www.ambifuego.net\/wp-content\/uploads\/2017\/09\/bolton_optimized-342x439.jpg 342w\" sizes=\"(max-width: 400px) 100vw, 400px\" \/> clasico estilo ingl\u00e9s fundici\u00f3n[\/caption]\n","protected":false},"featured_media":43693,"template":"","meta":[],"product_brand":[],"product_cat":[512],"product_tag":[],"class_list":{"0":"post-14549","1":"product","2":"type-product","3":"status-publish","4":"has-post-thumbnail","6":"product_cat-chimeneas-clasicas-inglesas","8":"first","9":"instock","10":"shipping-taxable","11":"product-type-simple"},"_links":{"self":[{"href":"https:\/\/www.ambifuego.net\/es\/wp-json\/wp\/v2\/product\/14549","targetHints":{"allow":["GET"]}}],"collection":[{"href":"https:\/\/www.ambifuego.net\/es\/wp-json\/wp\/v2\/product"}],"about":[{"href":"https:\/\/www.ambifuego.net\/es\/wp-json\/wp\/v2\/types\/product"}],"version-history":[{"count":0,"href":"https:\/\/www.ambifuego.net\/es\/wp-json\/wp\/v2\/product\/14549\/revisions"}],"wp:featuredmedia":[{"embeddable":true,"href":"https:\/\/www.ambifuego.net\/es\/wp-json\/wp\/v2\/media\/43693"}],"wp:attachment":[{"href":"https:\/\/www.ambifuego.net\/es\/wp-json\/wp\/v2\/media?parent=14549"}],"wp:term":[{"taxonomy":"product_brand","embeddable":true,"href":"https:\/\/www.ambifuego.net\/es\/wp-json\/wp\/v2\/product_brand?post=14549"},{"taxonomy":"product_cat","embeddable":true,"href":"https:\/\/www.ambifuego.net\/es\/wp-json\/wp\/v2\/product_cat?post=14549"},{"taxonomy":"product_tag","embeddable":true,"href":"https:\/\/www.ambifuego.net\/es\/wp-json\/wp\/v2\/product_tag?post=14549"}],"curies":[{"name":"wp","href":"https:\/\/api.w.org\/{rel}","templated":true}]}}