{"id":14525,"date":"2017-09-21T14:56:55","date_gmt":"2017-09-21T14:56:55","guid":{"rendered":"https:\/\/www.ambifuego.net\/xtempx\/web17\/?post_type=product&#038;p=14525"},"modified":"2025-10-20T12:37:32","modified_gmt":"2025-10-20T10:37:32","slug":"radiador-estanco-gas-mural","status":"publish","type":"product","link":"https:\/\/www.ambifuego.net\/es\/producto\/radiador-estanco-gas-mural\/","title":{"rendered":"ART"},"content":{"rendered":"<p style=\"text-align: justify;\"><span style=\"font-family: verdana, geneva, sans-serif;\">Radiador estanco gas mural modelo ART del reconocido fabricante DRU. <\/span><span class=\"Y2IQFc\" lang=\"es\" style=\"font-family: verdana, geneva, sans-serif;\">La marca DRU es conocida en toda Europa por sus chimeneas de gas contempor\u00e1neas, sus estufas de pared de gas funcionales y su innovadora tecnolog\u00eda de chimeneas.<\/span><\/p>\n<p style=\"text-align: justify;\"><span class=\"Y2IQFc\" lang=\"es\" style=\"font-family: verdana, geneva, sans-serif;\">El lema de DRU es \u00abdise\u00f1ar para ser diferente\u00bb, que refleja los dise\u00f1os distintivos de sus modernas chimeneas de gas y la tecnolog\u00eda innovadora detr\u00e1s de todos sus productos.<\/span><\/p>\n<div class='yrm-content yrm-content-1 yrm-content-hide  ' id='yrm-0TVqP' data-id='1' data-show-status='false' data-after-action='' style=\"visibility: hidden;height: 0;\">\n\t\t\t<div id='yrm-inner-content-yrm-0TVqP' class='yrm-inner-content-wrapper yrm-cntent-1'>\n<h2><\/h2>\n<h2><span style=\"font-family: verdana, geneva, sans-serif; font-size: 12pt;\">Productos f\u00e1ciles de instalar como es por ejemplo un Radiador estanco gas mural<\/span><\/h2>\n<p class=\"tw-data-text tw-text-large tw-ta\" dir=\"ltr\" style=\"text-align: justify;\" data-placeholder=\"Traducci\u00f3n\"><span class=\"Y2IQFc\" lang=\"es\" style=\"font-family: verdana, geneva, sans-serif;\">La marca DRU est\u00e1 \u00edntimamente ligada al sistema de tiro balanceado, que permite instalar chimeneas y estufas de gas con o sin salida de humos. Este sistema fue desarrollado por DRU en la d\u00e9cada de 1960 y es la base de muchos miles de aparatos de gas en la actualidad. <\/span><\/p>\n<p style=\"text-align: justify;\"><span style=\"font-family: verdana, geneva, sans-serif;\">Por consiguiente los radiadores de gas murales Art son un buen ejemplo de producto estanco, con gran capacidad y alto rendimiento. Su elemento distintivo es su dise\u00f1o contempor\u00e1neo. El frontal\u00a0 color crema, y la parte trasera en antracita. Todos <a href=\"https:\/\/www.ambifuego.net\/articulos\/productos-de-gas-chimeneas-barbacoas-quemadores-farolas\/radiadores-de-gas-estancos\/\" target=\"_blank\" rel=\"noopener\">los modelos<\/a> est\u00e1n equipados con sistema de ignici\u00f3n por chispa piezoel\u00e9ctrica y termostato. <\/span><\/p>\n<p style=\"text-align: justify;\"><span style=\"font-family: verdana, geneva, sans-serif;\">No es necesario ninguna conexi\u00f3n el\u00e9ctrica para su funcionamiento. Ideales para salones, oficinas, espacios comerciales, &#8230;<\/span><\/p>\n<ul>\n<li><span style=\"font-family: verdana, geneva, sans-serif;\">Radiador de gas mural<\/span><\/li>\n<li><span style=\"font-family: verdana, geneva, sans-serif;\">Combustible: Gas Natural o gas Propano<\/span><\/li>\n<li><span style=\"font-family: verdana, geneva, sans-serif;\">Salida de humos; tiro balanceado o estanco<\/span><\/li>\n<li><span style=\"font-family: verdana, geneva, sans-serif;\">Salida del tubo directa a pared<\/span><\/li>\n<li><span style=\"font-family: verdana, geneva, sans-serif;\">Rendimiento: Eficiencia Alta<\/span><\/li>\n<li><span style=\"font-family: verdana, geneva, sans-serif;\">Modo de control; Encendido manual<\/span><\/li>\n<li><span style=\"font-family: verdana, geneva, sans-serif;\">Equipado con; Encendido mediante un piezo el\u00e9ctrico<\/span><\/li>\n<li><span style=\"font-family: verdana, geneva, sans-serif;\"><a href=\"https:\/\/www.ambifuego.net\/contacto\/\" target=\"_blank\" rel=\"noopener\">PVP &#8211; Disponibilidad<\/a><\/span><\/div>\n\t\t<\/div><div class='yrm-btn-wrapper yrm-btn-wrapper-1 yrm-more-button-wrapper  '\n\t\tdata-custom-more-class-name='' data-custom-less-class-name=''><span title='' data-less-title='' data-more-title='' class='yrm-toggle-expand  yrm-toggle-expand-1 ' data-rel='yrm-0TVqP' data-more='M\u00e1s detalles ' data-less='Ver menos'><span class='yrm-text-wrapper yrm-text-wrapper-custom-dimensions'><span class=\"yrm-button-text-1 yrm-button-text-span\">M\u00e1s detalles <\/span><\/span><\/span><\/div><\/li>\n<\/ul>\n<p>&nbsp;<\/p>\n<p>&nbsp;<\/p>\n","protected":false},"excerpt":{"rendered":"[caption id=\"attachment_44505\" align=\"alignnone\" width=\"380\"]<img fetchpriority=\"high\" decoding=\"async\" class=\"size-full wp-image-44505\" src=\"https:\/\/www.ambifuego.net\/wp-content\/uploads\/2017\/09\/art_3_optimized.jpg\" alt=\"Radiador de gas mural art\" width=\"380\" height=\"316\" srcset=\"https:\/\/www.ambifuego.net\/wp-content\/uploads\/2017\/09\/art_3_optimized.jpg 380w, https:\/\/www.ambifuego.net\/wp-content\/uploads\/2017\/09\/art_3_optimized-325x270.jpg 325w\" sizes=\"(max-width: 380px) 100vw, 380px\" \/> Radiador de gas mural art[\/caption]\n<p>&nbsp;<\/p>\n","protected":false},"featured_media":79479,"template":"","meta":[],"product_brand":[],"product_cat":[185,254],"product_tag":[],"class_list":{"0":"post-14525","1":"product","2":"type-product","3":"status-publish","4":"has-post-thumbnail","6":"product_cat-chimeneas-y-productos-gas","7":"product_cat-radiadores-de-gas-estancos","9":"first","10":"instock","11":"shipping-taxable","12":"product-type-simple"},"_links":{"self":[{"href":"https:\/\/www.ambifuego.net\/es\/wp-json\/wp\/v2\/product\/14525","targetHints":{"allow":["GET"]}}],"collection":[{"href":"https:\/\/www.ambifuego.net\/es\/wp-json\/wp\/v2\/product"}],"about":[{"href":"https:\/\/www.ambifuego.net\/es\/wp-json\/wp\/v2\/types\/product"}],"version-history":[{"count":0,"href":"https:\/\/www.ambifuego.net\/es\/wp-json\/wp\/v2\/product\/14525\/revisions"}],"wp:featuredmedia":[{"embeddable":true,"href":"https:\/\/www.ambifuego.net\/es\/wp-json\/wp\/v2\/media\/79479"}],"wp:attachment":[{"href":"https:\/\/www.ambifuego.net\/es\/wp-json\/wp\/v2\/media?parent=14525"}],"wp:term":[{"taxonomy":"product_brand","embeddable":true,"href":"https:\/\/www.ambifuego.net\/es\/wp-json\/wp\/v2\/product_brand?post=14525"},{"taxonomy":"product_cat","embeddable":true,"href":"https:\/\/www.ambifuego.net\/es\/wp-json\/wp\/v2\/product_cat?post=14525"},{"taxonomy":"product_tag","embeddable":true,"href":"https:\/\/www.ambifuego.net\/es\/wp-json\/wp\/v2\/product_tag?post=14525"}],"curies":[{"name":"wp","href":"https:\/\/api.w.org\/{rel}","templated":true}]}}