{"id":14513,"date":"2017-09-21T14:50:52","date_gmt":"2017-09-21T14:50:52","guid":{"rendered":"https:\/\/www.ambifuego.net\/xtempx\/web17\/?post_type=product&#038;p=14513"},"modified":"2025-10-20T12:29:02","modified_gmt":"2025-10-20T10:29:02","slug":"radiadores-de-gas-modernos","status":"publish","type":"product","link":"https:\/\/www.ambifuego.net\/es\/producto\/radiadores-de-gas-modernos\/","title":{"rendered":"STYLE"},"content":{"rendered":"<p><span style=\"font-family: verdana, geneva, sans-serif;\">Radiadores de gas modernos con salida directa atr\u00e1s estanco.<\/span><\/p>\n<p style=\"text-align: justify;\"><span style=\"font-family: verdana, geneva, sans-serif;\">Estos radiadores son perfectos para calentar estancias individualmente sin tener que tener una calefacci\u00f3n centralizada. Para una<\/span><span style=\"font-family: verdana, geneva, sans-serif;\"> estancia peque como un despacho o un dormitorio o si lo prefiere estancias mayores. Todo depender\u00e1 de la potencia de cada radiador estanco.\u00a0<\/span><\/p>\n<h2 style=\"text-align: justify;\"><span style=\"font-family: verdana, geneva, sans-serif;\"><span style=\"font-size: 12pt;\"> Adem\u00e1s, si lo necesita los radiadores pueden complementar, por ejemplo, una calefacci\u00f3n centralizada<\/span>.<\/span><\/h2>\n<p style=\"text-align: justify;\"><span style=\"font-family: verdana, geneva, sans-serif; font-size: 12pt;\">Los\u00a0<a href=\"https:\/\/www.drufire.com\/en-gb\/product-range\/gas-wall-heaters\" target=\"_blank\" rel=\"noopener\"><strong>radiadores estancos <\/strong><\/a>son\u00a0 un sistema de calefacci\u00f3n muy eficaz y de muy f\u00e1cil montaje ya que, van simplemente montados en la pared.\u00a0 Dependiendo de la superficie a calentar deber\u00e1 elegir el modelo adecuado. <\/span><\/p>\n<p style=\"text-align: justify;\"><span style=\"font-family: verdana, geneva, sans-serif; font-size: 12pt;\"><span style=\"font-family: verdana, geneva, sans-serif;\">Las nuevas estufas murales Style tienen gran capacidad y alto rendimiento. Su elemento distintivo es su dise\u00f1o contempor\u00e1neo. El frontal, ligeramente curvado, viene en color aluminio, y la parte trasera en antracita. Todos los modelos est\u00e1n equipados con sistema de ignici\u00f3n por chispa piezo el\u00e9ctrica y termostato.<\/span><\/span><\/p>\n<p style=\"text-align: justify;\"><span style=\"font-family: verdana, geneva, sans-serif; font-size: 12pt;\">Este modelo tiene una est\u00e9tica muy moderna pero tambi\u00e9n puede ojear la <a href=\"https:\/\/www.ambifuego.net\/producto\/art-radiadores-estancos-gas\/\" target=\"_blank\" rel=\"noopener\">gama ART<\/a> con m\u00e1s modelos y superior potencia.\u00a0<\/span><\/p>\n<ul>\n<li><span style=\"font-family: verdana, geneva, sans-serif;\">Radiadores de gas modernos.<\/span><\/li>\n<li><span style=\"font-family: verdana, geneva, sans-serif;\">Gas natural o propano.<\/span><\/li>\n<li><span style=\"font-family: verdana, geneva, sans-serif;\">Tiro balanceado o estanco.<\/span><\/li>\n<li><span style=\"font-family: verdana, geneva, sans-serif;\">Salida directa a pared.<\/span><\/li>\n<li><span style=\"font-family: verdana, geneva, sans-serif;\">Eficiencia alta.<\/span><\/li>\n<li><span style=\"font-family: verdana, geneva, sans-serif;\"><a href=\"https:\/\/www.ambifuego.net\/wp-content\/uploads\/2021\/12\/catalogo-Ambifuego-2021-20kb_compressed.pdf\" target=\"_blank\" rel=\"noopener\">Cat\u00e1logo<\/a><\/span><\/li>\n<li><span style=\"font-family: verdana, geneva, sans-serif;\"><a href=\"https:\/\/www.ambifuego.net\/contacto\/\" target=\"_blank\" rel=\"noopener\">PVP &#8211; Disponibilidad<\/a><\/span><\/li>\n<\/ul>\n<p><img fetchpriority=\"high\" decoding=\"async\" class=\"alignnone wp-image-48441\" src=\"https:\/\/www.ambifuego.net\/wp-content\/uploads\/2017\/09\/style-plano_optimized.jpg\" alt=\"\" width=\"447\" height=\"272\" srcset=\"https:\/\/www.ambifuego.net\/wp-content\/uploads\/2017\/09\/style-plano_optimized.jpg 510w, https:\/\/www.ambifuego.net\/wp-content\/uploads\/2017\/09\/style-plano_optimized-480x292.jpg 480w, https:\/\/www.ambifuego.net\/wp-content\/uploads\/2017\/09\/style-plano_optimized-444x270.jpg 444w\" sizes=\"(max-width: 447px) 100vw, 447px\" \/><\/p>\n<table style=\"border-collapse: collapse; width: 60.1357%; height: 255px;\">\n<tbody>\n<tr>\n<td style=\"width: 12.5%;\"><strong>\u00a0 Modelo<\/strong><\/td>\n<td style=\"width: 8.84551%;\">\u00a0 A<\/td>\n<td style=\"width: 7.68274%;\">\u00a0 B<\/td>\n<td style=\"width: 6.35386%;\">\u00a0 C<\/td>\n<td style=\"width: 8.84548%;\">\u00a0 %<\/td>\n<td style=\"width: 9.34373%;\">\u00a0 Kw LPG<\/td>\n<td style=\"width: 4.99512%;\">\u00a0 Kw<\/td>\n<\/tr>\n<tr>\n<td style=\"width: 12.5%;\">\u00a0\u00a0<strong>Style 3<\/strong><\/td>\n<td style=\"width: 8.84551%;\">\u00a0 390<\/td>\n<td style=\"width: 7.68274%;\">\u00a0 576<\/td>\n<td style=\"width: 6.35386%;\">\u00a0 229<\/td>\n<td style=\"width: 8.84548%;\">\u00a0 82%<\/td>\n<td style=\"width: 9.34373%;\">\u00a0 2,0<\/td>\n<td style=\"width: 4.99512%;\">\u00a0 2,6<\/td>\n<\/tr>\n<tr>\n<td style=\"width: 12.5%;\">\u00a0\u00a0<strong>Style 4<\/strong><\/td>\n<td style=\"width: 8.84551%;\">\u00a0 615<\/td>\n<td style=\"width: 7.68274%;\">\u00a0 571<\/td>\n<td style=\"width: 6.35386%;\">\u00a0 234<\/td>\n<td style=\"width: 8.84548%;\">\u00a0 84%<\/td>\n<td style=\"width: 9.34373%;\">\u00a0 3,0<\/td>\n<td style=\"width: 4.99512%;\">\u00a0 3,5<\/td>\n<\/tr>\n<tr>\n<td style=\"width: 12.5%;\">\u00a0<strong> Style 5<\/strong><\/td>\n<td style=\"width: 8.84551%;\">\u00a0 765<\/td>\n<td style=\"width: 7.68274%;\">\u00a0 571<\/td>\n<td style=\"width: 6.35386%;\">\u00a0 234<\/td>\n<td style=\"width: 8.84548%;\">\u00a0 84%<\/td>\n<td style=\"width: 9.34373%;\">\u00a0 4,5<\/td>\n<td style=\"width: 4.99512%;\">\u00a0 4,0<\/td>\n<\/tr>\n<tr>\n<td style=\"width: 12.5%;\">\u00a0<strong> Style 31<\/strong><\/td>\n<td style=\"width: 8.84551%;\">\u00a0 805<\/td>\n<td style=\"width: 7.68274%;\">\u00a0 390<\/td>\n<td style=\"width: 6.35386%;\">\u00a0 230<\/td>\n<td style=\"width: 8.84548%;\">\u00a0 85%<\/td>\n<td style=\"width: 9.34373%;\">\u00a0 3,0<\/td>\n<td style=\"width: 4.99512%;\">\u00a0 3,1<\/td>\n<\/tr>\n<\/tbody>\n<\/table>\n<p>&nbsp;<\/p>\n<p>&nbsp;<\/p>\n","protected":false},"excerpt":{"rendered":"[caption id=\"attachment_44626\" align=\"alignnone\" width=\"385\"]<img decoding=\"async\" class=\"size-full wp-image-44626\" src=\"https:\/\/www.ambifuego.net\/wp-content\/uploads\/2017\/09\/style-3_optimized.jpg\" alt=\"radiadores de gas modernos - style\" width=\"385\" height=\"320\" srcset=\"https:\/\/www.ambifuego.net\/wp-content\/uploads\/2017\/09\/style-3_optimized.jpg 385w, https:\/\/www.ambifuego.net\/wp-content\/uploads\/2017\/09\/style-3_optimized-325x270.jpg 325w\" sizes=\"(max-width: 385px) 100vw, 385px\" \/> Radiadores de gas modernos &#8211; style[\/caption]\n","protected":false},"featured_media":79484,"template":"","meta":[],"product_brand":[],"product_cat":[254],"product_tag":[],"class_list":{"0":"post-14513","1":"product","2":"type-product","3":"status-publish","4":"has-post-thumbnail","6":"product_cat-radiadores-de-gas-estancos","8":"first","9":"instock","10":"shipping-taxable","11":"product-type-simple"},"_links":{"self":[{"href":"https:\/\/www.ambifuego.net\/es\/wp-json\/wp\/v2\/product\/14513","targetHints":{"allow":["GET"]}}],"collection":[{"href":"https:\/\/www.ambifuego.net\/es\/wp-json\/wp\/v2\/product"}],"about":[{"href":"https:\/\/www.ambifuego.net\/es\/wp-json\/wp\/v2\/types\/product"}],"version-history":[{"count":0,"href":"https:\/\/www.ambifuego.net\/es\/wp-json\/wp\/v2\/product\/14513\/revisions"}],"wp:featuredmedia":[{"embeddable":true,"href":"https:\/\/www.ambifuego.net\/es\/wp-json\/wp\/v2\/media\/79484"}],"wp:attachment":[{"href":"https:\/\/www.ambifuego.net\/es\/wp-json\/wp\/v2\/media?parent=14513"}],"wp:term":[{"taxonomy":"product_brand","embeddable":true,"href":"https:\/\/www.ambifuego.net\/es\/wp-json\/wp\/v2\/product_brand?post=14513"},{"taxonomy":"product_cat","embeddable":true,"href":"https:\/\/www.ambifuego.net\/es\/wp-json\/wp\/v2\/product_cat?post=14513"},{"taxonomy":"product_tag","embeddable":true,"href":"https:\/\/www.ambifuego.net\/es\/wp-json\/wp\/v2\/product_tag?post=14513"}],"curies":[{"name":"wp","href":"https:\/\/api.w.org\/{rel}","templated":true}]}}