{"id":14508,"date":"2017-09-21T14:45:38","date_gmt":"2017-09-21T14:45:38","guid":{"rendered":"https:\/\/www.ambifuego.net\/xtempx\/web17\/?post_type=product&#038;p=14508"},"modified":"2025-10-28T13:14:39","modified_gmt":"2025-10-28T12:14:39","slug":"estufa-de-gas-eficiente","status":"publish","type":"product","link":"https:\/\/www.ambifuego.net\/es\/producto\/estufa-de-gas-eficiente\/","title":{"rendered":"ASHCOTT"},"content":{"rendered":"<p style=\"text-align: justify;\"><span style=\"font-family: verdana, geneva, sans-serif;\">Estufa de gas eficiente, robusta y de <a href=\"https:\/\/www.ambifuego.net\/articulos\/chimeneas-y-productos-gas\/estufas-de-gas\/\" target=\"_blank\" rel=\"noopener\">estilo compacto<\/a>. Dos potencias calor\u00edficas, 5 kw \u00f3 7 kw. Salida de humos estanca, es decir toma el aire del exterior. El tubo de la salida de los humos puede salir hacia arriba o directa hac\u00eda atr\u00e1s a una pared exterior. Equipada con turbinas para distribuci\u00f3n r\u00e1pida del calor, con varias velocidades. Le\u00f1os cer\u00e1micos decorativos en el hogar del fuego que imitan con mucho realismo le\u00f1a ardiendo. Dispone de dos opciones con compartimento para le\u00f1a o sin \u00e9l.\u00a0<\/span><\/p>\n<div class='yrm-content yrm-content-1 yrm-content-hide  ' id='yrm-PBeg0' data-id='1' data-show-status='false' data-after-action='' style=\"visibility: hidden;height: 0;\">\n\t\t\t<div id='yrm-inner-content-yrm-PBeg0' class='yrm-inner-content-wrapper yrm-cntent-1'><\/p>\n<h1 style=\"text-align: justify;\"><span style=\"font-family: verdana, geneva, sans-serif; font-size: 12pt;\"><span class=\"Y2IQFc\" lang=\"es\">Estufa de gas de dos quemadores , <\/span><\/span><span style=\"font-family: verdana, geneva, sans-serif; font-size: 12pt;\"><span class=\"Y2IQFc\" lang=\"es\">un aparato de tiro balanceado y debe usarse con un tubos conc\u00e9ntricos. <\/span><\/span><\/h1>\n<p style=\"text-align: justify;\"><span style=\"font-family: verdana, geneva, sans-serif; font-size: 12pt;\">\u00bfQu\u00e9 son los tubos conc\u00e9ntricos? Este sistema consiste en dos <b>tubos<\/b> paralelos por los que fluye la corriente de aire e fr\u00edo, en cuyo interior existe otro <b>tubo<\/b> de di\u00e1metro menor por el que fluye la corriente de aire caliente, produci\u00e9ndose as\u00ed la transferencia de calor. Por ello su montaje es f\u00e1cil ya que puede salir a cualquier pared exterior y no obligado, sobre el techo.<\/span><\/p>\n<p style=\"text-align: justify;\"><span class=\"Y2IQFc\" lang=\"es\" style=\"font-family: verdana, geneva, sans-serif;\">Dispone de un quemador doble, esto permite una buena imagen de llama incluso cuando se quema a una temperatura m\u00e1s baja.<\/span><\/p>\n<p style=\"text-align: justify;\"><span class=\"Y2IQFc\" lang=\"es\" style=\"font-family: verdana, geneva, sans-serif;\">Esta impresionante estufa de gas tambi\u00e9n cuenta con una turbina convectora que expulsa aire caliente. Algo inusual para un aparato de gas tan peque\u00f1o. <\/span><span class=\"Y2IQFc\" lang=\"es\" style=\"font-family: verdana, geneva, sans-serif;\">La estufa de gas Ashcott tambi\u00e9n est\u00e1 disponible con una base de almacenamiento de troncos. La estufa Ashcott Gas tambi\u00e9n viene con un control remoto que permite el encendido autom\u00e1tico, el control de la temperatura manualmente as\u00ed como un control termost\u00e1tico autom\u00e1tico.<\/span><\/p>\n<p style=\"text-align: justify;\"><span class=\"Y2IQFc\" lang=\"es\" style=\"font-family: verdana, geneva, sans-serif;\">Este modelo es adem\u00e1s, ideal para quien no dispone de mucho espacio pero de todos modos desea disfrutar de un fuego vivo. Modelo de medidas peque\u00f1as pero con gran poder calor\u00edfico.<\/span><\/p>\n<ul>\n<li><span style=\"font-family: verdana, geneva, sans-serif;\">Clase energ\u00e9tica: <img decoding=\"async\" src=\"https:\/\/www.eurostove.co.uk\/Content\/Images\/A%20Arrow.png\" alt=\"A Arrow\" width=\"55\" height=\"23\" \/><\/span><\/li>\n<li><span style=\"font-family: verdana, geneva, sans-serif;\"><a href=\"https:\/\/www.drufire.com\/int\/products\/dru\/diablo-next\" target=\"_blank\" rel=\"noopener\">Estufa de ga<\/a>s eficiente<\/span><\/li>\n<li style=\"text-align: justify;\"><span style=\"font-family: verdana, geneva, sans-serif;\">Salida de humos estanca (Salida pared exterior)<\/span><\/li>\n<li><span style=\"font-family: verdana, geneva, sans-serif;\">2 Quemadores<\/span><\/li>\n<li><span style=\"font-family: verdana, geneva, sans-serif;\">Fabricada en acero y puerta de fundici\u00f3n<\/span><\/li>\n<li style=\"text-align: justify;\"><span style=\"font-family: verdana, geneva, sans-serif;\">Gas propano \/ Natural<\/span><\/li>\n<li style=\"text-align: justify;\"><span style=\"font-family: verdana, geneva, sans-serif;\">Tiro arriba \/ Hacia atr\u00e1s (15 cm)<\/span><\/li>\n<li style=\"text-align: justify;\"><span style=\"font-family: verdana, geneva, sans-serif;\">Quemador doble<\/span><\/li>\n<li style=\"text-align: justify;\"><span style=\"font-family: verdana, geneva, sans-serif;\">Turbinas\u00a0\u00a0<\/span><\/li>\n<li style=\"text-align: justify;\"><span style=\"font-family: verdana, geneva, sans-serif;\">Eficiencia; 83%<\/span><\/li>\n<li style=\"text-align: justify;\"><span style=\"font-family: verdana, geneva, sans-serif;\">Potencia 1,5 kw -6,5 kw<\/span><\/li>\n<li style=\"text-align: justify;\"><span style=\"font-family: verdana, geneva, sans-serif;\">Le\u00f1os cer\u00e1micos<\/span><\/li>\n<li style=\"text-align: justify;\"><span style=\"font-family: verdana, geneva, sans-serif;\">Mando a distancia<\/span><\/li>\n<li style=\"text-align: justify;\"><span style=\"font-family: verdana, geneva, sans-serif;\">Color antracita<\/span><\/li>\n<li><a href=\"https:\/\/www.ambifuego.net\/contacto\/\" target=\"_blank\" rel=\"noopener\"><span style=\"font-family: verdana, geneva, sans-serif;\">PVP &#8211; Disponibilidad<\/span><\/a><\/li>\n<li><span style=\"font-family: verdana, geneva, sans-serif;\"><a href=\"https:\/\/www.ambifuego.net\/wp-content\/uploads\/2023\/10\/20-10-23-cat.general-comprimido.pdf\" target=\"_blank\" rel=\"noopener\">Cat\u00e1logo<\/a><\/span><\/li>\n<\/ul>\n<p><\/div>\n\t\t<\/div><div class='yrm-btn-wrapper yrm-btn-wrapper-1 yrm-more-button-wrapper  '\n\t\tdata-custom-more-class-name='' data-custom-less-class-name=''><span title='' data-less-title='' data-more-title='' class='yrm-toggle-expand  yrm-toggle-expand-1 ' data-rel='yrm-PBeg0' data-more='M\u00e1s detalles ' data-less='Ver menos'><span class='yrm-text-wrapper yrm-text-wrapper-custom-dimensions'><span class=\"yrm-button-text-1 yrm-button-text-span\">M\u00e1s detalles <\/span><\/span><\/span><\/div>\n","protected":false},"excerpt":{"rendered":"<p><img fetchpriority=\"high\" decoding=\"async\" class=\"size-full wp-image-60580\" src=\"https:\/\/www.ambifuego.net\/wp-content\/uploads\/2017\/09\/woodland-gas_optimized..jpg\" alt=\"estufa de gas eficiente\" width=\"450\" height=\"450\" srcset=\"https:\/\/www.ambifuego.net\/wp-content\/uploads\/2017\/09\/woodland-gas_optimized..jpg 450w, https:\/\/www.ambifuego.net\/wp-content\/uploads\/2017\/09\/woodland-gas_optimized.-150x150.jpg 150w, https:\/\/www.ambifuego.net\/wp-content\/uploads\/2017\/09\/woodland-gas_optimized.-270x270.jpg 270w, https:\/\/www.ambifuego.net\/wp-content\/uploads\/2017\/09\/woodland-gas_optimized.-439x439.jpg 439w, https:\/\/www.ambifuego.net\/wp-content\/uploads\/2017\/09\/woodland-gas_optimized.-388x388.jpg 388w, https:\/\/www.ambifuego.net\/wp-content\/uploads\/2017\/09\/woodland-gas_optimized.-40x40.jpg 40w, https:\/\/www.ambifuego.net\/wp-content\/uploads\/2017\/09\/woodland-gas_optimized.-100x100.jpg 100w\" sizes=\"(max-width: 450px) 100vw, 450px\" \/><\/p>\n","protected":false},"featured_media":80574,"template":"","meta":[],"product_brand":[],"product_cat":[253],"product_tag":[],"class_list":{"0":"post-14508","1":"product","2":"type-product","3":"status-publish","4":"has-post-thumbnail","6":"product_cat-estufas-de-gas","8":"first","9":"instock","10":"shipping-taxable","11":"product-type-simple"},"_links":{"self":[{"href":"https:\/\/www.ambifuego.net\/es\/wp-json\/wp\/v2\/product\/14508","targetHints":{"allow":["GET"]}}],"collection":[{"href":"https:\/\/www.ambifuego.net\/es\/wp-json\/wp\/v2\/product"}],"about":[{"href":"https:\/\/www.ambifuego.net\/es\/wp-json\/wp\/v2\/types\/product"}],"version-history":[{"count":1,"href":"https:\/\/www.ambifuego.net\/es\/wp-json\/wp\/v2\/product\/14508\/revisions"}],"predecessor-version":[{"id":83229,"href":"https:\/\/www.ambifuego.net\/es\/wp-json\/wp\/v2\/product\/14508\/revisions\/83229"}],"wp:featuredmedia":[{"embeddable":true,"href":"https:\/\/www.ambifuego.net\/es\/wp-json\/wp\/v2\/media\/80574"}],"wp:attachment":[{"href":"https:\/\/www.ambifuego.net\/es\/wp-json\/wp\/v2\/media?parent=14508"}],"wp:term":[{"taxonomy":"product_brand","embeddable":true,"href":"https:\/\/www.ambifuego.net\/es\/wp-json\/wp\/v2\/product_brand?post=14508"},{"taxonomy":"product_cat","embeddable":true,"href":"https:\/\/www.ambifuego.net\/es\/wp-json\/wp\/v2\/product_cat?post=14508"},{"taxonomy":"product_tag","embeddable":true,"href":"https:\/\/www.ambifuego.net\/es\/wp-json\/wp\/v2\/product_tag?post=14508"}],"curies":[{"name":"wp","href":"https:\/\/api.w.org\/{rel}","templated":true}]}}