{"id":14503,"date":"2017-09-21T14:44:48","date_gmt":"2017-09-21T14:44:48","guid":{"rendered":"https:\/\/www.ambifuego.net\/xtempx\/web17\/?post_type=product&#038;p=14503"},"modified":"2025-10-28T12:43:59","modified_gmt":"2025-10-28T11:43:59","slug":"estufa-de-gas-dru","status":"publish","type":"product","link":"https:\/\/www.ambifuego.net\/es\/producto\/estufa-de-gas-dru\/","title":{"rendered":"POLO"},"content":{"rendered":"<p style=\"text-align: justify;\"><span style=\"font-family: verdana, geneva, sans-serif;\">Estufa de gas DRU\u00a0 modelo Polo es un modelo de estufa funcional y con estilo. <\/span><span style=\"font-family: verdana, geneva, sans-serif;\">\u00a0Las estufas son una soluci\u00f3n moderna y elegante de caldear y dar ambiente a una habitaci\u00f3n. Combina lo mejor de la ecolog\u00eda y lo m\u00e1s agradable de este tipo de calefacci\u00f3n.<\/span><\/p>\n<p style=\"text-align: justify;\"><span style=\"font-family: verdana, geneva, sans-serif;\">DRU es un fabricante de reconocida fama, fundado en 1754. Al principio se dedicaron a la fabricaci\u00f3n de metal art\u00edculos\u00a0 y m\u00e1s tarde chimeneas. Hoy en d\u00eda DRU es una empresa moderna que continua especializ\u00e1ndose en fabricar aparatos de calefacci\u00f3n. Es el mayor productor de chimeneas y estufas a gas con salida de humos estanco. Tambi\u00e9n fabrican chimeneas y estufas de le\u00f1a.<\/span><\/p>\n<div class='yrm-content yrm-content-1 yrm-content-hide  ' id='yrm-53GYB' data-id='1' data-show-status='false' data-after-action='' style=\"visibility: hidden;height: 0;\">\n\t\t\t<div id='yrm-inner-content-yrm-53GYB' class='yrm-inner-content-wrapper yrm-cntent-1'><\/p>\n<h2 style=\"text-align: justify;\"><span style=\"font-family: verdana, geneva, sans-serif;\"><span style=\"font-size: 12pt;\">La estufa de gas Polo se distingue por una l\u00ednea moderna y minimalista<\/span>.<\/span><\/h2>\n<p style=\"text-align: justify;\"><span style=\"font-family: verdana, geneva, sans-serif;\">El aparato tiene incorporado una tecnolog\u00eda innovadora que proporciona una alta eficiencia t\u00e9rmica y comodidad de funcionamiento. El aparato tiene 1 panel de 3 lados o caras.\u00a0 El cristal cubre m\u00e1s de la mitad de la estufa y le proporciona un aspecto moderno y muy elegante. <\/span><\/p>\n<p style=\"text-align: justify;\"><span style=\"font-family: verdana, geneva, sans-serif;\">Sobre el quemador est\u00e1n los le\u00f1os cer\u00e1micos especialmente dise\u00f1ados para proporcionar una visi\u00f3n realista del fuego, como en una verdadera estufa de le\u00f1a. Adem\u00e1s, es posible ajustar la altura de las llamas.\u00a0 \u00a0<\/span><\/p>\n<p style=\"text-align: justify;\"><span style=\"font-family: verdana, geneva, sans-serif;\">La estufa viene equipada con un sistema de control autom\u00e1tico de gas totalmente seguro y avanzado que utiliza un sensor que detecta cualquier fuga de combustible sin control. Una c\u00e1mara de combusti\u00f3n herm\u00e9ticamente sellada proporciona el m\u00e1s alto grado de seguridad. En caso de cualquier obstrucci\u00f3n de la chimenea, la estufa se apaga autom\u00e1ticamente. <\/span><span style=\"font-family: verdana, geneva, sans-serif;\">\u00a0\u00a0<\/span><\/p>\n<p style=\"text-align: justify;\"><span style=\"font-family: verdana, geneva, sans-serif;\">El control y ajuste completo del dispositivo se logra mediante el uso de un mando a distancia con un termostato incorporado. La instalaci\u00f3n no requiere una chimenea tradicional &#8211; el sistema de cable coaxial permite la instalaci\u00f3n de la estufa en habitaciones sin chimenea, basta con sacar el tiro a trav\u00e9s de una pared o el techo del edificio.\u00a0 <\/span><\/p>\n<p style=\"text-align: justify;\"><span style=\"font-family: verdana, geneva, sans-serif;\">El peso es moderado y la facilidad de instalaci\u00f3n permite cambiar la ubicaci\u00f3n, dependiendo del acceso a la salida de humos. La conexi\u00f3n para conectar la salida de los humos est\u00e1 en la parte superior de la estufa.\u00a0<\/span><\/p>\n<p style=\"text-align: justify;\"><span style=\"font-family: verdana, geneva, sans-serif;\">El cristal utilizado es vitrocer\u00e1mico especial puede soportar temperaturas de hasta 660\u00b0C, como los usados en chimeneas tradicionales.\u00a0\u00a0<\/span><\/p>\n<p style=\"text-align: justify;\"><span style=\"font-family: verdana, geneva, sans-serif;\">Esta preciosa estufa a 3 caras posee un limitado poder calor\u00edfico, aproximadamente 4 kW y tiene una eficiencia del 92%!! Es adecuada para <\/span><span style=\"font-family: verdana, geneva, sans-serif;\">estancias con buen aislamiento y espacios peque\u00f1os como una cocina, un sal\u00f3n o una extensi\u00f3n acristalada.<\/span><\/p>\n<h2 class=\"wWOJcd\" tabindex=\"0\" role=\"button\" aria-controls=\"exacc_qOGEYu73NaaN9u8PgtGBqAU6\" aria-expanded=\"true\" aria-labelledby=\"exacc_qOGEYu73NaaN9u8PgtGBqAU5\"><span style=\"font-family: verdana, geneva, sans-serif; font-size: 12pt;\">\u00bfQu\u00e9 ventajas y desventajas tiene la estufa?<\/span><\/h2>\n<div class=\"wWOJcd\" tabindex=\"0\" role=\"button\" aria-controls=\"exacc_qOGEYu73NaaN9u8PgtGBqAU6\" aria-expanded=\"true\" aria-labelledby=\"exacc_qOGEYu73NaaN9u8PgtGBqAU5\">\n<div class=\"r21Kzd\" style=\"text-align: justify;\" data-hveid=\"CBcQAQ\" data-ved=\"2ahUKEwju66zigen3AhWmhv0HHYJoAFUQuk56BAgXEAE\"><span style=\"font-family: verdana, geneva, sans-serif;\">El funcionamiento de <\/span><b style=\"font-family: verdana, geneva, sans-serif;\">las estufas de gas<\/b><span style=\"font-family: verdana, geneva, sans-serif;\">\u00a0se basa en la quema de\u00a0<\/span><b style=\"font-family: verdana, geneva, sans-serif;\">gas<\/b><span style=\"font-family: verdana, geneva, sans-serif;\"> en su quemador, y con una correcta instalaci\u00f3n y mantenimiento se garantiza la seguridad y durabilidad del aparato. Las <\/span><b style=\"font-family: verdana, geneva, sans-serif;\">ventajas de las estufas de gas<\/b><span style=\"font-family: verdana, geneva, sans-serif;\"> son que su uso es f\u00e1cil uso y r\u00e1pido. Adem\u00e1s son econ\u00f3micas, ya que funcionan sin conexi\u00f3n a la electricidad.\u00a0<\/span><\/div>\n<\/div>\n<p style=\"text-align: justify;\"><span style=\"font-family: verdana, geneva, sans-serif;\">de tama\u00f1o reducido forma cuadrada\u00a0 Tiene un poder calor\u00edfico de m\u00e1ximo 4,1 kW Esta estufa es adecuada para estancias con buen aislamiento y espacios peque\u00f1os como una cocina, un sal\u00f3n o extensi\u00f3n es acristaladas.<\/span><\/p>\n<p style=\"text-align: justify;\"><span style=\"font-family: verdana, geneva, sans-serif;\">El interior negro o de cer\u00e1mica y los troncos decorativos se combinan para proporcionar la ilusi\u00f3n de un fuego real.\u00a0 Estufa y salida de humos disponibles en negro. Se controla con mando a distancia,\u00a0 encendido electr\u00f3nico, regulador termost\u00e1tico y temporizador.<\/span><\/p>\n<ul>\n<li><span style=\"font-family: verdana, geneva, sans-serif;\"><a href=\"https:\/\/www.drufire.com\/int\/products\/gas-fires?page=4\" target=\"_blank\" rel=\"noopener\">Estufa de gas<\/a> DRU.<\/span><\/li>\n<li><span style=\"font-family: verdana, geneva, sans-serif;\">Vista de llama a 3 caras.<\/span><\/li>\n<li><span style=\"font-family: verdana, geneva, sans-serif;\">Propano \/ Natural.<\/span><\/li>\n<li><span style=\"font-family: verdana, geneva, sans-serif;\">Salida de humos estanca.<\/span><\/li>\n<li><span style=\"font-family: verdana, geneva, sans-serif;\">Salida de humos superior.<\/span><\/li>\n<li><span style=\"font-family: verdana, geneva, sans-serif;\">Quemador lineal.<\/span><\/li>\n<li><span style=\"font-family: verdana, geneva, sans-serif;\">Le\u00f1os cer\u00e1micos.<\/span><\/li>\n<li><span style=\"font-family: verdana, geneva, sans-serif;\">Control remoto.<\/span><\/li>\n<li><span style=\"font-family: verdana, geneva, sans-serif;\">Potencia 4 Kw.<\/span><\/li>\n<li><span style=\"font-family: verdana, geneva, sans-serif;\">Dise\u00f1o: Cuadrado.<\/span><\/li>\n<li><a href=\"https:\/\/www.ambifuego.net\/contacto\/\" target=\"_blank\" rel=\"noopener\"><span style=\"font-family: verdana, geneva, sans-serif;\">PVP &#8211; Disponibilidad<\/span><\/a><\/li>\n<li><span style=\"font-family: verdana, geneva, sans-serif;\"><a href=\"https:\/\/www.ambifuego.net\/wp-content\/uploads\/2025\/10\/250724-Brochure-DRU-chimeneas-de-gas-ES-993456_compressed-comprimido.pdf\" target=\"_blank\" rel=\"noopener\">Cat\u00e1logo<\/a>.<\/span><\/li>\n<\/ul>\n<p><\/div>\n\t\t<\/div><div class='yrm-btn-wrapper yrm-btn-wrapper-1 yrm-more-button-wrapper  '\n\t\tdata-custom-more-class-name='' data-custom-less-class-name=''><span title='' data-less-title='' data-more-title='' class='yrm-toggle-expand  yrm-toggle-expand-1 ' data-rel='yrm-53GYB' data-more='M\u00e1s detalles ' data-less='Ver menos'><span class='yrm-text-wrapper yrm-text-wrapper-custom-dimensions'><span class=\"yrm-button-text-1 yrm-button-text-span\">M\u00e1s detalles <\/span><\/span><\/span><\/div>\n<p>&nbsp;<\/p>\n","protected":false},"excerpt":{"rendered":"[video width=\"1920\" height=\"1080\" mp4=\"https:\/\/www.ambifuego.net\/wp-content\/uploads\/2017\/09\/polo.mp4\" autoplay=\"true\" preload=\"auto\"][\/video]\n<p>&nbsp;<\/p>\n","protected":false},"featured_media":80562,"template":"","meta":[],"product_brand":[],"product_cat":[185,253,259],"product_tag":[],"class_list":{"0":"post-14503","1":"product","2":"type-product","3":"status-publish","4":"has-post-thumbnail","6":"product_cat-chimeneas-y-productos-gas","7":"product_cat-estufas-de-gas","8":"product_cat-chimeneas-electricas-decorativas-modernas-calefactor","10":"first","11":"instock","12":"shipping-taxable","13":"product-type-simple"},"_links":{"self":[{"href":"https:\/\/www.ambifuego.net\/es\/wp-json\/wp\/v2\/product\/14503","targetHints":{"allow":["GET"]}}],"collection":[{"href":"https:\/\/www.ambifuego.net\/es\/wp-json\/wp\/v2\/product"}],"about":[{"href":"https:\/\/www.ambifuego.net\/es\/wp-json\/wp\/v2\/types\/product"}],"version-history":[{"count":0,"href":"https:\/\/www.ambifuego.net\/es\/wp-json\/wp\/v2\/product\/14503\/revisions"}],"wp:featuredmedia":[{"embeddable":true,"href":"https:\/\/www.ambifuego.net\/es\/wp-json\/wp\/v2\/media\/80562"}],"wp:attachment":[{"href":"https:\/\/www.ambifuego.net\/es\/wp-json\/wp\/v2\/media?parent=14503"}],"wp:term":[{"taxonomy":"product_brand","embeddable":true,"href":"https:\/\/www.ambifuego.net\/es\/wp-json\/wp\/v2\/product_brand?post=14503"},{"taxonomy":"product_cat","embeddable":true,"href":"https:\/\/www.ambifuego.net\/es\/wp-json\/wp\/v2\/product_cat?post=14503"},{"taxonomy":"product_tag","embeddable":true,"href":"https:\/\/www.ambifuego.net\/es\/wp-json\/wp\/v2\/product_tag?post=14503"}],"curies":[{"name":"wp","href":"https:\/\/api.w.org\/{rel}","templated":true}]}}