{"id":14476,"date":"2017-09-21T14:13:42","date_gmt":"2017-09-21T14:13:42","guid":{"rendered":"https:\/\/www.ambifuego.net\/xtempx\/web17\/?post_type=product&#038;p=14476"},"modified":"2025-10-28T12:22:30","modified_gmt":"2025-10-28T11:22:30","slug":"estufa-de-gas-cuadrada","status":"publish","type":"product","link":"https:\/\/www.ambifuego.net\/es\/producto\/estufa-de-gas-cuadrada\/","title":{"rendered":"TRIO"},"content":{"rendered":"<p style=\"text-align: justify;\"><span style=\"font-family: verdana, geneva, sans-serif;\">La estufa de gas cuadrada Trio combina la nostalgia de una estufa r\u00fastica con la tecnolog\u00eda innovadora. Se acab\u00f3 el almacenar, limpiar cenizas y holl\u00edn con este modelo tiene una estufa cl\u00e1sica pero al mismo tiempo moderna. Por su acabado en color antracita y sus 3 lados de vista de llama es \u00fanica.\u00a0<\/span><\/p>\n<div class='yrm-content yrm-content-1 yrm-content-hide  ' id='yrm-WAReM' data-id='1' data-show-status='false' data-after-action='' style=\"visibility: hidden;height: 0;\">\n\t\t\t<div id='yrm-inner-content-yrm-WAReM' class='yrm-inner-content-wrapper yrm-cntent-1'><\/p>\n<h2 data-hveid=\"CBcQAQ\" data-ved=\"2ahUKEwju66zigen3AhWmhv0HHYJoAFUQuk56BAgXEAE\"><span style=\"font-family: verdana, geneva, sans-serif; font-size: 12pt;\">Estufa de gas de gran calidad fabricado en Europa<\/span><\/h2>\n<div class=\"r21Kzd\" style=\"text-align: justify;\" data-hveid=\"CBcQAQ\" data-ved=\"2ahUKEwju66zigen3AhWmhv0HHYJoAFUQuk56BAgXEAE\"><span style=\"font-family: verdana, geneva, sans-serif;\">Adem\u00e1s las <b>ventajas de las estufas de gas<\/b> son de f\u00e1cil uso y r\u00e1pidamente calienta el \u00e1rea. Ahorro econ\u00f3mico, ya que pueden funcionar sin conexi\u00f3n a la electricidad.<\/span><\/div>\n<p><span style=\"font-family: verdana, geneva, sans-serif;\">El modelo Trio es una estufa estilizada y <\/span><span style=\"font-family: verdana, geneva, sans-serif;\">de aspecto s\u00f3lido. Independientemente si su sal\u00f3n es grande o peque\u00f1o no pasar\u00e1 desapercibida.\u00a0<\/span><\/p>\n<p id=\"tw-target-text\" class=\"tw-data-text tw-text-large tw-ta\" dir=\"ltr\" style=\"text-align: justify;\" data-placeholder=\"Traducci\u00f3n\"><span class=\"Y2IQFc\" lang=\"es\" style=\"font-family: verdana, geneva, sans-serif;\">Es un modelo que va sobre suelo con un acabado antracita cl\u00e1sico y con una llamativa pantalla de cristal a 3 lados. Una vez encendida ser\u00e1 reconfortante y crear\u00e1 un c\u00e1lido resplandor en toda su sala de estar. <\/span><\/p>\n<p class=\"tw-data-text tw-text-large tw-ta\" dir=\"ltr\" style=\"text-align: justify;\" data-placeholder=\"Traducci\u00f3n\"><span class=\"Y2IQFc\" lang=\"es\" style=\"font-family: verdana, geneva, sans-serif;\">Es simple y f\u00e1cil de instalar, funciona tanto con gas natural como con GLP y se adapta tanto a casas rurales como a lofts urbanos de moda. Y con todas las funciones que espera de un producto de DRU, como el control remoto y el sistema de quemador Vario, Trio es para las personas que quieren marcar una diferencia real en su hogar. <\/span><\/p>\n<ul>\n<li><span style=\"font-family: verdana, geneva, sans-serif;\">Estufa de gas cuadrada<\/span><\/li>\n<li><span style=\"font-family: verdana, geneva, sans-serif;\">A gas Propano o gas Natural<\/span><\/li>\n<li><span style=\"font-family: verdana, geneva, sans-serif;\">Salida de humo con tiro estanco<\/span><\/li>\n<li><span style=\"font-family: verdana, geneva, sans-serif;\">Vista de llama a tres lados<\/span><\/li>\n<li><span style=\"font-family: verdana, geneva, sans-serif;\">Potencia 4,5 Kw<\/span><\/li>\n<li><span style=\"font-family: verdana, geneva, sans-serif;\">Eficiencia 88%<\/span><\/li>\n<li><span style=\"font-family: verdana, geneva, sans-serif;\">Salida de humos superior<\/span><\/li>\n<li><span style=\"font-family: verdana, geneva, sans-serif;\">Con efecto de llama le\u00f1os cer\u00e1mico<\/span><\/li>\n<li><span style=\"font-family: verdana, geneva, sans-serif;\">Mando a distancia opcional<\/span><\/li>\n<li><span style=\"font-family: verdana, geneva, sans-serif;\">M\u00e1s informaci\u00f3n &#8211; <a href=\"https:\/\/www.ambifuego.net\/wp-content\/uploads\/2025\/10\/250724-Brochure-DRU-chimeneas-de-gas-ES-993456_compressed-comprimido.pdf\" target=\"_blank\" rel=\"noopener\">Cat\u00e1logo<\/a>\u00a0<\/span><\/li>\n<\/ul>\n<p><\/div>\n\t\t<\/div><div class='yrm-btn-wrapper yrm-btn-wrapper-1 yrm-more-button-wrapper  '\n\t\tdata-custom-more-class-name='' data-custom-less-class-name=''><span title='' data-less-title='' data-more-title='' class='yrm-toggle-expand  yrm-toggle-expand-1 ' data-rel='yrm-WAReM' data-more='M\u00e1s detalles ' data-less='Ver menos'><span class='yrm-text-wrapper yrm-text-wrapper-custom-dimensions'><span class=\"yrm-button-text-1 yrm-button-text-span\">M\u00e1s detalles <\/span><\/span><\/span><\/div>\n<p>&nbsp;<\/p>\n","protected":false},"excerpt":{"rendered":"[caption id=\"attachment_66304\" align=\"alignnone\" width=\"435\"]<img fetchpriority=\"high\" decoding=\"async\" class=\"size-full wp-image-66304\" src=\"https:\/\/www.ambifuego.net\/wp-content\/uploads\/2017\/09\/DRU_Trio_Black_reduced.jpg\" alt=\"Estufa de gas cuadrada 3 lados\" width=\"435\" height=\"330\" \/> Estufa de gas cuadrada a 3 lados[\/caption]\n","protected":false},"featured_media":80472,"template":"","meta":[],"product_brand":[],"product_cat":[185,253],"product_tag":[],"class_list":{"0":"post-14476","1":"product","2":"type-product","3":"status-publish","4":"has-post-thumbnail","6":"product_cat-chimeneas-y-productos-gas","7":"product_cat-estufas-de-gas","9":"first","10":"instock","11":"shipping-taxable","12":"product-type-simple"},"_links":{"self":[{"href":"https:\/\/www.ambifuego.net\/es\/wp-json\/wp\/v2\/product\/14476","targetHints":{"allow":["GET"]}}],"collection":[{"href":"https:\/\/www.ambifuego.net\/es\/wp-json\/wp\/v2\/product"}],"about":[{"href":"https:\/\/www.ambifuego.net\/es\/wp-json\/wp\/v2\/types\/product"}],"version-history":[{"count":0,"href":"https:\/\/www.ambifuego.net\/es\/wp-json\/wp\/v2\/product\/14476\/revisions"}],"wp:featuredmedia":[{"embeddable":true,"href":"https:\/\/www.ambifuego.net\/es\/wp-json\/wp\/v2\/media\/80472"}],"wp:attachment":[{"href":"https:\/\/www.ambifuego.net\/es\/wp-json\/wp\/v2\/media?parent=14476"}],"wp:term":[{"taxonomy":"product_brand","embeddable":true,"href":"https:\/\/www.ambifuego.net\/es\/wp-json\/wp\/v2\/product_brand?post=14476"},{"taxonomy":"product_cat","embeddable":true,"href":"https:\/\/www.ambifuego.net\/es\/wp-json\/wp\/v2\/product_cat?post=14476"},{"taxonomy":"product_tag","embeddable":true,"href":"https:\/\/www.ambifuego.net\/es\/wp-json\/wp\/v2\/product_tag?post=14476"}],"curies":[{"name":"wp","href":"https:\/\/api.w.org\/{rel}","templated":true}]}}