{"id":14472,"date":"2017-09-21T14:10:46","date_gmt":"2017-09-21T14:10:46","guid":{"rendered":"https:\/\/www.ambifuego.net\/xtempx\/web17\/?post_type=product&#038;p=14472"},"modified":"2025-10-28T16:07:49","modified_gmt":"2025-10-28T15:07:49","slug":"circo-estufa-de-gas","status":"publish","type":"product","link":"https:\/\/www.ambifuego.net\/es\/producto\/circo-estufa-de-gas\/","title":{"rendered":"CIRCO"},"content":{"rendered":"<p style=\"text-align: justify;\"><span style=\"font-family: verdana, geneva, sans-serif;\">Circo estufa de gas de la <a href=\"https:\/\/www.drufire.com\/int\/products\/dru\/circo\" target=\"_blank\" rel=\"noopener\">reconocida marca DRU<\/a>. Las estufas le permiten sin grandes obras disfrutar del ambiente c\u00e1lido, decorativo y acogedor del fuego. Es m\u00e1s, puede regular la intensidad de las llamas con el mando y sin apenas mantenimiento. Es un modelo apto para caldear estancias de hasta 70 m2.\u00a0 La eficiencia depende del aislamiento de la vivienda. Por consiguiente si esta bien aislada 70 m2, mal poco aislamiento menos superficie. Adem\u00e1s una estufa es una opci\u00f3n innovadora y c\u00f3moda a las chimeneas tradicionales, por lo tanto, sin suciedad, sin humos ni tampoco grandes obras. <\/span><\/p>\n<p style=\"text-align: justify;\"><span style=\"font-family: verdana, geneva, sans-serif;\"><div class='yrm-content yrm-content-1 yrm-content-hide  ' id='yrm-Jf73s' data-id='1' data-show-status='false' data-after-action='' style=\"visibility: hidden;height: 0;\">\n\t\t\t<div id='yrm-inner-content-yrm-Jf73s' class='yrm-inner-content-wrapper yrm-cntent-1'>\u00a0\u00a0\u00a0\u00a0\u00a0\u00a0\u00a0\u00a0 \u00a0\u00a0\u00a0<\/span><\/p>\n<h2><span style=\"font-family: verdana, geneva, sans-serif; font-size: 12pt;\">Circo estufa de gas natural o propano<\/span><\/h2>\n<p style=\"text-align: justify;\"><span style=\"font-family: verdana, geneva, sans-serif;\">Circo estufa de gas que de hecho, gracias a su forma, ofrece la posibilidad de ver el fuego desde diferentes lugares de la estancia. Gracias a su forma redonda, la estufa Circo tambi\u00e9n es especialmente apropiada para colocarla en un rinc\u00f3n. Adem\u00e1s, la estufa Circo tiene una potencia de 7 kW con lo que se convierte en una elegante fuente de calor.<\/span><\/p>\n<div class=\"content\">\n<p style=\"text-align: justify;\"><span style=\"font-family: verdana, geneva, sans-serif;\">Circo es sobre todo una estufa de gas elegante y original y con m\u00e1s de 1 metro de altura. As\u00ed tambi\u00e9n su gran cristal redondeado le ofrece una amplia vista del fuego con altas y bellas llamas. Podr\u00e1 disfrutar del espect\u00e1culo\u00a0 del fuego desde muchos \u00e1ngulos. Sobre todo ofrece muchas posibilidades de ubicaci\u00f3n en el hogar.<\/span><\/p>\n<\/div>\n<p style=\"text-align: justify;\"><span style=\"font-family: verdana, geneva, sans-serif;\">Es una estufa de gas moderna con un frente circular de 180 grados de vista de llamas. La salida de humos es estanca, es por ello que su montaje es f\u00e1cil. En el lecho del fuego se depositan le\u00f1os cer\u00e1micos de gran calidad y belleza. Es m\u00e1s, est\u00e1 disponible para usar con gas natural o gas propano. Ciertamente ser\u00e1 el\u00a0 punto focal de cualquier habitaci\u00f3n.<\/span><\/p>\n<ul>\n<li><span style=\"font-family: verdana, geneva, sans-serif;\">Estilo contempor\u00e1neo.<\/span><\/li>\n<li><span style=\"font-family: verdana, geneva, sans-serif;\">Gas Natural o propano.<\/span><\/li>\n<li><span style=\"font-family: verdana, geneva, sans-serif;\">Sistema de combusti\u00f3n &#8211; Cerrado o estanca<\/span><\/li>\n<li><span style=\"font-family: verdana, geneva, sans-serif;\">Acabado interior; negro satinado<\/span><\/li>\n<li><span style=\"font-family: verdana, geneva, sans-serif;\">Colores frontales; antracita<\/span><\/li>\n<li><span style=\"font-family: verdana, geneva, sans-serif;\">Vista del fuego a 3 lados<\/span><\/li>\n<li><span style=\"font-family: verdana, geneva, sans-serif;\">Controles, Encendido electr\u00f3nico con control remoto.<\/span><\/li>\n<li><span style=\"font-family: verdana, geneva, sans-serif;\">Salida de humos estanca.<\/span><\/li>\n<li><span style=\"font-family: verdana, geneva, sans-serif;\">Eficiencia 92%.<\/span><\/li>\n<li><span style=\"font-family: verdana, geneva, sans-serif;\">Potencia 7 kW.<\/span><\/li>\n<li><span style=\"font-family: verdana, geneva, sans-serif;\">Decoraci\u00f3n del lecho del fuego con le\u00f1os cer\u00e1micos.<\/span><\/li>\n<li><span style=\"font-family: verdana, geneva, sans-serif;\"><a href=\"https:\/\/www.ambifuego.net\/contacto\/\" target=\"_blank\" rel=\"noopener\">PVP &#8211; Consulta<\/a>\u00a0<\/span><\/li>\n<li><span style=\"font-family: verdana, geneva, sans-serif;\"><a href=\"https:\/\/www.ambifuego.net\/wp-content\/uploads\/2022\/05\/ESPANOL-DRU-2022_compressed-1.pdf\" target=\"_blank\" rel=\"noopener\">Cat\u00e1logo<\/a>\u00a0<\/span><\/li>\n<li><span style=\"font-family: verdana, geneva, sans-serif;\"><a href=\"https:\/\/vimeo.com\/ambifuego\" target=\"_blank\" rel=\"noopener\">Video<\/a><\/span><\/li>\n<\/ul>\n<p><\/div>\n\t\t<\/div><div class='yrm-btn-wrapper yrm-btn-wrapper-1 yrm-more-button-wrapper  '\n\t\tdata-custom-more-class-name='' data-custom-less-class-name=''><span title='' data-less-title='' data-more-title='' class='yrm-toggle-expand  yrm-toggle-expand-1 ' data-rel='yrm-Jf73s' data-more='M\u00e1s detalles ' data-less='Ver menos'><span class='yrm-text-wrapper yrm-text-wrapper-custom-dimensions'><span class=\"yrm-button-text-1 yrm-button-text-span\">M\u00e1s detalles <\/span><\/span><\/span><\/div><\/p>\n","protected":false},"excerpt":{"rendered":"[caption id=\"attachment_43822\" align=\"alignnone\" width=\"442\"]<img fetchpriority=\"high\" decoding=\"async\" class=\"size-full wp-image-43822\" src=\"https:\/\/www.ambifuego.net\/wp-content\/uploads\/2017\/09\/circo3_optimized-1.jpg\" alt=\"Circo estufa de gas\" width=\"442\" height=\"320\" srcset=\"https:\/\/www.ambifuego.net\/wp-content\/uploads\/2017\/09\/circo3_optimized-1.jpg 442w, https:\/\/www.ambifuego.net\/wp-content\/uploads\/2017\/09\/circo3_optimized-1-373x270.jpg 373w\" sizes=\"(max-width: 442px) 100vw, 442px\" \/> Circo estufa de gas[\/caption]\n","protected":false},"featured_media":80466,"template":"","meta":[],"product_brand":[],"product_cat":[185,253],"product_tag":[],"class_list":{"0":"post-14472","1":"product","2":"type-product","3":"status-publish","4":"has-post-thumbnail","6":"product_cat-chimeneas-y-productos-gas","7":"product_cat-estufas-de-gas","9":"first","10":"instock","11":"shipping-taxable","12":"product-type-simple"},"_links":{"self":[{"href":"https:\/\/www.ambifuego.net\/es\/wp-json\/wp\/v2\/product\/14472","targetHints":{"allow":["GET"]}}],"collection":[{"href":"https:\/\/www.ambifuego.net\/es\/wp-json\/wp\/v2\/product"}],"about":[{"href":"https:\/\/www.ambifuego.net\/es\/wp-json\/wp\/v2\/types\/product"}],"version-history":[{"count":0,"href":"https:\/\/www.ambifuego.net\/es\/wp-json\/wp\/v2\/product\/14472\/revisions"}],"wp:featuredmedia":[{"embeddable":true,"href":"https:\/\/www.ambifuego.net\/es\/wp-json\/wp\/v2\/media\/80466"}],"wp:attachment":[{"href":"https:\/\/www.ambifuego.net\/es\/wp-json\/wp\/v2\/media?parent=14472"}],"wp:term":[{"taxonomy":"product_brand","embeddable":true,"href":"https:\/\/www.ambifuego.net\/es\/wp-json\/wp\/v2\/product_brand?post=14472"},{"taxonomy":"product_cat","embeddable":true,"href":"https:\/\/www.ambifuego.net\/es\/wp-json\/wp\/v2\/product_cat?post=14472"},{"taxonomy":"product_tag","embeddable":true,"href":"https:\/\/www.ambifuego.net\/es\/wp-json\/wp\/v2\/product_tag?post=14472"}],"curies":[{"name":"wp","href":"https:\/\/api.w.org\/{rel}","templated":true}]}}