{"id":14460,"date":"2017-09-21T13:59:49","date_gmt":"2017-09-21T13:59:49","guid":{"rendered":"https:\/\/www.ambifuego.net\/xtempx\/web17\/?post_type=product&#038;p=14460"},"modified":"2023-11-09T17:34:58","modified_gmt":"2023-11-09T16:34:58","slug":"separador-de-espacios-sin-tiro","status":"publish","type":"product","link":"https:\/\/www.ambifuego.net\/es\/producto\/separador-de-espacios-sin-tiro\/","title":{"rendered":"SEPARADOR DE ESPACIOS"},"content":{"rendered":"<p style=\"text-align: justify;\"><span style=\"font-family: verdana, geneva, sans-serif;\">Un Separador de Espacios, es la chimenea de gas a propano o gas natural ideal para espacios grandes y donde lo que se busca es crear dos espacios. Amplia vista de\u00a0 las llamas a trav\u00e9s de sus amplios cristales creando un ambiente acogedor y c\u00f3modo. Disfrute de las bellas vistas del fuego desde\u00a0 varios puntos de la estancia.<\/span><\/p>\n<p style=\"text-align: justify;\"><span style=\"font-family: verdana, geneva, sans-serif;\">Este modelo adem\u00e1s tiene la caracter\u00edstica de ser un modelo que quema muy limpio, pero adem\u00e1s viene equipado con un filtro catal\u00edtico, es decir no tiene salida de humos pero el filtro catalizador \u00ablimpia\u00bb los humos expulsados.\u00a0 La estancia donde se instale debe de tener una ventilaci\u00f3n, renovando el aire ambiental.<\/span><\/p>\n<ul>\n<li style=\"text-align: justify;\"><span style=\"font-family: verdana, geneva, sans-serif;\">Separador de Espacios<\/span><\/li>\n<li style=\"text-align: justify;\"><span style=\"font-family: verdana, geneva, sans-serif;\">Chimenea a gas Propano &#8211; Natural<\/span><\/li>\n<li style=\"text-align: justify;\"><span style=\"font-family: verdana, geneva, sans-serif;\">Sin necesidad de tiro \/ Catal\u00edtico<\/span><\/li>\n<li style=\"text-align: justify;\"><span style=\"font-family: verdana, geneva, sans-serif;\">Eficiencia 100%<\/span><\/li>\n<li style=\"text-align: justify;\"><span style=\"font-family: verdana, geneva, sans-serif;\">Potencia 4-6 Kw<\/span><\/li>\n<li style=\"text-align: justify;\"><span style=\"font-family: verdana, geneva, sans-serif;\">Mando a distancia<\/span><\/li>\n<li style=\"text-align: justify;\"><span style=\"font-family: verdana, geneva, sans-serif;\">Efecto de llama: Le\u00f1os cer\u00e1micos<\/span><\/li>\n<li style=\"text-align: justify;\"><a href=\"https:\/\/www.ambifuego.net\/contacto\/\" target=\"_blank\" rel=\"noopener\"><span style=\"font-family: verdana, geneva, sans-serif;\">PVP &#8211; Disponibilidad<\/span><\/a><\/li>\n<li style=\"text-align: justify;\"><span style=\"font-family: verdana, geneva, sans-serif;\"><a href=\"https:\/\/www.ambifuego.net\/wp-content\/uploads\/2023\/10\/20-10-23-cat.general-comprimido.pdf\" target=\"_blank\" rel=\"noopener\">Cat\u00e1logo<\/a> &#8211;<\/span><\/li>\n<li><a href=\"https:\/\/www.ambifuego.net\/wp-content\/uploads\/2023\/10\/Catalitica_compressed.pdf\" target=\"_blank\" rel=\"noopener\"><span style=\"font-family: verdana, geneva, sans-serif;\">Manual de instrucciones<\/span><\/a><\/li>\n<\/ul>\n<p>&nbsp;<\/p>\n<p><img fetchpriority=\"high\" decoding=\"async\" class=\"alignnone wp-image-48231\" src=\"https:\/\/www.ambifuego.net\/wp-content\/uploads\/2021\/12\/catseparadorespacios_optimized.jpg\" alt=\"\" width=\"471\" height=\"335\" srcset=\"https:\/\/www.ambifuego.net\/wp-content\/uploads\/2021\/12\/catseparadorespacios_optimized.jpg 394w, https:\/\/www.ambifuego.net\/wp-content\/uploads\/2021\/12\/catseparadorespacios_optimized-380x270.jpg 380w\" sizes=\"(max-width: 471px) 100vw, 471px\" \/><\/p>\n","protected":false},"excerpt":{"rendered":"[video width=\"1280\" height=\"720\" mp4=\"https:\/\/www.ambifuego.net\/wp-content\/uploads\/2017\/09\/cat-roomdivider.mp4\"][\/video]\n<p>&nbsp;<\/p>\n","protected":false},"featured_media":43317,"template":"","meta":[],"product_brand":[],"product_cat":[185,189],"product_tag":[],"class_list":{"0":"post-14460","1":"product","2":"type-product","3":"status-publish","4":"has-post-thumbnail","6":"product_cat-chimeneas-y-productos-gas","7":"product_cat-sin-salida-de-humos-gas-productos","9":"first","10":"instock","11":"shipping-taxable","12":"product-type-simple"},"_links":{"self":[{"href":"https:\/\/www.ambifuego.net\/es\/wp-json\/wp\/v2\/product\/14460","targetHints":{"allow":["GET"]}}],"collection":[{"href":"https:\/\/www.ambifuego.net\/es\/wp-json\/wp\/v2\/product"}],"about":[{"href":"https:\/\/www.ambifuego.net\/es\/wp-json\/wp\/v2\/types\/product"}],"version-history":[{"count":0,"href":"https:\/\/www.ambifuego.net\/es\/wp-json\/wp\/v2\/product\/14460\/revisions"}],"wp:featuredmedia":[{"embeddable":true,"href":"https:\/\/www.ambifuego.net\/es\/wp-json\/wp\/v2\/media\/43317"}],"wp:attachment":[{"href":"https:\/\/www.ambifuego.net\/es\/wp-json\/wp\/v2\/media?parent=14460"}],"wp:term":[{"taxonomy":"product_brand","embeddable":true,"href":"https:\/\/www.ambifuego.net\/es\/wp-json\/wp\/v2\/product_brand?post=14460"},{"taxonomy":"product_cat","embeddable":true,"href":"https:\/\/www.ambifuego.net\/es\/wp-json\/wp\/v2\/product_cat?post=14460"},{"taxonomy":"product_tag","embeddable":true,"href":"https:\/\/www.ambifuego.net\/es\/wp-json\/wp\/v2\/product_tag?post=14460"}],"curies":[{"name":"wp","href":"https:\/\/api.w.org\/{rel}","templated":true}]}}