{"id":14451,"date":"2017-09-21T13:57:29","date_gmt":"2017-09-21T13:57:29","guid":{"rendered":"https:\/\/www.ambifuego.net\/xtempx\/web17\/?post_type=product&#038;p=14451"},"modified":"2025-10-20T11:02:01","modified_gmt":"2025-10-20T09:02:01","slug":"3-lados-catalitica","status":"publish","type":"product","link":"https:\/\/www.ambifuego.net\/es\/producto\/3-lados-catalitica\/","title":{"rendered":"3 LADOS"},"content":{"rendered":"<p style=\"text-align: justify;\"><span style=\"font-family: verdana, geneva, sans-serif;\">Chimeneas de gas con filtro catal\u00edtico para viviendas sin posibilidades de tener una salida de humos. Chimenea de gas equipada con filtro catalizador que \u00abfiltra\u00bb impurezas de los humos. Modelo catal\u00edticos de gran eficiencia .\u00a0 Modelo a 3 lados, con gran vista de llama en cualquier punto de la habitaci\u00f3n donde se encuentre.\u00a0 Decoraci\u00f3n del efecto del fuego con le\u00f1os decorativos cer\u00e1micos de gran calidad. Requiere ventilaci\u00f3n\u00a0 en el \u00e1rea donde se encuentre.<\/span><\/p>\n<ul>\n<li style=\"text-align: justify;\"><span style=\"font-family: verdana, geneva, sans-serif;\">Chimenea 3 Caras<\/span><\/li>\n<li style=\"text-align: justify;\"><span style=\"font-family: verdana, geneva, sans-serif;\">Gas Propano \/ Natural<\/span><\/li>\n<li style=\"text-align: justify;\"><span style=\"font-family: verdana, geneva, sans-serif;\">3 Lados<\/span><\/li>\n<li style=\"text-align: justify;\"><span style=\"font-family: verdana, geneva, sans-serif;\">Quemador con filtro catal\u00edtico<\/span><\/li>\n<li style=\"text-align: justify;\"><span style=\"font-family: verdana, geneva, sans-serif;\">Eficiencia 100%<\/span><\/li>\n<li style=\"text-align: justify;\"><span style=\"font-family: verdana, geneva, sans-serif;\">Le\u00f1os cer\u00e1micos<\/span><\/li>\n<li style=\"text-align: justify;\"><span style=\"font-family: verdana, geneva, sans-serif;\">Ventilaci\u00f3n necesaria<\/span><\/li>\n<li style=\"text-align: justify;\"><span style=\"font-family: verdana, geneva, sans-serif;\">Sin necesidad de tiro<\/span><\/li>\n<li style=\"text-align: justify;\"><span style=\"font-family: verdana, geneva, sans-serif;\">Potencia: 4 -6 Kw<\/span><\/li>\n<li style=\"text-align: justify;\"><a href=\"https:\/\/www.ambifuego.net\/contacto\/\" target=\"_blank\" rel=\"noopener\"><span style=\"font-family: verdana, geneva, sans-serif;\">PVP &#8211; Disponibilidad<\/span><\/a><\/li>\n<li style=\"text-align: justify;\"><span style=\"font-family: verdana, geneva, sans-serif;\"><a href=\"https:\/\/www.ambifuego.net\/wp-content\/uploads\/2023\/10\/20-10-23-cat.general-comprimido.pdf\" target=\"_blank\" rel=\"noopener\">Cat\u00e1logo<\/a> &#8211;<\/span><\/li>\n<li><a href=\"https:\/\/www.ambifuego.net\/wp-content\/uploads\/2023\/10\/Catalitica_compressed.pdf\" target=\"_blank\" rel=\"noopener\"><span style=\"font-family: verdana, geneva, sans-serif;\">Manual de uso e instalaci\u00f3n<\/span><\/a><\/li>\n<\/ul>\n","protected":false},"excerpt":{"rendered":"<p><img fetchpriority=\"high\" decoding=\"async\" class=\"alignnone size-full wp-image-43663\" src=\"https:\/\/www.ambifuego.net\/wp-content\/uploads\/2017\/09\/catal-joe-3_optimized.jpg\" alt=\"\" width=\"380\" height=\"316\" srcset=\"https:\/\/www.ambifuego.net\/wp-content\/uploads\/2017\/09\/catal-joe-3_optimized.jpg 380w, https:\/\/www.ambifuego.net\/wp-content\/uploads\/2017\/09\/catal-joe-3_optimized-325x270.jpg 325w\" sizes=\"(max-width: 380px) 100vw, 380px\" \/><\/p>\n","protected":false},"featured_media":79444,"template":"","meta":[],"product_brand":[],"product_cat":[185,189],"product_tag":[],"class_list":{"0":"post-14451","1":"product","2":"type-product","3":"status-publish","4":"has-post-thumbnail","6":"product_cat-chimeneas-y-productos-gas","7":"product_cat-sin-salida-de-humos-gas-productos","9":"first","10":"instock","11":"shipping-taxable","12":"product-type-simple"},"_links":{"self":[{"href":"https:\/\/www.ambifuego.net\/es\/wp-json\/wp\/v2\/product\/14451","targetHints":{"allow":["GET"]}}],"collection":[{"href":"https:\/\/www.ambifuego.net\/es\/wp-json\/wp\/v2\/product"}],"about":[{"href":"https:\/\/www.ambifuego.net\/es\/wp-json\/wp\/v2\/types\/product"}],"version-history":[{"count":0,"href":"https:\/\/www.ambifuego.net\/es\/wp-json\/wp\/v2\/product\/14451\/revisions"}],"wp:featuredmedia":[{"embeddable":true,"href":"https:\/\/www.ambifuego.net\/es\/wp-json\/wp\/v2\/media\/79444"}],"wp:attachment":[{"href":"https:\/\/www.ambifuego.net\/es\/wp-json\/wp\/v2\/media?parent=14451"}],"wp:term":[{"taxonomy":"product_brand","embeddable":true,"href":"https:\/\/www.ambifuego.net\/es\/wp-json\/wp\/v2\/product_brand?post=14451"},{"taxonomy":"product_cat","embeddable":true,"href":"https:\/\/www.ambifuego.net\/es\/wp-json\/wp\/v2\/product_cat?post=14451"},{"taxonomy":"product_tag","embeddable":true,"href":"https:\/\/www.ambifuego.net\/es\/wp-json\/wp\/v2\/product_tag?post=14451"}],"curies":[{"name":"wp","href":"https:\/\/api.w.org\/{rel}","templated":true}]}}