{"id":14418,"date":"2017-09-20T16:49:46","date_gmt":"2017-09-20T16:49:46","guid":{"rendered":"https:\/\/www.ambifuego.net\/xtempx\/web17\/?post_type=product&#038;p=14418"},"modified":"2021-12-22T13:22:01","modified_gmt":"2021-12-22T12:22:01","slug":"powervent-extractor-de-humos","status":"publish","type":"product","link":"https:\/\/www.ambifuego.net\/es\/producto\/powervent-extractor-de-humos\/","title":{"rendered":"Extractor de humos"},"content":{"rendered":"<p>\u00bfQuiere una chimenea y no tiene salida de humos?<\/p>\n<p>No hay problema, con un extractor de humos<strong>\u00a0<\/strong> podr\u00e1 realizar el montaje de cualquier chimenea, incluso si no es posible hacer una chimenea con un tiro natural para la salida de los humos. Este accesorio permite instalar cualquier chimenea, all\u00ed donde a primera vista es imposible. Puede llevar los conductos de evacuaci\u00f3n de los humos en cualquier direcci\u00f3n hasta una salida al exterior.<\/p>\n","protected":false},"excerpt":{"rendered":"<p><strong>\u00a0 \u00a0 <\/strong><\/p>\n[video width=\"1280\" height=\"720\" mp4=\"https:\/\/www.ambifuego.net\/wp-content\/uploads\/2021\/07\/power-vent.mp4\"][\/video]\n<p><strong>\u00bfNo hay chimenea?\u00a0 \u00a0 \u00a0Problema resuelto !!<\/strong><\/p>\n<ul>\n<li>Extractor de humos motorizado.<\/li>\n<li>Accesorio para la\u00a0 extracci\u00f3n de humos en chimeneas<\/li>\n<li>Libertad de instalaci\u00f3n, horizontal, vertical, curvas,\u00a0 s\u00f3tano<\/li>\n<li>Para apartamentos, chalets, restaurantes, &#8230;.<\/li>\n<li>Hasta 20 metros<\/li>\n<li>Tubos s\u00f3lo 10 cm de di\u00e1metro<\/li>\n<li>Encendido autom\u00e1tico<\/li>\n<li>Seguridad m\u00e1xima, sensores activos&#8230;<\/li>\n<\/ul>\n","protected":false},"featured_media":43535,"template":"","meta":[],"product_brand":[],"product_cat":[185],"product_tag":[],"class_list":{"0":"post-14418","1":"product","2":"type-product","3":"status-publish","4":"has-post-thumbnail","6":"product_cat-chimeneas-y-productos-gas","8":"first","9":"instock","10":"shipping-taxable","11":"product-type-simple"},"_links":{"self":[{"href":"https:\/\/www.ambifuego.net\/es\/wp-json\/wp\/v2\/product\/14418","targetHints":{"allow":["GET"]}}],"collection":[{"href":"https:\/\/www.ambifuego.net\/es\/wp-json\/wp\/v2\/product"}],"about":[{"href":"https:\/\/www.ambifuego.net\/es\/wp-json\/wp\/v2\/types\/product"}],"version-history":[{"count":0,"href":"https:\/\/www.ambifuego.net\/es\/wp-json\/wp\/v2\/product\/14418\/revisions"}],"wp:featuredmedia":[{"embeddable":true,"href":"https:\/\/www.ambifuego.net\/es\/wp-json\/wp\/v2\/media\/43535"}],"wp:attachment":[{"href":"https:\/\/www.ambifuego.net\/es\/wp-json\/wp\/v2\/media?parent=14418"}],"wp:term":[{"taxonomy":"product_brand","embeddable":true,"href":"https:\/\/www.ambifuego.net\/es\/wp-json\/wp\/v2\/product_brand?post=14418"},{"taxonomy":"product_cat","embeddable":true,"href":"https:\/\/www.ambifuego.net\/es\/wp-json\/wp\/v2\/product_cat?post=14418"},{"taxonomy":"product_tag","embeddable":true,"href":"https:\/\/www.ambifuego.net\/es\/wp-json\/wp\/v2\/product_tag?post=14418"}],"curies":[{"name":"wp","href":"https:\/\/api.w.org\/{rel}","templated":true}]}}