{"id":14409,"date":"2017-09-20T16:49:02","date_gmt":"2017-09-20T16:49:02","guid":{"rendered":"https:\/\/www.ambifuego.net\/xtempx\/web17\/?post_type=product&#038;p=14409"},"modified":"2025-10-30T14:34:19","modified_gmt":"2025-10-30T13:34:19","slug":"chimeneas-gas-3-lados","status":"publish","type":"product","link":"https:\/\/www.ambifuego.net\/es\/producto\/chimeneas-gas-3-lados\/","title":{"rendered":"SEPARADOR ESPACIOS 1000 ED"},"content":{"rendered":"<h2><span style=\"font-family: verdana, geneva, sans-serif;\">Chimeneas gas 3 lados, ideal para separar y crear ambientes.<\/span><\/h2>\n<p style=\"text-align: justify;\"><span style=\"font-family: verdana, geneva, sans-serif;\">En primer lugar las Chimeneas Separadoras de Espacio o tambi\u00e9n llamadas <a href=\"https:\/\/www.drufire.com\/int\/dru\/metro-serie-en\" target=\"_blank\" rel=\"noopener\">Room Divider<\/a> son ideales para separar grandes estancias. Adem\u00e1s, podr\u00e1 crear dos espacios diferentes en la misma estancia. Sobre todo, con este modelo de chimenea usted puede\u00a0 disfrutar del fuego y la calidez desde todos los \u00e1ngulos de su sal\u00f3n.<\/span><\/p>\n<div class='yrm-content yrm-content-1 yrm-content-hide  ' id='yrm-ZKytd' data-id='1' data-show-status='false' data-after-action='' style=\"visibility: hidden;height: 0;\">\n\t\t\t<div id='yrm-inner-content-yrm-ZKytd' class='yrm-inner-content-wrapper yrm-cntent-1'><\/p>\n<h2><span style=\"font-family: verdana, geneva, sans-serif;\">Ambiente, calefacci\u00f3n y decoraci\u00f3n.<\/span><\/h2>\n<p style=\"text-align: justify;\"><span style=\"font-family: verdana, geneva, sans-serif;\"><span style=\"font-size: 12pt;\">Otra forma de separar dos ambientes dentro de una misma estancia de la manera m\u00e1s elegante con\u00a0 las chimeneas de gas a\u00a0 3 lados.\u00a0 <\/span>Por supuesto con este modelo tendr\u00e1 una visi\u00f3n del fuego desde ambos ambientes. Naturalmente puede disfrutar de una chimenea, solo tiene que elegir entre las varias opciones y tama\u00f1os disponibles. Es m\u00e1s los tama\u00f1os van desde los 70 cm hasta un m\u00e1ximo de 2400 cm.\u00a0 Asimismo es de muy f\u00e1cil uso con un mando a distancia. La instalaci\u00f3n es relativamente sencilla ya que la\u00a0 salida de humos es estanca y solo requiere muro exterior. Dise\u00f1o del fuego seg\u00fan el tipo de quemador.<\/span><\/p>\n<p><span style=\"font-family: verdana, geneva, sans-serif;\">Este modelo tiene un ancho de vista del fuego de 1000mm.<\/span><\/p>\n<p style=\"text-align: justify;\"><span style=\"font-family: verdana, geneva, sans-serif;\"><strong>\u00a0 \u00a0 \u00a0 \u00a0 Calidez y Elegancia para dos Espacios<\/strong><\/span><\/p>\n<ul>\n<li><span style=\"font-family: verdana, geneva, sans-serif;\">Separador de Espacios &#8211; Chimenea de gas<\/span><\/li>\n<li><span style=\"font-family: verdana, geneva, sans-serif;\">Gas natural o propano<\/span><\/li>\n<li><span style=\"font-family: verdana, geneva, sans-serif;\">Tiro balanceado \/ Power Vent (extractor humos)<\/span><\/li>\n<li><span style=\"font-family: verdana, geneva, sans-serif;\">Sistema de Control de Seguridad<\/span><\/li>\n<li><span style=\"font-family: verdana, geneva, sans-serif;\">Quemadores seg\u00fan modelo\u00a0<\/span><\/li>\n<li><span style=\"font-family: verdana, geneva, sans-serif;\">Mando a distancia<\/span><\/li>\n<li><span style=\"font-family: verdana, geneva, sans-serif;\">Le\u00f1os cer\u00e1micos &#8211; Piedras<\/span><\/li>\n<li><span style=\"font-family: verdana, geneva, sans-serif;\">Cristal de f\u00e1cil acceso<\/span><\/li>\n<li><span style=\"font-family: verdana, geneva, sans-serif;\">Vista de llama a tres lados<\/span><\/li>\n<li><span style=\"font-family: verdana, geneva, sans-serif;\"><a href=\"https:\/\/www.ambifuego.net\/contacto\/\" target=\"_blank\" rel=\"noopener\">PVP &#8211; Disponibilidad<\/a><\/span><\/li>\n<li><span style=\"font-family: verdana, geneva, sans-serif;\"><a href=\"https:\/\/vimeo.com\/ambifuego\" target=\"_blank\" rel=\"noopener\">Videos<\/a><\/span><\/li>\n<\/ul>\n<p><\/div>\n\t\t<\/div><div class='yrm-btn-wrapper yrm-btn-wrapper-1 yrm-more-button-wrapper  '\n\t\tdata-custom-more-class-name='' data-custom-less-class-name=''><span title='' data-less-title='' data-more-title='' class='yrm-toggle-expand  yrm-toggle-expand-1 ' data-rel='yrm-ZKytd' data-more='M\u00e1s detalles ' data-less='Ver menos'><span class='yrm-text-wrapper yrm-text-wrapper-custom-dimensions'><span class=\"yrm-button-text-1 yrm-button-text-span\">M\u00e1s detalles <\/span><\/span><\/span><\/div>\n","protected":false},"excerpt":{"rendered":"<p><span style=\"font-size: 14pt;\"><span style=\"font-family: verdana, geneva, sans-serif;\">Calidez y Elegancia para dos espacios, Separadores de Espacios ideales para separar espacios y\u00a0 disfrutar del fuego y la calidez desde todos los \u00e1ngulos de su sal\u00f3n.<\/span><\/span><\/p>\n","protected":false},"featured_media":79826,"template":"","meta":[],"product_brand":[],"product_cat":[537],"product_tag":[],"class_list":{"0":"post-14409","1":"product","2":"type-product","3":"status-publish","4":"has-post-thumbnail","6":"product_cat-chimeneas-separando-ambientes","8":"first","9":"instock","10":"shipping-taxable","11":"product-type-simple"},"_links":{"self":[{"href":"https:\/\/www.ambifuego.net\/es\/wp-json\/wp\/v2\/product\/14409","targetHints":{"allow":["GET"]}}],"collection":[{"href":"https:\/\/www.ambifuego.net\/es\/wp-json\/wp\/v2\/product"}],"about":[{"href":"https:\/\/www.ambifuego.net\/es\/wp-json\/wp\/v2\/types\/product"}],"version-history":[{"count":0,"href":"https:\/\/www.ambifuego.net\/es\/wp-json\/wp\/v2\/product\/14409\/revisions"}],"wp:featuredmedia":[{"embeddable":true,"href":"https:\/\/www.ambifuego.net\/es\/wp-json\/wp\/v2\/media\/79826"}],"wp:attachment":[{"href":"https:\/\/www.ambifuego.net\/es\/wp-json\/wp\/v2\/media?parent=14409"}],"wp:term":[{"taxonomy":"product_brand","embeddable":true,"href":"https:\/\/www.ambifuego.net\/es\/wp-json\/wp\/v2\/product_brand?post=14409"},{"taxonomy":"product_cat","embeddable":true,"href":"https:\/\/www.ambifuego.net\/es\/wp-json\/wp\/v2\/product_cat?post=14409"},{"taxonomy":"product_tag","embeddable":true,"href":"https:\/\/www.ambifuego.net\/es\/wp-json\/wp\/v2\/product_tag?post=14409"}],"curies":[{"name":"wp","href":"https:\/\/api.w.org\/{rel}","templated":true}]}}