{"id":14380,"date":"2017-09-20T15:35:01","date_gmt":"2017-09-20T15:35:01","guid":{"rendered":"https:\/\/www.ambifuego.net\/xtempx\/web17\/?post_type=product&#038;p=14380"},"modified":"2025-10-27T12:15:18","modified_gmt":"2025-10-27T11:15:18","slug":"casettes-insertables-gas-pequenos","status":"publish","type":"product","link":"https:\/\/www.ambifuego.net\/es\/producto\/casettes-insertables-gas-pequenos\/","title":{"rendered":"INSERTABLE 70 GD"},"content":{"rendered":"<h1 style=\"text-align: justify;\"><span style=\"font-size: 12pt; font-family: verdana, geneva, sans-serif;\">Casettes insertables\u00a0 gas peque\u00f1os<\/span><\/h1>\n<p style=\"text-align: justify;\"><span style=\"font-family: verdana, geneva, sans-serif;\">Casettes insertables gas peque\u00f1os, son sobre todo, una fant\u00e1stica alternativa a las chimeneas tradicionales de le\u00f1a.\u00a0 Estas chimeneas de reducido tama\u00f1o son ciertamente una estupenda opci\u00f3n para crear ambientes y calentar estancias peque\u00f1as. Como resultado no tendr\u00e1 que tener que <span style=\"font-size: 12pt;\">almacenar la le\u00f1a, evitar\u00e1 suciedad y adem\u00e1s no genera residuos. Las chimeneas de gas utilizan gas para generar calor mediante su combusti\u00f3n.<\/span><\/span><\/p>\n<h2 style=\"text-align: justify;\"><span style=\"font-size: 12pt; font-family: verdana, geneva, sans-serif;\">Salida de humos casettes de gas peque\u00f1os<\/span><\/h2>\n<p style=\"text-align: justify;\"><span style=\"font-family: verdana, geneva, sans-serif;\">Adem\u00e1s una chimenea de gas puede ser una alternativa v\u00e1lida cuando no es posible o no se desea instalar un conducto de humos hasta\u00a0 el tejado. De hecho, pueden tener una salida de humos directa en la pared, lo que significa una ventaja evidente por lo que se refiere a la instalaci\u00f3n. <\/span><\/p>\n<p style=\"text-align: justify;\"><span style=\"font-family: verdana, geneva, sans-serif;\"><div class='yrm-content yrm-content-1 yrm-content-hide  ' id='yrm-G5cJy' data-id='1' data-show-status='false' data-after-action='' style=\"visibility: hidden;height: 0;\">\n\t\t\t<div id='yrm-inner-content-yrm-G5cJy' class='yrm-inner-content-wrapper yrm-cntent-1'>\u00a0\u00a0\u00a0\u00a0\u00a0\u00a0\u00a0\u00a0 \u00a0\u00a0\u00a0<\/span><\/p>\n<p style=\"text-align: justify;\"><span style=\"font-family: verdana, geneva, sans-serif;\">Este modelo con su salida de humos estanca,\u00a0 no toma el oxigeno de la habitaci\u00f3n, el aire se toma del exterior mediante un tubo coaxial, y por el mismo se expulsan los gases. Por consiguiente, actualmente con los nuevos sistemas de extracci\u00f3n de gases,\u00a0 las chimeneas de gas pueden ser instaladas en cualquier tipo de\u00a0 vivienda. Ahora puede disfrutar del fuego all\u00ed donde no puede instalar una chimenea de le\u00f1a.<\/span><\/p>\n<p style=\"text-align: justify;\"><span style=\"font-family: verdana, geneva, sans-serif;\">Adem\u00e1s\u00a0 ahora tambi\u00e9n puede controlar su chimenea con el mando a distancia, usted controla todo el funcionamiento y la programaci\u00f3n.<\/span><\/p>\n<p style=\"text-align: justify;\"><span style=\"font-family: verdana, geneva, sans-serif;\">Este modelo por lo tanto es empotrable en una chimenea existente o de nueva construcci\u00f3n. Funciona de hecho con\u00a0 gas propano o gas natural. Esta\u00a0 <a href=\"https:\/\/www.drufire.com\/en-gb\/product-range\/global-range\/global-cf\/dru-global-70xt-cf\" target=\"_blank\" rel=\"noopener\">Chimenea de gas,<\/a> es m\u00e1s, viene equipada con el exclusivo quemador Truflame. Este quemador va incorporado entre los le\u00f1os cer\u00e1micos y una vez encendida la chimenea ofrece el aspecto casi real de una hoguera con las llamas envolvi\u00e9ndolo todo.<\/span><\/p>\n<ul>\n<li style=\"text-align: justify;\"><span style=\"font-family: verdana, geneva, sans-serif;\">Casette insertable a gas<\/span><\/li>\n<li style=\"text-align: justify;\"><span style=\"font-family: verdana, geneva, sans-serif;\">Gas natural \/ Propano<\/span><\/li>\n<li style=\"text-align: justify;\"><span style=\"font-family: verdana, geneva, sans-serif;\">Salida de humo tiro estanco<\/span><\/li>\n<li style=\"text-align: justify;\"><span style=\"font-family: verdana, geneva, sans-serif;\">Chimenea con cristal frontal<\/span><\/li>\n<li style=\"text-align: justify;\"><span style=\"font-family: verdana, geneva, sans-serif;\">Interior color negro, crema o ladrillos cl\u00e1sicos<\/span><\/li>\n<li style=\"text-align: justify;\"><span style=\"font-family: verdana, geneva, sans-serif;\">Control remoto &#8211; Mando a distancia<\/span><\/li>\n<li style=\"text-align: justify;\"><span style=\"font-family: verdana, geneva, sans-serif;\">Potencia neta 5,8 Kw<\/span><\/li>\n<li style=\"text-align: justify;\"><span style=\"font-family: verdana, geneva, sans-serif;\">Salida humos estanca. 100\/150 mm<\/span><\/li>\n<li style=\"text-align: justify;\"><span style=\"font-family: verdana, geneva, sans-serif;\">Quemador True-Flame Burner\u00a0 (Quemador triple)<\/span><\/li>\n<li><span style=\"font-family: verdana, geneva, sans-serif;\">*M\u00e1s informaci\u00f3n &#8211; <a href=\"https:\/\/www.ambifuego.net\/wp-content\/uploads\/2022\/05\/ESPANOL-DRU-2022_compressed-1.pdf\" target=\"_blank\" rel=\"noopener\">Cat\u00e1logo<\/a><\/span><\/li>\n<\/ul>\n<p><\/div>\n\t\t<\/div><div class='yrm-btn-wrapper yrm-btn-wrapper-1 yrm-more-button-wrapper  '\n\t\tdata-custom-more-class-name='' data-custom-less-class-name=''><span title='' data-less-title='' data-more-title='' class='yrm-toggle-expand  yrm-toggle-expand-1 ' data-rel='yrm-G5cJy' data-more='M\u00e1s detalles ' data-less='Ver menos'><span class='yrm-text-wrapper yrm-text-wrapper-custom-dimensions'><span class=\"yrm-button-text-1 yrm-button-text-span\">M\u00e1s detalles <\/span><\/span><\/span><\/div><\/p>\n<p>&nbsp;<\/p>\n<p>&nbsp;<\/p>\n","protected":false},"excerpt":{"rendered":"[video width=\"1920\" height=\"1080\" mp4=\"https:\/\/www.ambifuego.net\/wp-content\/uploads\/2021\/06\/global-70.mp4\"][\/video]\n<p><strong>Casettes insertables gas peque\u00f1os<\/strong><\/p>\n","protected":false},"featured_media":80337,"template":"","meta":[],"product_brand":[],"product_cat":[185,186],"product_tag":[],"class_list":{"0":"post-14380","1":"product","2":"type-product","3":"status-publish","4":"has-post-thumbnail","6":"product_cat-chimeneas-y-productos-gas","7":"product_cat-chimeneas-pequenas-gas-natural","9":"first","10":"instock","11":"shipping-taxable","12":"product-type-simple"},"_links":{"self":[{"href":"https:\/\/www.ambifuego.net\/es\/wp-json\/wp\/v2\/product\/14380","targetHints":{"allow":["GET"]}}],"collection":[{"href":"https:\/\/www.ambifuego.net\/es\/wp-json\/wp\/v2\/product"}],"about":[{"href":"https:\/\/www.ambifuego.net\/es\/wp-json\/wp\/v2\/types\/product"}],"version-history":[{"count":0,"href":"https:\/\/www.ambifuego.net\/es\/wp-json\/wp\/v2\/product\/14380\/revisions"}],"wp:featuredmedia":[{"embeddable":true,"href":"https:\/\/www.ambifuego.net\/es\/wp-json\/wp\/v2\/media\/80337"}],"wp:attachment":[{"href":"https:\/\/www.ambifuego.net\/es\/wp-json\/wp\/v2\/media?parent=14380"}],"wp:term":[{"taxonomy":"product_brand","embeddable":true,"href":"https:\/\/www.ambifuego.net\/es\/wp-json\/wp\/v2\/product_brand?post=14380"},{"taxonomy":"product_cat","embeddable":true,"href":"https:\/\/www.ambifuego.net\/es\/wp-json\/wp\/v2\/product_cat?post=14380"},{"taxonomy":"product_tag","embeddable":true,"href":"https:\/\/www.ambifuego.net\/es\/wp-json\/wp\/v2\/product_tag?post=14380"}],"curies":[{"name":"wp","href":"https:\/\/api.w.org\/{rel}","templated":true}]}}