{"id":14277,"date":"2017-09-13T17:09:22","date_gmt":"2017-09-13T17:09:22","guid":{"rendered":"https:\/\/www.ambifuego.net\/xtempx\/web17\/?post_type=product&#038;p=14277"},"modified":"2025-11-04T12:03:07","modified_gmt":"2025-11-04T11:03:07","slug":"chimenea-gas-3-lados","status":"publish","type":"product","link":"https:\/\/www.ambifuego.net\/es\/producto\/chimenea-gas-3-lados\/","title":{"rendered":"3 LADOS"},"content":{"rendered":"<h2 style=\"text-align: justify;\"><span style=\"font-size: 18pt;\">Chimenea de gas a 3 Lados o tres caras<\/span><\/h2>\n<p style=\"text-align: justify;\"><span style=\"font-family: verdana, geneva, sans-serif;\">En primer lugar, la gama\u00a0 de chimeneas a 3 lados es amplia, desde 60 cm hasta los 190 cm. De echo, estas chimeneas tienen una\u00a0 imagen del fuego bell\u00edsima y muy real a las de le\u00f1a. Sobre todo, esto se consigue en algunos modelo seg\u00fan el quemador, introduciendo un segundo quemador en los troncos de le\u00f1a. Por lo tanto se genera una llama m\u00e1s densa y m\u00e1s alta que envuelven los troncos , creando un efecto perfecto del fuego.<\/span><\/p>\n<p style=\"text-align: justify;\"><span style=\"font-family: verdana, geneva, sans-serif;\">Por consiguiente, con los materiales de construcci\u00f3n de hoy en d\u00eda podr\u00e1 hacer <em><strong>su<\/strong> <strong>chimenea de dise\u00f1o.<\/strong><\/em> A continuaci\u00f3n, insertar\u00a0un aparato de calefacci\u00f3n a gas de dise\u00f1o, eficiente, limpio, seguro y duradero.<\/span><\/p>\n<div class='yrm-content yrm-content-1 yrm-content-hide  ' id='yrm-nYexj' data-id='1' data-show-status='false' data-after-action='' style=\"visibility: hidden;height: 0;\">\n\t\t\t<div id='yrm-inner-content-yrm-nYexj' class='yrm-inner-content-wrapper yrm-cntent-1'><\/p>\n<p style=\"text-align: justify;\"><span style=\"font-family: verdana, geneva, sans-serif;\">Ciertamente, es sorprendente la comodidad de las chimeneas de gas: calor al instante a un solo click, siempre limpio, no necesitas cargar le\u00f1a, llama amplia y visible.<\/span><\/p>\n<p style=\"text-align: justify;\"><span style=\"font-family: verdana, geneva, sans-serif;\">Todas las chimeneas de gas cumplen sobre todo con los m\u00e1s estrictos controles de calidad para ofrecer productos duraderos y seguros.<\/span><\/p>\n<h2><span style=\"font-family: verdana, geneva, sans-serif; font-size: 12pt;\">Seguidamente las caracter\u00edsticas<\/span><\/h2>\n<ul>\n<li style=\"text-align: justify;\"><span style=\"font-family: verdana, geneva, sans-serif;\">Primero, vista de las llamas desde cualquier punto.<\/span><\/li>\n<li style=\"text-align: justify;\"><span style=\"font-family: verdana, geneva, sans-serif;\">Tambi\u00e9n, altura de ventana para una mejor vista del fuego<\/span><\/li>\n<li style=\"text-align: justify;\"><span style=\"font-family: verdana, geneva, sans-serif;\">A gas natural o tambi\u00e9n a propano<\/span><\/li>\n<li style=\"text-align: justify;\"><span style=\"font-family: verdana, geneva, sans-serif;\">De igual modo hay modelos con salida de humos estanca, abierta o en lugar de tiro <a href=\"https:\/\/www.drufire.com\/en-gb\/about-dru\/innovations\/powervent\" target=\"_blank\" rel=\"noopener\">Tiro forzado<\/a> &#8211; Consultar modelo<\/span><\/li>\n<li style=\"text-align: justify;\"><span style=\"font-family: verdana, geneva, sans-serif;\">Asimismo con mando a distancia<\/span><\/li>\n<li style=\"text-align: justify;\"><span style=\"font-family: verdana, geneva, sans-serif;\">Tambi\u00e9n con efecto de llamas altas &#8211; le\u00f1os o piedras<\/span><\/li>\n<li style=\"text-align: justify;\"><span style=\"font-family: verdana, geneva, sans-serif;\">Es m\u00e1s con cristal de <em>F\u00e1cil Acces<\/em>o para servicio o mantenimientos<\/span><\/li>\n<li style=\"text-align: justify;\"><a href=\"https:\/\/www.ambifuego.net\/contacto\/\" target=\"_blank\" rel=\"noopener\"><span style=\"font-family: verdana, geneva, sans-serif;\">PVP- Disponibilidad<\/span><\/a><\/li>\n<li style=\"text-align: justify;\"><span style=\"font-family: verdana, geneva, sans-serif;\"> <a href=\"https:\/\/www.ambifuego.net\/wp-content\/uploads\/2025\/10\/250724-Brochure-DRU-chimeneas-de-gas-ES-993456_compressed-comprimido.pdf\" target=\"_blank\" rel=\"noopener\">Cat\u00e1logo <\/a><\/span>&#8211;<\/li>\n<\/ul>\n<p><\/div>\n\t\t<\/div><div class='yrm-btn-wrapper yrm-btn-wrapper-1 yrm-more-button-wrapper  '\n\t\tdata-custom-more-class-name='' data-custom-less-class-name=''><span title='' data-less-title='' data-more-title='' class='yrm-toggle-expand  yrm-toggle-expand-1 ' data-rel='yrm-nYexj' data-more='M\u00e1s detalles ' data-less='Ver menos'><span class='yrm-text-wrapper yrm-text-wrapper-custom-dimensions'><span class=\"yrm-button-text-1 yrm-button-text-span\">M\u00e1s detalles <\/span><\/span><\/span><\/div>\n","protected":false},"excerpt":{"rendered":"<p><span style=\"font-family: verdana, geneva, sans-serif;\">Chimenea gas 3 lados cristales, con diferentes dimensiones que permiten la visi\u00f3n y el espect\u00e1culo de las bellas llamas a tres caras.<\/span><\/p>\n","protected":false},"featured_media":81041,"template":"","meta":[],"product_brand":[],"product_cat":[547],"product_tag":[],"class_list":{"0":"post-14277","1":"product","2":"type-product","3":"status-publish","4":"has-post-thumbnail","6":"product_cat-chimenea-gas-3-lados-panorama-kamin-gas","8":"first","9":"instock","10":"shipping-taxable","11":"product-type-simple"},"_links":{"self":[{"href":"https:\/\/www.ambifuego.net\/es\/wp-json\/wp\/v2\/product\/14277","targetHints":{"allow":["GET"]}}],"collection":[{"href":"https:\/\/www.ambifuego.net\/es\/wp-json\/wp\/v2\/product"}],"about":[{"href":"https:\/\/www.ambifuego.net\/es\/wp-json\/wp\/v2\/types\/product"}],"version-history":[{"count":0,"href":"https:\/\/www.ambifuego.net\/es\/wp-json\/wp\/v2\/product\/14277\/revisions"}],"wp:featuredmedia":[{"embeddable":true,"href":"https:\/\/www.ambifuego.net\/es\/wp-json\/wp\/v2\/media\/81041"}],"wp:attachment":[{"href":"https:\/\/www.ambifuego.net\/es\/wp-json\/wp\/v2\/media?parent=14277"}],"wp:term":[{"taxonomy":"product_brand","embeddable":true,"href":"https:\/\/www.ambifuego.net\/es\/wp-json\/wp\/v2\/product_brand?post=14277"},{"taxonomy":"product_cat","embeddable":true,"href":"https:\/\/www.ambifuego.net\/es\/wp-json\/wp\/v2\/product_cat?post=14277"},{"taxonomy":"product_tag","embeddable":true,"href":"https:\/\/www.ambifuego.net\/es\/wp-json\/wp\/v2\/product_tag?post=14277"}],"curies":[{"name":"wp","href":"https:\/\/api.w.org\/{rel}","templated":true}]}}