{"id":14247,"date":"2017-09-12T17:39:50","date_gmt":"2017-09-12T17:39:50","guid":{"rendered":"https:\/\/www.ambifuego.net\/xtempx\/web17\/?post_type=product&#038;p=14247"},"modified":"2025-10-24T17:05:42","modified_gmt":"2025-10-24T15:05:42","slug":"chimenea-gas-gran-vision","status":"publish","type":"product","link":"https:\/\/www.ambifuego.net\/es\/producto\/chimenea-gas-gran-vision\/","title":{"rendered":"GRAN VISION 180 XL"},"content":{"rendered":"<h2><span style=\"font-family: verdana, geneva, sans-serif; font-size: 18pt;\">Chimeneas <strong>Gas Gran Visi\u00f3n<\/strong>, perfectas en cualquier estancia, amplias e inspiradoras.<\/span><\/h2>\n<p><span style=\"font-size: 12pt; font-family: verdana, geneva, sans-serif;\">Chimeneas gas gran vision para disfrutar del espect\u00e1culo del fuego en todo su esplendor.<\/span><br \/>\n<span style=\"font-size: 12pt; font-family: verdana, geneva, sans-serif;\">Este modelo es una chimeneas gas con sistema Eco Wave, robusta e inspiradora para casas grandes, apartamentos espaciosos, hoteles y restaurantes. Es una chimenea de tiro equilibrado de 1,8 metros de ancho con una potencia calor\u00edfica de 15,7 kW. Ofrece una aut\u00e9ntica apariencia de chimenea de le\u00f1a y se instala f\u00e1cilmente en la pared. Adem\u00e1s tambi\u00e9n tiene la opci\u00f3n de elegir este modelo versi\u00f3n T\u00fanel para actuar como separador de espacios o creador de dos ambientes diferentes.\u00a0<\/span><\/p>\n<div class='yrm-content yrm-content-1 yrm-content-hide  ' id='yrm-7lJ0f' data-id='1' data-show-status='false' data-after-action='' style=\"visibility: hidden;height: 0;\">\n\t\t\t<div id='yrm-inner-content-yrm-7lJ0f' class='yrm-inner-content-wrapper yrm-cntent-1'><\/p>\n<h3 style=\"text-align: justify;\"><span style=\"font-size: 18pt; font-family: verdana, geneva, sans-serif;\">Control y regulaci\u00f3n de las chimeneas<\/span><\/h3>\n<p style=\"text-align: justify;\"><span style=\"font-family: verdana, geneva, sans-serif; font-size: 14pt;\"><span style=\"font-size: 12pt;\">Este modelo de chimeneas gas gran vision del fuego es una <a href=\"https:\/\/www.drufire.com\/int\/products\/dru\/cosmo\/cosmo-eco-wave\" target=\"_blank\" rel=\"noopener\">chimenea espectacular e impactante<\/a>. La altura, cadencia y hasta el dibujo de las llamas es controlado f\u00e1cilmente con el mando a distancai. Por supuesto tambi\u00e9n puede programar la temperatura deseada con su mando a distancia. Por consiguiente una caracter\u00edstica \u00fanica de estas <em><strong>chimeneas es el gran frente de cristal<\/strong><\/em> que permite una vista inmejorable del fuego. Gracias a su tecnolog\u00eda, estas chimeneas son muy<strong> eficientes<\/strong> en el consumo de energ\u00eda y <strong>respetuosas con el medio ambiente<\/strong>. Si desea m\u00e1s informaci\u00f3n sobre este tipo de art\u00edculos <a href=\"https:\/\/www.ambifuego.net\/es\/contacto-mensajes-consultas-informacion\/\" target=\"_blank\" rel=\"noopener\">pinche aqu\u00ed<\/a><\/span>.<\/span><\/p>\n<p><\/div>\n\t\t<\/div><div class='yrm-btn-wrapper yrm-btn-wrapper-1 yrm-more-button-wrapper  '\n\t\tdata-custom-more-class-name='' data-custom-less-class-name=''><span title='' data-less-title='' data-more-title='' class='yrm-toggle-expand  yrm-toggle-expand-1 ' data-rel='yrm-7lJ0f' data-more='M\u00e1s detalles ' data-less='Ver menos'><span class='yrm-text-wrapper yrm-text-wrapper-custom-dimensions'><span class=\"yrm-button-text-1 yrm-button-text-span\">M\u00e1s detalles <\/span><\/span><\/span><\/div>\n","protected":false},"excerpt":{"rendered":"<p><span style=\"font-size: 14pt; font-family: verdana, geneva, sans-serif;\">Chimenea de gas amplia,<\/span><span style=\"font-size: 14pt; font-family: verdana, geneva, sans-serif;\">\u00a0robusta e inspiradora para casas grandes, apartamentos espaciosos, hoteles y restaurantes tambi\u00e9n en versi\u00f3n t\u00fanel como creador de espacios.<\/span><\/p>\n","protected":false},"featured_media":80065,"template":"","meta":[],"product_brand":[],"product_cat":[542],"product_tag":[],"class_list":{"0":"post-14247","1":"product","2":"type-product","3":"status-publish","4":"has-post-thumbnail","6":"product_cat-chimenea-gran-vision-tamano","8":"first","9":"instock","10":"shipping-taxable","11":"product-type-simple"},"_links":{"self":[{"href":"https:\/\/www.ambifuego.net\/es\/wp-json\/wp\/v2\/product\/14247","targetHints":{"allow":["GET"]}}],"collection":[{"href":"https:\/\/www.ambifuego.net\/es\/wp-json\/wp\/v2\/product"}],"about":[{"href":"https:\/\/www.ambifuego.net\/es\/wp-json\/wp\/v2\/types\/product"}],"version-history":[{"count":0,"href":"https:\/\/www.ambifuego.net\/es\/wp-json\/wp\/v2\/product\/14247\/revisions"}],"wp:featuredmedia":[{"embeddable":true,"href":"https:\/\/www.ambifuego.net\/es\/wp-json\/wp\/v2\/media\/80065"}],"wp:attachment":[{"href":"https:\/\/www.ambifuego.net\/es\/wp-json\/wp\/v2\/media?parent=14247"}],"wp:term":[{"taxonomy":"product_brand","embeddable":true,"href":"https:\/\/www.ambifuego.net\/es\/wp-json\/wp\/v2\/product_brand?post=14247"},{"taxonomy":"product_cat","embeddable":true,"href":"https:\/\/www.ambifuego.net\/es\/wp-json\/wp\/v2\/product_cat?post=14247"},{"taxonomy":"product_tag","embeddable":true,"href":"https:\/\/www.ambifuego.net\/es\/wp-json\/wp\/v2\/product_tag?post=14247"}],"curies":[{"name":"wp","href":"https:\/\/api.w.org\/{rel}","templated":true}]}}