{"id":14016,"date":"2017-09-07T14:17:38","date_gmt":"2017-09-07T14:17:38","guid":{"rendered":"https:\/\/www.ambifuego.net\/xtempx\/web17\/?post_type=product&#038;p=14016"},"modified":"2025-10-24T18:15:26","modified_gmt":"2025-10-24T16:15:26","slug":"chimenea-de-gas-insertable-pequena","status":"publish","type":"product","link":"https:\/\/www.ambifuego.net\/es\/producto\/chimenea-de-gas-insertable-pequena\/","title":{"rendered":"KALIDO"},"content":{"rendered":"<p><span style=\"font-size: 14pt;\">Chimenea de gas insertable de peque\u00f1o tama\u00f1o. \u00bfQu\u00e9 diferencia hay entre un insertable y un hogar?<\/span><\/p>\n<p><span class=\"ILfuVd\"><span class=\"hgKElc\">La\u00a0diferencia\u00a0entre un\u00a0hogar\u00a0y un\u00a0<b>insertable<\/b>\u00a0es que el\u00a0<b>hogar<\/b>\u00a0no\u00a0<b>tiene<\/b>\u00a0turbinas o ventiladores mientras que los\u00a0<b>insertables<\/b>\u00a0s\u00ed. Por eso mismo a la hora de elegir un producto, y sobre todo si quiere la mayor eficiencia un insertable es una buena elecci\u00f3n.\u00a0<\/span><\/span><\/p>\n<p style=\"text-align: justify;\"><a href=\"https:\/\/www.drufire.com\/int\/assortiment\/dru\/maestro\/maestro-60-tall-eco-wave\" target=\"_blank\" rel=\"noopener\"><strong>Las chimeneas de gas<\/strong><\/a> son una alternativa a las chimeneas tradicionales de le\u00f1a, que debemos tener muy en cuenta a la hora de elegir un fuego para nuestra vivienda, ya que <strong>presentan muchas ventajas<\/strong> con respecto a las convencionales. Adem\u00e1s, simplemente con un click\u00a0 manualmente o con un mando, y ya puede crear su ambiente c\u00e1lido y confortable.<\/p>\n<div class='yrm-content yrm-content-1 yrm-content-hide  ' id='yrm-10NYz' data-id='1' data-show-status='false' data-after-action='' style=\"visibility: hidden;height: 0;\">\n\t\t\t<div id='yrm-inner-content-yrm-10NYz' class='yrm-inner-content-wrapper yrm-cntent-1'><\/p>\n<p style=\"text-align: justify;\">Al optar por una\u00a0<strong>chimenea<\/strong> de gas, tendr\u00e1 que elegir entre dos tipos de alimentaci\u00f3n gas natural o por otro lado gas propano. Por un lado, si va a conectar su <strong>chimenea<\/strong> al suministro de gas natural, si lo tiene instalado en tu vivienda, y por otro, si te decides utilizar las bombonas de gas propano A diferencia de las chimeneas de le\u00f1a, los aparatos a gas se encienden y se apagan de hecho en pocos segundos. Con este tipo de <strong>chimeneas<\/strong>, de hecho no tendr\u00e1 que llamar al deshollinador, por lo tanto ahorra en gastos.<\/p>\n<h2><span style=\"font-size: 14pt;\">Insertable de gas de tama\u00f1o reducido<\/span><\/h2>\n<p style=\"text-align: justify;\">Presentamos el modelo Kalido una chimenea de gas insertable de tama\u00f1o peque\u00f1o.\u00a0 Es un insertable atmosf\u00e9rico con acabados en antracita o negro, en dos versiones, 73\u00a0 y 77 cm. Ideal para empotrar, insertar en chimeneas u hogares existentes cl\u00e1sicas o para un toque m\u00e1s moderno. Casette equipado con turbinas para una r\u00e1pida distribuci\u00f3n del aire caliente. Muy eficientes, f\u00e1ciles de usar manualmente o opcional tambi\u00e9n con mando a distancia. Modelo de chimenea peque\u00f1a frontal con le\u00f1os cer\u00e1micos decorativos. Dos colores a elegir, negro o antracita.<\/p>\n<ul>\n<li>Con mando a distancia.<\/li>\n<li>Posibilidad de extracci\u00f3n de gases forzada.<\/li>\n<li>Convector con turbinas.<\/li>\n<li>Manual o mando a distancia opcional.<\/li>\n<li>Encendido por piezo el\u00e9ctrico.<\/li>\n<li>Sistema de seguridad O.D.S.<\/li>\n<li>Gas natural o propano.<\/li>\n<li>Tiro natural.<\/li>\n<li>Interior ladrillo negro o negro &#8211; Marco antracita o negro<\/li>\n<li>Extractor opcional.<\/li>\n<li>Potencia neta: Kalido 73 &#8211; 5Kw\/h\u00a0 \u00a0 \u00a0Kalido 77 &#8211; 7Kw\/h<\/li>\n<li><a href=\"https:\/\/www.ambifuego.net\/wp-content\/uploads\/2023\/10\/20-10-23-cat.general-comprimido.pdf\" target=\"_blank\" rel=\"noopener\">Catalogo<\/a> &#8211; Info<\/li>\n<li><a href=\"https:\/\/www.ambifuego.net\/wp-content\/uploads\/2022\/03\/KALIDO-77-ESPANOL-09-03-2-OK_compressed_compressed.pdf\" target=\"_blank\" rel=\"noopener\">Instrucciones<\/a><\/li>\n<\/ul>\n<p><\/div>\n\t\t<\/div><div class='yrm-btn-wrapper yrm-btn-wrapper-1 yrm-more-button-wrapper  '\n\t\tdata-custom-more-class-name='' data-custom-less-class-name=''><span title='' data-less-title='' data-more-title='' class='yrm-toggle-expand  yrm-toggle-expand-1 ' data-rel='yrm-10NYz' data-more='M\u00e1s detalles ' data-less='Ver menos'><span class='yrm-text-wrapper yrm-text-wrapper-custom-dimensions'><span class=\"yrm-button-text-1 yrm-button-text-span\">M\u00e1s detalles <\/span><\/span><\/span><\/div>\n<p>&nbsp;<\/p>\n","protected":false},"excerpt":{"rendered":"[video width=\"480\" height=\"360\" mp4=\"https:\/\/www.ambifuego.net\/wp-content\/uploads\/2017\/09\/CHIMENEA-DE-GAS-AMBIFUEGO-YouTube-360p-Compressed-with-FlexClip.mp4\"][\/video]\n<p><!--more--><\/p>\n","protected":false},"featured_media":80084,"template":"","meta":[],"product_brand":[],"product_cat":[185,186],"product_tag":[],"class_list":{"0":"post-14016","1":"product","2":"type-product","3":"status-publish","4":"has-post-thumbnail","6":"product_cat-chimeneas-y-productos-gas","7":"product_cat-chimeneas-pequenas-gas-natural","9":"first","10":"instock","11":"shipping-taxable","12":"product-type-simple"},"_links":{"self":[{"href":"https:\/\/www.ambifuego.net\/es\/wp-json\/wp\/v2\/product\/14016","targetHints":{"allow":["GET"]}}],"collection":[{"href":"https:\/\/www.ambifuego.net\/es\/wp-json\/wp\/v2\/product"}],"about":[{"href":"https:\/\/www.ambifuego.net\/es\/wp-json\/wp\/v2\/types\/product"}],"version-history":[{"count":0,"href":"https:\/\/www.ambifuego.net\/es\/wp-json\/wp\/v2\/product\/14016\/revisions"}],"wp:featuredmedia":[{"embeddable":true,"href":"https:\/\/www.ambifuego.net\/es\/wp-json\/wp\/v2\/media\/80084"}],"wp:attachment":[{"href":"https:\/\/www.ambifuego.net\/es\/wp-json\/wp\/v2\/media?parent=14016"}],"wp:term":[{"taxonomy":"product_brand","embeddable":true,"href":"https:\/\/www.ambifuego.net\/es\/wp-json\/wp\/v2\/product_brand?post=14016"},{"taxonomy":"product_cat","embeddable":true,"href":"https:\/\/www.ambifuego.net\/es\/wp-json\/wp\/v2\/product_cat?post=14016"},{"taxonomy":"product_tag","embeddable":true,"href":"https:\/\/www.ambifuego.net\/es\/wp-json\/wp\/v2\/product_tag?post=14016"}],"curies":[{"name":"wp","href":"https:\/\/api.w.org\/{rel}","templated":true}]}}