{"id":14015,"date":"2017-09-07T14:16:58","date_gmt":"2017-09-07T14:16:58","guid":{"rendered":"https:\/\/www.ambifuego.net\/xtempx\/web17\/?post_type=product&#038;p=14015"},"modified":"2025-10-27T12:49:53","modified_gmt":"2025-10-27T11:49:53","slug":"casette-gas-sin-cristal","status":"publish","type":"product","link":"https:\/\/www.ambifuego.net\/es\/producto\/casette-gas-sin-cristal\/","title":{"rendered":"SEVILLA 22&#8243;"},"content":{"rendered":"<div class=\"wWOJcd\" tabindex=\"0\" role=\"button\" aria-controls=\"exacc_-LCEYoP6JMWUa-3IjYgC6\" aria-expanded=\"true\" aria-labelledby=\"exacc_-LCEYoP6JMWUa-3IjYgC4\">\n<p class=\"r21Kzd\" style=\"text-align: justify;\" data-hveid=\"CGYQAQ\" data-ved=\"2ahUKEwiD1vWq0-j3AhVFyhoKHW1kAyEQuk56BAhmEAE\"><span style=\"font-family: verdana, geneva, sans-serif; font-size: 12pt;\">Casette gas sin cristal, <strong>Sevilla 22&#8243; <\/strong>una chimenea de gas que le brinda la oportunidad de disfrutar de las llamas del fuego vivas <em><strong>como un fuego tradicional de le\u00f1a<\/strong><\/em>. <span style=\"font-family: verdana, geneva, sans-serif;\">Las <\/span><a style=\"font-family: verdana, geneva, sans-serif;\" href=\"https:\/\/www.drufire.com\/en-gb\/product-range\/gas-fires\" target=\"_blank\" rel=\"noopener\"><b>chimeneas de<\/b>\u00a0<b>gas,<\/b><\/a><span style=\"font-family: verdana, geneva, sans-serif;\">\u00a0claro est\u00e1 brindan todo el calor y la atm\u00f3sfera de un fuego tradicional sin tener que limpiar las cenizas, el holl\u00edn del cristal y los humos.\u00a0<\/span><\/span><\/p>\n<div data-hveid=\"CGYQAQ\" data-ved=\"2ahUKEwiD1vWq0-j3AhVFyhoKHW1kAyEQuk56BAhmEAE\">\n<h2 data-hveid=\"CGYQAQ\" data-ved=\"2ahUKEwiD1vWq0-j3AhVFyhoKHW1kAyEQuk56BAhmEAE\"><span style=\"font-family: verdana, geneva, sans-serif; font-size: 12pt;\">Calor y atm\u00f3sfera sin suciedad con un casette a gas\u00a0<\/span><\/h2>\n<\/div>\n<div class=\"r21Kzd\" style=\"text-align: justify;\" data-hveid=\"CGYQAQ\" data-ved=\"2ahUKEwiD1vWq0-j3AhVFyhoKHW1kAyEQuk56BAhmEAE\"><span style=\"font-family: verdana, geneva, sans-serif;\">Estos aparatos de gas dom\u00e9sticos <\/span><b style=\"font-family: verdana, geneva, sans-serif;\">funcionan<\/b><span style=\"font-family: verdana, geneva, sans-serif;\">\u00a0con una l\u00ednea de\u00a0<\/span><b style=\"font-family: verdana, geneva, sans-serif;\">gas<\/b><span style=\"font-family: verdana, geneva, sans-serif;\"> natural o una botella de <\/span><b style=\"font-family: verdana, geneva, sans-serif;\">gas<\/b><span style=\"font-family: verdana, geneva, sans-serif;\"> propano. <\/span><span style=\"font-family: verdana, geneva, sans-serif;\">Son muy f\u00e1ciles de usar y solo se necesitan unos pocos minutos para ponerlos en <\/span><b style=\"font-family: verdana, geneva, sans-serif;\">funcionamiento.<\/b><\/div>\n<div data-hveid=\"CGYQAQ\" data-ved=\"2ahUKEwiD1vWq0-j3AhVFyhoKHW1kAyEQuk56BAhmEAE\"><\/div>\n<div data-hveid=\"CGYQAQ\" data-ved=\"2ahUKEwiD1vWq0-j3AhVFyhoKHW1kAyEQuk56BAhmEAE\"><div class='yrm-content yrm-content-1 yrm-content-hide  ' id='yrm-4XOrY' data-id='1' data-show-status='false' data-after-action='' style=\"visibility: hidden;height: 0;\">\n\t\t\t<div id='yrm-inner-content-yrm-4XOrY' class='yrm-inner-content-wrapper yrm-cntent-1'><\/div>\n<\/div>\n<div id=\"exacc_-LCEYoP6JMWUa-3IjYgC6\" class=\"MBtdbb\" data-ved=\"2ahUKEwiD1vWq0-j3AhVFyhoKHW1kAyEQ7NUEegQIZhAD\">\n<div class=\"ymu2Hb\">\n<div id=\"_-LCEYoP6JMWUa-3IjYgC54\" class=\"t0bRye r2fjmd\" data-hveid=\"CGYQBA\" data-ved=\"2ahUKEwiD1vWq0-j3AhVFyhoKHW1kAyEQu04oAHoECGYQBA\">\n<div id=\"WEB_ANSWERS_RESULT_29_-LCEYoP6JMWUa-3IjYgC__53\">\n<div class=\"wDYxhc\" data-md=\"61\">\n<div role=\"heading\" data-attrid=\"wa:\/description\" aria-level=\"3\" data-hveid=\"CGAQAA\">\n<p style=\"text-align: justify;\"><span style=\"font-family: verdana, geneva, sans-serif;\">Las chimeneas de gas utilizan de hecho, el mismo mecanismo que los calentadores o las placas de gas de la cocina. Tienen incorporados unos quemadores en su interior que generan llama al pulsar el piloto de encendido el\u00e9ctrico.\u00a0<\/span><\/p>\n<p style=\"text-align: justify;\"><span style=\"font-family: verdana, geneva, sans-serif;\">Las chimeneas de gas cuentan tambi\u00e9n con la ventaja de poder deleitarse con el encanto del fuego y la calidez de sus llamas. Adem\u00e1s hay que contar con la eficacia, la facilidad de uso y la comodidad del gas. Mientras que con una chimenea tradicional tiene que almacenar la le\u00f1a, limpiar las cenizas y el holl\u00edn, con una de gas por el contrario no. Debido a su resistencia y seguridad son muy demandados ya que s\u00f3lo necesitan un mantenimiento despu\u00e9s de la temporada.<\/span><\/p>\n<\/div>\n<\/div>\n<\/div>\n<\/div>\n<\/div>\n<\/div>\n<h2 style=\"text-align: justify;\"><span style=\"font-family: verdana, geneva, sans-serif;\"><span style=\"font-size: 12pt;\">Casette abierto frontal, con carbones, t\u00edpico ingles.<\/span><\/span><\/h2>\n<p style=\"text-align: justify;\"><span style=\"font-family: verdana, geneva, sans-serif;\">Casette con llama viva en el frente y adem\u00e1s trasero de cer\u00e1mica reflectante del calor. Es un modelo de construcci\u00f3n muy resistente y compacto de larga durabilidad. Disponible con control manual o si lo prefiere tambi\u00e9n con mando a distancia.<\/span><\/p>\n<p style=\"text-align: justify;\"><span style=\"font-family: verdana, geneva, sans-serif;\">Este aparato puede por lo tanto instalarse en una chimenea existente o de nueva construcci\u00f3n.<\/span><\/p>\n<ul>\n<li><span style=\"font-family: verdana, geneva, sans-serif;\">Casette gas sin cristal abierto en el frente<\/span><\/li>\n<li><span style=\"font-family: verdana, geneva, sans-serif;\">Para instalar en chimeneas existentes \u00f3 nuevas<\/span><\/li>\n<li><span style=\"font-family: verdana, geneva, sans-serif;\">Gas natural o propano<\/span><\/li>\n<li><span style=\"font-family: verdana, geneva, sans-serif;\">Tiro natural \/ abierto<\/span><\/li>\n<li><span style=\"font-family: verdana, geneva, sans-serif;\">Quemador a\u00e9reo de gran calidad<\/span><\/li>\n<li><span style=\"font-family: verdana, geneva, sans-serif;\">Carb\u00f3n y molde cer\u00e1mico<\/span><\/li>\n<li><span style=\"font-family: verdana, geneva, sans-serif;\">Encendido por piezo el\u00e9ctrico<\/span><\/li>\n<li><span style=\"font-family: verdana, geneva, sans-serif;\">Sistema de seguridad O.D.S.<\/span><\/li>\n<li><span style=\"font-family: verdana, geneva, sans-serif;\">Marco magn\u00e9tico intercambiable<\/span><\/li>\n<li><span style=\"font-family: verdana, geneva, sans-serif;\">Potencia neta: 5,5 Kw\/h<\/span><\/li>\n<li><span style=\"font-family: verdana, geneva, sans-serif;\">No admite codos de 90\u00ba<\/span><\/li>\n<li><span style=\"font-family: verdana, geneva, sans-serif;\">Opcional &#8211; Con mando a distancia<\/span><\/li>\n<li><span style=\"font-family: verdana, geneva, sans-serif;\">*M\u00e1s informaci\u00f3n &#8211; <a href=\"https:\/\/www.ambifuego.net\/wp-content\/uploads\/2023\/10\/20-10-23-cat.general-comprimido.pdf\" target=\"_blank\" rel=\"noopener\">Cat\u00e1logo<\/a> &#8211;<\/span><\/li>\n<\/ul>\n<p><\/div>\n\t\t<\/div><div class='yrm-btn-wrapper yrm-btn-wrapper-1 yrm-more-button-wrapper  '\n\t\tdata-custom-more-class-name='' data-custom-less-class-name=''><span title='' data-less-title='' data-more-title='' class='yrm-toggle-expand  yrm-toggle-expand-1 ' data-rel='yrm-4XOrY' data-more='M\u00e1s detalles ' data-less='Ver menos'><span class='yrm-text-wrapper yrm-text-wrapper-custom-dimensions'><span class=\"yrm-button-text-1 yrm-button-text-span\">M\u00e1s detalles <\/span><\/span><\/span><\/div><\/p>\n<p>&nbsp;<\/p>\n","protected":false},"excerpt":{"rendered":"<p><span style=\"font-family: verdana, geneva, sans-serif;\">SEVILLA chimenea de gas frontal con carbones cer\u00e1micos.\u00a0<\/span><\/p>\n","protected":false},"featured_media":80341,"template":"","meta":[],"product_brand":[],"product_cat":[186],"product_tag":[],"class_list":{"0":"post-14015","1":"product","2":"type-product","3":"status-publish","4":"has-post-thumbnail","6":"product_cat-chimeneas-pequenas-gas-natural","8":"first","9":"instock","10":"shipping-taxable","11":"product-type-simple"},"_links":{"self":[{"href":"https:\/\/www.ambifuego.net\/es\/wp-json\/wp\/v2\/product\/14015","targetHints":{"allow":["GET"]}}],"collection":[{"href":"https:\/\/www.ambifuego.net\/es\/wp-json\/wp\/v2\/product"}],"about":[{"href":"https:\/\/www.ambifuego.net\/es\/wp-json\/wp\/v2\/types\/product"}],"version-history":[{"count":0,"href":"https:\/\/www.ambifuego.net\/es\/wp-json\/wp\/v2\/product\/14015\/revisions"}],"wp:featuredmedia":[{"embeddable":true,"href":"https:\/\/www.ambifuego.net\/es\/wp-json\/wp\/v2\/media\/80341"}],"wp:attachment":[{"href":"https:\/\/www.ambifuego.net\/es\/wp-json\/wp\/v2\/media?parent=14015"}],"wp:term":[{"taxonomy":"product_brand","embeddable":true,"href":"https:\/\/www.ambifuego.net\/es\/wp-json\/wp\/v2\/product_brand?post=14015"},{"taxonomy":"product_cat","embeddable":true,"href":"https:\/\/www.ambifuego.net\/es\/wp-json\/wp\/v2\/product_cat?post=14015"},{"taxonomy":"product_tag","embeddable":true,"href":"https:\/\/www.ambifuego.net\/es\/wp-json\/wp\/v2\/product_tag?post=14015"}],"curies":[{"name":"wp","href":"https:\/\/api.w.org\/{rel}","templated":true}]}}