{"id":22350,"date":"2018-06-20T11:50:30","date_gmt":"2018-06-20T11:50:30","guid":{"rendered":"https:\/\/www.ambifuego.net\/xtempx\/?page_id=22350"},"modified":"2025-04-29T11:34:15","modified_gmt":"2025-04-29T09:34:15","slug":"catalogo-general","status":"publish","type":"page","link":"https:\/\/www.ambifuego.net\/es\/catalogo-general\/","title":{"rendered":"Cat\u00e1logo General"},"content":{"rendered":"<figure id=\"attachment_47706\" aria-describedby=\"caption-attachment-47706\" style=\"width: 424px\" class=\"wp-caption alignnone\"><a href=\"https:\/\/www.ambifuego.net\/wp-content\/uploads\/2021\/12\/catalogo-Ambifuego-2021-20kb_compressed.pdf\"><img fetchpriority=\"high\" decoding=\"async\" class=\"wp-image-47706 size-full\" title=\"catalogo general ambifuego portada\" src=\"https:\/\/www.ambifuego.net\/wp-content\/uploads\/2021\/12\/ptda-paradownload-1_optimized-1.jpg\" alt=\"portada catalogo general ambifuego\" width=\"424\" height=\"505\" srcset=\"https:\/\/www.ambifuego.net\/wp-content\/uploads\/2021\/12\/ptda-paradownload-1_optimized-1.jpg 424w, https:\/\/www.ambifuego.net\/wp-content\/uploads\/2021\/12\/ptda-paradownload-1_optimized-1-403x480.jpg 403w, https:\/\/www.ambifuego.net\/wp-content\/uploads\/2021\/12\/ptda-paradownload-1_optimized-1-227x270.jpg 227w, https:\/\/www.ambifuego.net\/wp-content\/uploads\/2021\/12\/ptda-paradownload-1_optimized-1-369x439.jpg 369w\" sizes=\"(max-width: 424px) 100vw, 424px\" \/><\/a><figcaption id=\"caption-attachment-47706\" class=\"wp-caption-text\">portada enlace pagina catalogo general ambifuego<\/figcaption><\/figure>\n<p>[vc_row][vc_column][vc_column_text c_id=\u00bb.vc_1641379901030&#8243;][\/vc_column_text][\/vc_column][\/vc_row]<\/p>\n<p><strong>Cat\u00e1logo General<\/strong><\/p>\n<p><span style=\"font-size: 12pt;\">Ambifuego, Fabricante de Chimeneas, tu Distribuidor de Confianza . Profesionales con m\u00e1s de 27 a\u00f1os de experiencia. E<\/span>specialistas en chimeneas, estufas y quemadores a gas.<\/p>\n<p>Cat\u00e1logo General, donde en primer lugar se muestra nuestra amplia gama de productos a gas. Seguidamente se muestran las estufas de le\u00f1a y\u00a0 los\u00a0 quemadores de bioetanol. Y por \u00faltimo est\u00e1n muchos de los modelos de chimeneas el\u00e9ctricas existentes. Seguramente encontrar\u00e1 un modelo adecuado para usted. De todos modos, claro est\u00e1, que en \u00e9ste cat\u00e1logo la informaci\u00f3n es general. Por lo tanto, cuando necesite m\u00e1s detalles de cualquier producto, pinche o haga click en el cat\u00e1logo del fabricante.<\/p>\n<p>Si entra en el apartado \u00abCat\u00e1logo &#8211; Descargas PDF\u00bb, tiene de hecho, acceso a los cat\u00e1logos de nuestros fabricantes. Por lo tanto, s\u00f3lo con un click, puede ojear cat\u00e1logos de <a href=\"https:\/\/www.ambifuego.net\/wp-content\/uploads\/2020\/11\/20-21-Flamerite-catalogo-27-11-20.pdf\">chimeneas y suites el\u00e9ctricas<\/a>, <a href=\"https:\/\/www.ambifuego.net\/wp-content\/uploads\/2021\/12\/Thorma-Exclusive_compressed.pdf\">estufas <\/a> de <a href=\"https:\/\/www.ambifuego.net\/wp-content\/uploads\/2020\/11\/20-21-Dirk-geuert-catalogo.pdf\">le\u00f1a,<\/a>\u00a0estufas de <a href=\"https:\/\/www.ambifuego.net\/wp-content\/uploads\/2022\/04\/TEPOR_catalogo-tecnico_2021_CORRETTO.pdf\">pellets<\/a>, hornos y <a href=\"https:\/\/www.ambifuego.net\/wp-content\/uploads\/2024\/05\/30-05-24-bbq.ptda-ambigrill-compressed.pdf\">barbacoas. <\/a><\/p>\n<p>Nuestras chimeneas son fabricadas en Europa y por consiguiente, pasan varios controles de calidad. Lo importante es, sobre todo, ofrecer al consumidor un producto en perfectas condiciones.\u00a0 Seguimos innovando,\u00a0 incluye en nuestra colecci\u00f3n\u00a0 productos actuales y m\u00e1s eficientes. Por consiguiente, en los \u00faltimos a\u00f1os hemos incorporado nuevos art\u00edculos a nuestro cat\u00e1logo. Disponemos de 250 distribuidores en Espa\u00f1a. Ofrecemos\u00a0 asesoramiento y tambi\u00e9n atenci\u00f3n post venta. Cons\u00faltenos!<\/p>\n<p>Fabricante, importador y distribuidor de art\u00edculos de calefacci\u00f3n europeos. Somo especialistas de chimeneas a gas propano y gas natural. , disponemos de una amplia gama de art\u00edculos<\/p>\n","protected":false},"excerpt":{"rendered":"<p>[vc_row][vc_column][vc_column_text c_id=\u00bb.vc_1641379901030&#8243;][\/vc_column_text][\/vc_column][\/vc_row] Cat\u00e1logo General Ambifuego, Fabricante de Chimeneas, tu Distribuidor de Confianza . Profesionales con m\u00e1s de 27 a\u00f1os de experiencia. Especialistas en chimeneas, estufas y quemadores a gas. Cat\u00e1logo General, donde en primer lugar se muestra nuestra amplia gama de productos a gas. Seguidamente se muestran las estufas de le\u00f1a y\u00a0 los\u00a0 quemadores de [&hellip;]<\/p>\n","protected":false},"author":1,"featured_media":0,"parent":0,"menu_order":0,"comment_status":"closed","ping_status":"closed","template":"","meta":{"footnotes":""},"class_list":["post-22350","page","type-page","status-publish","hentry"],"_links":{"self":[{"href":"https:\/\/www.ambifuego.net\/es\/wp-json\/wp\/v2\/pages\/22350","targetHints":{"allow":["GET"]}}],"collection":[{"href":"https:\/\/www.ambifuego.net\/es\/wp-json\/wp\/v2\/pages"}],"about":[{"href":"https:\/\/www.ambifuego.net\/es\/wp-json\/wp\/v2\/types\/page"}],"author":[{"embeddable":true,"href":"https:\/\/www.ambifuego.net\/es\/wp-json\/wp\/v2\/users\/1"}],"replies":[{"embeddable":true,"href":"https:\/\/www.ambifuego.net\/es\/wp-json\/wp\/v2\/comments?post=22350"}],"version-history":[{"count":0,"href":"https:\/\/www.ambifuego.net\/es\/wp-json\/wp\/v2\/pages\/22350\/revisions"}],"wp:attachment":[{"href":"https:\/\/www.ambifuego.net\/es\/wp-json\/wp\/v2\/media?parent=22350"}],"curies":[{"name":"wp","href":"https:\/\/api.w.org\/{rel}","templated":true}]}}