{"id":14293,"date":"2017-09-14T10:43:14","date_gmt":"2017-09-14T10:43:14","guid":{"rendered":"https:\/\/www.ambifuego.net\/xtempx\/web17\/?page_id=14293"},"modified":"2025-10-20T17:25:55","modified_gmt":"2025-10-20T15:25:55","slug":"productos-gas-electricos-pellets","status":"publish","type":"page","link":"https:\/\/www.ambifuego.net\/es\/productos-gas-electricos-pellets\/","title":{"rendered":"Productos de Gas, El\u00e9ctricos, Le\u00f1a, Pellets y Bioetanol"},"content":{"rendered":"\t\t<div data-elementor-type=\"wp-page\" data-elementor-id=\"14293\" class=\"elementor elementor-14293\" data-elementor-post-type=\"page\">\n\t\t\t\t<div class=\"elementor-element elementor-element-1fa005f4 e-flex e-con-boxed e-con e-parent\" data-id=\"1fa005f4\" data-element_type=\"container\" data-e-type=\"container\" data-settings=\"{&quot;background_background&quot;:&quot;classic&quot;}\">\n\t\t\t\t\t<div class=\"e-con-inner\">\n\t\t<div class=\"elementor-element elementor-element-44945ef e-con-full e-flex e-con e-child\" data-id=\"44945ef\" data-element_type=\"container\" data-e-type=\"container\">\n\t\t\t\t<div class=\"elementor-element elementor-element-7388f48 elementor-widget elementor-widget-heading\" data-id=\"7388f48\" data-element_type=\"widget\" data-e-type=\"widget\" data-widget_type=\"heading.default\">\n\t\t\t\t<div class=\"elementor-widget-container\">\n\t\t\t\t\t<h1 class=\"elementor-heading-title elementor-size-default\">Productos de Gas, El\u00e9ctricos, Le\u00f1a, Pellets y Bioetanol\n<\/h1>\t\t\t\t<\/div>\n\t\t\t\t<\/div>\n\t\t\t\t<div class=\"elementor-element elementor-element-bacd819 elementor-widget-divider--view-line elementor-widget elementor-widget-divider\" data-id=\"bacd819\" data-element_type=\"widget\" data-e-type=\"widget\" data-widget_type=\"divider.default\">\n\t\t\t\t<div class=\"elementor-widget-container\">\n\t\t\t\t\t\t\t<div class=\"elementor-divider\">\n\t\t\t<span class=\"elementor-divider-separator\">\n\t\t\t\t\t\t<\/span>\n\t\t<\/div>\n\t\t\t\t\t\t<\/div>\n\t\t\t\t<\/div>\n\t\t\t\t<div class=\"elementor-element elementor-element-e8d2758 elementor-grid-4 elementor-grid-tablet-3 elementor-grid-mobile-2 elementor-products-grid elementor-wc-products elementor-widget elementor-widget-wc-categories\" data-id=\"e8d2758\" data-element_type=\"widget\" data-e-type=\"widget\" data-widget_type=\"wc-categories.default\">\n\t\t\t\t<div class=\"elementor-widget-container\">\n\t\t\t\t\t<div class=\"woocommerce columns-4\"><ul class=\"products elementor-grid columns-4\">\n<li class=\"product-category product first\">\n\t<a aria-label=\"Visitar la categor\u00eda de producto BARBACOAS &amp; HORNOS - EXTERIOR\" href=\"https:\/\/www.ambifuego.net\/es\/articulos\/barbacoas-gas-hornos-lena-exteriores-jardin\/\"><img fetchpriority=\"high\" decoding=\"async\" src=\"https:\/\/www.ambifuego.net\/wp-content\/uploads\/2025\/10\/AMBIGRIL-copia_11zon-400x295.webp\" alt=\"BARBACOAS &amp; HORNOS - EXTERIOR\" width=\"400\" height=\"295\" \/>\t\t<h2 class=\"woocommerce-loop-category__title\">\n\t\t\tBARBACOAS &amp; HORNOS - EXTERIOR <mark class=\"count\">(32)<\/mark>\t\t<\/h2>\n\t\t<\/a><\/li>\n<li class=\"product-category product\">\n\t<a aria-label=\"Visitar la categor\u00eda de producto CHIMENEAS &amp; PRODUCTOS DE GAS\" href=\"https:\/\/www.ambifuego.net\/es\/articulos\/chimeneas-y-productos-gas\/\"><img decoding=\"async\" src=\"https:\/\/www.ambifuego.net\/wp-content\/uploads\/2025\/10\/455.427x-96px-separador-espacios-100ED-metro_11zon_11zon-400x295.webp\" alt=\"CHIMENEAS &amp; PRODUCTOS DE GAS\" width=\"400\" height=\"295\" \/>\t\t<h2 class=\"woocommerce-loop-category__title\">\n\t\t\tCHIMENEAS &amp; PRODUCTOS DE GAS <mark class=\"count\">(58)<\/mark>\t\t<\/h2>\n\t\t<\/a><\/li>\n<li class=\"product-category product\">\n\t<a aria-label=\"Visitar la categor\u00eda de producto CHIMENEAS EL\u00c9CTRICAS\" href=\"https:\/\/www.ambifuego.net\/es\/articulos\/chimeneas-electricas-decorativas-modernas-calefactor\/\"><img decoding=\"async\" src=\"https:\/\/www.ambifuego.net\/wp-content\/uploads\/2023\/12\/media_wall_virtuo_optimized-1-400x295.jpg\" alt=\"CHIMENEAS EL\u00c9CTRICAS\" width=\"400\" height=\"295\" \/>\t\t<h2 class=\"woocommerce-loop-category__title\">\n\t\t\tCHIMENEAS EL\u00c9CTRICAS <mark class=\"count\">(44)<\/mark>\t\t<\/h2>\n\t\t<\/a><\/li>\n<li class=\"product-category product last\">\n\t<a aria-label=\"Visitar la categor\u00eda de producto CHIMENEAS Y ESTUFAS DE LE\u00d1A\" href=\"https:\/\/www.ambifuego.net\/es\/articulos\/chimeneas-y-estufas-de-lena\/\"><img loading=\"lazy\" decoding=\"async\" src=\"https:\/\/www.ambifuego.net\/wp-content\/uploads\/2023\/04\/chimeneas-encastrable-frente_optimized-1-400x295.jpg\" alt=\"CHIMENEAS Y ESTUFAS DE LE\u00d1A\" width=\"400\" height=\"295\" \/>\t\t<h2 class=\"woocommerce-loop-category__title\">\n\t\t\tCHIMENEAS Y ESTUFAS DE LE\u00d1A <mark class=\"count\">(21)<\/mark>\t\t<\/h2>\n\t\t<\/a><\/li>\n<li class=\"product-category product first\">\n\t<a aria-label=\"Visitar la categor\u00eda de producto COCINAS Y ESTUFAS R\u00daSTICAS\" href=\"https:\/\/www.ambifuego.net\/es\/articulos\/fabricante-cocinas-fundicion-antigua\/\"><img loading=\"lazy\" decoding=\"async\" src=\"https:\/\/www.ambifuego.net\/wp-content\/uploads\/2025\/10\/IRONHEARTH-ESSE-copia_11zon_11zon-400x295.webp\" alt=\"COCINAS Y ESTUFAS R\u00daSTICAS\" width=\"400\" height=\"295\" \/>\t\t<h2 class=\"woocommerce-loop-category__title\">\n\t\t\tCOCINAS Y ESTUFAS R\u00daSTICAS <mark class=\"count\">(3)<\/mark>\t\t<\/h2>\n\t\t<\/a><\/li>\n<li class=\"product-category product\">\n\t<a aria-label=\"Visitar la categor\u00eda de producto FOGATAS - FAROLAS - ESTUFAS - ANTORCHAS\" href=\"https:\/\/www.ambifuego.net\/es\/articulos\/fire-pits-estufas-fuegos-jardin-terrazas-exteriores-farolas\/\"><img loading=\"lazy\" decoding=\"async\" src=\"https:\/\/www.ambifuego.net\/wp-content\/uploads\/2025\/10\/06-11-20-catalogo20-21-comprimido-10-copia-2_11zon_11zon-400x295.webp\" alt=\"FOGATAS - FAROLAS - ESTUFAS - ANTORCHAS\" width=\"400\" height=\"295\" \/>\t\t<h2 class=\"woocommerce-loop-category__title\">\n\t\t\tFOGATAS - FAROLAS - ESTUFAS - ANTORCHAS <mark class=\"count\">(9)<\/mark>\t\t<\/h2>\n\t\t<\/a><\/li>\n<li class=\"product-category product\">\n\t<a aria-label=\"Visitar la categor\u00eda de producto PELLETS-BIOMASA\" href=\"https:\/\/www.ambifuego.net\/es\/articulos\/chimeneas-de-biomasa\/\"><img loading=\"lazy\" decoding=\"async\" src=\"https:\/\/www.ambifuego.net\/wp-content\/uploads\/2019\/03\/MODELO-10-copia_11zon_11zon-400x295.webp\" alt=\"PELLETS-BIOMASA\" width=\"400\" height=\"295\" \/>\t\t<h2 class=\"woocommerce-loop-category__title\">\n\t\t\tPELLETS-BIOMASA <mark class=\"count\">(11)<\/mark>\t\t<\/h2>\n\t\t<\/a><\/li>\n<li class=\"product-category product last\">\n\t<a aria-label=\"Visitar la categor\u00eda de producto QUEMADOR &amp; ESTUFA BIOETANOL\" href=\"https:\/\/www.ambifuego.net\/es\/articulos\/chimeneas-y-estufa-de-bioetanol\/\"><img loading=\"lazy\" decoding=\"async\" src=\"https:\/\/www.ambifuego.net\/wp-content\/uploads\/2020\/12\/chimenea-etanol_optimized-400x295.jpg\" alt=\"QUEMADOR &amp; ESTUFA BIOETANOL\" width=\"400\" height=\"295\" \/>\t\t<h2 class=\"woocommerce-loop-category__title\">\n\t\t\tQUEMADOR &amp; ESTUFA BIOETANOL <mark class=\"count\">(13)<\/mark>\t\t<\/h2>\n\t\t<\/a><\/li>\n<\/ul>\n<\/div>\t\t\t\t<\/div>\n\t\t\t\t<\/div>\n\t\t\t\t<\/div>\n\t\t\t\t<div class=\"elementor-element elementor-element-9395137 elementor-widget elementor-widget-text-editor\" data-id=\"9395137\" data-element_type=\"widget\" data-e-type=\"widget\" data-widget_type=\"text-editor.default\">\n\t\t\t\t<div class=\"elementor-widget-container\">\n\t\t\t\t\t\t\t\t\t<h2>Productos de Gas, El\u00e9ctricos y Pellets \u2013 Chimeneas, Estufas y Calefacci\u00f3n Eficiente<\/h2><p>En Ambifuego, contamos con una amplia colecci\u00f3n de chimeneas, estufas y sistemas de calefacci\u00f3n alimentados por gas, electricidad, pellets, le\u00f1a y bioetanol. Inicialmente centrados en chimeneas y estufas tradicionales, hemos ampliado nuestra oferta con una gama completa de productos de calefacci\u00f3n de alta eficiencia que incluyen:<\/p><ul><li><a href=\"https:\/\/www.ambifuego.net\/es\/articulos\/barbacoas-gas-hornos-lena-exteriores-jardin\/\">Barbacoas y hornos de le\u00f1a, gas o pellets<\/a><\/li><li><a href=\"https:\/\/www.ambifuego.net\/es\/articulos\/chimeneas-y-productos-gas\/\">Chimeneas y productos de gas<\/a><\/li><li><a href=\"https:\/\/www.ambifuego.net\/es\/articulos\/chimeneas-electricas-decorativas-modernas-calefactor\/\">Chimeneas el\u00e9ctricas<\/a><\/li><li><a href=\"https:\/\/www.ambifuego.net\/es\/articulos\/chimeneas-y-estufas-de-lena\/\">Chimeneas Insertables y hogar de gas o le\u00f1a<\/a><\/li><li><a href=\"https:\/\/www.ambifuego.net\/es\/articulos\/fabricante-cocinas-fundicion-antigua\/\">Cocinas y Estufas R\u00fasticas<\/a><\/li><li><a href=\"https:\/\/www.ambifuego.net\/es\/articulos\/fire-pits-estufas-fuegos-jardin-terrazas-exteriores-farolas\/\">Sistemas de calefacci\u00f3n exterior<\/a><\/li><li><a href=\"https:\/\/www.ambifuego.net\/es\/articulos\/pellets-biomasa-chimeneas-casettes-estufas-ambifuego-fabricante-y-distribuidor\/\">Pellerts y Biomasa<\/a><\/li><li><a href=\"https:\/\/www.ambifuego.net\/es\/articulos\/chimeneas-y-estufa-de-bioetanol\/\">Quemadores de bioetanol<\/a><\/li><\/ul><p>Todos nuestros productos est\u00e1n fabricados por <a href=\"https:\/\/www.drufire.com\/int\/\" target=\"_blank\" rel=\"noopener\">marcas europeas l\u00edderes<\/a>, que garantizan calidad, dise\u00f1o y durabilidad.<\/p><h3>Especialistas en Dise\u00f1o, Fabricaci\u00f3n e Instalaci\u00f3n<\/h3><p>Nos dedicamos al dise\u00f1o, fabricaci\u00f3n, distribuci\u00f3n e instalaci\u00f3n de aparatos de calefacci\u00f3n y accesorios, adaptados a diferentes fuentes de energ\u00eda: gas, pellets, le\u00f1a, electricidad y bioetanol. Nuestra prioridad es ofrecer soluciones que a\u00fanen eficiencia energ\u00e9tica, sostenibilidad y dise\u00f1o atractivo.<\/p><h3>Productos Certificados y de Alta Calidad<\/h3><p>Todos nuestros productos \u2013desde las chimeneas de gas hasta las estufas de pellets y el\u00e9ctricas\u2013 cumplen con las normativas de calidad y seguridad vigentes. Las chimeneas de bioetanol, por ejemplo, no requieren instalaci\u00f3n de conductos de humos y son perfectas para calentar y decorar cualquier estancia.<\/p><p>Los quemadores de gas para interior o exterior crean ambientes c\u00e1lidos y acogedores durante todo el a\u00f1o.<\/p><h3>Barbacoas y Hornos de Gas o Le\u00f1a<\/h3><p>Si est\u00e1s buscando una barbacoa para disfrutar al aire libre, en nuestra tienda encontrar\u00e1s modelos de gas, le\u00f1a o pellets, disponibles tanto port\u00e1tiles como empotrables. Las barbacoas de gas destacan por su comodidad, rapidez y facilidad de uso, ideales para preparar tus recetas favoritas en cualquier estaci\u00f3n del a\u00f1o.<br \/>Estufas de Pellets: Eficiencia y Sostenibilidad<\/p><p>Las estufas de pellets son equipos de alta eficiencia que utilizan pellets de madera prensada como combustible. La combusti\u00f3n se realiza en una c\u00e1mara cerrada, distribuyendo el calor mediante turbinas y proporcionando una calefacci\u00f3n ecol\u00f3gica y econ\u00f3mica.<\/p><h3>Asesoramiento Personalizado<\/h3><p>Sabemos que elegir el sistema de calefacci\u00f3n adecuado puede generar dudas. Por eso, te invitamos a explorar nuestro cat\u00e1logo online o visitar nuestra exposici\u00f3n, y ponerte en contacto con nuestro equipo de especialistas para ayudarte a encontrar la mejor soluci\u00f3n seg\u00fan tus necesidades.<\/p>\t\t\t\t\t\t\t\t<\/div>\n\t\t\t\t<\/div>\n\t\t\t\t\t<\/div>\n\t\t\t\t<\/div>\n\t\t\t\t<\/div>\n\t\t","protected":false},"excerpt":{"rendered":"<p>Productos de Gas, El\u00e9ctricos, Le\u00f1a, Pellets y Bioetanol Productos de Gas, El\u00e9ctricos y Pellets \u2013 Chimeneas, Estufas y Calefacci\u00f3n Eficiente En Ambifuego, contamos con una amplia colecci\u00f3n de chimeneas, estufas y sistemas de calefacci\u00f3n alimentados por gas, electricidad, pellets, le\u00f1a y bioetanol. Inicialmente centrados en chimeneas y estufas tradicionales, hemos ampliado nuestra oferta con una [&hellip;]<\/p>\n","protected":false},"author":1,"featured_media":0,"parent":0,"menu_order":0,"comment_status":"closed","ping_status":"closed","template":"","meta":{"footnotes":""},"class_list":["post-14293","page","type-page","status-publish","hentry"],"_links":{"self":[{"href":"https:\/\/www.ambifuego.net\/es\/wp-json\/wp\/v2\/pages\/14293","targetHints":{"allow":["GET"]}}],"collection":[{"href":"https:\/\/www.ambifuego.net\/es\/wp-json\/wp\/v2\/pages"}],"about":[{"href":"https:\/\/www.ambifuego.net\/es\/wp-json\/wp\/v2\/types\/page"}],"author":[{"embeddable":true,"href":"https:\/\/www.ambifuego.net\/es\/wp-json\/wp\/v2\/users\/1"}],"replies":[{"embeddable":true,"href":"https:\/\/www.ambifuego.net\/es\/wp-json\/wp\/v2\/comments?post=14293"}],"version-history":[{"count":0,"href":"https:\/\/www.ambifuego.net\/es\/wp-json\/wp\/v2\/pages\/14293\/revisions"}],"wp:attachment":[{"href":"https:\/\/www.ambifuego.net\/es\/wp-json\/wp\/v2\/media?parent=14293"}],"curies":[{"name":"wp","href":"https:\/\/api.w.org\/{rel}","templated":true}]}}