{"id":14290,"date":"2017-09-14T10:42:58","date_gmt":"2017-09-14T10:42:58","guid":{"rendered":"https:\/\/www.ambifuego.net\/xtempx\/web17\/?page_id=14290"},"modified":"2025-09-26T20:51:08","modified_gmt":"2025-09-26T18:51:08","slug":"especialista-chimeneas-gas-electricas-nosotros","status":"publish","type":"page","link":"https:\/\/www.ambifuego.net\/es\/especialista-chimeneas-gas-electricas-nosotros\/","title":{"rendered":"Nosotros"},"content":{"rendered":"\t\t<div data-elementor-type=\"wp-page\" data-elementor-id=\"14290\" class=\"elementor elementor-14290\" data-elementor-post-type=\"page\">\n\t\t\t\t<div class=\"elementor-element elementor-element-01f1270 e-flex e-con-boxed e-con e-parent\" data-id=\"01f1270\" data-element_type=\"container\" data-e-type=\"container\" data-settings=\"{&quot;background_background&quot;:&quot;classic&quot;}\">\n\t\t\t\t\t<div class=\"e-con-inner\">\n\t\t\t\t<div class=\"elementor-element elementor-element-77a3360 elementor-arrows-position-inside elementor-pagination-position-outside elementor-widget elementor-widget-image-carousel\" data-id=\"77a3360\" data-element_type=\"widget\" data-e-type=\"widget\" data-settings=\"{&quot;slides_to_show&quot;:&quot;3&quot;,&quot;navigation&quot;:&quot;both&quot;,&quot;autoplay&quot;:&quot;yes&quot;,&quot;pause_on_hover&quot;:&quot;yes&quot;,&quot;pause_on_interaction&quot;:&quot;yes&quot;,&quot;autoplay_speed&quot;:5000,&quot;infinite&quot;:&quot;yes&quot;,&quot;speed&quot;:500}\" data-widget_type=\"image-carousel.default\">\n\t\t\t\t<div class=\"elementor-widget-container\">\n\t\t\t\t\t\t\t<div class=\"elementor-image-carousel-wrapper swiper\" role=\"region\" aria-roledescription=\"carousel\" aria-label=\"Carrusel de im\u00e1genes\" dir=\"ltr\">\n\t\t\t<div class=\"elementor-image-carousel swiper-wrapper\" aria-live=\"off\">\n\t\t\t\t\t\t\t\t<div class=\"swiper-slide\" role=\"group\" aria-roledescription=\"slide\" aria-label=\"1 de 5\"><figure class=\"swiper-slide-inner\"><img decoding=\"async\" class=\"swiper-slide-image\" src=\"https:\/\/www.ambifuego.net\/wp-content\/uploads\/2021\/12\/2017-10-23_optimized_optimized-400x295.jpg\" alt=\"chimenea electrica panoramica\" \/><\/figure><\/div><div class=\"swiper-slide\" role=\"group\" aria-roledescription=\"slide\" aria-label=\"2 de 5\"><figure class=\"swiper-slide-inner\"><img decoding=\"async\" class=\"swiper-slide-image\" src=\"https:\/\/www.ambifuego.net\/wp-content\/uploads\/2021\/12\/img_20211214_154337_optimized_optimized-400x295.jpg\" alt=\"img_20211214_154337_optimized_optimized\" \/><\/figure><\/div><div class=\"swiper-slide\" role=\"group\" aria-roledescription=\"slide\" aria-label=\"3 de 5\"><figure class=\"swiper-slide-inner\"><img decoding=\"async\" class=\"swiper-slide-image\" src=\"https:\/\/www.ambifuego.net\/wp-content\/uploads\/2021\/12\/2018-06-11-1_optimized-copia_optimized-400x295.jpg\" alt=\"2018-06-11-(1)_optimized---copia_optimized\" \/><\/figure><\/div><div class=\"swiper-slide\" role=\"group\" aria-roledescription=\"slide\" aria-label=\"4 de 5\"><figure class=\"swiper-slide-inner\"><img decoding=\"async\" class=\"swiper-slide-image\" src=\"https:\/\/www.ambifuego.net\/wp-content\/uploads\/2021\/12\/instalaciones_optimized_optimized-400x295.jpg\" alt=\"instalaciones_optimized_optimized\" \/><\/figure><\/div><div class=\"swiper-slide\" role=\"group\" aria-roledescription=\"slide\" aria-label=\"5 de 5\"><figure class=\"swiper-slide-inner\"><img decoding=\"async\" class=\"swiper-slide-image\" src=\"https:\/\/www.ambifuego.net\/wp-content\/uploads\/2021\/12\/2020-03-09-7_optimized_optimized-400x295.jpg\" alt=\"2020-03-09-(7)_optimized_optimized\" \/><\/figure><\/div>\t\t\t<\/div>\n\t\t\t\t\t\t\t\t\t\t\t\t<div class=\"elementor-swiper-button elementor-swiper-button-prev\" role=\"button\" tabindex=\"0\">\n\t\t\t\t\t\t<svg aria-hidden=\"true\" class=\"e-font-icon-svg e-eicon-chevron-left\" viewBox=\"0 0 1000 1000\" xmlns=\"http:\/\/www.w3.org\/2000\/svg\"><path d=\"M646 125C629 125 613 133 604 142L308 442C296 454 292 471 292 487 292 504 296 521 308 533L604 854C617 867 629 875 646 875 663 875 679 871 692 858 704 846 713 829 713 812 713 796 708 779 692 767L438 487 692 225C700 217 708 204 708 187 708 171 704 154 692 142 675 129 663 125 646 125Z\"><\/path><\/svg>\t\t\t\t\t<\/div>\n\t\t\t\t\t<div class=\"elementor-swiper-button elementor-swiper-button-next\" role=\"button\" tabindex=\"0\">\n\t\t\t\t\t\t<svg aria-hidden=\"true\" class=\"e-font-icon-svg e-eicon-chevron-right\" viewBox=\"0 0 1000 1000\" xmlns=\"http:\/\/www.w3.org\/2000\/svg\"><path d=\"M696 533C708 521 713 504 713 487 713 471 708 454 696 446L400 146C388 133 375 125 354 125 338 125 325 129 313 142 300 154 292 171 292 187 292 204 296 221 308 233L563 492 304 771C292 783 288 800 288 817 288 833 296 850 308 863 321 871 338 875 354 875 371 875 388 867 400 854L696 533Z\"><\/path><\/svg>\t\t\t\t\t<\/div>\n\t\t\t\t\n\t\t\t\t\t\t\t\t\t<div class=\"swiper-pagination\"><\/div>\n\t\t\t\t\t\t\t\t\t<\/div>\n\t\t\t\t\t\t<\/div>\n\t\t\t\t<\/div>\n\t\t\t\t<div class=\"elementor-element elementor-element-c74b8b3 elementor-widget elementor-widget-heading\" data-id=\"c74b8b3\" data-element_type=\"widget\" data-e-type=\"widget\" data-widget_type=\"heading.default\">\n\t\t\t\t<div class=\"elementor-widget-container\">\n\t\t\t\t\t<h1 class=\"elementor-heading-title elementor-size-default\">Nosotros<\/h1>\t\t\t\t<\/div>\n\t\t\t\t<\/div>\n\t\t\t\t<div class=\"elementor-element elementor-element-8ef056d elementor-widget-divider--view-line elementor-widget elementor-widget-divider\" data-id=\"8ef056d\" data-element_type=\"widget\" data-e-type=\"widget\" data-widget_type=\"divider.default\">\n\t\t\t\t<div class=\"elementor-widget-container\">\n\t\t\t\t\t\t\t<div class=\"elementor-divider\">\n\t\t\t<span class=\"elementor-divider-separator\">\n\t\t\t\t\t\t<\/span>\n\t\t<\/div>\n\t\t\t\t\t\t<\/div>\n\t\t\t\t<\/div>\n\t\t\t\t<div class=\"elementor-element elementor-element-c5270a4 elementor-widget elementor-widget-text-editor\" data-id=\"c5270a4\" data-element_type=\"widget\" data-e-type=\"widget\" data-widget_type=\"text-editor.default\">\n\t\t\t\t<div class=\"elementor-widget-container\">\n\t\t\t\t\t\t\t\t\t<h2 style=\"text-align: justify;\"><span style=\"font-size: 12pt; font-family: verdana, geneva, sans-serif;\">Fabricante de Chimeneas, tu Distribuidor de Confianza<\/span><\/h2><p style=\"text-align: justify;\"><span style=\"font-family: verdana, geneva, sans-serif;\">Ambifuego, especialista en chimeneas de gas y el\u00e9ctricas,\u00a0 inici\u00f3 su trayectoria empresarial en 1995.\u00a0 Al comienzo nuestro modelo de referencia era <em><strong>Sevilla <\/strong><\/em>chimenea abierta.\u00a0 En estos 28 a\u00f1os la compa\u00f1\u00eda ha desarrollado su actividad profesional sobre todo en el sector de la calefacci\u00f3n. Ahora nuestra colecci\u00f3n abarca chimeneas a gas, el\u00e9ctricas, pellets y muchos otros art\u00edculos varios.<\/span><\/p><h2 style=\"text-align: justify;\"><strong><span style=\"font-family: verdana, geneva, sans-serif; font-size: 12pt;\">Somos Especialistas Chimeneas Gas.\u00a0<\/span><\/strong><\/h2><p style=\"text-align: justify;\"><span style=\"font-family: verdana, geneva, sans-serif;\">Nuestro <strong>equipo de profesionales, <\/strong>claro est\u00e1, est\u00e1 siempre atento a las nuevas tendencias del sector. Por ello, nos preparamos para dar una respuesta de vanguardia a las necesidades de nuestros clientes.\u00a0<\/span><\/p><p style=\"text-align: justify;\"><span style=\"font-family: verdana, geneva, sans-serif;\">Ciertamente garantizamos la calidad de nuestros productos ya que son chimeneas fabricadas en Europa. Tienen que pasar controles de <strong>calidad<\/strong> para llegar al\u00a0 al cliente en perfectas condiciones. Adem\u00e1s<span style=\"text-align: justify;\"> de fabricante tambi\u00e9n somos importadores y <\/span><a style=\"text-align: justify;\" href=\"https:\/\/www.drufire.com\/int\/products\/dru\/maestro\/maestro-80-3-eco-wave\"><strong>distribuidores oficiales<\/strong>.<\/a> <\/span><\/p><p style=\"text-align: justify;\"><span style=\"font-family: verdana, geneva, sans-serif;\"><span style=\"text-align: justify;\">En nuestra exposici\u00f3n, de casi 1.200 metros cuadrados, puede admirar una gran colecci\u00f3n de productos. Probablemente, nuestra exposici\u00f3n de chimeneas de gas y el\u00e9ctricas es una de las m\u00e1s grandes de Europa<\/span><\/span><\/p><h2 style=\"text-align: justify;\"><span style=\"font-size: 12pt; font-family: verdana, geneva, sans-serif;\">Especialista chimeneas\u00a0 &#8211; Calidad e Inovaci\u00f3n &#8211; Gas &#8211; El\u00e9ctricas<\/span><\/h2><p style=\"text-align: justify;\"><span style=\"font-family: verdana, geneva, sans-serif;\">Especialista, chimeneas\u00a0 fabricadas en Europa, por lo tanto con los m\u00e1s rigurosos controles de calidad. Sobre todo intentamos ofrecer al consumidor un producto en perfectas condiciones. Como especialistas de chimeneas de gas y el\u00e9ctricas no dejamos incorporar nuevos\u00a0 productos.\u00a0 Por lo tanto, hemos ampliado nuestro cat\u00e1logo con chimeneas nuevas m\u00e1s eficientes. Adem\u00e1s de chimeneas, tamb\u00eden ofrecemos otros art\u00edculos a gas, como son las barbacoas, los pebeteros, las chimeneas de jard\u00edn, etc&#8230;<\/span><\/p><h3 style=\"text-align: justify;\"><span style=\"font-size: 12pt; font-family: verdana, geneva, sans-serif;\">Chimeneas gas el\u00e9ctricas &#8211; Distribuci\u00f3n &#8211; Especialistas<\/span><\/h3><p style=\"text-align: justify;\"><span style=\"font-family: verdana, geneva, sans-serif;\">Nuestros productos igualmente son distribuidos, a nivel nacional, por unos 250 profesionales. Claro est\u00e1, si lo desea podemos ayudarle y asesorarle.\u00a0 Cons\u00faltenos!<\/span><\/p>\t\t\t\t\t\t\t\t<\/div>\n\t\t\t\t<\/div>\n\t\t\t\t\t<\/div>\n\t\t\t\t<\/div>\n\t\t\t\t<\/div>\n\t\t","protected":false},"excerpt":{"rendered":"<p>Nosotros Fabricante de Chimeneas, tu Distribuidor de Confianza Ambifuego, especialista en chimeneas de gas y el\u00e9ctricas,\u00a0 inici\u00f3 su trayectoria empresarial en 1995.\u00a0 Al comienzo nuestro modelo de referencia era Sevilla chimenea abierta.\u00a0 En estos 28 a\u00f1os la compa\u00f1\u00eda ha desarrollado su actividad profesional sobre todo en el sector de la calefacci\u00f3n. Ahora nuestra colecci\u00f3n abarca [&hellip;]<\/p>\n","protected":false},"author":1,"featured_media":48110,"parent":0,"menu_order":0,"comment_status":"closed","ping_status":"closed","template":"","meta":{"footnotes":""},"class_list":["post-14290","page","type-page","status-publish","has-post-thumbnail","hentry"],"_links":{"self":[{"href":"https:\/\/www.ambifuego.net\/es\/wp-json\/wp\/v2\/pages\/14290","targetHints":{"allow":["GET"]}}],"collection":[{"href":"https:\/\/www.ambifuego.net\/es\/wp-json\/wp\/v2\/pages"}],"about":[{"href":"https:\/\/www.ambifuego.net\/es\/wp-json\/wp\/v2\/types\/page"}],"author":[{"embeddable":true,"href":"https:\/\/www.ambifuego.net\/es\/wp-json\/wp\/v2\/users\/1"}],"replies":[{"embeddable":true,"href":"https:\/\/www.ambifuego.net\/es\/wp-json\/wp\/v2\/comments?post=14290"}],"version-history":[{"count":0,"href":"https:\/\/www.ambifuego.net\/es\/wp-json\/wp\/v2\/pages\/14290\/revisions"}],"wp:featuredmedia":[{"embeddable":true,"href":"https:\/\/www.ambifuego.net\/es\/wp-json\/wp\/v2\/media\/48110"}],"wp:attachment":[{"href":"https:\/\/www.ambifuego.net\/es\/wp-json\/wp\/v2\/media?parent=14290"}],"curies":[{"name":"wp","href":"https:\/\/api.w.org\/{rel}","templated":true}]}}