{"id":17322,"date":"2017-09-21T15:12:50","date_gmt":"2017-09-21T15:12:50","guid":{"rendered":"https:\/\/www.ambifuego.net\/xtempx\/web17\/producto\/tregaron\/"},"modified":"2023-11-22T13:53:05","modified_gmt":"2023-11-22T12:53:05","slug":"cast-iron-fireplaces-antique","status":"publish","type":"product","link":"https:\/\/www.ambifuego.net\/en\/producto\/cast-iron-fireplaces-antique\/","title":{"rendered":"TENNYSSON"},"content":{"rendered":"<p><span style=\"font-family: verdana, geneva, sans-serif;\">Cast Iron Fireplaces antique wonderful finish on the <em>cast iron Tennyson<\/em><\/span><span style=\"font-family: verdana, geneva, sans-serif;\"><em>. <\/em><\/span><span style=\"font-family: verdana, geneva, sans-serif;\">Combination fire which provides a striking contrast that will create a beautiful feature in your home.\u00a0<\/span><\/p>\n<div class=\"wWOJcd\" tabindex=\"0\" role=\"button\" aria-controls=\"exacc_vFggY8IYvYv27w_So57YCg_4\" aria-expanded=\"true\" aria-labelledby=\"exacc_vFggY8IYvYv27w_So57YCg_3\">\n<div id=\"exacc_vFggY8IYvYv27w_So57YCg_3\" class=\"iDjcJe IX9Lgd wwB5gf\" aria-hidden=\"true\"><span style=\"font-family: verdana, geneva, sans-serif;\">What is a cast iron fireplace insert?<\/span><\/div>\n<div class=\"r21Kzd\" data-hveid=\"CFYQAQ\" data-ved=\"2ahUKEwjC5uqPxZH6AhW9hf0HHdKRB6sQuk56BAhWEAE\"><\/div>\n<\/div>\n<div id=\"exacc_vFggY8IYvYv27w_So57YCg_4\" class=\"MBtdbb\" data-ved=\"2ahUKEwjC5uqPxZH6AhW9hf0HHdKRB6sQ7NUEegQIVhAD\">\n<div class=\"ymu2Hb\">\n<div id=\"_vFggY8IYvYv27w_So57YCg_68\" class=\"t0bRye r2fjmd\" data-hveid=\"CFYQBA\" data-ved=\"2ahUKEwjC5uqPxZH6AhW9hf0HHdKRB6sQu04oAHoECFYQBA\">\n<div id=\"vFggY8IYvYv27w_So57YCg__57\">\n<div class=\"wDYxhc\" data-md=\"61\">\n<div class=\"LGOjhe\" role=\"heading\" data-attrid=\"wa:\/description\" aria-level=\"3\" data-hveid=\"CFMQAA\">\n<p><span class=\"ILfuVd\" lang=\"en\" style=\"font-family: verdana, geneva, sans-serif;\"><span class=\"ILfuVd\" lang=\"en\" style=\"font-family: verdana, geneva, sans-serif;\"><span class=\"hgKElc\">Cast Iron Fireplace Surrounds\u00a0<b>form a frame for the fireplace opening and provide a hanging mechanism for a coal grate or an electric convector fire<\/b>. They became popular in the mid-1800&#8217;s on coal burning fireplaces and remained in style until the <span style=\"font-family: verdana, geneva, sans-serif;\">1930&#8217;s.<\/span><\/span><\/span><\/span><\/p>\n<div class=\"wWOJcd\" tabindex=\"0\" role=\"button\" aria-controls=\"exacc_vFggY8IYvYv27w_So57YCg_6\" aria-expanded=\"true\" aria-labelledby=\"exacc_vFggY8IYvYv27w_So57YCg_5\">\n<div class=\"r21Kzd\" style=\"text-align: justify;\" data-hveid=\"CFwQAQ\" data-ved=\"2ahUKEwjC5uqPxZH6AhW9hf0HHdKRB6sQuk56BAhcEAE\"><span style=\"font-family: verdana, geneva, sans-serif;\">The traditional fireplace offers a nostalgic feel to any home. However, a cast iron wood burning stove is a much more efficient way to heat with wood. <b>Cast iron wood stoves can also be added to almost any home<\/b> while installing a fireplace usually requires expensive remodeling.<\/span><\/div>\n<\/div>\n<\/div>\n<\/div>\n<\/div>\n<\/div>\n<\/div>\n<\/div>\n<h2><span style=\"font-size: 14pt;\">Traditional and classic cast iron fireplaces antique<\/span><\/h2>\n<p style=\"text-align: justify;\"><span style=\"font-family: verdana, geneva, sans-serif;\">The Tennyson Cast Iron Fireplace consists of the Tennyson 36&#8243; cast iron combination fireplace with cast back. There are extensive hearth options alongside a gas fire burner, and electric fire or solid fuel kit for real fires.<\/span><\/p>\n<p style=\"text-align: justify;\"><span style=\"font-family: verdana, geneva, sans-serif;\">Inspired by Victorian fireplace design, the Tregaron is a combination fireplace decorated with Celtic scrollwork and geometric details. Combination fireplaces are single-piece units which do not require a separate mantel. They are popular for smaller rooms such as bedrooms, hallways or small lounges as they are narrower than the majority of fireplaces. The Gallery Tregaron fireplace is made from solid cast iron, with the finishing processes being carried by highly trained craftsmen.<\/span><\/p>\n<p style=\"text-align: justify;\"><span style=\"font-family: verdana, geneva, sans-serif;\"><strong>Features<\/strong><\/span><\/p>\n<ul>\n<li><span style=\"font-family: verdana, geneva, sans-serif;\">Cast iron Antique fireplace<\/span><\/li>\n<li><span style=\"font-family: verdana, geneva, sans-serif;\">Solid cast iron fireplace<\/span><\/li>\n<li><span style=\"font-family: verdana, geneva, sans-serif;\">Highlighted Finish<\/span><\/li>\n<li><span style=\"font-family: verdana, geneva, sans-serif;\">Ideal for period interiors<\/span><\/li>\n<li><span style=\"font-family: verdana, geneva, sans-serif;\">Extensive hearth choices<\/span><\/li>\n<li><span style=\"font-family: verdana, geneva, sans-serif;\">Decorative fireplace<\/span><\/li>\n<li><span style=\"font-family: verdana, geneva, sans-serif;\">Cast iron fireplace with hearth Wood \/ Gas \/ Electric<\/span><\/li>\n<li><span id=\"result_box\" class=\"\" lang=\"en\" style=\"font-family: verdana, geneva, sans-serif;\"><span class=\"\">Gas-option;\u00a0 with a gas burner LPG \/ Natural\u00a0 4,2 kW<\/span><br \/>\n<\/span><\/li>\n<li><span style=\"font-family: verdana, geneva, sans-serif;\"><span id=\"result_box\" class=\"\" lang=\"en\">Cast iron fireplace with pretty Celtic-inspired pattern\u00a0<\/span><span id=\"result_box\" class=\"\" lang=\"en\"><br \/>\n<\/span><\/span><\/li>\n<li><span class=\"\" lang=\"en\" style=\"font-family: verdana, geneva, sans-serif;\"><span class=\"\" lang=\"en\">Easy installation with wooden, stone or marble recess\u00a0<\/span><\/span><\/li>\n<li><span style=\"font-family: verdana, geneva, sans-serif;\"><a href=\"https:\/\/flameritefires.com\/en\/product-category\/fires\/fire-fitting\/hearth-inset-fires\/\" target=\"_blank\" rel=\"noopener\">Example antique fire electric<\/a><\/span><\/li>\n<li><span style=\"font-family: verdana, geneva, sans-serif;\">Price <a href=\"https:\/\/www.ambifuego.net\/en\/contact\/\" target=\"_blank\" rel=\"noopener\">on request<\/a><\/span><\/li>\n<\/ul>\n","protected":false},"excerpt":{"rendered":"[caption id=\"attachment_57162\" align=\"alignnone\" width=\"454\"]<img fetchpriority=\"high\" decoding=\"async\" class=\"size-full wp-image-57162\" src=\"https:\/\/www.ambifuego.net\/wp-content\/uploads\/2017\/09\/tennyson-cast-electrico-efecto-lenos_optimized.jpg\" alt=\"carbones-chimeneas el\u00e9ctrica clasica inglesa- tennyson\" width=\"454\" height=\"380\" srcset=\"https:\/\/www.ambifuego.net\/wp-content\/uploads\/2017\/09\/tennyson-cast-electrico-efecto-lenos_optimized.jpg 454w, https:\/\/www.ambifuego.net\/wp-content\/uploads\/2017\/09\/tennyson-cast-electrico-efecto-lenos_optimized-323x270.jpg 323w\" sizes=\"(max-width: 454px) 100vw, 454px\" \/> chimeneas el\u00e9ctrica cl\u00e1sica inglesa &#8211; efecto le\u00f1os[\/caption]\n","protected":false},"featured_media":57150,"template":"","meta":[],"product_brand":[],"product_cat":[334,514],"product_tag":[],"class_list":{"0":"post-17322","1":"product","2":"type-product","3":"status-publish","4":"has-post-thumbnail","6":"product_cat-high-quality-electric-fireplace","7":"product_cat-antique-cast-fireplaces-insert","9":"first","10":"instock","11":"shipping-taxable","12":"product-type-simple"},"_links":{"self":[{"href":"https:\/\/www.ambifuego.net\/en\/wp-json\/wp\/v2\/product\/17322","targetHints":{"allow":["GET"]}}],"collection":[{"href":"https:\/\/www.ambifuego.net\/en\/wp-json\/wp\/v2\/product"}],"about":[{"href":"https:\/\/www.ambifuego.net\/en\/wp-json\/wp\/v2\/types\/product"}],"version-history":[{"count":0,"href":"https:\/\/www.ambifuego.net\/en\/wp-json\/wp\/v2\/product\/17322\/revisions"}],"wp:featuredmedia":[{"embeddable":true,"href":"https:\/\/www.ambifuego.net\/en\/wp-json\/wp\/v2\/media\/57150"}],"wp:attachment":[{"href":"https:\/\/www.ambifuego.net\/en\/wp-json\/wp\/v2\/media?parent=17322"}],"wp:term":[{"taxonomy":"product_brand","embeddable":true,"href":"https:\/\/www.ambifuego.net\/en\/wp-json\/wp\/v2\/product_brand?post=17322"},{"taxonomy":"product_cat","embeddable":true,"href":"https:\/\/www.ambifuego.net\/en\/wp-json\/wp\/v2\/product_cat?post=17322"},{"taxonomy":"product_tag","embeddable":true,"href":"https:\/\/www.ambifuego.net\/en\/wp-json\/wp\/v2\/product_tag?post=17322"}],"curies":[{"name":"wp","href":"https:\/\/api.w.org\/{rel}","templated":true}]}}