{"id":77711,"date":"2025-09-11T12:15:32","date_gmt":"2025-09-11T10:15:32","guid":{"rendered":"https:\/\/www.ambifuego.net\/producto\/eck-gaskamin-80-ed\/"},"modified":"2025-09-11T13:15:40","modified_gmt":"2025-09-11T11:15:40","slug":"eck-gaskamin-80-ed","status":"publish","type":"product","link":"https:\/\/www.ambifuego.net\/de\/producto\/eck-gaskamin-80-ed\/","title":{"rendered":"ECK-GASKAMIN &#8211; 80 ED"},"content":{"rendered":"<h3><span style=\"font-family: verdana, geneva, sans-serif;\">Zweiseitiger Eckkamin mit klarem und raffiniertem Design. <\/span><\/h3>\n<p><span style=\"font-family: verdana, geneva, sans-serif;\">Eck-Gaskamin 80 ED, una chimeneas de gas insertable para instalar en chimenea existente o de nueva construcci\u00f3n. Este modelo combina todas las ventajas de las <a href=\"https:\/\/www.ambifuego.net\/de\/articulos\/gas-kamine-oefen-heizkoerper\/\" target=\"_blank\" rel=\"noopener\">chimeneas<\/a> tradicionales con la ventaja y comodidad de usar gas como combustible. La chimenea durante su funcionamiento no deja ni polvo ni cenizas. S\u00f3lo requiere un mantenimiento al final de la temporada. Olv\u00eddese de limpiar todos los d\u00edas las cenizas, el holl\u00edn del cristal, los humos y el acarrear le\u00f1a. <\/span><\/p>\n<div class='yrm-content yrm-content-1 yrm-content-hide  ' id='yrm-6T5EP' data-id='1' data-show-status='false' data-after-action='' style=\"visibility: hidden;height: 0;\">\n\t\t\t<div id='yrm-inner-content-yrm-6T5EP' class='yrm-inner-content-wrapper yrm-cntent-1'><\/p>\n<p><span style=\"font-family: verdana, geneva, sans-serif;\">Dieser Kamin ist ein wahres Schmuckst\u00fcck f\u00fcr alle, die Wert auf W\u00e4rme und Stil in ihrem Zuhause legen. Sein innovatives Eckdesign bietet einen spektakul\u00e4ren Blick aus verschiedenen Winkeln und schafft eine gem\u00fctliche Atmosph\u00e4re, die zum Entspannen und Plaudern einl\u00e4dt. <\/span><\/p>\n<p><span style=\"font-family: verdana, geneva, sans-serif;\">Son una <a href=\"https:\/\/vimeo.com\/ambifuego\" target=\"_blank\" rel=\"noopener\">soluci\u00f3n elegante y moderna<\/a> para aquellas personas que valoran el confort de uso. Su dise\u00f1o simple y sublime se adapta a cualquier tipo de interior, tanto moderno como cl\u00e1sico de tama\u00f1o mediano con salida de humos estanca. <\/span><\/p>\n<h3>Eck-Gaskamin 80 effizienter, eleganter, modern &#8230;<\/h3>\n<p><span style=\"font-family: verdana, geneva, sans-serif;\">Das Modell 80 ist mit dem Eco Wave-System, einem Gassparer und einem zickzackf\u00f6rmigen Brenner ausgestattet, der die Flammen und das Feuer \u00fcber die gesamte Breite und Tiefe des Kamins verteilt. Der resultierende Flammeneffekt ist viel st\u00e4rker als bei herk\u00f6mmlichen Gaskaminen. <\/span><\/p>\n<p><span style=\"font-family: verdana, geneva, sans-serif;\">Die Innenverkleidung kann aus Ceraglass bestehen, das einen modernen und langlebigen Touch verleiht und f\u00fcr einen spiegelnden Effekt der Flammen sorgt. Dieses Material reflektiert nicht nur die Flammen, sondern ist auch pflegeleicht, sodass Sie Ihren Kamin viele Jahre lang problemlos genie\u00dfen k\u00f6nnen. <\/span><\/p>\n<p><\/div>\n\t\t<\/div><div class='yrm-btn-wrapper yrm-btn-wrapper-1 yrm-more-button-wrapper  '\n\t\tdata-custom-more-class-name='' data-custom-less-class-name=''><span title='' data-less-title='' data-more-title='' class='yrm-toggle-expand  yrm-toggle-expand-1 ' data-rel='yrm-6T5EP' data-more='Weiterlesen ' data-less='Schliessen'><span class='yrm-text-wrapper yrm-text-wrapper-custom-dimensions'><span class=\"yrm-button-text-1 yrm-button-text-span\">Weiterlesen <\/span><\/span><\/span><\/div>\n<p>&nbsp;<\/p>\n<p>&nbsp;<\/p>\n","protected":false},"excerpt":{"rendered":"<p><span style=\"font-family: verdana, geneva, sans-serif;\">Dieser Kamin ist ein wundersch\u00f6nes, 80 Zentimeter breites Einbaumodell. Der Brennerbett besticht durch gro\u00dfe, rustikale Holzscheite und realistische, hoch aufragende Flammen. Ausgestattet mit dem Eco Wave-System, das Gas spart, ohne auf die Sch\u00f6nheit des Feuers zu verzichten. <\/span><\/p>\n<p>&nbsp;<\/p>\n","protected":false},"featured_media":77653,"template":"","meta":[],"product_brand":[],"product_cat":[554],"product_tag":[],"class_list":{"0":"post-77711","1":"product","2":"type-product","3":"status-publish","4":"has-post-thumbnail","6":"product_cat-eck-gas-kamine","8":"first","9":"instock","10":"shipping-taxable","11":"product-type-simple"},"_links":{"self":[{"href":"https:\/\/www.ambifuego.net\/de\/wp-json\/wp\/v2\/product\/77711","targetHints":{"allow":["GET"]}}],"collection":[{"href":"https:\/\/www.ambifuego.net\/de\/wp-json\/wp\/v2\/product"}],"about":[{"href":"https:\/\/www.ambifuego.net\/de\/wp-json\/wp\/v2\/types\/product"}],"version-history":[{"count":0,"href":"https:\/\/www.ambifuego.net\/de\/wp-json\/wp\/v2\/product\/77711\/revisions"}],"wp:featuredmedia":[{"embeddable":true,"href":"https:\/\/www.ambifuego.net\/de\/wp-json\/wp\/v2\/media\/77653"}],"wp:attachment":[{"href":"https:\/\/www.ambifuego.net\/de\/wp-json\/wp\/v2\/media?parent=77711"}],"wp:term":[{"taxonomy":"product_brand","embeddable":true,"href":"https:\/\/www.ambifuego.net\/de\/wp-json\/wp\/v2\/product_brand?post=77711"},{"taxonomy":"product_cat","embeddable":true,"href":"https:\/\/www.ambifuego.net\/de\/wp-json\/wp\/v2\/product_cat?post=77711"},{"taxonomy":"product_tag","embeddable":true,"href":"https:\/\/www.ambifuego.net\/de\/wp-json\/wp\/v2\/product_tag?post=77711"}],"curies":[{"name":"wp","href":"https:\/\/api.w.org\/{rel}","templated":true}]}}