{"id":77658,"date":"2025-09-09T12:05:46","date_gmt":"2025-09-09T10:05:46","guid":{"rendered":"https:\/\/www.ambifuego.net\/producto\/eck-gaskamin-60-md\/"},"modified":"2025-09-10T14:24:10","modified_gmt":"2025-09-10T12:24:10","slug":"eck-gaskamin-60md","status":"publish","type":"product","link":"https:\/\/www.ambifuego.net\/de\/producto\/eck-gaskamin-60md\/","title":{"rendered":"ECK- GASKAMIN &#8211; 60 MD"},"content":{"rendered":"<h2><span style=\"font-family: verdana, geneva, sans-serif;\">Doppelseitiger Eckkamin, Ambiente, W\u00e4rme und Komfort das ganze Jahr \u00fcber.<\/span><\/h2>\n<p><span style=\"font-family: verdana, geneva, sans-serif;\">Zwei-Seitiger Eckkamin 60MD, mit hohen Glasscheiben f\u00fcr einen perfekten Blick auf die sch\u00f6nen Flammen. Dieser moderne Gaskamin verf\u00fcgt au\u00dferdem \u00fcber die exklusive Summerlighting-Funktion (LED-Leuchten unter dem Brenner erzeugen gl\u00fchende Glut) f\u00fcr ganzj\u00e4hriges Ambiente und sorgt f\u00fcr W\u00e4rme und Behaglichkeit. Dieser<a href=\"https:\/\/vimeo.com\/ambifuego\" target=\"_blank\" rel=\"noopener\"> beeindruckende, Gaskamin <\/a>verf\u00fcgt \u00fcber ein robustes Gasbrenner, Brennbett, hohe Gasflamme und ein LED-Flammen-Glut-Muster \u2013 perfekt f\u00fcr die Abende in der \u00dcbergangszeit. <\/span><\/p>\n<p><span style=\"font-family: verdana, geneva, sans-serif;\"><div class='yrm-content yrm-content-1 yrm-content-hide  ' id='yrm-Dcy08' data-id='1' data-show-status='false' data-after-action='' style=\"visibility: hidden;height: 0;\">\n\t\t\t<div id='yrm-inner-content-yrm-Dcy08' class='yrm-inner-content-wrapper yrm-cntent-1'><\/span><\/p>\n<h3><span style=\"font-family: verdana, geneva, sans-serif;\">Zwei-Seitiger Eckkamin 60MD, perfekt f\u00fcr jeden Raum.<\/span><\/h3>\n<p><span style=\"font-family: verdana, geneva, sans-serif;\">Zwei-Seitiger Eckkamin mit einer Feuerdekoration ist ein Meisterwerk f\u00fcr sich. Die sorgf\u00e4ltig gefertigten Keramikscheite imitieren die Optik von Naturholz und erzeugen eine Illusion von Authentizit\u00e4t, die an traditionelle, rustikale H\u00e4user erinnert. Dekorative Steine \u200b\u200bverleihen dem Feuer Textur und Farbe und bereichern das visuelle Erlebnis, w\u00e4hrend die Flammen darin tanzen. Die Kombination aus Feuer und diesen Elementen schafft ein faszinierendes Schauspiel, das zum Entspannen und Genie\u00dfen unvergesslicher Momente mit Familie und Freunden einl\u00e4dt. <\/span><\/p>\n<p><span style=\"font-family: verdana, geneva, sans-serif;\">Der Kamin ist f\u00fcr den Betrieb mit Propan oder Erdgas erh\u00e4ltlich. So k\u00f6nnen Sie ihn individuell an Ihre Bed\u00fcrfnisse anpassen und die bequemste und effizienteste Variante w\u00e4hlen. Egal f\u00fcr welche Variante Sie sich entscheiden, der horizontale Kamin verspricht sofortige W\u00e4rme und eine gem\u00fctliche Atmosph\u00e4re. <\/span><\/p>\n<p><span style=\"font-family: verdana, geneva, sans-serif;\">Kurz gesagt: Dieser Kamin ist nicht nur ein Heizsystem; er ist ein Statement von Stil und Komfort, das die Sch\u00f6nheit des Raumes unterstreicht, in dem er sich befindet. Mit seinem anspruchsvollen Design und seiner au\u00dfergew\u00f6hnlichen Funktionalit\u00e4t ist er die ideale Erg\u00e4nzung f\u00fcr gro\u00dfe R\u00e4ume und verleiht ihnen eine warme, heimelige Note. <\/span><\/p>\n<p><span style=\"font-family: verdana, geneva, sans-serif;\">F\u00fcr weitere personalisierte Informationen fordern Sie diese bitte an, <a href=\"https:\/\/www.ambifuego.net\/de\/kontakt\/\" target=\"_blank\" rel=\"noopener\">indem Sie hier klicken<\/a>.<\/span><\/p>\n<p><span style=\"font-family: verdana, geneva, sans-serif;\"><\/div>\n\t\t<\/div><div class='yrm-btn-wrapper yrm-btn-wrapper-1 yrm-more-button-wrapper  '\n\t\tdata-custom-more-class-name='' data-custom-less-class-name=''><span title='' data-less-title='' data-more-title='' class='yrm-toggle-expand  yrm-toggle-expand-1 ' data-rel='yrm-Dcy08' data-more='Weiterlesen ' data-less='Schliessen'><span class='yrm-text-wrapper yrm-text-wrapper-custom-dimensions'><span class=\"yrm-button-text-1 yrm-button-text-span\">Weiterlesen <\/span><\/span><\/span><\/div><\/span><\/p>\n","protected":false},"excerpt":{"rendered":"<p>Eck-Gaskamin mit weitem Blick auf die sch\u00f6nen Flammen<\/p>\n","protected":false},"featured_media":77491,"template":"","meta":[],"product_brand":[],"product_cat":[554],"product_tag":[],"class_list":{"0":"post-77658","1":"product","2":"type-product","3":"status-publish","4":"has-post-thumbnail","6":"product_cat-eck-gas-kamine","8":"first","9":"instock","10":"shipping-taxable","11":"product-type-simple"},"_links":{"self":[{"href":"https:\/\/www.ambifuego.net\/de\/wp-json\/wp\/v2\/product\/77658","targetHints":{"allow":["GET"]}}],"collection":[{"href":"https:\/\/www.ambifuego.net\/de\/wp-json\/wp\/v2\/product"}],"about":[{"href":"https:\/\/www.ambifuego.net\/de\/wp-json\/wp\/v2\/types\/product"}],"version-history":[{"count":0,"href":"https:\/\/www.ambifuego.net\/de\/wp-json\/wp\/v2\/product\/77658\/revisions"}],"wp:featuredmedia":[{"embeddable":true,"href":"https:\/\/www.ambifuego.net\/de\/wp-json\/wp\/v2\/media\/77491"}],"wp:attachment":[{"href":"https:\/\/www.ambifuego.net\/de\/wp-json\/wp\/v2\/media?parent=77658"}],"wp:term":[{"taxonomy":"product_brand","embeddable":true,"href":"https:\/\/www.ambifuego.net\/de\/wp-json\/wp\/v2\/product_brand?post=77658"},{"taxonomy":"product_cat","embeddable":true,"href":"https:\/\/www.ambifuego.net\/de\/wp-json\/wp\/v2\/product_cat?post=77658"},{"taxonomy":"product_tag","embeddable":true,"href":"https:\/\/www.ambifuego.net\/de\/wp-json\/wp\/v2\/product_tag?post=77658"}],"curies":[{"name":"wp","href":"https:\/\/api.w.org\/{rel}","templated":true}]}}