{"id":77286,"date":"2025-08-22T12:47:19","date_gmt":"2025-08-22T10:47:19","guid":{"rendered":"https:\/\/www.ambifuego.net\/producto\/einsigartiger-gaskamin-1000xtl-d\/"},"modified":"2025-08-22T13:39:46","modified_gmt":"2025-08-22T11:39:46","slug":"einsigartiger-gaskamin-1000xtl-d","status":"publish","type":"product","link":"https:\/\/www.ambifuego.net\/de\/producto\/einsigartiger-gaskamin-1000xtl-d\/","title":{"rendered":"EINSIGARTIGER GASKAMIN 1000XTL D"},"content":{"rendered":"<h2>Einsigartiger Gaskamin als Raumtrenner mit drei Sichtseiten<\/h2>\n<p>EINSIGARTIGER GASKAMIN 1000 ist ein luxuri\u00f6ser 3-seitiger, rahmenloser Gaskamin, der eine Kreuzung zwischen einem Tunnel- und einem Eckkamin darstellt. Dieser Kamin mit der Auswahl zwischen Brennebenen mit Scheiten oder Kieseln wurde entwickelt, um in einem Raumteiler installiert zu werden, sodass er von beiden Seiten sichtbar ist und sowohl eine W\u00e4rmequelle als auch einen interessanten architektonischen Blickfang darstellt.<\/p>\n<p>Die optisch wohl reizvollste Variante des EINSIGARTIGER GASKAMIN 1000 XL D\u00a0 Kamin erm\u00f6glichen eine freie <a href=\"https:\/\/vimeo.com\/ambifuego\" target=\"_blank\" rel=\"noopener\">Sicht<\/a> auf das Feuer von drei Seiten. Das ultimative Feuererlebnis- ideal als Raumtrenner oder als w\u00e4rmearchitektonisches Highlight in Ihrem wohnraum.<\/p>\n<p>Der <a href=\"https:\/\/www.ambifuego.net\/de\/articulos\/gas-kamine-oefen-heizkoerper\/\" target=\"_blank\" rel=\"noopener\">Kamin<\/a> kann mit Propan oder Erdgass betreiben werden.<\/p>\n<h3>Feuererlebnis, frei Sicht auf 3 Seiten.<\/h3>\n<p>Genie\u00dfen Sie in diesen Wintern\u00e4chten das gesamte Feuer und nutzen Sie weitere verf\u00fcgbare Optionen wie Panorama-Gaskamine.<\/p>\n<p>Holen Sie sich den einzigartigen Gas Kamin f\u00fcr Ihr Zuhause! Ideal als Raumteiler mit geschlossener Verbrennung und dekorativen Details mit Holz Imitate aus Keramik oder Steine.<\/p>\n<p>&nbsp;<\/p>\n","protected":false},"excerpt":{"rendered":"<p><span style=\"font-size: 14pt;\">Suchen Sie einen einzigartigen Gas Kamin? Unser Modell mit geschlossener Verbrennung und eleganter Holz- oder Steine dekoration bringt Stil und Gem\u00fctlichkeit ins Haus.<\/span><\/p>\n","protected":false},"featured_media":80876,"template":"","meta":[],"product_brand":[],"product_cat":[560,561],"product_tag":[],"class_list":{"0":"post-77286","1":"product","2":"type-product","3":"status-publish","4":"has-post-thumbnail","6":"product_cat-4-seitige-kamine","7":"product_cat-raumtrenner","9":"first","10":"instock","11":"shipping-taxable","12":"product-type-simple"},"_links":{"self":[{"href":"https:\/\/www.ambifuego.net\/de\/wp-json\/wp\/v2\/product\/77286","targetHints":{"allow":["GET"]}}],"collection":[{"href":"https:\/\/www.ambifuego.net\/de\/wp-json\/wp\/v2\/product"}],"about":[{"href":"https:\/\/www.ambifuego.net\/de\/wp-json\/wp\/v2\/types\/product"}],"version-history":[{"count":0,"href":"https:\/\/www.ambifuego.net\/de\/wp-json\/wp\/v2\/product\/77286\/revisions"}],"wp:featuredmedia":[{"embeddable":true,"href":"https:\/\/www.ambifuego.net\/de\/wp-json\/wp\/v2\/media\/80876"}],"wp:attachment":[{"href":"https:\/\/www.ambifuego.net\/de\/wp-json\/wp\/v2\/media?parent=77286"}],"wp:term":[{"taxonomy":"product_brand","embeddable":true,"href":"https:\/\/www.ambifuego.net\/de\/wp-json\/wp\/v2\/product_brand?post=77286"},{"taxonomy":"product_cat","embeddable":true,"href":"https:\/\/www.ambifuego.net\/de\/wp-json\/wp\/v2\/product_cat?post=77286"},{"taxonomy":"product_tag","embeddable":true,"href":"https:\/\/www.ambifuego.net\/de\/wp-json\/wp\/v2\/product_tag?post=77286"}],"curies":[{"name":"wp","href":"https:\/\/api.w.org\/{rel}","templated":true}]}}