{"id":77156,"date":"2025-08-20T10:40:21","date_gmt":"2025-08-20T08:40:21","guid":{"rendered":"https:\/\/www.ambifuego.net\/producto\/breiter-ansicht-130-am\/"},"modified":"2025-08-20T12:53:35","modified_gmt":"2025-08-20T10:53:35","slug":"breiter-hoher-ansicht-130-am","status":"publish","type":"product","link":"https:\/\/www.ambifuego.net\/de\/producto\/breiter-hoher-ansicht-130-am\/","title":{"rendered":"BREITER ANSICHT 130 AM"},"content":{"rendered":"<h2><span style=\"font-family: verdana, geneva, sans-serif; font-size: 14pt;\">Breiter Ansicht Gaskamine, highlight Ihres Wohnraum.<\/span><\/h2>\n<p><span style=\"font-family: verdana, geneva, sans-serif;\">Breiter Hoher Ansicht Kamin, perfekt f\u00fcr jeden Raum, unsich zu entspannen und Ihre Probleme zu vergessen.<\/span><\/p>\n<p><span style=\"font-family: verdana, geneva, sans-serif;\">Gro\u00dfe Kamine mit horizontaler Sicht erm\u00f6glichen Ihnen, das Feuer in seiner ganzen Pracht zu genie\u00dfen. Die gro\u00dfen Holzscheite und der <a href=\"https:\/\/vimeo.com\/ambifuego\" target=\"_blank\" rel=\"noopener\">wundersch\u00f6ne Blick auf die Flamme<\/a>n machen diesen Kamin zur idealen Wahl f\u00fcr gro\u00dfe R\u00e4ume. Egal, wo dieser Kamin steht, er wird mit Sicherheit als Blickfang mit gro\u00dfer Sch\u00f6nheit und Eleganz f\u00fcr Aufsehen sorgen.<\/span><\/p>\n<div class='yrm-content yrm-content-1 yrm-content-hide  ' id='yrm-TLRAQ' data-id='1' data-show-status='false' data-after-action='' style=\"visibility: hidden;height: 0;\">\n\t\t\t<div id='yrm-inner-content-yrm-TLRAQ' class='yrm-inner-content-wrapper yrm-cntent-1'><\/p>\n<h3><span style=\"font-family: verdana, geneva, sans-serif;\">Breiter Hoher Ansicht Kamin, gem\u00fctliches und behagliches Flammenspiel.<\/span><\/h3>\n<p><span style=\"font-family: verdana, geneva, sans-serif;\"> Dank des abgedichteten Rauchabzugs l\u00e4sst er sich einfach installieren. So kann das abgedichtete Rohr von der Au\u00dfenwand entfernt werden, sodass Sie nicht auf das Dach klettern m\u00fcssen. Mit gro\u00dfen Gaskaminen genie\u00dfen Sie au\u00dferdem stets ein zeitlos sch\u00f6nes Flammenbild.<\/span><\/p>\n<p><span style=\"font-family: verdana, geneva, sans-serif;\">Steuerung und Regelung des Breiter Hoher Ansicht Kamin mit <a href=\"https:\/\/www.ambifuego.net\/de\/articulos\/ihr-spezialist-fuer-elektrokamine\/elektrokamin-manufaktur-panoramakamin-spanien\/\" target=\"_blank\" rel=\"noopener\">gro\u00dfer horizontaler<\/a> Sichtscheibe ist einfach mit einer Fernbedienung. Brennerbett mit EcoGlow effekt (Leds) die brennende Glut imitieren.<\/span><br \/>\n<span style=\"font-family: verdana, geneva, sans-serif;\">Dieser gro\u00dfe Kamin mit horizontaler Sichtscheibe ist per Fernbedienung einstellbar. H\u00f6he, Brenndauer und sogar das Flammenbild lassen sich bei diesem Modell steuern. Wenn Sie also einen auff\u00e4lligen Kamin w\u00fcnschen, kein Problem; wir haben mehrere Optionen f\u00fcr Sie, und dieses Modell ist eines der spektakul\u00e4rsten. Ein besonderes Merkmal dieser Kamine ist die gro\u00dfe Glasfront, die einen un\u00fcbertroffenen Blick auf das Feuer erm\u00f6glicht. Dank seiner Technologie ist dieser Kamin sehr energieeffizient und umweltfreundlich.<\/span><\/p>\n<p><\/div>\n\t\t<\/div><div class='yrm-btn-wrapper yrm-btn-wrapper-1 yrm-more-button-wrapper  '\n\t\tdata-custom-more-class-name='' data-custom-less-class-name=''><span title='' data-less-title='' data-more-title='' class='yrm-toggle-expand  yrm-toggle-expand-1 ' data-rel='yrm-TLRAQ' data-more='Weiterlesen ' data-less='Schliessen'><span class='yrm-text-wrapper yrm-text-wrapper-custom-dimensions'><span class=\"yrm-button-text-1 yrm-button-text-span\">Weiterlesen <\/span><\/span><\/span><\/div>\n","protected":false},"excerpt":{"rendered":"<p><span style=\"font-size: 14pt; font-family: verdana, geneva, sans-serif;\">Genie\u00dfen Sie das Feuer und den Tanz der Flammen in seiner ganzen Ausdehnung, etwas Vergleichbares gibt es auf dem Markt nicht.<\/span><\/p>\n","protected":false},"featured_media":79559,"template":"","meta":[],"product_brand":[],"product_cat":[544],"product_tag":[],"class_list":{"0":"post-77156","1":"product","2":"type-product","3":"status-publish","4":"has-post-thumbnail","6":"product_cat-groser-breiter-ansicht-gaskamin","8":"first","9":"instock","10":"shipping-taxable","11":"product-type-simple"},"_links":{"self":[{"href":"https:\/\/www.ambifuego.net\/de\/wp-json\/wp\/v2\/product\/77156","targetHints":{"allow":["GET"]}}],"collection":[{"href":"https:\/\/www.ambifuego.net\/de\/wp-json\/wp\/v2\/product"}],"about":[{"href":"https:\/\/www.ambifuego.net\/de\/wp-json\/wp\/v2\/types\/product"}],"version-history":[{"count":0,"href":"https:\/\/www.ambifuego.net\/de\/wp-json\/wp\/v2\/product\/77156\/revisions"}],"wp:featuredmedia":[{"embeddable":true,"href":"https:\/\/www.ambifuego.net\/de\/wp-json\/wp\/v2\/media\/79559"}],"wp:attachment":[{"href":"https:\/\/www.ambifuego.net\/de\/wp-json\/wp\/v2\/media?parent=77156"}],"wp:term":[{"taxonomy":"product_brand","embeddable":true,"href":"https:\/\/www.ambifuego.net\/de\/wp-json\/wp\/v2\/product_brand?post=77156"},{"taxonomy":"product_cat","embeddable":true,"href":"https:\/\/www.ambifuego.net\/de\/wp-json\/wp\/v2\/product_cat?post=77156"},{"taxonomy":"product_tag","embeddable":true,"href":"https:\/\/www.ambifuego.net\/de\/wp-json\/wp\/v2\/product_tag?post=77156"}],"curies":[{"name":"wp","href":"https:\/\/api.w.org\/{rel}","templated":true}]}}