{"id":77139,"date":"2025-07-22T13:33:06","date_gmt":"2025-07-22T11:33:06","guid":{"rendered":"https:\/\/www.ambifuego.net\/producto\/vertical-large-gas-fire\/"},"modified":"2025-08-19T15:39:59","modified_gmt":"2025-08-19T13:39:59","slug":"breiter-ansicht-vertikaler-gaskamin","status":"publish","type":"product","link":"https:\/\/www.ambifuego.net\/de\/producto\/breiter-ansicht-vertikaler-gaskamin\/","title":{"rendered":"BREITER ANSICHT 75 MD XL"},"content":{"rendered":"<h2><span style=\"font-family: verdana, geneva, sans-serif; font-size: 14pt;\">Breiter Ansicht Vertikaler Gaskamin-Moderne und elegante R\u00e4ume.<\/span><\/h2>\n<p><span style=\"font-family: verdana, geneva, sans-serif;\">Vertikaler Gro\u00dfsichtkamin mit sehr hoher Glasfront.<\/span><\/p>\n<p><span style=\"font-family: verdana, geneva, sans-serif;\">Der Gaskamin Vertical 75 Tall besticht durch seine zeitlose Eleganz. Feuerh\u00f6he und W\u00e4rmeleistung lassen sich individuell regulieren. Sein besonderes Merkmal ist die hohe, breite Front, die es Ihnen erm\u00f6glicht, das Feuer von \u00fcberall im Raum zu genie\u00dfen.<\/span><\/p>\n<p><span style=\"font-family: verdana, geneva, sans-serif;\">Wo auch immer Sie ihn platzieren, dieses Modell wird mit seiner prachtvollen Sch\u00f6nheit, Eleganz und Bewunderung die Blicke auf sich ziehen. F\u00fcr weitere Informationen <a href=\"https:\/\/www.ambifuego.net\/de\/kontakt\/\" target=\"_blank\" rel=\"noopener\">klicken Sie bitte hier.<\/a><\/span><\/p>\n<div class='yrm-content yrm-content-1 yrm-content-hide  ' id='yrm-naq9m' data-id='1' data-show-status='false' data-after-action='' style=\"visibility: hidden;height: 0;\">\n\t\t\t<div id='yrm-inner-content-yrm-naq9m' class='yrm-inner-content-wrapper yrm-cntent-1'><\/p>\n<h3><span style=\"font-family: verdana, geneva, sans-serif;\">Vertikaler Kamin mit stilvollem Design und Komfort.<\/span><\/h3>\n<p><span style=\"font-family: verdana, geneva, sans-serif;\">Der vertikale Gaskamin 75 MD XL verf\u00fcgt \u00fcber das Eco Wave-System, mit dem Sie das Flammenbild anpassen und ein endloses Feuerspektakel genie\u00dfen k\u00f6nnen. Feuerh\u00f6he und W\u00e4rmeleistung sind einstellbar, sodass Sie das ganze Jahr \u00fcber dieses gem\u00fctliche <a href=\"https:\/\/www.drufire.com\/int\/\" target=\"_blank\" rel=\"noopener\">Gaskamin<\/a> mit den sch\u00f6nsten Flammen genie\u00dfen k\u00f6nnen.<\/span><\/p>\n<p><span style=\"font-family: verdana, geneva, sans-serif;\">Vertikaler Kamin mit gro\u00dfem Panoramablick. Dieses Modell verf\u00fcgt \u00fcber eine hohe Glasscheibe an der Vorderseite. Dank seines hohen Wirkungsgrads ist dieser Kamin sehr energieeffizient und umweltfreundlich.<\/span><\/p>\n<p><\/div>\n\t\t<\/div><div class='yrm-btn-wrapper yrm-btn-wrapper-1 yrm-more-button-wrapper  '\n\t\tdata-custom-more-class-name='' data-custom-less-class-name=''><span title='' data-less-title='' data-more-title='' class='yrm-toggle-expand  yrm-toggle-expand-1 ' data-rel='yrm-naq9m' data-more='Ver m\u00e1s ' data-less='Ver menos'><span class='yrm-text-wrapper yrm-text-wrapper-custom-dimensions'><span class=\"yrm-button-text-1 yrm-button-text-span\">Ver m\u00e1s <\/span><\/span><\/span><\/div>\n","protected":false},"excerpt":{"rendered":"<p><span style=\"font-family: verdana, geneva, sans-serif;\">Gro\u00dfer vertikaler Gaskamin, perfekt f\u00fcr jeden Raum, um das Feuerschauspiel in seiner ganzen Pracht zu genie\u00dfen.<\/span><\/p>\n<p>&nbsp;<\/p>\n","protected":false},"featured_media":80079,"template":"","meta":[],"product_brand":[],"product_cat":[544],"product_tag":[],"class_list":{"0":"post-77139","1":"product","2":"type-product","3":"status-publish","4":"has-post-thumbnail","6":"product_cat-groser-breiter-ansicht-gaskamin","8":"first","9":"instock","10":"shipping-taxable","11":"product-type-simple"},"_links":{"self":[{"href":"https:\/\/www.ambifuego.net\/de\/wp-json\/wp\/v2\/product\/77139","targetHints":{"allow":["GET"]}}],"collection":[{"href":"https:\/\/www.ambifuego.net\/de\/wp-json\/wp\/v2\/product"}],"about":[{"href":"https:\/\/www.ambifuego.net\/de\/wp-json\/wp\/v2\/types\/product"}],"version-history":[{"count":0,"href":"https:\/\/www.ambifuego.net\/de\/wp-json\/wp\/v2\/product\/77139\/revisions"}],"wp:featuredmedia":[{"embeddable":true,"href":"https:\/\/www.ambifuego.net\/de\/wp-json\/wp\/v2\/media\/80079"}],"wp:attachment":[{"href":"https:\/\/www.ambifuego.net\/de\/wp-json\/wp\/v2\/media?parent=77139"}],"wp:term":[{"taxonomy":"product_brand","embeddable":true,"href":"https:\/\/www.ambifuego.net\/de\/wp-json\/wp\/v2\/product_brand?post=77139"},{"taxonomy":"product_cat","embeddable":true,"href":"https:\/\/www.ambifuego.net\/de\/wp-json\/wp\/v2\/product_cat?post=77139"},{"taxonomy":"product_tag","embeddable":true,"href":"https:\/\/www.ambifuego.net\/de\/wp-json\/wp\/v2\/product_tag?post=77139"}],"curies":[{"name":"wp","href":"https:\/\/api.w.org\/{rel}","templated":true}]}}