{"id":77131,"date":"2025-07-22T11:30:02","date_gmt":"2025-07-22T09:30:02","guid":{"rendered":"https:\/\/www.ambifuego.net\/producto\/chimenea-gran-vision-frontal\/"},"modified":"2025-08-19T13:18:50","modified_gmt":"2025-08-19T11:18:50","slug":"breiter-sicht-front-kamin","status":"publish","type":"product","link":"https:\/\/www.ambifuego.net\/de\/producto\/breiter-sicht-front-kamin\/","title":{"rendered":"BREITER ANSICHT 75 MD"},"content":{"rendered":"<h2><span style=\"font-size: 18pt;\"><strong><span style=\"font-family: verdana, geneva, sans-serif;\">Breiter Sicht Front Kamin 75 MD<\/span><\/strong><\/span><\/h2>\n<p><span style=\"font-family: verdana, geneva, sans-serif;\">Das ultimative Feuer DRU 75 MD mit Eco Wave ausgestatet,\u00a0 ist das Allerneueste im Bereich modernen <a href=\"https:\/\/www.ambifuego.net\/de\/articulos\/gas-kamine-oefen-heizkoerper\/\" target=\"_blank\" rel=\"noopener\">Gaskamin<\/a>-Designs und -Technologie. Dieses breiter Sicht Front Kamin ist einen \u00fcberaus gro\u00dfz\u00fcgigen Kamin und verf\u00fcgt \u00fcber das realistischste Holzfeuer-Display, das je entwickelt wurde, mit \u00fcberw\u00e4ltigenden hohen und tiefen tanzenden Flammen. <\/span><\/p>\n<div class='yrm-content yrm-content-1 yrm-content-hide  ' id='yrm-R4cPf' data-id='1' data-show-status='false' data-after-action='' style=\"visibility: hidden;height: 0;\">\n\t\t\t<div id='yrm-inner-content-yrm-R4cPf' class='yrm-inner-content-wrapper yrm-cntent-1'><\/p>\n<p><span style=\"font-family: verdana, geneva, sans-serif;\">Das Model 75 MD\u00a0 Eco Wave ist das Standard-Frontmodell, das mit ma\u00dfgefertigten Kaminsimsen kombiniert werden kann und mit dem Eco Wave App-System kompatibel ist.<\/span><\/p>\n<h3 style=\"text-align: justify;\"><span style=\"font-size: 14pt; font-family: verdana, geneva, sans-serif;\"><span style=\"font-family: verdana, geneva, sans-serif;\">Modern Gaskamin-Designs und -Technologie\u00a0<\/span><\/span><\/h3>\n<p style=\"text-align: justify;\"><span style=\"font-family: verdana, geneva, sans-serif;\">Bei gro\u00dfen Frontkaminen mit Fernbedienung k\u00f6nnen Sie H\u00f6he, Brenndauer und bei einigen Modellen sogar das Flammenbild einstellen. Selbstverst\u00e4ndlich k\u00f6nnen Sie auch die gew\u00fcnschte Temperatur mit der Fernbedienung programmieren. Wenn Sie also einen auff\u00e4lligen Kamin w\u00fcnschen, kein Problem; wir haben <a href=\"https:\/\/www.drufire.com\/int\/\" target=\"_blank\" rel=\"noopener\">andere Optionen<\/a> f\u00fcr Sie. <\/span><\/p>\n<p style=\"text-align: justify;\"><span style=\"font-family: verdana, geneva, sans-serif;\">Ein einzigartiges Merkmal dieser Kamine ist die gro\u00dfe und hohe Glasfront, die einen unschlagbaren Blick auf das Feuer erm\u00f6glicht. Dank ihrer Technologie ist der Gaskamin sehr energieeffizient und umweltfreundlich.<\/span><\/p>\n<p><\/div>\n\t\t<\/div><div class='yrm-btn-wrapper yrm-btn-wrapper-1 yrm-more-button-wrapper  '\n\t\tdata-custom-more-class-name='' data-custom-less-class-name=''><span title='' data-less-title='' data-more-title='' class='yrm-toggle-expand  yrm-toggle-expand-1 ' data-rel='yrm-R4cPf' data-more='Weiterlesen ' data-less='Schliessen'><span class='yrm-text-wrapper yrm-text-wrapper-custom-dimensions'><span class=\"yrm-button-text-1 yrm-button-text-span\">Weiterlesen <\/span><\/span><\/span><\/div>\n","protected":false},"excerpt":{"rendered":"<p><span style=\"font-family: verdana, geneva, sans-serif;\">Gaskamin mit Frontsicht hoch und breit. In Europa hergestellt mit modernster Technologie und strengen Sicherheits- und Qualit\u00e4tskontrollen<\/span><\/p>\n","protected":false},"featured_media":79562,"template":"","meta":[],"product_brand":[],"product_cat":[544],"product_tag":[],"class_list":{"0":"post-77131","1":"product","2":"type-product","3":"status-publish","4":"has-post-thumbnail","6":"product_cat-groser-breiter-ansicht-gaskamin","8":"first","9":"instock","10":"shipping-taxable","11":"product-type-simple"},"_links":{"self":[{"href":"https:\/\/www.ambifuego.net\/de\/wp-json\/wp\/v2\/product\/77131","targetHints":{"allow":["GET"]}}],"collection":[{"href":"https:\/\/www.ambifuego.net\/de\/wp-json\/wp\/v2\/product"}],"about":[{"href":"https:\/\/www.ambifuego.net\/de\/wp-json\/wp\/v2\/types\/product"}],"version-history":[{"count":0,"href":"https:\/\/www.ambifuego.net\/de\/wp-json\/wp\/v2\/product\/77131\/revisions"}],"wp:featuredmedia":[{"embeddable":true,"href":"https:\/\/www.ambifuego.net\/de\/wp-json\/wp\/v2\/media\/79562"}],"wp:attachment":[{"href":"https:\/\/www.ambifuego.net\/de\/wp-json\/wp\/v2\/media?parent=77131"}],"wp:term":[{"taxonomy":"product_brand","embeddable":true,"href":"https:\/\/www.ambifuego.net\/de\/wp-json\/wp\/v2\/product_brand?post=77131"},{"taxonomy":"product_cat","embeddable":true,"href":"https:\/\/www.ambifuego.net\/de\/wp-json\/wp\/v2\/product_cat?post=77131"},{"taxonomy":"product_tag","embeddable":true,"href":"https:\/\/www.ambifuego.net\/de\/wp-json\/wp\/v2\/product_tag?post=77131"}],"curies":[{"name":"wp","href":"https:\/\/api.w.org\/{rel}","templated":true}]}}