{"id":77106,"date":"2025-07-22T12:29:40","date_gmt":"2025-07-22T10:29:40","guid":{"rendered":"https:\/\/www.ambifuego.net\/producto\/chimenea-de-gas-dru\/"},"modified":"2025-08-19T13:35:17","modified_gmt":"2025-08-19T11:35:17","slug":"kaminerlebnis-breiter-hoher-flammenbild-60-md","status":"publish","type":"product","link":"https:\/\/www.ambifuego.net\/de\/producto\/kaminerlebnis-breiter-hoher-flammenbild-60-md\/","title":{"rendered":"BREITER ANSICHT 60 MD"},"content":{"rendered":"<h2><span style=\"font-size: 18pt;\">Breiter Hoher Flammenbild optisches Genuss f\u00fcr ganzes Jahr.<\/span><\/h2>\n<p><span style=\"font-family: verdana, geneva, sans-serif;\">Kaminerlebnis Breiter Hoher\u00a0 Flammenbild &#8211; Der 60 MD ist Einbau-Gaskamin mit dem exklusiven Dynamic Flame Burner\u00ae ausgestattet. Diese einzigartige Brennertechnologie, kombiniert mit realistischen ausehenden Holzscheitimitaten und dem optionalen Clear View Antireflexglas, sorgt f\u00fcr das <a href=\"https:\/\/www.ambifuego.net\/de\/articulos\/gas-kamine-oefen-heizkoerper\/\" target=\"_blank\" rel=\"noopener\">ultimative Kaminerlebnis<\/a>.<\/span><\/p>\n<p><span style=\"font-family: verdana, geneva, sans-serif;\"> Ausserdem f\u00fcr richtigen Komfort sort die Fernbedienung, die ihnen verschiedene Flammenh\u00f6he und den <em>Eco Wave Modus <\/em>f\u00fcr eine varable Flammenregulierung bietet.\u00a0<\/span><\/p>\n<div class='yrm-content yrm-content-1 yrm-content-hide  ' id='yrm-hY2BJ' data-id='1' data-show-status='false' data-after-action='' style=\"visibility: hidden;height: 0;\">\n\t\t\t<div id='yrm-inner-content-yrm-hY2BJ' class='yrm-inner-content-wrapper yrm-cntent-1'><\/p>\n<h4><span style=\"font-family: verdana, geneva, sans-serif;\">Kaminerlebnis Breiter Hoher Flammenbild,\u00a0Funktionalit\u00e4t und \u00c4sthetik<\/span><\/h4>\n<p><span style=\"font-family: verdana, geneva, sans-serif;\">Kann einfach mit einer Fernbedienung kontrolliert werden. Der Dynamic Flame Burner\u00ae wird das Keramik Holz mit\u00a0Flammen umspielt.\u00a0<\/span><\/p>\n<p><span style=\"font-family: verdana, geneva, sans-serif;\">Dieser <a href=\"https:\/\/www.drufire.com\/de-de\/sortiment\/dru\/maestro\/maestro-60-eco-wave\" target=\"_blank\" rel=\"noopener\">Gaskamin<\/a> hat ausserdem extra <\/span><span style=\"font-family: verdana, geneva, sans-serif;\">hohe Scheiben f\u00fcr einen perfekten Blick <\/span><span style=\"font-family: verdana, geneva, sans-serif;\">auf das Flammenspiel und<\/span><span style=\"font-family: verdana, geneva, sans-serif;\">\u00a0<\/span><span style=\"font-family: verdana, geneva, sans-serif;\">bietet er ganzj\u00e4hrig Atmosph\u00e4re,<\/span><span style=\"font-family: verdana, geneva, sans-serif;\">W\u00e4rme und Komfort. Perfekter hohen Gas-Kamin f\u00fcr eine gem\u00fctliche Atmosph\u00e4re in Ihrem Wohnzimmer.<\/span><\/p>\n<p><span style=\"font-family: verdana, geneva, sans-serif;\">Mit unserem hohen Sicht-Gas-Kamin erleben Sie W\u00e4rme und Komfort ohne Schmutz \u2013 die perfekte L\u00f6sung f\u00fcr jeden Raum.<\/span><\/p>\n<p><\/div>\n\t\t<\/div><div class='yrm-btn-wrapper yrm-btn-wrapper-1 yrm-more-button-wrapper  '\n\t\tdata-custom-more-class-name='' data-custom-less-class-name=''><span title='' data-less-title='' data-more-title='' class='yrm-toggle-expand  yrm-toggle-expand-1 ' data-rel='yrm-hY2BJ' data-more='Weiter lesen' data-less='Schliessen'><span class='yrm-text-wrapper yrm-text-wrapper-custom-dimensions'><span class=\"yrm-button-text-1 yrm-button-text-span\">Weiter lesen<\/span><\/span><\/span><\/div>\n<p>&nbsp;<\/p>\n","protected":false},"excerpt":{"rendered":"<p><span style=\"font-family: verdana, geneva, sans-serif;\">Kaminerlebnis Breiter Hoher Flammenbild leicht gemacht.<\/span><\/p>\n","protected":false},"featured_media":80073,"template":"","meta":[],"product_brand":[],"product_cat":[544],"product_tag":[],"class_list":{"0":"post-77106","1":"product","2":"type-product","3":"status-publish","4":"has-post-thumbnail","6":"product_cat-groser-breiter-ansicht-gaskamin","8":"first","9":"instock","10":"shipping-taxable","11":"product-type-simple"},"_links":{"self":[{"href":"https:\/\/www.ambifuego.net\/de\/wp-json\/wp\/v2\/product\/77106","targetHints":{"allow":["GET"]}}],"collection":[{"href":"https:\/\/www.ambifuego.net\/de\/wp-json\/wp\/v2\/product"}],"about":[{"href":"https:\/\/www.ambifuego.net\/de\/wp-json\/wp\/v2\/types\/product"}],"version-history":[{"count":0,"href":"https:\/\/www.ambifuego.net\/de\/wp-json\/wp\/v2\/product\/77106\/revisions"}],"wp:featuredmedia":[{"embeddable":true,"href":"https:\/\/www.ambifuego.net\/de\/wp-json\/wp\/v2\/media\/80073"}],"wp:attachment":[{"href":"https:\/\/www.ambifuego.net\/de\/wp-json\/wp\/v2\/media?parent=77106"}],"wp:term":[{"taxonomy":"product_brand","embeddable":true,"href":"https:\/\/www.ambifuego.net\/de\/wp-json\/wp\/v2\/product_brand?post=77106"},{"taxonomy":"product_cat","embeddable":true,"href":"https:\/\/www.ambifuego.net\/de\/wp-json\/wp\/v2\/product_cat?post=77106"},{"taxonomy":"product_tag","embeddable":true,"href":"https:\/\/www.ambifuego.net\/de\/wp-json\/wp\/v2\/product_tag?post=77106"}],"curies":[{"name":"wp","href":"https:\/\/api.w.org\/{rel}","templated":true}]}}