{"id":76862,"date":"2025-07-22T12:54:47","date_gmt":"2025-07-22T10:54:47","guid":{"rendered":"https:\/\/www.ambifuego.net\/producto\/chimenea-de-gas-cristal-alto\/"},"modified":"2025-08-19T11:45:54","modified_gmt":"2025-08-19T09:45:54","slug":"breiter-ansicht-gaskamin-55-md","status":"publish","type":"product","link":"https:\/\/www.ambifuego.net\/de\/producto\/breiter-ansicht-gaskamin-55-md\/","title":{"rendered":"BREITER ANSICHT 55 MD"},"content":{"rendered":"<h2><span style=\"font-family: verdana, geneva, sans-serif; font-size: 14pt;\">Kompakte Feuerst\u00e4tte mit nat\u00fcrlichem Flammenbild<\/span><\/h2>\n<p><span style=\"font-family: verdana, geneva, sans-serif;\">Breiter Ansicht Gaskamin 55 MD ist ein Gas-Feuerst\u00e4tte, mit dem Sie auf Knopfdruck ein gem\u00fctliches Fewuer zaubern. Und das alles, ohne vorher Holz zu besorgen und in die Brennkammer legen zu\u00a0 m\u00fcssen und am n\u00e4chsten Tag Aschen zu reinigen.\u00a0<\/span><\/p>\n<p><span style=\"font-size: 12pt;\"><div class='yrm-content yrm-content-1 yrm-content-hide  ' id='yrm-PshHz' data-id='1' data-show-status='false' data-after-action='' style=\"visibility: hidden;height: 0;\">\n\t\t\t<div id='yrm-inner-content-yrm-PshHz' class='yrm-inner-content-wrapper yrm-cntent-1'><\/span><\/p>\n<h3><span style=\"font-size: 14pt; font-family: verdana, geneva, sans-serif;\">Breiter Ansicht Gaskamin 55 MD, kompakter und vielseitiger\u00a0<\/span><\/h3>\n<p><span style=\"font-family: verdana, geneva, sans-serif;\">Der Gaskamineinsatz wird mit Erd- oder Propan-Gas einsetzbar. Dieser kompakte Gaskamin ist platzsparend konstruiert und misst 582 mm Breit und 340 mm Hoch. Die Bedienung des <a href=\"https:\/\/www.ambifuego.net\/de\/articulos\/gas-kamine-oefen-heizkoerper\/\" target=\"_blank\" rel=\"noopener\">Gas-Kamins<\/a>\u00a0ist einfach mit derserienm\u00e4\u00dfigen Fernbedienung mit elektronischer Z\u00fcndung, Thermostat- und Uhrfunktion.<\/span><\/p>\n<p><span style=\"font-family: verdana, geneva, sans-serif;\">Optisch modern, mit einer Sichtscheibe, die optional auch entspielgelnden, optional, erh\u00e4ltlich ist.\u00a0<\/span><\/p>\n<p><span style=\"font-family: verdana, geneva, sans-serif;\">Geniessen Sie den Komfort eines <span style=\"font-size: 12pt;\"><a href=\"https:\/\/www.drufire.com\/en-gb\/product-range\/global-range\/global-cf\/dru-global-55xt-cf\" target=\"_blank\" rel=\"noopener\">Gaskamin<\/a><\/span> und empfinden sie den Gef\u00fchl ein echtes Holzfeuer.<\/span><\/p>\n<p><\/div>\n\t\t<\/div><div class='yrm-btn-wrapper yrm-btn-wrapper-1 yrm-more-button-wrapper  '\n\t\tdata-custom-more-class-name='' data-custom-less-class-name=''><span title='' data-less-title='' data-more-title='' class='yrm-toggle-expand  yrm-toggle-expand-1 ' data-rel='yrm-PshHz' data-more='Weiterlesen ' data-less='Schliessen'><span class='yrm-text-wrapper yrm-text-wrapper-custom-dimensions'><span class=\"yrm-button-text-1 yrm-button-text-span\">Weiterlesen <\/span><\/span><\/span><\/div><\/p>\n<p>&nbsp;<\/p>\n","protected":false},"excerpt":{"rendered":"<p><span style=\"font-size: 14pt; font-family: verdana, geneva, sans-serif;\">Ein kompakter und vielseitiger Gaskamin <\/span><\/p>\n","protected":false},"featured_media":80070,"template":"","meta":[],"product_brand":[],"product_cat":[544],"product_tag":[],"class_list":{"0":"post-76862","1":"product","2":"type-product","3":"status-publish","4":"has-post-thumbnail","6":"product_cat-groser-breiter-ansicht-gaskamin","8":"first","9":"instock","10":"shipping-taxable","11":"product-type-simple"},"_links":{"self":[{"href":"https:\/\/www.ambifuego.net\/de\/wp-json\/wp\/v2\/product\/76862","targetHints":{"allow":["GET"]}}],"collection":[{"href":"https:\/\/www.ambifuego.net\/de\/wp-json\/wp\/v2\/product"}],"about":[{"href":"https:\/\/www.ambifuego.net\/de\/wp-json\/wp\/v2\/types\/product"}],"version-history":[{"count":0,"href":"https:\/\/www.ambifuego.net\/de\/wp-json\/wp\/v2\/product\/76862\/revisions"}],"wp:featuredmedia":[{"embeddable":true,"href":"https:\/\/www.ambifuego.net\/de\/wp-json\/wp\/v2\/media\/80070"}],"wp:attachment":[{"href":"https:\/\/www.ambifuego.net\/de\/wp-json\/wp\/v2\/media?parent=76862"}],"wp:term":[{"taxonomy":"product_brand","embeddable":true,"href":"https:\/\/www.ambifuego.net\/de\/wp-json\/wp\/v2\/product_brand?post=76862"},{"taxonomy":"product_cat","embeddable":true,"href":"https:\/\/www.ambifuego.net\/de\/wp-json\/wp\/v2\/product_cat?post=76862"},{"taxonomy":"product_tag","embeddable":true,"href":"https:\/\/www.ambifuego.net\/de\/wp-json\/wp\/v2\/product_tag?post=76862"}],"curies":[{"name":"wp","href":"https:\/\/api.w.org\/{rel}","templated":true}]}}