{"id":76094,"date":"2025-07-24T12:14:21","date_gmt":"2025-07-24T10:14:21","guid":{"rendered":"https:\/\/www.ambifuego.net\/producto\/100-md\/"},"modified":"2025-08-19T13:30:21","modified_gmt":"2025-08-19T11:30:21","slug":"100-md","status":"publish","type":"product","link":"https:\/\/www.ambifuego.net\/de\/producto\/100-md\/","title":{"rendered":"BREITER ANSICHT 100 MD"},"content":{"rendered":"<h3><strong><span style=\"font-family: verdana, geneva, sans-serif; font-size: 14pt;\">Breiter Sicht horizontaler Gaskamin mit Eco Wave-Technologie<\/span><\/strong><\/h3>\n<p><span style=\"font-family: verdana, geneva, sans-serif;\">Gro\u00dfer breiter Sicht horizontaler Gaskamin, als\u00a0<\/span><span style=\"font-family: verdana, geneva, sans-serif;\"><a href=\"https:\/\/www.ambifuego.net\/de\/articulos\/gas-kamine-oefen-heizkoerper\/panorama-kamin-gas\/\" target=\"_blank\" rel=\"noopener\">Panorama Gaskamin<\/a> in Europa mit modernster Technologie und strengen Sicherheits- und Qualit\u00e4tskontrollen hergestellter. Bei dem Gaskamin 100 MD handelt essich um ein Einbaumodell aus dem renommierten <a href=\"https:\/\/www.drufire.com\/de-de\/sortiment\/dru\/maestro\" target=\"_blank\" rel=\"noopener\">Herteller Dru<\/a>. Es kann mit einer vielzahl von Kaminsimsen kombiniert und auf diese Weise individuell gestaltet werden.<\/span><\/p>\n<div class='yrm-content yrm-content-1 yrm-content-hide  ' id='yrm-ZeuUJ' data-id='1' data-show-status='false' data-after-action='' style=\"visibility: hidden;height: 0;\">\n\t\t\t<div id='yrm-inner-content-yrm-ZeuUJ' class='yrm-inner-content-wrapper yrm-cntent-1'><\/p>\n<h4><span style=\"font-family: verdana, geneva, sans-serif; font-size: 14pt;\">Breiter Sicht auf gem\u00fctlicher Feuer<\/span><\/h4>\n<p><span style=\"font-family: verdana, geneva, sans-serif;\">Das Interieur dieses Gro\u00dfer breiter Sicht horizontaler Gaskamin Modell besteht serienm\u00e4ssig aus schwarzem stahl, kann aber auch aus Ceranglas oder mit einer klassichen Steinoptik gew\u00e4hlt werden. Der Dynamic Flame Brenner erzeugt besondrs lange und tiefe Flammen im Gaskamin, die einem echten Holzfeuer optisch darstellt.<\/span><\/p>\n<p><\/div>\n\t\t<\/div><div class='yrm-btn-wrapper yrm-btn-wrapper-1 yrm-more-button-wrapper  '\n\t\tdata-custom-more-class-name='' data-custom-less-class-name=''><span title='' data-less-title='' data-more-title='' class='yrm-toggle-expand  yrm-toggle-expand-1 ' data-rel='yrm-ZeuUJ' data-more='Weiterlesen ' data-less='Schliessen'><span class='yrm-text-wrapper yrm-text-wrapper-custom-dimensions'><span class=\"yrm-button-text-1 yrm-button-text-span\">Weiterlesen <\/span><\/span><\/span><\/div>\n","protected":false},"excerpt":{"rendered":"<p><span style=\"font-size: 14pt; font-family: verdana, geneva, sans-serif;\">Breiter Sicht Gaskamin, Behaglichkeit und nat\u00fcrliche W\u00e4rmestrahlung.<\/span><\/p>\n","protected":false},"featured_media":80061,"template":"","meta":[],"product_brand":[],"product_cat":[544],"product_tag":[],"class_list":{"0":"post-76094","1":"product","2":"type-product","3":"status-publish","4":"has-post-thumbnail","6":"product_cat-groser-breiter-ansicht-gaskamin","8":"first","9":"instock","10":"shipping-taxable","11":"product-type-simple"},"_links":{"self":[{"href":"https:\/\/www.ambifuego.net\/de\/wp-json\/wp\/v2\/product\/76094","targetHints":{"allow":["GET"]}}],"collection":[{"href":"https:\/\/www.ambifuego.net\/de\/wp-json\/wp\/v2\/product"}],"about":[{"href":"https:\/\/www.ambifuego.net\/de\/wp-json\/wp\/v2\/types\/product"}],"version-history":[{"count":0,"href":"https:\/\/www.ambifuego.net\/de\/wp-json\/wp\/v2\/product\/76094\/revisions"}],"wp:featuredmedia":[{"embeddable":true,"href":"https:\/\/www.ambifuego.net\/de\/wp-json\/wp\/v2\/media\/80061"}],"wp:attachment":[{"href":"https:\/\/www.ambifuego.net\/de\/wp-json\/wp\/v2\/media?parent=76094"}],"wp:term":[{"taxonomy":"product_brand","embeddable":true,"href":"https:\/\/www.ambifuego.net\/de\/wp-json\/wp\/v2\/product_brand?post=76094"},{"taxonomy":"product_cat","embeddable":true,"href":"https:\/\/www.ambifuego.net\/de\/wp-json\/wp\/v2\/product_cat?post=76094"},{"taxonomy":"product_tag","embeddable":true,"href":"https:\/\/www.ambifuego.net\/de\/wp-json\/wp\/v2\/product_tag?post=76094"}],"curies":[{"name":"wp","href":"https:\/\/api.w.org\/{rel}","templated":true}]}}