{"id":66665,"date":"2023-10-06T10:21:51","date_gmt":"2023-10-06T08:21:51","guid":{"rendered":"https:\/\/www.ambifuego.net\/xtempx\/producto\/elara-e-fx-flamerite-fires\/"},"modified":"2023-11-15T17:24:12","modified_gmt":"2023-11-15T16:24:12","slug":"elektrokamin-elara-e-fx","status":"publish","type":"product","link":"https:\/\/www.ambifuego.net\/de\/producto\/elektrokamin-elara-e-fx\/","title":{"rendered":"ELARA 1000-1300"},"content":{"rendered":"<div id=\"_fLkfZcblGqqakdUPuIyysA4_37\" class=\"bCOlv\" data-ved=\"2ahUKEwjGk6yg9eCBAxUqTaQEHTiGDOYQ7NUEegQIJRAE\">\n<div class=\"IZE3Td\">\n<div class=\"t0bRye r2fjmd\" data-hveid=\"CCUQBQ\" data-ved=\"2ahUKEwjGk6yg9eCBAxUqTaQEHTiGDOYQu04oAHoECCUQBQ\">\n<div id=\"fLkfZcblGqqakdUPuIyysA4__27\">\n<div class=\"wDYxhc\" data-md=\"61\">\n<p style=\"text-align: justify;\"><span style=\"font-family: verdana, geneva, sans-serif;\">Elara E-FX Fires Spain ist das fortschrittlichste Modell dieses Herstellers, sowohl hinsichtlich der Technologie als auch der Anpassungsf\u00e4higkeit an den vorhandenen Raum. <\/span><\/p>\n<p style=\"text-align: justify;\"><span style=\"font-family: verdana, geneva, sans-serif;\">Elektrokamine sind Ger\u00e4te, die optisch und haptisch einem Holz- oder Gaskamin nachempfunden sind, aber mit Strom betrieben werden. Ihre Hauptfunktion ist dekorativ, da sie durch die Bewegung k\u00fcnstlicher Flammen eine angenehme und entspannende Atmosph\u00e4re schaffen. Sie k\u00f6nnen jedoch auch eine Heizfunktion haben, da sie \u00fcber ein System von Widerst\u00e4nden oder Hei\u00dfluft verf\u00fcgen, die W\u00e4rme an die Umgebung abgeben.<\/span><\/p>\n<p style=\"text-align: justify;\"><span style=\"font-family: verdana, geneva, sans-serif;\">Diese sind so konzipiert, dass sie das Aussehen eines echten Kamins simulieren, ohne dass W\u00e4rme erzeugt werden muss, wenn Sie die mitgelieferte Heizung nicht aktivieren m\u00f6chten. Der Betrieb elektrischer Kamine basiert auf zwei Hauptelementen: dem Beleuchtungssystem und dem Heizsystem. <\/span><\/p>\n<p style=\"text-align: justify;\"><span style=\"font-family: verdana, geneva, sans-serif;\">Bei der Beleuchtung wird mithilfe verschiedener Technologien, LED-Leuchten, Projektionen und Spiegeln ein visueller Effekt von Flammen erzeugt. Das Ergebnis ist ein sehr realistisches Bild des Feuers, das je nach Modell und Benutzerpr\u00e4ferenz in Intensit\u00e4t, Farbe und Gr\u00f6\u00dfe variieren kann.<\/span><\/p>\n<div id=\"_fLkfZcblGqqakdUPuIyysA4_38\" class=\"bCOlv\" data-ved=\"2ahUKEwjGk6yg9eCBAxUqTaQEHTiGDOYQ7NUEegQIKBAE\">\n<div class=\"IZE3Td\">\n<div class=\"t0bRye r2fjmd\" data-hveid=\"CCgQBQ\" data-ved=\"2ahUKEwjGk6yg9eCBAxUqTaQEHTiGDOYQu04oAHoECCgQBQ\">\n<div id=\"fLkfZcblGqqakdUPuIyysA4__39\">\n<div class=\"wDYxhc\" data-md=\"61\">\n<div class=\"LGOjhe\" style=\"text-align: justify;\" role=\"heading\" data-attrid=\"wa:\/description\" aria-level=\"3\" data-hveid=\"CB8QAA\">\n<h2><span style=\"font-family: verdana, geneva, sans-serif; font-size: 14pt;\">Elara 1000 &#8211; 1300 E-FX\u00a0 Dekoration und Heizung in einem.<\/span><\/h2>\n<p><span style=\"font-family: verdana, geneva, sans-serif;\">Dieser Kamin verf\u00fcgt \u00fcber zwei Elemente zum Heizen und Erzeugen von W\u00e4rme: einen Widerstand und eine Turbine. Der Widerstand ist ein Metallst\u00fcck, das sich beim Durchgang des elektrischen Stroms erw\u00e4rmt und W\u00e4rme an die Umgebung abgibt. Bei einer Turbine wird kalte Luft von au\u00dfen angesaugt, beim Vorbeistr\u00f6men am Widerstand erw\u00e4rmt und durch Gitter an der Vorder- oder Oberseite des Schornsteins ausgesto\u00dfen.<\/span><\/p>\n<p><span style=\"font-family: verdana, geneva, sans-serif;\">Die Montage dieses Elektrokamins ELARA 1000 &#8211; 1300 (zwei Gr\u00f6\u00dfen) ist sehr einfach und ohne Arbeit \u00fcberall im Haus und solange sich eine Steckdose in der N\u00e4he befindet. <\/span><\/p>\n<p><span style=\"font-family: verdana, geneva, sans-serif;\">Es ist weder ein Rauchabzug noch eine spezielle Bel\u00fcftung erforderlich, so dass weder Abfall noch Schadstoffemissionen entstehen. Dar\u00fcber hinaus ist das ELARA-Modell bereits mit M\u00f6beln ausgestattet, sodass Sie f\u00fcr die Installation weder eine Umz\u00e4unung noch einen Schornstein anfertigen m\u00fcssen. Seine Verwendung und Steuerung ist sehr einfach, da er mit einer Fernbedienung, einer App oder \u00fcber sein Touchpanel ein- und ausgeschaltet werden kann.<\/span><\/p>\n<p><span style=\"font-family: verdana, geneva, sans-serif;\">Elektrokamin mit langer Lebensdauer und die einzige Wartung, die diese Art von Heizger\u00e4ten erfordert, sind die LED-Lampen (langlebig), die die Flammen erhellen, die ein Feuer simulieren. Im Gegensatz zu Holz- oder Gaskaminen, die \u00fcber eine Brennkammer verf\u00fcgen, haben Elektrokamine einen einfachen und robusten Aufbau.<\/span><\/p>\n<\/div>\n<\/div>\n<\/div>\n<\/div>\n<\/div>\n<\/div>\n<\/div>\n<\/div>\n<\/div>\n<\/div>\n<\/div>\n<ul>\n<li><span style=\"font-family: verdana, geneva, sans-serif;\"><a href=\"https:\/\/www.ambifuego.net\/de\/kontakt\/\" target=\"_blank\" rel=\"noopener\">Preise nach Anfrage<\/a><\/span><\/li>\n<li><a href=\"https:\/\/vimeo.com\/ambifuego\" target=\"_blank\" rel=\"noopener\"><span style=\"font-family: verdana, geneva, sans-serif;\">Ver v\u00edde<\/span>o<\/a><\/li>\n<\/ul>\n<p><strong>Elara 1000<\/strong>; B 1440 &#8211; H 626 &#8211; T 345 mm\u00a0 &#8211;\u00a0 \u00a0 \u00a0 <strong>\u00a0Elara 1300<\/strong>; B 1740 &#8211; H 626 &#8211; T 345 mm<\/p>\n<p>&nbsp;<\/p>\n<p>&nbsp;<\/p>\n","protected":false},"excerpt":{"rendered":"[caption id=\"attachment_65771\" align=\"alignnone\" width=\"454\"]<img fetchpriority=\"high\" decoding=\"async\" class=\"wp-image-65771 size-full\" src=\"https:\/\/www.ambifuego.net\/wp-content\/uploads\/2023\/10\/elara_1300-1_optimized.jpg\" alt=\"\u00a0Elara E-FX Flamerite Fires Spain conjunto electrico\" width=\"454\" height=\"383\" srcset=\"https:\/\/www.ambifuego.net\/wp-content\/uploads\/2023\/10\/elara_1300-1_optimized.jpg 454w, https:\/\/www.ambifuego.net\/wp-content\/uploads\/2023\/10\/elara_1300-1_optimized-320x270.jpg 320w\" sizes=\"(max-width: 454px) 100vw, 454px\" \/> Elara E-FX Flamerite Fires Spain conjunto electrico[\/caption]\n","protected":false},"featured_media":65770,"template":"","meta":[],"product_brand":[],"product_cat":[383,380],"product_tag":[],"class_list":{"0":"post-66665","1":"product","2":"type-product","3":"status-publish","4":"has-post-thumbnail","6":"product_cat-electro-standkamin","7":"product_cat-elektro-wandkamine-sofort-atmosphaere","9":"first","10":"instock","11":"shipping-taxable","12":"product-type-simple"},"_links":{"self":[{"href":"https:\/\/www.ambifuego.net\/de\/wp-json\/wp\/v2\/product\/66665","targetHints":{"allow":["GET"]}}],"collection":[{"href":"https:\/\/www.ambifuego.net\/de\/wp-json\/wp\/v2\/product"}],"about":[{"href":"https:\/\/www.ambifuego.net\/de\/wp-json\/wp\/v2\/types\/product"}],"version-history":[{"count":0,"href":"https:\/\/www.ambifuego.net\/de\/wp-json\/wp\/v2\/product\/66665\/revisions"}],"wp:featuredmedia":[{"embeddable":true,"href":"https:\/\/www.ambifuego.net\/de\/wp-json\/wp\/v2\/media\/65770"}],"wp:attachment":[{"href":"https:\/\/www.ambifuego.net\/de\/wp-json\/wp\/v2\/media?parent=66665"}],"wp:term":[{"taxonomy":"product_brand","embeddable":true,"href":"https:\/\/www.ambifuego.net\/de\/wp-json\/wp\/v2\/product_brand?post=66665"},{"taxonomy":"product_cat","embeddable":true,"href":"https:\/\/www.ambifuego.net\/de\/wp-json\/wp\/v2\/product_cat?post=66665"},{"taxonomy":"product_tag","embeddable":true,"href":"https:\/\/www.ambifuego.net\/de\/wp-json\/wp\/v2\/product_tag?post=66665"}],"curies":[{"name":"wp","href":"https:\/\/api.w.org\/{rel}","templated":true}]}}