{"id":65763,"date":"2023-10-04T13:21:24","date_gmt":"2023-10-04T11:21:24","guid":{"rendered":"https:\/\/www.ambifuego.net\/xtempx\/producto\/elektrokamin-payton-1000-1300\/"},"modified":"2023-12-26T13:56:13","modified_gmt":"2023-12-26T12:56:13","slug":"elektrokamine-von-grossem-realismus","status":"publish","type":"product","link":"https:\/\/www.ambifuego.net\/de\/producto\/elektrokamine-von-grossem-realismus\/","title":{"rendered":"PAYTON 1000-1300"},"content":{"rendered":"<p id=\"tw-target-text\" class=\"tw-data-text tw-text-large tw-ta\" dir=\"ltr\" style=\"text-align: justify;\" data-placeholder=\"Traducci\u00f3n\" data-ved=\"2ahUKEwimv7uY5bGCAxVLVqQEHeAhBG0Q3ewLegQIDRAQ\"><span class=\"Y2IQFc\" lang=\"de\" style=\"font-family: verdana, geneva, sans-serif; font-size: 14pt;\"><strong>Exklusive Elektrokamine von gro\u00dfem Realismus<\/strong>. <\/span><\/p>\n<p class=\"tw-data-text tw-text-large tw-ta\" dir=\"ltr\" style=\"text-align: justify;\" data-placeholder=\"Traducci\u00f3n\" data-ved=\"2ahUKEwimv7uY5bGCAxVLVqQEHeAhBG0Q3ewLegQIDRAQ\"><span class=\"Y2IQFc\" lang=\"de\" style=\"font-family: verdana, geneva, sans-serif;\">Realistische exklusive elektrische Kamine. W\u00e4hlen Sie ein Modell und genie\u00dfen Sie den beruhigenden Anblick eines Kamins ohne Rauch und Konstruktion. Es handelt sich um Modelle, die mit der neuesten Technologie auf dem Markt ausgestattet sind, Eco Compliant. Sie erzeugen einen wirklich erstaunlichen Flammeneffekt, es sieht fast so aus, als w\u00fcrden die Holzscheite wirklich brennen. <\/span><\/p>\n<p class=\"tw-data-text tw-text-large tw-ta\" dir=\"ltr\" style=\"text-align: justify;\" data-placeholder=\"Traducci\u00f3n\" data-ved=\"2ahUKEwimv7uY5bGCAxVLVqQEHeAhBG0Q3ewLegQIDRAQ\"><span class=\"Y2IQFc\" lang=\"de\" style=\"font-family: verdana, geneva, sans-serif;\">Die Heizung kann auch v\u00f6llig unabh\u00e4ngig betrieben werden. Sie k\u00f6nnen sie aktivieren oder einfach ausschalten und weiterhin die Flammen beobachten. Das Ger\u00e4t steuert die Heizung \u00fcber einen Thermostat und ist au\u00dferdem mit einer Zeitschaltuhr zur Programmierung der Kaminbetriebsart f\u00fcr 7 Tage ausgestattet. <\/span><\/p>\n<p class=\"tw-data-text tw-text-large tw-ta\" dir=\"ltr\" style=\"text-align: justify;\" data-placeholder=\"Traducci\u00f3n\" data-ved=\"2ahUKEwimv7uY5bGCAxVLVqQEHeAhBG0Q3ewLegQIDRAQ\"><span class=\"Y2IQFc\" lang=\"de\" style=\"font-family: verdana, geneva, sans-serif;\">Das hei\u00dft, es handelt sich um exklusive, dekorative und moderne Modelle elektrischer Kamine. Neues elektrisches Kaminmodell E-FX von Flamerite Fires, vielseitig und sehr realistisch, mit Simulation von Glut. Es ist das fortschrittlichste Modell dieses Herstellers, sowohl hinsichtlich der Technologie als auch der Anpassungsf\u00e4higkeit. H\u00e4ngender elektrischer Kamin \u2013 bodenstehend und auch mit Heizung inklusive. <\/span><\/p>\n<p class=\"tw-data-text tw-text-large tw-ta\" dir=\"ltr\" style=\"text-align: justify;\" data-placeholder=\"Traducci\u00f3n\" data-ved=\"2ahUKEwimv7uY5bGCAxVLVqQEHeAhBG0Q3ewLegQIDRAQ\"><span class=\"Y2IQFc\" lang=\"de\" style=\"font-family: verdana, geneva, sans-serif;\">Ohne Frontglas und zus\u00e4tzlich mit Warmflammensimulation. Daher sehen wir ein warmes und lebendiges Flammenbild mit einer tiefen Brennstoffreflexion. H\u00e4ngender oder stehender elektrischer Kamin. Daher k\u00f6nnen diese exklusiven elektrischen Kaminmodelle an der Wand oder einfach auf dem Boden montiert werden. Alles, was Sie brauchen, ist eine normale Steckdose in der N\u00e4he und Sie k\u00f6nnen Ihr Zuhause genie\u00dfen. Daher sind diese Kamine von gro\u00dfer Sch\u00f6nheit und Sicht auf die Flammen sehr einfach zu montieren. <\/span><\/p>\n<p class=\"tw-data-text tw-text-large tw-ta\" dir=\"ltr\" style=\"text-align: justify;\" data-placeholder=\"Traducci\u00f3n\" data-ved=\"2ahUKEwimv7uY5bGCAxVLVqQEHeAhBG0Q3ewLegQIDRAQ\"><span class=\"Y2IQFc\" lang=\"de\" style=\"font-family: verdana, geneva, sans-serif;\">Der Wartungsaufwand ist minimal und sie sind au\u00dferdem mit verbrauchsarmen LED-Lampen ausgestattet. Der Kamin Modell Payton ist ein modernes Set, sehr dekorativ und daher ideal, um in jedem Raum Atmosph\u00e4re zu schaffen. Dieser h\u00e4ngende oder oberirdische Elektrokamin ben\u00f6tigt nur zwei Ankerpunkte und das war&#8217;s! Es bietet sicherlich alle Vorteile der Elektroheizung und die Sch\u00f6nheit seiner Flammen.<\/span><\/p>\n<h1 dir=\"ltr\" data-placeholder=\"Traducci\u00f3n\" data-ved=\"2ahUKEwimv7uY5bGCAxVLVqQEHeAhBG0Q3ewLegQIDRAQ\"><span style=\"font-size: 14pt;\">Beschreibung<\/span><\/h1>\n<ul>\n<li id=\"tw-target-text\" class=\"tw-data-text tw-text-large tw-ta\" dir=\"ltr\" data-placeholder=\"Traducci\u00f3n\" data-ved=\"2ahUKEwimv7uY5bGCAxVLVqQEHeAhBG0Q3ewLegQIDRAQ\"><span class=\"Y2IQFc\" lang=\"de\" style=\"font-family: verdana, geneva, sans-serif;\">Drei Optionen; an der Wand h\u00e4ngend, mit Beinen oder mit Sockel. <\/span><\/li>\n<li class=\"tw-data-text tw-text-large tw-ta\" dir=\"ltr\" data-placeholder=\"Traducci\u00f3n\" data-ved=\"2ahUKEwimv7uY5bGCAxVLVqQEHeAhBG0Q3ewLegQIDRAQ\"><span class=\"Y2IQFc\" lang=\"de\" style=\"font-family: verdana, geneva, sans-serif;\">Alle Modelle verf\u00fcgen \u00fcber eine duale Ambientebeleuchtung, die \u00fcber die App gesteuert wird. <\/span><\/li>\n<li class=\"tw-data-text tw-text-large tw-ta\" dir=\"ltr\" data-placeholder=\"Traducci\u00f3n\" data-ved=\"2ahUKEwimv7uY5bGCAxVLVqQEHeAhBG0Q3ewLegQIDRAQ\"><span class=\"Y2IQFc\" lang=\"de\" style=\"font-family: verdana, geneva, sans-serif;\">Kontroll per App, Fernbedienung und integriertem Tastenfeld. <\/span><\/li>\n<li class=\"tw-data-text tw-text-large tw-ta\" dir=\"ltr\" data-placeholder=\"Traducci\u00f3n\" data-ved=\"2ahUKEwimv7uY5bGCAxVLVqQEHeAhBG0Q3ewLegQIDRAQ\"><span class=\"Y2IQFc\" lang=\"de\" style=\"font-family: verdana, geneva, sans-serif;\">Benutzerfreundliche App f\u00fcr iOS und Android mit erweiterten Funktionen zur Steuerung Ihres Feuers. <\/span><\/li>\n<li class=\"tw-data-text tw-text-large tw-ta\" dir=\"ltr\" data-placeholder=\"Traducci\u00f3n\" data-ved=\"2ahUKEwimv7uY5bGCAxVLVqQEHeAhBG0Q3ewLegQIDRAQ\"><span class=\"Y2IQFc\" lang=\"de\" style=\"font-family: verdana, geneva, sans-serif;\">F\u00fcr die einfache Montage ist lediglich eine Standardsteckdose erforderlich. <\/span><\/li>\n<li class=\"tw-data-text tw-text-large tw-ta\" dir=\"ltr\" data-placeholder=\"Traducci\u00f3n\" data-ved=\"2ahUKEwimv7uY5bGCAxVLVqQEHeAhBG0Q3ewLegQIDRAQ\"><span class=\"Y2IQFc\" lang=\"de\" style=\"font-family: verdana, geneva, sans-serif;\">Fernbedienung per App sowie Fernbedienungsm\u00f6glichkeit. <\/span><\/li>\n<li class=\"tw-data-text tw-text-large tw-ta\" dir=\"ltr\" data-placeholder=\"Traducci\u00f3n\" data-ved=\"2ahUKEwimv7uY5bGCAxVLVqQEHeAhBG0Q3ewLegQIDRAQ\"><span class=\"Y2IQFc\" lang=\"de\" style=\"font-family: verdana, geneva, sans-serif;\">Au\u00dfenstruktur aus DM-Holz, lackiert in glatter oder eher strukturierter Farbe. <\/span><\/li>\n<li class=\"tw-data-text tw-text-large tw-ta\" dir=\"ltr\" data-placeholder=\"Traducci\u00f3n\" data-ved=\"2ahUKEwimv7uY5bGCAxVLVqQEHeAhBG0Q3ewLegQIDRAQ\"><span class=\"Y2IQFc\" lang=\"de\" style=\"font-family: verdana, geneva, sans-serif;\">Farben von Elfenbein-Creme-T\u00f6nen bis hin zu Arktiswei\u00df oder ebenso Pastellgrau. <\/span><\/li>\n<li class=\"tw-data-text tw-text-large tw-ta\" dir=\"ltr\" data-placeholder=\"Traducci\u00f3n\" data-ved=\"2ahUKEwimv7uY5bGCAxVLVqQEHeAhBG0Q3ewLegQIDRAQ\"><span class=\"Y2IQFc\" lang=\"de\" style=\"font-family: verdana, geneva, sans-serif;\">H\u00e4ngen Sie stattdessen ein Kaminset oder stellen Sie es auf den Boden. Seitenteile aus Glas. Dekorative R\u00fcckw\u00e4nde aus Keramikimitat. <\/span><\/li>\n<li class=\"tw-data-text tw-text-large tw-ta\" dir=\"ltr\" data-placeholder=\"Traducci\u00f3n\" data-ved=\"2ahUKEwimv7uY5bGCAxVLVqQEHeAhBG0Q3ewLegQIDRAQ\"><span class=\"Y2IQFc\" lang=\"de\" style=\"font-family: verdana, geneva, sans-serif;\">Verdeckte Heizung inklusive: 1500 W mit Thermostatregelung. <\/span><\/li>\n<li class=\"tw-data-text tw-text-large tw-ta\" dir=\"ltr\" data-placeholder=\"Traducci\u00f3n\" data-ved=\"2ahUKEwimv7uY5bGCAxVLVqQEHeAhBG0Q3ewLegQIDRAQ\"><span class=\"Y2IQFc\" lang=\"de\" style=\"font-family: verdana, geneva, sans-serif;\">Erkennung von offenen T\u00fcren bei Nutzung der Heizung. <\/span><\/li>\n<li class=\"tw-data-text tw-text-large tw-ta\" dir=\"ltr\" data-placeholder=\"Traducci\u00f3n\" data-ved=\"2ahUKEwimv7uY5bGCAxVLVqQEHeAhBG0Q3ewLegQIDRAQ\"><span class=\"Y2IQFc\" lang=\"de\" style=\"font-family: verdana, geneva, sans-serif;\">Holzscheit-Set aus Silberbirke oder Waldbirke. <\/span><\/li>\n<li class=\"tw-data-text tw-text-large tw-ta\" dir=\"ltr\" data-placeholder=\"Traducci\u00f3n\" data-ved=\"2ahUKEwimv7uY5bGCAxVLVqQEHeAhBG0Q3ewLegQIDRAQ\"><span class=\"Y2IQFc\" lang=\"de\" style=\"font-family: verdana, geneva, sans-serif;\">Farben; Wei\u00df, wei\u00dfer Stein, Beige, beiger Stein oder Kiefernholz LED-Lampen <\/span><\/li>\n<li class=\"tw-data-text tw-text-large tw-ta\" dir=\"ltr\" data-placeholder=\"Traducci\u00f3n\" data-ved=\"2ahUKEwimv7uY5bGCAxVLVqQEHeAhBG0Q3ewLegQIDRAQ\"><span class=\"Y2IQFc\" lang=\"de\" style=\"font-family: verdana, geneva, sans-serif;\">Antireflex-Frontglas mit zwei Positionen Keramikscheite mit integrierten LED-Leuchten zur Simulation von Glut oder Glut Einstellbares Feuer, sowohl in der Geschwindigkeit als auch in der Intensit\u00e4t Downlights konzentrierten sich auf die Kofferr\u00e4ume Verschiedene vorgew\u00e4hlte Animationen <\/span><\/li>\n<li class=\"tw-data-text tw-text-large tw-ta\" dir=\"ltr\" data-placeholder=\"Traducci\u00f3n\" data-ved=\"2ahUKEwimv7uY5bGCAxVLVqQEHeAhBG0Q3ewLegQIDRAQ\"><span class=\"Y2IQFc\" lang=\"de\" style=\"font-family: verdana, geneva, sans-serif;\">Zus\u00e4tzliche Animationen vom Benutzer programmierbar. M\u00f6glichkeit des kabellosen Ladens \u00fcber ein unter der Kaminverkleidung verstecktes Ger\u00e4t. <\/span><\/li>\n<li class=\"tw-data-text tw-text-large tw-ta\" dir=\"ltr\" data-placeholder=\"Traducci\u00f3n\" data-ved=\"2ahUKEwimv7uY5bGCAxVLVqQEHeAhBG0Q3ewLegQIDRAQ\"><span class=\"Y2IQFc\" lang=\"de\" style=\"font-family: verdana, geneva, sans-serif;\">Feine Lackierung oder auch Struktur. Auch in Elfenbeincreme, Arktiswei\u00df und Eiche erh\u00e4ltlich. <\/span><\/li>\n<li class=\"tw-data-text tw-text-large tw-ta\" dir=\"ltr\" data-placeholder=\"Traducci\u00f3n\" data-ved=\"2ahUKEwimv7uY5bGCAxVLVqQEHeAhBG0Q3ewLegQIDRAQ\"><span class=\"Y2IQFc\" lang=\"de\" style=\"font-family: verdana, geneva, sans-serif;\">Payton 1300 \u2013 B. 1740 x H. 626 x Tiefe. 345mm <\/span><\/li>\n<li class=\"tw-data-text tw-text-large tw-ta\" dir=\"ltr\" data-placeholder=\"Traducci\u00f3n\" data-ved=\"2ahUKEwimv7uY5bGCAxVLVqQEHeAhBG0Q3ewLegQIDRAQ\"><span class=\"Y2IQFc\" lang=\"de\" style=\"font-family: verdana, geneva, sans-serif;\">Payton 1000 \u2013 B 1440 x H 626 x Tiefe. 345mm <\/span><\/li>\n<li class=\"tw-data-text tw-text-large tw-ta\" dir=\"ltr\" data-placeholder=\"Traducci\u00f3n\" data-ved=\"2ahUKEwimv7uY5bGCAxVLVqQEHeAhBG0Q3ewLegQIDRAQ\"><span class=\"Y2IQFc\" lang=\"de\" style=\"font-family: verdana, geneva, sans-serif;\"><a href=\"https:\/\/www.ambifuego.net\/de\/kontakt\/\" target=\"_blank\" rel=\"noopener\">Preise nach Anfrage<\/a>\u00a0 <\/span><\/li>\n<li class=\"tw-data-text tw-text-large tw-ta\" dir=\"ltr\" data-placeholder=\"Traducci\u00f3n\" data-ved=\"2ahUKEwimv7uY5bGCAxVLVqQEHeAhBG0Q3ewLegQIDRAQ\"><a href=\"https:\/\/vimeo.com\/manage\/showcases\/10743159\/info\" target=\"_blank\" rel=\"noopener\"><span class=\"Y2IQFc\" lang=\"de\" style=\"font-family: verdana, geneva, sans-serif;\">Videos<\/span><\/a><\/li>\n<\/ul>\n<p>&nbsp;<\/p>\n<p style=\"text-align: justify;\"><span style=\"font-family: verdana, geneva, sans-serif;\">\u00a0 \u00a0 \u00a0 \u00a0 \u00a0 \u00a0 \u00a0 \u00a0 \u00a0\u00a0<\/span><\/p>\n","protected":false},"excerpt":{"rendered":"[caption id=\"attachment_65709\" align=\"alignnone\" width=\"454\"]<img fetchpriority=\"high\" decoding=\"async\" class=\"wp-image-65709 size-full\" src=\"https:\/\/www.ambifuego.net\/wp-content\/uploads\/2023\/10\/payton_1300-1_optimized.jpg\" alt=\"Chimeneas el\u00e9ctricas exclusivas realistas payton 1300 sobre el suelo\" width=\"454\" height=\"383\" srcset=\"https:\/\/www.ambifuego.net\/wp-content\/uploads\/2023\/10\/payton_1300-1_optimized.jpg 454w, https:\/\/www.ambifuego.net\/wp-content\/uploads\/2023\/10\/payton_1300-1_optimized-320x270.jpg 320w\" sizes=\"(max-width: 454px) 100vw, 454px\" \/> chimenea electrica con mueble payton 1300 sobre suelo[\/caption]\n","protected":false},"featured_media":65708,"template":"","meta":[],"product_brand":[],"product_cat":[383,380],"product_tag":[],"class_list":{"0":"post-65763","1":"product","2":"type-product","3":"status-publish","4":"has-post-thumbnail","6":"product_cat-electro-standkamin","7":"product_cat-elektro-wandkamine-sofort-atmosphaere","9":"first","10":"instock","11":"shipping-taxable","12":"product-type-simple"},"_links":{"self":[{"href":"https:\/\/www.ambifuego.net\/de\/wp-json\/wp\/v2\/product\/65763","targetHints":{"allow":["GET"]}}],"collection":[{"href":"https:\/\/www.ambifuego.net\/de\/wp-json\/wp\/v2\/product"}],"about":[{"href":"https:\/\/www.ambifuego.net\/de\/wp-json\/wp\/v2\/types\/product"}],"version-history":[{"count":0,"href":"https:\/\/www.ambifuego.net\/de\/wp-json\/wp\/v2\/product\/65763\/revisions"}],"wp:featuredmedia":[{"embeddable":true,"href":"https:\/\/www.ambifuego.net\/de\/wp-json\/wp\/v2\/media\/65708"}],"wp:attachment":[{"href":"https:\/\/www.ambifuego.net\/de\/wp-json\/wp\/v2\/media?parent=65763"}],"wp:term":[{"taxonomy":"product_brand","embeddable":true,"href":"https:\/\/www.ambifuego.net\/de\/wp-json\/wp\/v2\/product_brand?post=65763"},{"taxonomy":"product_cat","embeddable":true,"href":"https:\/\/www.ambifuego.net\/de\/wp-json\/wp\/v2\/product_cat?post=65763"},{"taxonomy":"product_tag","embeddable":true,"href":"https:\/\/www.ambifuego.net\/de\/wp-json\/wp\/v2\/product_tag?post=65763"}],"curies":[{"name":"wp","href":"https:\/\/api.w.org\/{rel}","templated":true}]}}