{"id":63752,"date":"2023-05-30T12:09:55","date_gmt":"2023-05-30T10:09:55","guid":{"rendered":"https:\/\/www.ambifuego.net\/xtempx\/?post_type=product&#038;p=63752"},"modified":"2025-08-29T16:25:05","modified_gmt":"2025-08-29T14:25:05","slug":"ethanol-ofen-freisthende-kamin","status":"publish","type":"product","link":"https:\/\/www.ambifuego.net\/de\/producto\/ethanol-ofen-freisthende-kamin\/","title":{"rendered":"KAMINOFEN SALISBURY"},"content":{"rendered":"<p style=\"text-align: justify;\"><span style=\"font-family: verdana, geneva, sans-serif;\"><span style=\"font-size: 12pt;\">Ethanol Ofen freisthende Kamin, sauber, gem\u00fctlich und als <\/span><span style=\"font-size: 14pt;\"><span style=\"font-size: 12pt;\">Holzofen Kamin getarnt<\/span>.<\/span><\/span><\/p>\n<p><span style=\"font-family: verdana, geneva, sans-serif;\">M\u00f6chten Sie einen Ethanol-Kamin, der das traditionelle und authentische Aussehen der freistehenden Holz\u00f6fen beibeh\u00e4lt und Sie gleichzeitig von der Aufgabe befreit, Brennholz zu hacken und den Kamin zu reinigen? Dann sind die Bioethanol-Kamine, die dem Kaminofen sehr \u00e4hnlich sind, vielleicht genau das Richtige f\u00fcr Sie. Unsere Bioethanolofen wird vollst\u00e4ndig montiert geliefert, so dass jeder den Ofen selbst montieren und plazieren kann.<\/span><\/p>\n<div class='yrm-content yrm-content-1 yrm-content-hide  ' id='yrm-IXni2' data-id='1' data-show-status='false' data-after-action='' style=\"visibility: hidden;height: 0;\">\n\t\t\t<div id='yrm-inner-content-yrm-IXni2' class='yrm-inner-content-wrapper yrm-cntent-1'><\/p>\n<div class=\"row\">\n<div class=\"col-md-12 \" data-com_id=\"93272\">\n<p style=\"text-align: justify;\"><span style=\"font-family: verdana, geneva, sans-serif;\">Der Salisbury Ethanolofen ist so gestaltet, dass es wie einen Holzofen aussieht.\u00a0 Viele Menschen lieben die Gem\u00fctlichkeit eines Kamins und geben sich daher nicht nur mit einer Fu\u00dfbodenheizung oder Heizk\u00f6rpern zufrieden.<\/span><\/p>\n<p style=\"text-align: justify;\"><span style=\"font-family: verdana, geneva, sans-serif;\">Mit einem Ethanolofen k\u00f6nnen Sie daher kleine Zimmer w\u00e4rmen und ausserdem schafft er die richtige Kaminatmosph\u00e4re. Nat\u00fcrlich tr\u00e4gt er zu einer gem\u00fctlichen Beleuchtung in den sp\u00e4ten Abendstunden bei.<\/span><\/p>\n<p style=\"text-align: justify;\"><span style=\"font-family: verdana, geneva, sans-serif;\">Wir empfehlen diese Art von Kaminofen jedem, der eine einfache und schnell z\u00fcndende Flamme in seinem Wohnzimmer haben m\u00f6chte.<\/span><\/p>\n<div class=\"row\">\n<div class=\"col-md-12 \" data-com_id=\"93271\">\n<h2 style=\"text-align: justify;\"><span style=\"font-family: verdana, geneva, sans-serif; font-size: 14pt;\">Ethanol ofen freisthende Kamin, einfach zu installieren<\/span><\/h2>\n<p style=\"text-align: justify;\"><span style=\"font-family: verdana, geneva, sans-serif;\">Der Salisbury Ethanol Ofen ist aus robusten Sthal und Gusseisen hergestellt und sch\u00f6n im traditionellen Stil gestaltet. Er ist mit einem gro\u00dfen Fenster ausgestattet, so dass die Flammen leicht von mehreren Seiten des Kamins genossen werden k\u00f6nnen. Dieser kleine Kamin kann ein einzigartiges Element in jedem Raum sein und ist sch\u00f6n und praktisch zugleich.<\/span><\/p>\n<\/div>\n<\/div>\n<div class=\"row\">\n<div class=\"col-md-12 \" data-com_id=\"93274\">\n<p style=\"text-align: justify;\"><span style=\"font-family: verdana, geneva, sans-serif; text-align: justify;\">Efiziente Heizung mit einer Heizleistung von 3,5 KW bringt dieser Bioethanol Ofen wohltunende W\u00e4rme in Ihr Wohnzimmer. Der Brennstoff wird aus Biomasse gewonnen und ist somit regenerative Energie. Er verbrennt rauch- und ru\u00dffrei &#8211; Keine D\u00e4mpfe und unangenehmen Ger\u00fcche -Verbrennt r\u00fcckstandsfrei.<\/span><\/p>\n<\/div>\n<\/div>\n<\/div>\n<\/div>\n<div class=\"ULSxyf\">\n<div class=\"MjjYud\">\n<div class=\"Ww4FFb vt6azd obcontainer wDYxhc\" data-md=\"77\" data-hveid=\"CAUQAA\" data-ved=\"2ahUKEwjo-7HlyZz_AhXkVKQEHag2C4wQkCl6BAgFEAA\">\n<div id=\"tw-main\" data-hveid=\"CAUQAQ\">\n<div id=\"tw-container\" data-cp=\"1\" data-is-ver=\"false\" data-nnttsvi=\"1\" data-sbsl=\"ru,uk\" data-sm=\"1\" data-ssbp=\"true\" data-sugg-time=\"500\" data-sugg-url=\"https:\/\/clients1.google.com\/complete\/search\" data-uilc=\"es\" data-vil=\",af,af-ZA,am,am-ET,ar-EG,ar-AE,ar-KW,ar-QA,ar,ar-IL,ar-JO,ar-LB,ar-PS,az,az-AZ,bg,bg-BG,bn,bn-BD,bn-IN,ca,ca-es,cs,cs-CZ,de,de-DE,de-CH,de-AT,de-LI,en,en-US,en-CA,en-AU,en-NZ,en-GB,en-IN,en-KE,en-TZ,en-NG,en-GH,en-PH,en-ZA,es,es-ES,es-AR,es-UY,es-419,es-BO,es-CL,es-CR,es-CO,es-DO,es-EC,es-GT,es-HN,es-NI,es-PA,es-PE,es-PR,es-PY,es-SV,es-VE,es-MX,es-US,eu,eu-ES,fi,fi-FI,fr,fr-FR,fr-CH,fr-BE,gl,gl-ES,gu,gu-IN,he,he-IL,iw,iw-IL,hu,hu-HU,hy,hy-AM,id,id-ID,is,is-IS,it,it-IT,it-CH,ja,ja-JP,jv,jv-ID,ka,ka-GE,km,km-KH,kn,kn-IN,ko,ko-KR,la,lo,lo-LA,lv,lv-LV,ml,ml-IN,mr,mr-IN,ms,ms-MY,nl,nl-NL,nb,nb-NO,ne,ne-NP,pl,pl-PL,pt,pt-BR,pt-PT,ro,ro-RO,ru,ru-RU,si-LK,sk,sk-SK,sr,sr-RS,su,su-ID,sv,sv-SE,sw,sw-TZ,sw-KE,ta,ta-IN,ta-SG,ta-LK,ta-MY,te,te-IN,tr,tr-TR,ur,ur-PK,ur-IN,yue,yue-HK,yue-Hant-HK,zh-HK,zh,zh-CN,zh-cmn,zh-cmn-CN,zh-Hans,zh-Hans-CN,zh-cmn-Hans,zh-cmn-Hans-CN,cmn-CN,cmn-Hans,cmn-Hans-CN,zh-TW,zh-Hant-TW,cmn-TW,cmn-Hant-TW,zh-cmn-TW,zh-cmn-Hant-TW,zu,zu-ZA\">\n<div id=\"tw-ob\" class=\"tw-src-ltr\">\n<div class=\"oSioSc\">\n<div id=\"tw-target\">\n<div id=\"kAz1tf\" class=\"g9WsWb\">\n<div id=\"tw-target-text-container\" class=\"tw-ta-container F0azHf tw-nfl\" tabindex=\"0\">\n<p style=\"text-align: justify;\"><span class=\"a-list-item\" style=\"font-family: verdana, geneva, sans-serif;\">Lange Brenndauer, der Bioethanolofen brennt zwischen 7 und 11 Stunden, gibt dabei \u00fcber die W\u00e4rme\u00f6ffnungen im oberen Bereich die Heizleistung in den Raum ab. Mit einer Fernbedienung k\u00f6nnen Sie ihn anz\u00fcnden, l\u00f6schen und die Flammen regulieren.<\/span><\/p>\n<p style=\"text-align: justify;\"><span style=\"font-family: verdana, geneva, sans-serif;\">Eine automatische Kraftstoffpumpe f\u00fcllt den Tank leicht und der Kraftstoffstandsensor sorgt daf\u00fcr, dass keine Gefahr besteht, dass \u00dcberf\u00fcllung oder Versch\u00fctten besteht. Salisbury Tank hat eine Kapazit\u00e4t von 3,5 l und brennt bis zu 11 Stunden. (klein)<\/span><\/p>\n<p dir=\"ltr\" style=\"text-align: justify;\" data-placeholder=\"Traducci\u00f3n\"><span style=\"font-family: verdana, geneva, sans-serif;\">Produckbeschreibung;<\/span><\/p>\n<\/div>\n<\/div>\n<\/div>\n<\/div>\n<\/div>\n<\/div>\n<\/div>\n<\/div>\n<\/div>\n<\/div>\n<ul>\n<li><span style=\"font-family: verdana, geneva, sans-serif;\">Entl\u00fcftungslos<\/span><\/li>\n<li><span style=\"font-family: verdana, geneva, sans-serif;\">Fernbedienung f\u00fcr Z\u00fcndung, l\u00f6schen, regulieren.<\/span><\/li>\n<li><span style=\"font-family: verdana, geneva, sans-serif;\">Effiziens 100% de eficiencia.<\/span><\/li>\n<li><span style=\"font-family: verdana, geneva, sans-serif;\">Leistung voller Leistung; 3,5Kw.<\/span><\/li>\n<li><span style=\"font-family: verdana, geneva, sans-serif;\">Leistung klein; 2,5Kw.<\/span><\/li>\n<li><span style=\"font-family: verdana, geneva, sans-serif;\">Automatische Kraftstoffpumpe.<\/span><\/li>\n<li><span style=\"font-family: verdana, geneva, sans-serif;\">Kein Rauch<\/span><\/li>\n<li><span style=\"font-family: verdana, geneva, sans-serif;\">Verbrauch max; 0,45 l\/Stunde<\/span><\/li>\n<li><span style=\"font-family: verdana, geneva, sans-serif;\">Verbrauch min.; 0,30 l\/Stunde.<\/span><\/li>\n<li><span style=\"font-family: verdana, geneva, sans-serif;\">Tank Kapazit\u00e4t;3,5 l.<\/span><\/li>\n<li><a href=\"https:\/\/www.ambifuego.net\/de\/kontakt\/\"><span style=\"font-family: verdana, geneva, sans-serif;\">Preise auf Anfrage<\/span><\/a><\/li>\n<li><span style=\"font-family: verdana, geneva, sans-serif;\">Andere Produkte<\/span> <span class=\"Y2IQFc\" lang=\"es\" style=\"font-family: verdana, geneva, sans-serif;\"><a href=\"https:\/\/www.facebook.com\/ambifuego.sur\"><strong>Ambifuego<\/strong><\/a><\/span><\/li>\n<\/ul>\n<p>&nbsp;<\/p>\n<p><img decoding=\"async\" class=\"alignnone size-full wp-image-63724\" src=\"https:\/\/www.ambifuego.net\/wp-content\/uploads\/2023\/05\/estufa-bioetanol-medidas_optimized.jpg\" alt=\"\" width=\"216\" height=\"216\" srcset=\"https:\/\/www.ambifuego.net\/wp-content\/uploads\/2023\/05\/estufa-bioetanol-medidas_optimized.jpg 216w, https:\/\/www.ambifuego.net\/wp-content\/uploads\/2023\/05\/estufa-bioetanol-medidas_optimized-150x150.jpg 150w, https:\/\/www.ambifuego.net\/wp-content\/uploads\/2023\/05\/estufa-bioetanol-medidas_optimized-40x40.jpg 40w, https:\/\/www.ambifuego.net\/wp-content\/uploads\/2023\/05\/estufa-bioetanol-medidas_optimized-100x100.jpg 100w\" sizes=\"(max-width: 216px) 100vw, 216px\" \/><\/p>\n<p><\/div>\n\t\t<\/div><div class='yrm-btn-wrapper yrm-btn-wrapper-1 yrm-more-button-wrapper  '\n\t\tdata-custom-more-class-name='' data-custom-less-class-name=''><span title='' data-less-title='' data-more-title='' class='yrm-toggle-expand  yrm-toggle-expand-1 ' data-rel='yrm-IXni2' data-more='Weiterlesen ' data-less='Schliessen'><span class='yrm-text-wrapper yrm-text-wrapper-custom-dimensions'><span class=\"yrm-button-text-1 yrm-button-text-span\">Weiterlesen <\/span><\/span><\/span><\/div>\n","protected":false},"excerpt":{"rendered":"[video width=\"1720\" height=\"880\" mp4=\"https:\/\/www.ambifuego.net\/wp-content\/uploads\/2023\/05\/Estufa-de-Bioetanol-.mp4\" loop=\"true\" autoplay=\"true\" preload=\"auto\"][\/video]\n","protected":false},"featured_media":77513,"template":"","meta":[],"product_brand":[],"product_cat":[497],"product_tag":[],"class_list":{"0":"post-63752","1":"product","2":"type-product","3":"status-publish","4":"has-post-thumbnail","6":"product_cat-ethanolkamine-sauber-ohne-rauch","8":"first","9":"instock","10":"shipping-taxable","11":"product-type-simple"},"_links":{"self":[{"href":"https:\/\/www.ambifuego.net\/de\/wp-json\/wp\/v2\/product\/63752","targetHints":{"allow":["GET"]}}],"collection":[{"href":"https:\/\/www.ambifuego.net\/de\/wp-json\/wp\/v2\/product"}],"about":[{"href":"https:\/\/www.ambifuego.net\/de\/wp-json\/wp\/v2\/types\/product"}],"version-history":[{"count":0,"href":"https:\/\/www.ambifuego.net\/de\/wp-json\/wp\/v2\/product\/63752\/revisions"}],"wp:featuredmedia":[{"embeddable":true,"href":"https:\/\/www.ambifuego.net\/de\/wp-json\/wp\/v2\/media\/77513"}],"wp:attachment":[{"href":"https:\/\/www.ambifuego.net\/de\/wp-json\/wp\/v2\/media?parent=63752"}],"wp:term":[{"taxonomy":"product_brand","embeddable":true,"href":"https:\/\/www.ambifuego.net\/de\/wp-json\/wp\/v2\/product_brand?post=63752"},{"taxonomy":"product_cat","embeddable":true,"href":"https:\/\/www.ambifuego.net\/de\/wp-json\/wp\/v2\/product_cat?post=63752"},{"taxonomy":"product_tag","embeddable":true,"href":"https:\/\/www.ambifuego.net\/de\/wp-json\/wp\/v2\/product_tag?post=63752"}],"curies":[{"name":"wp","href":"https:\/\/api.w.org\/{rel}","templated":true}]}}