{"id":58653,"date":"2022-10-19T16:56:49","date_gmt":"2022-10-19T14:56:49","guid":{"rendered":"https:\/\/www.ambifuego.net\/xtempx\/producto\/einbau-gasgrill-mit-infrarotgrill-brenner-2\/"},"modified":"2023-07-04T12:02:51","modified_gmt":"2023-07-04T10:02:51","slug":"einbau-gasgrill-mit-infrarotgrill-brenner-2","status":"publish","type":"product","link":"https:\/\/www.ambifuego.net\/de\/producto\/einbau-gasgrill-mit-infrarotgrill-brenner-2\/","title":{"rendered":"Einbau gasgrill mit Infrarotgrill-Brenner"},"content":{"rendered":"<p class=\"fn product-title\" style=\"text-align: justify;\"><span style=\"font-family: verdana, geneva, sans-serif;\">Einbau gasgrill mit <strong>Infrarotgrill-Brenner<\/strong> und\u00a0erleben Sie das einzigartige Outdoor kochen Erlebnis. Deser innovative\u00a0 Gasgrill erm\u00f6glicht viel mehr als nur einfaches Grillen von W\u00fcrstchen, Steaks, \u2026 Der Grill Design bietet umfangreiche M\u00f6glichkeiten zum\u00a0<b>Grillen, Kochen,\u00a0<a href=\"https:\/\/delivita.com\/\">Backen<\/a>\u00a0mit oder ohne Oven<\/b>, sodass Sie ein Multifunktionsger\u00e4t zum Zubereiten von ganzen Men\u00fcs im Freien haben.<\/span><\/p>\n<p style=\"text-align: justify;\"><span style=\"font-family: verdana, geneva, sans-serif;\">Der seitlich Infrarotgrill-Brenner erzeugt Temperaturen von bis zu 800 Grad und ist ins besonders bei Steak-Liebhabern sehr gefragt, um das Fleisch kurz scharf anzugrillen. Dabei wird eine Keramikplatte von kleinen Gasd\u00fcsen zum Gl\u00fchen gebracht und gibt die hohen Temperaturen in Form von Infrarothitze an das Fleisch ab.<\/span><\/p>\n<p style=\"text-align: justify;\"><span style=\"font-family: verdana, geneva, sans-serif;\">Verlagern Sie bei sch\u00f6nem Wetter Ihr Leben in den Garten und genie\u00dfen Sie mit Familie und Freunden leckeres Essen vom Multigrill, das sie zusammen zubereiten. Im Inneren sind\u00a0<b>leistungsstarke Edelstahlgussbrenner<\/b>\u00a0verarbeitet, die f\u00fcr das perfekte Kocherlebnis sorgen. Sie haben einem\u00a0\u00a0<b>Allround-Talent Grill<\/b>, der zum Mittelpunkt Ihrer Garden K\u00fcche wird. Erg\u00e4nzt mit dem leistungsstarken und multifunktionellen Kochfeld sorgt der Design Grill f\u00fcr unvergessliche kulinarische Erlebnisse mit Freunden und Familie.<\/span><\/p>\n<p style=\"text-align: justify;\"><span style=\"font-family: verdana, geneva, sans-serif;\">Verwandeln Sie Ihren Garten in ein Outdoorparadies mit Kochecke und verlegen Sie Ihr Wohnzimmer mit einer\u00a0<strong>Au\u00dfenk\u00fcche<\/strong>\u00a0inklusive Gasgrill nach drau\u00dfen. Verbringen Sie gemeinsam Zeit mit Familie und Freunden bei sch\u00f6nem Wetter im Freien und erholen Sie sich in der Natur vom Stress des Alltags.<\/span><\/p>\n<h2 style=\"text-align: justify;\"><span style=\"font-family: verdana, geneva, sans-serif; font-size: 14pt;\">Einbau gasgrill mit Infrarotgrill-Brenner \u00a0\u2013 Kochen, grillen und backen in einem<\/span><\/h2>\n<p style=\"text-align: justify;\"><span style=\"font-family: verdana, geneva, sans-serif;\">R\u00fcsten Sie Ihren Outdoor K\u00fcche mit diesem Gasgrill mit dem Infrarot Brenner nach und bringen Sie Ihre Grillk\u00fcnste auf die n\u00e4chste Stufe. Dieser Infrarot Brenner besitzt eine Gesamtleistung von bis zu 18 kWh, womit die n\u00f6tigen Temperaturen erreicht werden k\u00f6nnen, um das Beste aus Ihrem Steak oder Gem\u00fcse hervorbringen zu k\u00f6nnen. Das Fleisch wird hierbei durch die Hitze in k\u00fcrzester Zeit karamellisiert und der Geschmack sowie das Aroma kann im Steak eingeschlossen werden. Somit bleibt der Saft innen erhalten und das Fleisch au\u00dfen wird braun und knusprig. Das Ergebnis ist lecker, lecker, &#8230;<\/span><\/p>\n<p><span style=\"font-family: verdana, geneva, sans-serif;\">Beschreibung:<\/span><\/p>\n<ul>\n<li style=\"text-align: justify;\"><span style=\"font-family: verdana, geneva, sans-serif;\">Einbau gasgrill mit Gas Infrarotgrill-Brenner<\/span><\/li>\n<li style=\"text-align: justify;\"><span style=\"font-family: verdana, geneva, sans-serif;\">Gas Butan oder Propan<\/span><\/li>\n<li style=\"text-align: justify;\"><span style=\"font-family: verdana, geneva, sans-serif;\">Aus Edelstahl und Guseissen<\/span><\/li>\n<li style=\"text-align: justify;\"><span style=\"font-family: verdana, geneva, sans-serif;\">4 Brenner 4,2 kW (je)<\/span><\/li>\n<li style=\"text-align: justify;\"><span style=\"font-family: verdana, geneva, sans-serif;\">1 Infrarot \u2013 Seitenbrenner 4,4 kW<\/span><\/li>\n<li style=\"text-align: justify;\"><span style=\"font-family: verdana, geneva, sans-serif;\">Woktr\u00e4ger aus Gusseisen<\/span><\/li>\n<li style=\"text-align: justify;\"><span style=\"font-family: verdana, geneva, sans-serif;\">Masse: B 113 x T 63 x H 50 cm<\/span><\/li>\n<li style=\"text-align: justify;\"><span style=\"font-family: verdana, geneva, sans-serif;\">Kochfl\u00e4che ca. 60 x 44 cm<\/span><\/li>\n<li style=\"text-align: justify;\"><span style=\"font-family: verdana, geneva, sans-serif;\"><a href=\"https:\/\/www.ambifuego.net\/wp-content\/uploads\/2023\/06\/05-06-23-bbq.pub2_compressed-1.pdf\">Katalog<\/a><\/span><\/li>\n<li style=\"text-align: justify;\"><span style=\"font-family: verdana, geneva, sans-serif;\"><a href=\"https:\/\/www.ambifuego.net\/de\/kontakt\/\">Preise auf Anfrage<\/a><\/span><\/li>\n<\/ul>\n","protected":false},"excerpt":{"rendered":"<p><img fetchpriority=\"high\" decoding=\"async\" class=\"alignnone size-full wp-image-52622\" src=\"https:\/\/www.ambifuego.net\/wp-content\/uploads\/2018\/06\/quemador_infrarrojos_lateral_optimized.jpg\" alt=\"\" width=\"380\" height=\"449\" srcset=\"https:\/\/www.ambifuego.net\/wp-content\/uploads\/2018\/06\/quemador_infrarrojos_lateral_optimized.jpg 380w, https:\/\/www.ambifuego.net\/wp-content\/uploads\/2018\/06\/quemador_infrarrojos_lateral_optimized-229x270.jpg 229w, https:\/\/www.ambifuego.net\/wp-content\/uploads\/2018\/06\/quemador_infrarrojos_lateral_optimized-372x439.jpg 372w\" sizes=\"(max-width: 380px) 100vw, 380px\" \/><\/p>\n","protected":false},"featured_media":52814,"template":"","meta":[],"product_brand":[],"product_cat":[365,369,366],"product_tag":[],"class_list":{"0":"post-58653","1":"product","2":"type-product","3":"status-publish","4":"has-post-thumbnail","6":"product_cat-einfach-grillen-mit-gas","7":"product_cat-einbau-gasgrills-fuer-aussenkueche","8":"product_cat-zubehor","10":"first","11":"instock","12":"shipping-taxable","13":"product-type-simple"},"_links":{"self":[{"href":"https:\/\/www.ambifuego.net\/de\/wp-json\/wp\/v2\/product\/58653","targetHints":{"allow":["GET"]}}],"collection":[{"href":"https:\/\/www.ambifuego.net\/de\/wp-json\/wp\/v2\/product"}],"about":[{"href":"https:\/\/www.ambifuego.net\/de\/wp-json\/wp\/v2\/types\/product"}],"version-history":[{"count":0,"href":"https:\/\/www.ambifuego.net\/de\/wp-json\/wp\/v2\/product\/58653\/revisions"}],"wp:featuredmedia":[{"embeddable":true,"href":"https:\/\/www.ambifuego.net\/de\/wp-json\/wp\/v2\/media\/52814"}],"wp:attachment":[{"href":"https:\/\/www.ambifuego.net\/de\/wp-json\/wp\/v2\/media?parent=58653"}],"wp:term":[{"taxonomy":"product_brand","embeddable":true,"href":"https:\/\/www.ambifuego.net\/de\/wp-json\/wp\/v2\/product_brand?post=58653"},{"taxonomy":"product_cat","embeddable":true,"href":"https:\/\/www.ambifuego.net\/de\/wp-json\/wp\/v2\/product_cat?post=58653"},{"taxonomy":"product_tag","embeddable":true,"href":"https:\/\/www.ambifuego.net\/de\/wp-json\/wp\/v2\/product_tag?post=58653"}],"curies":[{"name":"wp","href":"https:\/\/api.w.org\/{rel}","templated":true}]}}