{"id":52871,"date":"2022-05-13T16:14:26","date_gmt":"2022-05-13T14:14:26","guid":{"rendered":"https:\/\/www.ambifuego.net\/xtempx\/producto\/heizofen-kochen-mit-holz\/"},"modified":"2025-10-08T13:48:48","modified_gmt":"2025-10-08T11:48:48","slug":"heizofen-kochen-mit-holz","status":"publish","type":"product","link":"https:\/\/www.ambifuego.net\/de\/producto\/heizofen-kochen-mit-holz\/","title":{"rendered":"WARMHEARTH"},"content":{"rendered":"<p style=\"text-align: justify;\"><span style=\"font-family: verdana, geneva, sans-serif;\">Heizofen &#8211; Kochen mit Holz oder Kohle, dient vornehmlich der Raumheizung durch Strahlungsw\u00e4rme.<\/span><\/p>\n<h2 style=\"text-align: justify;\"><span style=\"font-size: 12pt; font-family: verdana, geneva, sans-serif;\"><strong>Landhausherd f\u00fcr feste Brennstoffe -Die kleine Alternative zu einem Kaminofen.<\/strong><\/span><\/h2>\n<p style=\"text-align: justify;\"><span style=\"font-family: verdana, geneva, sans-serif;\">Denn mit dem Warmheart k\u00f6nnen Sie nicht nur heizen, sondern auch kochen und grillen. Ohne F\u00fc\u00dfe auch kombinierbar in gemauerten K\u00fcchen.<\/span><\/p>\n<p style=\"text-align: justify;\"><span style=\"font-family: verdana, geneva, sans-serif;\">Dar\u00fcber hinaus ist er wie ein <a href=\"https:\/\/www.esse.com\/range-cookers\/\" target=\"_blank\" rel=\"noopener\">Woodburner mit einem hei\u00dfen Kochfelder<\/a>, jedoch nur mit einem Backrohr ausgestattet.<\/span><\/p>\n<p style=\"text-align: justify;\"><span style=\"font-family: verdana, geneva, sans-serif;\">Der Warmheart verf\u00fcgt im Heizbe\u00adreich \u00fcber die selben Leistungswerte wie der Bakeheart. Er kann, wie sein gro\u00dfer Bruder, auch warmes Brauch\u00adwasser erzeugen und ist zum Kochen und Grillen hervorragend geeignet. Dieses Produkt ist historisch gese\u00adhen ein echter &#8222;Stove&#8220;, denn er ist ein Kaminofen, auf dem man kochen kann.<\/span><\/p>\n<h2 style=\"text-align: justify;\"><span style=\"font-size: 12pt; font-family: verdana, geneva, sans-serif;\">Heizofen und Kochen mit Holz oder Kohle f\u00fcr gem\u00fctliche Abends<\/span><\/h2>\n<p style=\"text-align: justify;\"><span style=\"font-family: verdana, geneva, sans-serif;\"><a href=\"https:\/\/www.esse.com\/wood-fired-cook-stoves\/warmheart\/\" target=\"_blank\" rel=\"noopener\">Dieser Ofen<\/a> bietet Ihnen eine Vielzahl von Anwendungsm\u00f6glichkeiten. Set\u00adzen Sie diesen Ofen als Holzkoch\u00adstelle in Ihrer K\u00fcche ein oder als kleinen Ofen im Wohn- oder Esszim\u00admer. Nat\u00fcrlich ist der Warmheart auch bestens geeignet, um mit ihm saftige Steaks zu grillen oder eine deftige Suppe zu kochen.<\/span><br \/>\n<span style=\"font-family: verdana, geneva, sans-serif;\">Platzieren Sie dieses kleine Multita\u00adlent in Ihrer Gartenlaube oder in der Jagd- oder Skih\u00fctte und behagliche Stunden sind garantiert. Ein Schorn\u00adstein ist nat\u00fcrlich erforderlich<\/span><\/p>\n<p style=\"text-align: justify;\"><span style=\"font-family: verdana, geneva, sans-serif;\">Seine Heizleistung betr\u00e4gt 5 kW und ist 155 kg schwer . Mit abgelagertem Hartholz erreicht er eine Energieeffizienz von 72% (mit Kohle 70%). Die Frontscheibe der gro\u00dfen Brennkammer bietet eine gute Sicht auf das Holz ( St\u00fccke 691(h) x 500(w) x 600(d)mm gross) &#8211; oder Kohlefeuer und bleibt durch die Luftf\u00fchrung nahezu ru\u00dffrei. Der Ofen ist als Dauerbrandofen ausgelegt und kann aufgrund seiner gro\u00dfen Brennraumkapazit\u00e4t auch \u00fcber Nacht befeuert werden. Im Gegensatz zum Woodburner wird hier das Holz auf einem Rost und nicht im Aschebett verbrannt.<\/span><\/p>\n<p style=\"text-align: justify;\"><span style=\"font-family: verdana, geneva, sans-serif;\">Diese Produkt zeichnet sich durch ihren originalen Charakter, ein hohes Ma\u00df an Authentizit\u00e4t, im Einklang mit l\u00e4ndlichem Charme und klassischer Eleganz aus. Die Mischung aus Tradition und Moderne garantiert perfektes britisches Understatement<\/span><\/p>\n<p style=\"text-align: justify;\"><span style=\"font-family: verdana, geneva, sans-serif;\">Willkommen in der Welt des besseren Kochens und einem gem\u00fctlichen Zuhause.<\/span><\/p>\n<figure id=\"attachment_52873\" aria-describedby=\"caption-attachment-52873\" style=\"width: 380px\" class=\"wp-caption alignnone\"><img fetchpriority=\"high\" decoding=\"async\" class=\"size-full wp-image-52873\" src=\"https:\/\/www.ambifuego.net\/wp-content\/uploads\/2022\/05\/warmheart-dimensions_optimized.jpg\" alt=\"warmheart-dimensions\" width=\"380\" height=\"362\" srcset=\"https:\/\/www.ambifuego.net\/wp-content\/uploads\/2022\/05\/warmheart-dimensions_optimized.jpg 380w, https:\/\/www.ambifuego.net\/wp-content\/uploads\/2022\/05\/warmheart-dimensions_optimized-283x270.jpg 283w\" sizes=\"(max-width: 380px) 100vw, 380px\" \/><figcaption id=\"caption-attachment-52873\" class=\"wp-caption-text\">warmheart-dimensions<\/figcaption><\/figure>\n","protected":false},"excerpt":{"rendered":"<p><span style=\"font-family: verdana, geneva, sans-serif;\">Der kompakte Warmheart-Holzkochherd ist die perfekte Heizl\u00f6sung f\u00fcr ein kleines Landhaus oder eine abgelegene H\u00fctte im Hinterland.<\/span><\/p>\n","protected":false},"featured_media":78925,"template":"","meta":[],"product_brand":[],"product_cat":[384],"product_tag":[],"class_list":{"0":"post-52871","1":"product","2":"type-product","3":"status-publish","4":"has-post-thumbnail","6":"product_cat-landhausherde-tradition-innovation-soliditaet","8":"first","9":"instock","10":"shipping-taxable","11":"product-type-simple"},"_links":{"self":[{"href":"https:\/\/www.ambifuego.net\/de\/wp-json\/wp\/v2\/product\/52871","targetHints":{"allow":["GET"]}}],"collection":[{"href":"https:\/\/www.ambifuego.net\/de\/wp-json\/wp\/v2\/product"}],"about":[{"href":"https:\/\/www.ambifuego.net\/de\/wp-json\/wp\/v2\/types\/product"}],"version-history":[{"count":0,"href":"https:\/\/www.ambifuego.net\/de\/wp-json\/wp\/v2\/product\/52871\/revisions"}],"wp:featuredmedia":[{"embeddable":true,"href":"https:\/\/www.ambifuego.net\/de\/wp-json\/wp\/v2\/media\/78925"}],"wp:attachment":[{"href":"https:\/\/www.ambifuego.net\/de\/wp-json\/wp\/v2\/media?parent=52871"}],"wp:term":[{"taxonomy":"product_brand","embeddable":true,"href":"https:\/\/www.ambifuego.net\/de\/wp-json\/wp\/v2\/product_brand?post=52871"},{"taxonomy":"product_cat","embeddable":true,"href":"https:\/\/www.ambifuego.net\/de\/wp-json\/wp\/v2\/product_cat?post=52871"},{"taxonomy":"product_tag","embeddable":true,"href":"https:\/\/www.ambifuego.net\/de\/wp-json\/wp\/v2\/product_tag?post=52871"}],"curies":[{"name":"wp","href":"https:\/\/api.w.org\/{rel}","templated":true}]}}