{"id":47734,"date":"2021-12-02T11:48:33","date_gmt":"2021-12-02T10:48:34","guid":{"rendered":"https:\/\/www.ambifuego.net\/xtempx\/?post_type=product&#038;p=47734"},"modified":"2025-11-12T16:57:43","modified_gmt":"2025-11-12T15:57:43","slug":"mini-pellet","status":"publish","type":"product","link":"https:\/\/www.ambifuego.net\/de\/producto\/mini-pellet\/","title":{"rendered":"MINI"},"content":{"rendered":"<h1><span style=\"font-size: 18pt;\">MINI Pelletofen Ofen kompakt<\/span><\/h1>\n<p><span style=\"font-family: verdana, geneva, sans-serif;\">MINI Pelletofen ist ein Ofen mit kompaktem und minimalistschem Design, dr mit Holzf\u00fc\u00dfen und &#8222;magischem&#8220; Glas vrziert ist. Dank der Anzeigeeinstellungen, die den Gesambetrieb verwalten passt sich dieser Ofen perfekt dem modernen Lebensstil an.<\/span><\/p>\n<p><span style=\"font-family: verdana, geneva, sans-serif;\">Pellet\u00f6fen sind eine \u00e4u\u00dferst energieeffiziente M\u00f6glichkeit, Ihr Zuhause zu heizen. Holzpellets haben einen sehr geringen Feuchtigkeitsgehalt und geben daher viel W\u00e4rme ab.<\/span><\/p>\n<div class='yrm-content yrm-content-1 yrm-content-hide  ' id='yrm-8PAsu' data-id='1' data-show-status='false' data-after-action='' style=\"visibility: hidden;height: 0;\">\n\t\t\t<div id='yrm-inner-content-yrm-8PAsu' class='yrm-inner-content-wrapper yrm-cntent-1'>\n<h2><span style=\"font-family: verdana, geneva, sans-serif; font-size: 14pt;\">Das\u00a0 Model &#8222;Mini&#8220; ist f\u00fcr alle Umgebungen geeignet und h\u00e4lt die \u00f6kologischen und energiesparenden Standars.<\/span><\/h2>\n<p><span style=\"font-family: verdana, geneva, sans-serif;\">Nicht nur der Brennstoff ist hocheffizient, sondern auch die Pellet\u00f6fen selbst. Dank zahlreicher Sensoren wird sichergestellt, dass dem Brennraum nur dann Brennstoff zugef\u00fchrt wird, wenn es unbedingt n\u00f6tig ist.<\/span><\/p>\n<p><span style=\"font-family: verdana, geneva, sans-serif;\">Wie bereits erw\u00e4hnt, erreichen die besten Pelletofenmodelle einen Wirkungsgrad von \u00fcber 90 %.<\/span><br \/>\n<span style=\"font-family: verdana, geneva, sans-serif;\">Wie funktionieren Pellet\u00f6fen?<\/span><\/p>\n<p><span style=\"font-family: verdana, geneva, sans-serif;\">Pellet\u00f6fen funktionieren ganz anders als herk\u00f6mmliche Holz\u00f6fen. Sie nutzen moderne mechanische und elektronische Komponenten f\u00fcr eine hocheffiziente und pr\u00e4zise regulierbare Heizung.<\/span><\/p>\n<h3><span style=\"font-family: verdana, geneva, sans-serif;\">Ein typischer Pelletofen funktioniert folgenderma\u00dfen:<\/span><\/h3>\n<p><span style=\"font-family: verdana, geneva, sans-serif;\">Nach dem Anschlie\u00dfen an eine Steckdose kann der Pelletofen eingeschaltet werden. Der Betrieb beginnt mit dem Z\u00fcnden. Die im Vorratsbeh\u00e4lter (auch Brennstoffbeh\u00e4lter genannt) befindlichen Pellets werden in den Brennraum bef\u00f6rdert. Die Pellets werden mithilfe einer F\u00f6rderschnecke transportiert.<\/span><br \/>\n<span style=\"font-family: verdana, geneva, sans-serif;\">W\u00e4hrend die Pellets im Brennraum (wie ein echtes Feuer) verbrennen, werden Rauch und Brennstoff \u00fcber eine Absaugung abgef\u00fchrt.<\/span><br \/>\n<span style=\"font-family: verdana, geneva, sans-serif;\">Diese Abluft wird \u00fcber die Absaugung durch einen Schornstein nach drau\u00dfen geleitet.<\/span><br \/>\n<span style=\"font-family: verdana, geneva, sans-serif;\">Durch die Rauchbewegung entsteht ein Unterdruck, der Frischluft in den Brennraum saugt und so das Feuer n\u00e4hrt. Die Frischluft wird entweder aus dem Wohnzimmer oder von au\u00dfen \u00fcber einen Kanal angesaugt (je nach Ofenmodell).<\/span><br \/>\n<span style=\"font-family: verdana, geneva, sans-serif;\">Die warme Luft aus dem Brennraum str\u00f6mt durch Konvektion in den Raum.<\/span><\/p>\n<p><span style=\"font-family: verdana, geneva, sans-serif;\">Das Besondere an Pellet\u00f6fen ist, dass alle oben genannten Prozesse mithilfe von Temperatur- und Drucksensoren \u00fcberwacht und gesteuert werden.<\/span><\/p>\n<ul>\n<li style=\"list-style-type: none;\">\n<ul>\n<li><span style=\"font-family: verdana, geneva, sans-serif;\"><a href=\"https:\/\/www.ambifuego.net\/wp-content\/uploads\/2022\/04\/TEPOR_catalogo-tecnico_2021_CORRETTO.pdf\" target=\"_blank\" rel=\"noopener\">Katalog<\/a><\/span><\/li>\n<li><a href=\"https:\/\/vimeo.com\/ambifuego\" target=\"_blank\" rel=\"noopener\"><span style=\"font-family: verdana, geneva, sans-serif;\">Videos<\/span><\/a><\/li>\n<\/ul>\n<\/li>\n<\/ul>\n<img fetchpriority=\"high\" decoding=\"async\" class=\" wp-image-81687\" src=\"https:\/\/www.ambifuego.net\/wp-content\/uploads\/2021\/12\/ETIQUETA-EFICIENCIA-DEUTSCH-_11zon_11zon.webp\" alt=\"estufa pellets peque\u00f1a mini\" width=\"846\" height=\"71\" srcset=\"https:\/\/www.ambifuego.net\/wp-content\/uploads\/2021\/12\/ETIQUETA-EFICIENCIA-DEUTSCH-_11zon_11zon.webp 1144w, https:\/\/www.ambifuego.net\/wp-content\/uploads\/2021\/12\/ETIQUETA-EFICIENCIA-DEUTSCH-_11zon_11zon-768x64.webp 768w, https:\/\/www.ambifuego.net\/wp-content\/uploads\/2021\/12\/ETIQUETA-EFICIENCIA-DEUTSCH-_11zon_11zon-800x67.webp 800w\" sizes=\"(max-width: 846px) 100vw, 846px\" \/> <span style=\"font-size: 16px;\"><\/div>\n\t\t<\/div><div class='yrm-btn-wrapper yrm-btn-wrapper-1 yrm-more-button-wrapper  '\n\t\tdata-custom-more-class-name='' data-custom-less-class-name=''><span title='' data-less-title='' data-more-title='' class='yrm-toggle-expand  yrm-toggle-expand-1 ' data-rel='yrm-8PAsu' data-more='Mehr erfahren ' data-less='Schliessen'><span class='yrm-text-wrapper yrm-text-wrapper-custom-dimensions'><span class=\"yrm-button-text-1 yrm-button-text-span\">Mehr erfahren <\/span><\/span><\/span><\/div><\/span>[\/caption]\n","protected":false},"excerpt":{"rendered":"<p>&nbsp;<\/p>\n[caption id=\"attachment_55465\" align=\"alignnone\" width=\"364\"]<img decoding=\"async\" class=\"size-full wp-image-55465\" src=\"https:\/\/www.ambifuego.net\/wp-content\/uploads\/2021\/12\/mini-roja.jpg\" alt=\"MINI Pelletofen Ofen kompakt\" width=\"364\" height=\"439\" srcset=\"https:\/\/www.ambifuego.net\/wp-content\/uploads\/2021\/12\/mini-roja.jpg 364w, https:\/\/www.ambifuego.net\/wp-content\/uploads\/2021\/12\/mini-roja-224x270.jpg 224w\" sizes=\"(max-width: 364px) 100vw, 364px\" \/> MINI Pelletofen Ofen kompakt[\/caption]\n","protected":false},"featured_media":81069,"template":"","meta":[],"product_brand":[],"product_cat":[390,395],"product_tag":[],"class_list":{"0":"post-47734","1":"product","2":"type-product","3":"status-publish","4":"has-post-thumbnail","6":"product_cat-pelletofen-biomass","7":"product_cat-klein-pelletofen","9":"first","10":"instock","11":"shipping-taxable","12":"product-type-simple"},"_links":{"self":[{"href":"https:\/\/www.ambifuego.net\/de\/wp-json\/wp\/v2\/product\/47734","targetHints":{"allow":["GET"]}}],"collection":[{"href":"https:\/\/www.ambifuego.net\/de\/wp-json\/wp\/v2\/product"}],"about":[{"href":"https:\/\/www.ambifuego.net\/de\/wp-json\/wp\/v2\/types\/product"}],"version-history":[{"count":0,"href":"https:\/\/www.ambifuego.net\/de\/wp-json\/wp\/v2\/product\/47734\/revisions"}],"wp:featuredmedia":[{"embeddable":true,"href":"https:\/\/www.ambifuego.net\/de\/wp-json\/wp\/v2\/media\/81069"}],"wp:attachment":[{"href":"https:\/\/www.ambifuego.net\/de\/wp-json\/wp\/v2\/media?parent=47734"}],"wp:term":[{"taxonomy":"product_brand","embeddable":true,"href":"https:\/\/www.ambifuego.net\/de\/wp-json\/wp\/v2\/product_brand?post=47734"},{"taxonomy":"product_cat","embeddable":true,"href":"https:\/\/www.ambifuego.net\/de\/wp-json\/wp\/v2\/product_cat?post=47734"},{"taxonomy":"product_tag","embeddable":true,"href":"https:\/\/www.ambifuego.net\/de\/wp-json\/wp\/v2\/product_tag?post=47734"}],"curies":[{"name":"wp","href":"https:\/\/api.w.org\/{rel}","templated":true}]}}