{"id":46543,"date":"2021-10-20T14:27:28","date_gmt":"2021-10-20T12:27:29","guid":{"rendered":"https:\/\/www.ambifuego.net\/xtempx\/?post_type=product&#038;p=46543"},"modified":"2023-07-03T16:33:21","modified_gmt":"2023-07-03T14:33:21","slug":"einbau-gasgrill-3-brenner","status":"publish","type":"product","link":"https:\/\/www.ambifuego.net\/de\/producto\/einbau-gasgrill-3-brenner\/","title":{"rendered":"Ambigrill 3+1"},"content":{"rendered":"<p style=\"text-align: justify;\"><span style=\"font-family: verdana, geneva, sans-serif;\"><strong>Einbau Gasgrill 3 Brenner auf der Terasse oder dem Balkon.<\/strong> Verlegen Sie das Kochen ins Freie mit einer Outdoork\u00fcche, die alle Ihre W\u00fcnsche erf\u00fcllt.<\/span><\/p>\n<p style=\"text-align: justify;\"><span style=\"font-family: verdana, geneva, sans-serif;\">Im Freien kochen mit einer Outdoor K\u00fcche. Genie\u00dfen Sie den Luxus einer Aussen-K\u00fcche und verbringen Sie den Sommer im Garten. <\/span><span style=\"font-family: verdana, geneva, sans-serif;\">Teil einer Outdoor K\u00fcche kann nicht nur der klassische Grill sein, auch mit weiteren Elementen wie einem Seitenbrenner, einem Pizzaofen oder einem Kamado-Grill zaubern Sie <a href=\"https:\/\/www.gutekueche.at\/grill-anfaenger-rezepte\">kulinarische K\u00f6stlichkeiten<\/a> in Ihrem Au\u00dfenbereich. Planen und bauen Sie Ihre Outdoor K\u00fcche nach Ihren eigenen Vorstellungen mit diesem Einbau Gasgrill mit 3 Brenner.<\/span><\/p>\n<p style=\"text-align: justify;\"><span style=\"font-family: verdana, geneva, sans-serif;\"> Verlegen Sie das Kochen ins Freie mit einer Outdoork\u00fcche, die alle Ihre W\u00fcnsche erf\u00fcllt.<\/span><\/p>\n<div class=\"grid-space _dgs _dg-max-6\" style=\"text-align: justify;\">\n<p id=\"3\"><span style=\"font-size: 14pt; font-family: verdana, geneva, sans-serif;\">Arten von Aussen-K\u00fcchen<\/span><\/p>\n<p><span style=\"font-family: verdana, geneva, sans-serif;\">Es gibt viele verschiedene Arten von Outdoork\u00fcchen, die sich nach den eigenen W\u00fcnschen und Vorstellungen richten. Von der selbstgebauten Au\u00dfenk\u00fcche \u00fcber die mobile Outdoork\u00fcche bis hin zu K\u00fcchenmodulen ist f\u00fcr jedes Bed\u00fcrfnis und Budget etwas dabei. <\/span><\/p>\n<h2><span style=\"font-size: 14pt;\"><strong><span style=\"font-family: verdana, geneva, sans-serif;\">Ihre individuelle Au\u00dfenk\u00fcche mit diesem Einbau Gasgrill 3 Brenner<\/span><\/strong><\/span><\/h2>\n<\/div>\n<div class=\"grid-space _dgs _dg-max-6\" style=\"text-align: justify;\">\n<p><span style=\"font-family: verdana, geneva, sans-serif;\">Unter der individuellen Au\u00dfenk\u00fcche versteht sich die selbstgebaute oder von einem Profi erbaute Outdoork\u00fcche, die bis ins kleinste Detail den eigenen W\u00fcnschen und Vorstellungen entspricht. F\u00fcr kleinere K\u00fcche empfelen wir Ihnen unsere <strong>Einbau Gasgrill 3 Brenner.\u00a0 <\/strong><\/span><span style=\"font-family: verdana, geneva, sans-serif;\">Ausserdem gibt es auch fertiges K\u00fcchesystems. <\/span><span style=\"font-family: verdana, geneva, sans-serif;\">Das fertige K\u00fcchensystem besteht aus individualisierbaren Modulen.<\/span><\/p>\n<p><span style=\"font-family: verdana, geneva, sans-serif;\">Beschreibung.<\/span><\/p>\n<\/div>\n<ul>\n<li style=\"text-align: justify;\"><span style=\"font-family: verdana, geneva, sans-serif;\">Butan &#8211; Propan Einbau-Gasgrill.<\/span><\/li>\n<li style=\"text-align: justify;\"><span style=\"font-family: verdana, geneva, sans-serif;\">Einbaugrill f\u00fcr eine Outdoork\u00fcche.<\/span><\/li>\n<li style=\"text-align: justify;\"><span style=\"font-family: verdana, geneva, sans-serif;\">Alle Bauteile des Grills sind aus hochwertigem 304 Edelstahl.<\/span><\/li>\n<li style=\"text-align: justify;\"><span style=\"font-family: verdana, geneva, sans-serif;\">3 Hochleistungs-Stabbrenner aus Edelstahlguss doppelw\u00e4ndig.<\/span><\/li>\n<li style=\"text-align: justify;\"><span style=\"font-family: verdana, geneva, sans-serif;\">Insgesam 12 kW.<\/span><\/li>\n<li style=\"text-align: justify;\"><span style=\"font-family: verdana, geneva, sans-serif;\">Infrarot Backburner und Rotisserie mit Motor.<\/span><\/li>\n<li style=\"text-align: justify;\"><span style=\"font-family: verdana, geneva, sans-serif;\">Doppelw\u00e4ndige Edelstahlhaube mit Heavy Duty Deckelthermometer.<\/span><\/li>\n<li style=\"text-align: justify;\"><span style=\"font-family: verdana, geneva, sans-serif;\">Massive Edelstahl Grillroste mit einer Stabdicke von 8mm.<\/span><\/li>\n<li style=\"text-align: justify;\"><span style=\"font-family: verdana, geneva, sans-serif;\">Halogen Grillfl\u00e4chenbeleuchtung mit Bedienknopf.<\/span><\/li>\n<li style=\"text-align: justify;\"><span style=\"font-family: verdana, geneva, sans-serif;\">Edelstahl Warmhalterost mit einer Stabdicke von 4mm.<\/span><\/li>\n<li style=\"text-align: justify;\"><span style=\"font-family: verdana, geneva, sans-serif;\">Edelstahl Fettauffangsystem mit nach vorn herausziehbarer Fettschublade.<\/span><\/li>\n<li style=\"text-align: justify;\"><span style=\"font-family: verdana, geneva, sans-serif;\">Grillrostenfl\u00e4che 61,5 x 45 cm.<\/span><\/li>\n<li style=\"text-align: justify;\"><span style=\"font-family: verdana, geneva, sans-serif;\">Integrierbar in nahezu jede Unterkonstruktion, auch holzkonstruktionen.<\/span><\/li>\n<li style=\"text-align: justify;\"><span style=\"font-family: verdana, geneva, sans-serif;\">Warmhalterostfl\u00e4che 61,5 x 13 cm.<\/span><\/li>\n<li style=\"text-align: justify;\"><span style=\"font-family: verdana, geneva, sans-serif;\">Gewicht 45 kg.<\/span><\/li>\n<li style=\"text-align: justify;\"><a href=\"https:\/\/www.ambifuego.net\/wp-content\/uploads\/2023\/06\/05-06-23-bbq.pub2_compressed-1.pdf\"><span style=\"font-family: verdana, geneva, sans-serif;\">Kataloge<\/span><\/a><\/li>\n<li style=\"text-align: justify;\"><a href=\"https:\/\/www.ambifuego.net\/de\/kontakt\/\"><span style=\"font-family: verdana, geneva, sans-serif;\">Preis auf Anfrage<\/span><\/a><\/li>\n<\/ul>\n<p>&nbsp;<\/p>\n<p><img fetchpriority=\"high\" decoding=\"async\" class=\"alignnone size-medium wp-image-55451\" src=\"https:\/\/www.ambifuego.net\/wp-content\/uploads\/2021\/10\/3-burner-gril_optimized-480x334.jpg\" alt=\"\" width=\"480\" height=\"334\" srcset=\"https:\/\/www.ambifuego.net\/wp-content\/uploads\/2021\/10\/3-burner-gril_optimized-480x334.jpg 480w, https:\/\/www.ambifuego.net\/wp-content\/uploads\/2021\/10\/3-burner-gril_optimized-388x270.jpg 388w, https:\/\/www.ambifuego.net\/wp-content\/uploads\/2021\/10\/3-burner-gril_optimized.jpg 492w\" sizes=\"(max-width: 480px) 100vw, 480px\" \/><\/p>\n","protected":false},"excerpt":{"rendered":"<p><img decoding=\"async\" class=\"alignnone size-full wp-image-46732\" src=\"https:\/\/www.ambifuego.net\/wp-content\/uploads\/2021\/10\/3-burner-grill-02_optimized-1.jpg\" alt=\"\" width=\"393\" height=\"311\" srcset=\"https:\/\/www.ambifuego.net\/wp-content\/uploads\/2021\/10\/3-burner-grill-02_optimized-1.jpg 393w, https:\/\/www.ambifuego.net\/wp-content\/uploads\/2021\/10\/3-burner-grill-02_optimized-1-341x270.jpg 341w\" sizes=\"(max-width: 393px) 100vw, 393px\" \/><\/p>\n","protected":false},"featured_media":46729,"template":"","meta":[],"product_brand":[],"product_cat":[365,369],"product_tag":[],"class_list":{"0":"post-46543","1":"product","2":"type-product","3":"status-publish","4":"has-post-thumbnail","6":"product_cat-einfach-grillen-mit-gas","7":"product_cat-einbau-gasgrills-fuer-aussenkueche","9":"first","10":"instock","11":"shipping-taxable","12":"product-type-simple"},"_links":{"self":[{"href":"https:\/\/www.ambifuego.net\/de\/wp-json\/wp\/v2\/product\/46543","targetHints":{"allow":["GET"]}}],"collection":[{"href":"https:\/\/www.ambifuego.net\/de\/wp-json\/wp\/v2\/product"}],"about":[{"href":"https:\/\/www.ambifuego.net\/de\/wp-json\/wp\/v2\/types\/product"}],"version-history":[{"count":0,"href":"https:\/\/www.ambifuego.net\/de\/wp-json\/wp\/v2\/product\/46543\/revisions"}],"wp:featuredmedia":[{"embeddable":true,"href":"https:\/\/www.ambifuego.net\/de\/wp-json\/wp\/v2\/media\/46729"}],"wp:attachment":[{"href":"https:\/\/www.ambifuego.net\/de\/wp-json\/wp\/v2\/media?parent=46543"}],"wp:term":[{"taxonomy":"product_brand","embeddable":true,"href":"https:\/\/www.ambifuego.net\/de\/wp-json\/wp\/v2\/product_brand?post=46543"},{"taxonomy":"product_cat","embeddable":true,"href":"https:\/\/www.ambifuego.net\/de\/wp-json\/wp\/v2\/product_cat?post=46543"},{"taxonomy":"product_tag","embeddable":true,"href":"https:\/\/www.ambifuego.net\/de\/wp-json\/wp\/v2\/product_tag?post=46543"}],"curies":[{"name":"wp","href":"https:\/\/api.w.org\/{rel}","templated":true}]}}