{"id":42752,"date":"2021-07-08T13:58:39","date_gmt":"2021-07-08T13:58:40","guid":{"rendered":"https:\/\/www.ambifuego.net\/xtempx\/?post_type=product&#038;p=42752"},"modified":"2023-07-03T16:48:28","modified_gmt":"2023-07-03T14:48:28","slug":"4-brenner-gasgrill-mit-seitenbrenner","status":"publish","type":"product","link":"https:\/\/www.ambifuego.net\/de\/producto\/4-brenner-gasgrill-mit-seitenbrenner\/","title":{"rendered":"Prestige 4+1"},"content":{"rendered":"<p style=\"text-align: justify;\"><span style=\"font-family: verdana, geneva, sans-serif;\">4-Brenner Gasgrill mit Seitenbrenner, Der <strong>Prestige 4+1<\/strong> mit einer Brennerausstattung und\u00a0 breite Grillfl\u00e4che der sich an unerm\u00fcdliche und kulinarisch anspruchsvolle Grillfans richtet. <\/span><span style=\"font-family: tahoma, arial, helvetica, sans-serif;\">Wenn die Sonne scheint und die Temperaturen steigen, zieht es alle Grillfans an den Rost. Ob im eigenen Garten, auf Balkonien oder im Park \u2013 es gibt zahlreiche Orte, an denen man Fleisch, Gem\u00fcse und K\u00e4se im Kreise der Liebsten r\u00f6sten kann.\u00a0<\/span><\/p>\n<p style=\"text-align: justify;\"><span style=\"font-family: verdana, geneva, sans-serif;\">Der Prestige 4, ist mit 4 Edelstahlbrennern von jeweils 2,7 kW und einem Seitenbrenner mit 2,5 kW Leistung ausgestattet.\u00a0 Auf dem Seitenkocher im rechten Seitentisch lassen sich diverse <strong>Beilagen<\/strong>\u00a0wie <a href=\"https:\/\/www.smarticular.net\/grillgemuese-rezepte-gemuese-grillen-zucchini\/\">Gem\u00fcsegerichte<\/a> oder Saucen zu Fleisch und Co. zubereiten. Gez\u00fcndet wird das Modell per\u00a0<strong>Piezotechnik<\/strong>. Die Brenner lassen sich \u00fcber Drehknebel am vertikalen Bedienpult einzeln und stufenlos regulieren.<\/span><\/p>\n<h2><span style=\"font-family: verdana, geneva, sans-serif; font-size: 14pt;\">Schlichte Bauweise, aber Gasgrill mit gro\u00dfe Fl\u00e4che.<\/span><\/h2>\n<p><span style=\"font-family: verdana, geneva, sans-serif;\">Von der Bauweise her zeigt sich der Prestige <em>4 <\/em>\u00a0im typischen Grillwagenstil mit einem hohe Geh\u00e4use aus Stahl. Die Deckelhaube ist emailliert und mit einem dicken Stangengriff sowie einem <strong>Thermometer<\/strong> versehen. Der Unterschrank, in dem die Gasflasche unterkommt, ist pulverbeschichtet. Er hat an der Front eine Fl\u00fcgelt\u00fcr mit kleinen Rundgriffen. Haken f\u00fcr Grillzubeh\u00f6r sind nicht vorhanden. Unter der Deckelhaube verbirgt sich 4 Hauptroste von 3\u00a0 cm Breite und 35 cm Tiefe. Dar\u00fcber h\u00e4ngt in einem Gelenk ein <strong>Warmhalterost<\/strong> mit einer Fl\u00e4che von 69 \u00d7 12 cm. Damit steht Dir genug Platz f\u00fcr die Bek\u00f6stigung gr\u00f6\u00dferer Gesellschaften von <strong>um die 6 Personen<\/strong>\u00a0zur Verf\u00fcgung. Die Roste bestehen aus Edelstahl. Damit haben sie eine weniger kraftvolle Hitzeleitf\u00e4higkeit als gusseiserne Roste, sind daf\u00fcr aber nicht so schwer und einfacher zu reinigen.<\/span><\/p>\n<h2><span style=\"font-family: verdana, geneva, sans-serif; font-size: 14pt;\">4-Brenner gasgrill mit seitenbrenner von hervorragender Qualit\u00e4t.<\/span><\/h2>\n<p style=\"text-align: justify;\"><span style=\"font-family: verdana, geneva, sans-serif;\">Das Ger\u00e4t ist\u00a0<strong>erstklassig verarbeitet<\/strong> und von sehr guter Materialqualit\u00e4t.\u00a0<\/span><\/p>\n<ul>\n<li><span style=\"font-family: verdana, geneva, sans-serif;\">Gas Grill &#8211; Butan oder Propan Gas<\/span><\/li>\n<li><span style=\"font-family: verdana, geneva, sans-serif;\">4 Brenner (10,8 kW) + 1 Seitenbrenner (2,5 kW)<\/span><\/li>\n<li><span id=\"result_box\" class=\"\" lang=\"de\" style=\"font-family: verdana, geneva, sans-serif;\"><span class=\"\">Porzellanmaterial Schwarzer Stahl<\/span><br \/>\n<\/span><\/li>\n<li><span style=\"font-family: verdana, geneva, sans-serif;\">Elektronische Z\u00fcndung<\/span><\/li>\n<li><span style=\"font-family: verdana, geneva, sans-serif;\">Porzellanemalliert Grillen<\/span><\/li>\n<li><span style=\"font-family: verdana, geneva, sans-serif;\">Deckel emaillier doppelwandig<\/span><\/li>\n<li><span style=\"font-family: verdana, geneva, sans-serif;\">Deckelthermometer<\/span><\/li>\n<li><span style=\"font-family: verdana, geneva, sans-serif;\">Gewicht 40 kg<\/span><\/li>\n<li><span id=\"result_box\" class=\"\" lang=\"de\" style=\"font-family: verdana, geneva, sans-serif;\">Ma\u00dfe Tiefe 56 x\u00a0 H\u00f6he 112 x Breite 130 cm<\/span><\/li>\n<li><a href=\"https:\/\/www.ambifuego.net\/wp-content\/uploads\/2023\/06\/05-06-23-bbq.pub2_compressed-1.pdf\">Katalog<\/a><\/li>\n<\/ul>\n<figure id=\"attachment_53803\" aria-describedby=\"caption-attachment-53803\" style=\"width: 447px\" class=\"wp-caption alignnone\"><img fetchpriority=\"high\" decoding=\"async\" class=\"size-full wp-image-53803\" src=\"https:\/\/www.ambifuego.net\/wp-content\/uploads\/2021\/07\/medidas-prestige-4_optimized.jpg\" alt=\"barbacoas 4quemadores 1 lateral prestige4\" width=\"447\" height=\"406\" srcset=\"https:\/\/www.ambifuego.net\/wp-content\/uploads\/2021\/07\/medidas-prestige-4_optimized.jpg 447w, https:\/\/www.ambifuego.net\/wp-content\/uploads\/2021\/07\/medidas-prestige-4_optimized-297x270.jpg 297w\" sizes=\"(max-width: 447px) 100vw, 447px\" \/><figcaption id=\"caption-attachment-53803\" class=\"wp-caption-text\">barbacoas 4quemadores 1 lateral prestige4<\/figcaption><\/figure>\n","protected":false},"excerpt":{"rendered":"[caption id=\"attachment_44096\" align=\"alignnone\" width=\"400\"]<img decoding=\"async\" class=\"size-full wp-image-44096\" src=\"https:\/\/www.ambifuego.net\/wp-content\/uploads\/2021\/08\/prestige4_optimized.jpg\" alt=\"barbacoa 4-quemadores y 1-lateral _prestige 4\" width=\"400\" height=\"320\" srcset=\"https:\/\/www.ambifuego.net\/wp-content\/uploads\/2021\/08\/prestige4_optimized.jpg 400w, https:\/\/www.ambifuego.net\/wp-content\/uploads\/2021\/08\/prestige4_optimized-338x270.jpg 338w\" sizes=\"(max-width: 400px) 100vw, 400px\" \/> barbacoa 4-quemadores y 1-lateral _prestige 4[\/caption]\n","protected":false},"featured_media":44090,"template":"","meta":[],"product_brand":[],"product_cat":[368],"product_tag":[],"class_list":{"0":"post-42752","1":"product","2":"type-product","3":"status-publish","4":"has-post-thumbnail","6":"product_cat-gasgrillwagen","8":"first","9":"instock","10":"shipping-taxable","11":"product-type-simple"},"_links":{"self":[{"href":"https:\/\/www.ambifuego.net\/de\/wp-json\/wp\/v2\/product\/42752","targetHints":{"allow":["GET"]}}],"collection":[{"href":"https:\/\/www.ambifuego.net\/de\/wp-json\/wp\/v2\/product"}],"about":[{"href":"https:\/\/www.ambifuego.net\/de\/wp-json\/wp\/v2\/types\/product"}],"version-history":[{"count":0,"href":"https:\/\/www.ambifuego.net\/de\/wp-json\/wp\/v2\/product\/42752\/revisions"}],"wp:featuredmedia":[{"embeddable":true,"href":"https:\/\/www.ambifuego.net\/de\/wp-json\/wp\/v2\/media\/44090"}],"wp:attachment":[{"href":"https:\/\/www.ambifuego.net\/de\/wp-json\/wp\/v2\/media?parent=42752"}],"wp:term":[{"taxonomy":"product_brand","embeddable":true,"href":"https:\/\/www.ambifuego.net\/de\/wp-json\/wp\/v2\/product_brand?post=42752"},{"taxonomy":"product_cat","embeddable":true,"href":"https:\/\/www.ambifuego.net\/de\/wp-json\/wp\/v2\/product_cat?post=42752"},{"taxonomy":"product_tag","embeddable":true,"href":"https:\/\/www.ambifuego.net\/de\/wp-json\/wp\/v2\/product_tag?post=42752"}],"curies":[{"name":"wp","href":"https:\/\/api.w.org\/{rel}","templated":true}]}}