{"id":41153,"date":"2021-06-01T13:18:24","date_gmt":"2021-06-01T13:18:25","guid":{"rendered":"https:\/\/www.ambifuego.net\/xtempx\/?post_type=product&#038;p=41153"},"modified":"2025-10-27T15:51:22","modified_gmt":"2025-10-27T14:51:22","slug":"moderner-gaskamin-authentischen-holzfeuer","status":"publish","type":"product","link":"https:\/\/www.ambifuego.net\/de\/producto\/moderner-gaskamin-authentischen-holzfeuer\/","title":{"rendered":"Kamineinsatz 55 GD"},"content":{"rendered":"<p><span style=\"font-family: verdana, geneva, sans-serif; text-align: justify;\">Moderner Gaskamin authentischen Holzfeuer, kompakter und vielseitiger. Verwandeln Sie Ihren alten Kamin einfach, da e<\/span><span style=\"font-family: verdana, geneva, sans-serif; text-align: justify;\">r<\/span><span style=\"font-family: verdana, geneva, sans-serif; text-align: justify;\">\u00a0in einen bestehenden offenen Kamin eingesetzt oder in die Wand eingebaut werden kann.<\/span><\/p>\n<div class=\"row\">\n<div class=\"col-sm-12\">\n<div class=\"block block-nomargin\">\n<p style=\"text-align: justify;\"><span style=\"font-family: verdana, geneva, sans-serif;\">Der moderner Gaskamin authentischen Holzfeuer hat beeindruckend, realistischen Flammen.<\/span><\/p>\n<p style=\"text-align: justify;\"><span style=\"font-family: verdana, geneva, sans-serif;\">Dieser Brenner erzeugt realistische Flammen, die die Holzscheite umgeben. Es gibt eine Auswahl an verschiedenen Innenw\u00e4nden wie z.B. Ceraglass. Dieser Interieur erzeugt sch\u00f6ne Reflexionen der Flammen, so dass optisch noch mehr Feuer entsteht. Es gibt optional auch Clear View Glas, so dass es so aussieht, als ob sich kein Glas vor dem Kamin befindet.<\/span><\/p>\n<h2 style=\"text-align: justify;\"><span style=\"font-family: verdana, geneva, sans-serif; font-size: 14pt;\">Gaskamin DRU Global 55XT BF: Kompakte Feuerst\u00e4tte mit nat\u00fcrlichem Flammenbild<\/span><\/h2>\n<p style=\"text-align: justify;\"><span style=\"font-family: verdana, geneva, sans-serif;\">Der\u00a0<strong>Gaskamin 55GD<\/strong>\u00a0ist ein Gas-Feuerst\u00e4tte, mit dem Sie auf Knopfduck ein gem\u00fctliches Feuer zaubern. Und das, ohne vorher Holz zu besorgen und in die Brennkammer legen zu m\u00fcssen. Der Gaskamineinsatz wird mit Erdgas betrieben. Der kompakte Gaskamin ist platzsparend konstruiert und misst lediglich B 582xT 340 mm. Optisch modern, steht hier das Feuer im Vordergrund. Durch die Sichtscheibe, die optional auch <strong>in einer entspiegelnden Variante<\/strong>\u00a0erh\u00e4ltlich ist, haben stets Sie den idealen Blick auf das Flammenspiel. <\/span><\/p>\n<p style=\"text-align: justify;\"><span style=\"font-family: verdana, geneva, sans-serif;\">Die Sichtscheibe mit &#8222;<\/span><span style=\"font-family: verdana, geneva, sans-serif;\"><a href=\"https:\/\/www.drufire.com\/de-de\/uber-dru\/innovationen\/clear-view-glass\" target=\"_blank\" rel=\"noopener\">View GlasClear<\/a>&#8220; sieht aus, als w\u00e4re gar kein Glas vorhanden. So genie\u00dfen Sie den Komfort eines Gaskamin und empfinden diesen wie ein echtes Holzfeuer.<\/span><\/p>\n<div class=\"row\">\n<div class=\"col-sm-12\">\n<div class=\"block block-nomargin\">\n<h2 style=\"text-align: justify;\"><span style=\"font-size: 14pt;\">Lebendiges moderner Gaskamin authentischen\u00a0 Feuer mit dem Global Truflame Burner<\/span><\/h2>\n<p style=\"text-align: justify;\"><span style=\"font-family: verdana, geneva, sans-serif;\">Der Gaskamineinsatz 55GD spielt mit dem Feuer &#8211; Daf\u00fcr sorgt der <strong>Truflame Burner<\/strong>. Positioniert ist der Brenner schr\u00e4g aufw\u00e4rts, dadurch sehen die Flammen aus, als k\u00e4men sie aus den Holzscheiten. Die Wirkung f\u00e4llt noch nat\u00fcrlicher aus dank den mitgelieferten\u00a0<strong>keramischen Holzscheit-Imitate<\/strong>, die um den Brenner platziert werden. Apropos Brennkammer: Sie haben die Auswahl zwischen verschiedenen Innenauskleidungen, zum Beispiel dem schwarzen Ceraglas. Es sorgt f\u00fcr\u00a0<strong>Reflexionen der Flammen<\/strong>, verleiht dem Feuer mehr Tiefe. Die Intensit\u00e4t der Flammen k\u00f6nnen Sie beim DRU Global 55XT BF \u00fcbrigens mit einer\u00a0<strong>Fernbedienu<\/strong><\/span><strong style=\"font-family: verdana, geneva, sans-serif;\">ng<\/strong><span style=\"font-family: verdana, geneva, sans-serif;\">\u00a0steuern. Die Fernbedienung RCE bietet insgesamt folgende Funktionen<\/span><\/p>\n<div class=\"block block-nomargin\">\n<p style=\"text-align: justify;\"><span style=\"font-family: verdana, geneva, sans-serif;\">Ein sch\u00f6ner Kamin, der das Herzst\u00fcck eines jeden Hauses ist.\u00a0<\/span><\/p>\n<ul>\n<li><span style=\"font-family: verdana, geneva, sans-serif;\">Moderner Gaskamin authentischen Holzfeuer<\/span><\/li>\n<li><span style=\"font-family: verdana, geneva, sans-serif;\">Brennstoff: Erdgas oder Fl\u00fcssiggas.<\/span><\/li>\n<li><span style=\"font-family: verdana, geneva, sans-serif;\">Verbrennung: raumluftunabh\u00e4ngig.<\/span><\/li>\n<li><span style=\"font-family: verdana, geneva, sans-serif;\">Leistung: Prop-4,4Kw &#8211; Nat-4,6kW<\/span><\/li>\n<li><span style=\"font-family: verdana, geneva, sans-serif;\">Rohrdurchmesser: 150\/100 mm konzentrisch.<\/span><\/li>\n<li><span style=\"font-family: verdana, geneva, sans-serif;\">Fernbedienung RCE mit elektronischer Z\u00fcndung.<\/span><\/li>\n<li><span style=\"font-family: verdana, geneva, sans-serif;\">Keramik Holz Dekor &#8211; Steine.<\/span><\/li>\n<li><span style=\"font-family: verdana, geneva, sans-serif;\">True-Flame Burner (Perfect flame effect)<\/span><\/li>\n<li><span style=\"font-family: verdana, geneva, sans-serif;\">keramische Holzscheit-Imitate, braun<\/span><\/li>\n<li><span style=\"font-family: verdana, geneva, sans-serif;\">Gasarmatur und Empf\u00e4nger f\u00fcr Fernbedienung im Ger\u00e4t integriert<\/span><\/li>\n<li><span style=\"font-family: verdana, geneva, sans-serif;\">Fernbedienung RCH<\/span><\/li>\n<li><span style=\"font-family: verdana, geneva, sans-serif;\">*Weitere Infos &#8211; <a href=\"https:\/\/www.ambifuego.net\/wp-content\/uploads\/2022\/05\/DRU-ALEMAN.22_compressed.pdf\" target=\"_blank\" rel=\"noopener\">Katalog<\/a> &#8211; <a href=\"https:\/\/www.drufire.com\/de-de\/sortiment\/dru\/global-cf\/global-55xt-cf-1\" target=\"_blank\" rel=\"noopener\">Video<\/a> &#8211;<\/span><\/li>\n<\/ul>\n<\/div>\n<\/div>\n<\/div>\n<\/div>\n<\/div>\n<\/div>\n<\/div>\n","protected":false},"excerpt":{"rendered":"<div class=\"product-info-description col-md-8\">\n<div class=\"nav-tabs-container has-multi-tabs\">\n<div class=\"tab-content\">\n<div class=\"tab-pane active\">\n<div class=\"tab-body active\">\n[caption id=\"attachment_43624\" align=\"alignnone\" width=\"480\"]<img fetchpriority=\"high\" decoding=\"async\" class=\"wp-image-43624 size-full\" src=\"https:\/\/www.ambifuego.net\/wp-content\/uploads\/2021\/07\/global_55xt_optimized..................jpg\" alt=\"moderner Gaskamin authentischen Holzfeuer\" width=\"480\" height=\"320\" srcset=\"https:\/\/www.ambifuego.net\/wp-content\/uploads\/2021\/07\/global_55xt_optimized..................jpg 480w, https:\/\/www.ambifuego.net\/wp-content\/uploads\/2021\/07\/global_55xt_optimized.................-405x270.jpg 405w\" sizes=\"(max-width: 480px) 100vw, 480px\" \/> moderner Gaskamin authentischen Holzfeuer[\/caption]\n<\/div>\n<\/div>\n<\/div>\n<\/div>\n<\/div>\n","protected":false},"featured_media":80070,"template":"","meta":[],"product_brand":[],"product_cat":[352,353],"product_tag":[],"class_list":{"0":"post-41153","1":"product","2":"type-product","3":"status-publish","4":"has-post-thumbnail","6":"product_cat-gas-kamine-oefen-heizkoerper","7":"product_cat-hersteller-gaskamine-klein-einbau","9":"first","10":"instock","11":"shipping-taxable","12":"product-type-simple"},"_links":{"self":[{"href":"https:\/\/www.ambifuego.net\/de\/wp-json\/wp\/v2\/product\/41153","targetHints":{"allow":["GET"]}}],"collection":[{"href":"https:\/\/www.ambifuego.net\/de\/wp-json\/wp\/v2\/product"}],"about":[{"href":"https:\/\/www.ambifuego.net\/de\/wp-json\/wp\/v2\/types\/product"}],"version-history":[{"count":0,"href":"https:\/\/www.ambifuego.net\/de\/wp-json\/wp\/v2\/product\/41153\/revisions"}],"wp:featuredmedia":[{"embeddable":true,"href":"https:\/\/www.ambifuego.net\/de\/wp-json\/wp\/v2\/media\/80070"}],"wp:attachment":[{"href":"https:\/\/www.ambifuego.net\/de\/wp-json\/wp\/v2\/media?parent=41153"}],"wp:term":[{"taxonomy":"product_brand","embeddable":true,"href":"https:\/\/www.ambifuego.net\/de\/wp-json\/wp\/v2\/product_brand?post=41153"},{"taxonomy":"product_cat","embeddable":true,"href":"https:\/\/www.ambifuego.net\/de\/wp-json\/wp\/v2\/product_cat?post=41153"},{"taxonomy":"product_tag","embeddable":true,"href":"https:\/\/www.ambifuego.net\/de\/wp-json\/wp\/v2\/product_tag?post=41153"}],"curies":[{"name":"wp","href":"https:\/\/api.w.org\/{rel}","templated":true}]}}