{"id":41098,"date":"2021-06-01T10:40:53","date_gmt":"2021-06-01T10:40:54","guid":{"rendered":"https:\/\/www.ambifuego.net\/xtempx\/?post_type=product&#038;p=41098"},"modified":"2025-10-27T13:27:56","modified_gmt":"2025-10-27T12:27:56","slug":"zimmer-gaskamin-70-cm","status":"publish","type":"product","link":"https:\/\/www.ambifuego.net\/de\/producto\/zimmer-gaskamin-70-cm\/","title":{"rendered":"Zimmer Kamin 70 AM"},"content":{"rendered":"<p style=\"text-align: justify;\"><span style=\"font-family: verdana, geneva, sans-serif;\">Der Zimmer Gaskamin 70 cm<strong>\u00a0<\/strong>eignet sich bestens, um direkt in eine Wand integriert zu werden. Aber auch eine individueller Kaminanlage ist m\u00f6glich. Die\u00a0R\u00fcckwand des Gaskamins ist in Schwarz oder in schwarzem Ceraglas. Au\u00dferdem ist der Gaskamineinsatz mit einem entspiegeltem Sichtglas erh\u00e4ltlich. Diese Option verschafft die <strong>Illusion eines echten offenen Kamins<\/strong>\u00a0ohne Reflexionen auf der Glasscheibe. Damit Sie das lebendige Flammenbild Ihres Gaskamins noch besser genie\u00dfen k\u00f6nnen.<\/span><\/p>\n<p style=\"text-align: justify;\"><span style=\"font-family: verdana, geneva, sans-serif;\">Einbau Zimmer Gas kamin 70 cm besonders praktisch, saubern ohne Holz und Asche. <\/span><\/p>\n<div class='yrm-content yrm-content-1 yrm-content-hide  ' id='yrm-Co2Rh' data-id='1' data-show-status='false' data-after-action='' style=\"visibility: hidden;height: 0;\">\n\t\t\t<div id='yrm-inner-content-yrm-Co2Rh' class='yrm-inner-content-wrapper yrm-cntent-1'><\/p>\n<p style=\"text-align: justify;\"><span style=\"font-family: verdana, geneva, sans-serif;\">Dieses Gaskamin zauber eine ebenso wie der klassische Kamine eine tolle Feueratmosph\u00e4re. Frontkamin mit minimalem Rahmen und grosser Sicht aufs Feuer. Das t\u00e4uschend echte Flammenbild l\u00e4sst sich kaum von einem Holzfeuer unterscheiden. Das Ein- und Ausschalten erfolgt bequem auf Knopfdruck.<\/span><\/p>\n<h2 style=\"text-align: justify;\"><span style=\"font-size: 12pt; font-family: verdana, geneva, sans-serif;\">Zimmer Gaskamin 70 klein mit n\u00fcr 70 cm\u00a0 Breite<\/span><\/h2>\n<p style=\"text-align: justify;\"><span style=\"font-family: verdana, geneva, sans-serif;\">Einbau Gaskamine klein. Mit einem Gaskamin holen Sie sich W\u00e4rme, Atmosph\u00e4re und Gem\u00fctlichkeit in Ihr Haus. Lebendiges und gem\u00fctliches Kaminfeuer, aber ohne Brennholz nachlegen zu m\u00fcssen.\u00a0 Ist Ihr Kamin klein? Dann haben wir was zu bieten.Gaskamin klein mit Front- Glas zum Einbau in bestehende oder neue Kamine. Modell verf\u00fcgt \u00fcber eine gringe Einbautiefe und l\u00e4sst sich mit seinem zeitlos sch\u00f6nen Design flexible in jedes Raumkonzept intergrieren.<\/span><\/p>\n<h3>Raumluftunabh\u00e4ngiger Zimmer Gaskamin mit Fernbedienung<\/h3>\n<p style=\"text-align: justify;\"><span style=\"font-family: verdana, geneva, sans-serif;\">Eine Z\u00fcndung auf Knopfdruck, das bieten Ihnen nur wenige Kamine: Der raumluftunabh\u00e4ngige Gaskamin\u00a0 70AM ist mit genau dieser Technik ausgestattet. Entz\u00fcnden Sie die Flammen in seinem Inneren einfach per Knopfdruck mit der <strong>Fernbedienung<\/strong>. Auch die Regelung der Temperatur und Betriebsdauer des Gaskamins ist \u00fcber die Fernbedienung m\u00f6glich.\u00a0<\/span><span style=\"font-family: verdana, geneva, sans-serif;\">Regulieren Sie flexibel Flammenbild und W\u00e4rme, mit einem Fernbedienung.\u00a0 Mit diesem Gaskamin holen Sie sich W\u00e4rme, Atmosph\u00e4re und Gem\u00fctlichkeit in Ihr Hause.<\/span><\/p>\n<ul>\n<li style=\"text-align: justify;\"><span style=\"font-family: verdana, geneva, sans-serif;\">Einbau-Gaskamin Zimmer Gas kamin 70 cm<\/span><\/li>\n<li><span style=\"font-family: verdana, geneva, sans-serif;\">Brennstoff: Erdgas oder Fl\u00fcssiggas<\/span><\/li>\n<li><span style=\"font-family: verdana, geneva, sans-serif;\">Verbrennung: raumluftunabh\u00e4ngig<\/span><\/li>\n<li><span style=\"font-family: verdana, geneva, sans-serif;\">Leistung: Propan Gas-8Kw &#8211; Erdgas-8,8kW<\/span><\/li>\n<li><span style=\"font-family: verdana, geneva, sans-serif;\">Rohrdurchmesser: 150\/100 mm konzentrisch<\/span><\/li>\n<li><span style=\"font-family: verdana, geneva, sans-serif;\">Fernbedienung RCE mit elektronischer Z\u00fcndung<\/span><\/li>\n<li><span style=\"font-family: verdana, geneva, sans-serif;\">3QV-Burner (Brenner+ Leds)<\/span><\/li>\n<li><span style=\"font-family: verdana, geneva, sans-serif;\">*<a href=\"https:\/\/www.youtube.com\/user\/ambifuego\/videos\">Weitere Beispiel<\/a> &#8211; <a href=\"https:\/\/www.ambifuego.net\/wp-content\/uploads\/2021\/12\/catalogo-Ambifuego-2021-20kb_compressed.pdf\">Katalog<\/a> &#8211;<\/span><\/li>\n<\/ul>\n<p><\/div>\n\t\t<\/div><div class='yrm-btn-wrapper yrm-btn-wrapper-1 yrm-more-button-wrapper  '\n\t\tdata-custom-more-class-name='' data-custom-less-class-name=''><span title='' data-less-title='' data-more-title='' class='yrm-toggle-expand  yrm-toggle-expand-1 ' data-rel='yrm-Co2Rh' data-more='Mehr erfahren ' data-less='Read less'><span class='yrm-text-wrapper yrm-text-wrapper-custom-dimensions'><span class=\"yrm-button-text-1 yrm-button-text-span\">Mehr erfahren <\/span><\/span><\/span><\/div>\n","protected":false},"excerpt":{"rendered":"<div class=\"product-info-description col-md-8\">\n<div class=\"nav-tabs-container has-multi-tabs\">\n<div class=\"tab-content\">\n<div class=\"tab-pane active\">\n<div class=\"tab-body active\">\n<p><span style=\"font-family: verdana, geneva, sans-serif;\">Einbau Gaskamine klein. Mit einem Gaskamin holen Sie sich W\u00e4rme, Atmosph\u00e4re und Gem\u00fctlichkeit in Ihr Haus.<\/span><\/p>\n<\/div>\n<\/div>\n<\/div>\n<\/div>\n<\/div>\n","protected":false},"featured_media":80314,"template":"","meta":[],"product_brand":[],"product_cat":[352,353],"product_tag":[],"class_list":{"0":"post-41098","1":"product","2":"type-product","3":"status-publish","4":"has-post-thumbnail","6":"product_cat-gas-kamine-oefen-heizkoerper","7":"product_cat-hersteller-gaskamine-klein-einbau","9":"first","10":"instock","11":"shipping-taxable","12":"product-type-simple"},"_links":{"self":[{"href":"https:\/\/www.ambifuego.net\/de\/wp-json\/wp\/v2\/product\/41098","targetHints":{"allow":["GET"]}}],"collection":[{"href":"https:\/\/www.ambifuego.net\/de\/wp-json\/wp\/v2\/product"}],"about":[{"href":"https:\/\/www.ambifuego.net\/de\/wp-json\/wp\/v2\/types\/product"}],"version-history":[{"count":0,"href":"https:\/\/www.ambifuego.net\/de\/wp-json\/wp\/v2\/product\/41098\/revisions"}],"wp:featuredmedia":[{"embeddable":true,"href":"https:\/\/www.ambifuego.net\/de\/wp-json\/wp\/v2\/media\/80314"}],"wp:attachment":[{"href":"https:\/\/www.ambifuego.net\/de\/wp-json\/wp\/v2\/media?parent=41098"}],"wp:term":[{"taxonomy":"product_brand","embeddable":true,"href":"https:\/\/www.ambifuego.net\/de\/wp-json\/wp\/v2\/product_brand?post=41098"},{"taxonomy":"product_cat","embeddable":true,"href":"https:\/\/www.ambifuego.net\/de\/wp-json\/wp\/v2\/product_cat?post=41098"},{"taxonomy":"product_tag","embeddable":true,"href":"https:\/\/www.ambifuego.net\/de\/wp-json\/wp\/v2\/product_tag?post=41098"}],"curies":[{"name":"wp","href":"https:\/\/api.w.org\/{rel}","templated":true}]}}