{"id":40401,"date":"2021-05-24T12:57:36","date_gmt":"2021-05-24T12:57:37","guid":{"rendered":"https:\/\/www.ambifuego.net\/xtempx\/?post_type=product&#038;p=40401"},"modified":"2025-06-09T13:26:26","modified_gmt":"2025-06-09T11:26:26","slug":"einbau-wand-stand-elektrokamin-glazer","status":"publish","type":"product","link":"https:\/\/www.ambifuego.net\/de\/producto\/einbau-wand-stand-elektrokamin-glazer\/","title":{"rendered":"GLAZER  1300"},"content":{"rendered":"<div class=\"title\">\n<h2><span style=\"font-size: 12pt;\">\u00a0<span style=\"font-family: verdana, geneva, sans-serif;\">Glazer Einbau &#8211; Elektrokamin -Vielseitig<\/span><\/span><\/h2>\n<p><span style=\"font-family: verdana, geneva, sans-serif;\">Ein Einbau &#8211; Wand- Stand- <strong>Elektrokamin\u00a0<\/strong>bietet alle Annehmlichkeiten eines atmosph\u00e4rischen Kaminfeuers. Jedoch ohne einen Schornstein oder gro\u00dfe bauliche Ver\u00e4nderungen, er ist kinderleicht zu montieren und ben\u00f6tigt nur eine Steckdose. Allerdings das Feuer kann knistern und w\u00e4rmen, wie ein Holzfeuer, und ist hierdurch, eine echte Alternative zu Gas -und Holzkaminen<\/span><\/p>\n<p><span style=\"font-family: verdana, geneva, sans-serif;\">Der Glazer 1300\u00a0 \u00a0ist ein horizontaler Kamin. Diese Version bietet einen sch\u00f6nen Blick auf das Dekor im Kamin von allen Seiten. Dieses Feuer ist mit dem<strong>\u00a0OmniGlide-System<\/strong>\u00a0ausgestattet. Dieses System sorgt f\u00fcr eine gute W\u00e4rmeverteilung. Das realistische Feuerbild hinter dem Holzdekor entsteht durch<strong>\u00a0LED-Beleuchtung<\/strong>.<\/span><\/p>\n<p><span style=\"font-family: verdana, geneva, sans-serif;\">Aufgrund der gro\u00dfen Auswahl an Modellen und Abmessungen gibt es f\u00fcr jeden Innenraum einen Flamerite-Kamin. Durch die begrenzte Einbautiefe kann dieser Kamin fast \u00fcberall aufgestellt werden. F\u00fcr alle, die\u00a0<strong>kein Holz mehr herumschleppen<\/strong>\u00a0m\u00f6chten, bietet Flamerite geeignete Eins\u00e4tze f\u00fcr Ihren vorhandenen Kamin. Jedes\u00a0<strong>Feuer hat einstellbare<\/strong>\u00a0und\u00a0<strong>programmierbare<\/strong>\u00a0Flammenbilder und Flammenh\u00f6hen.<\/span><\/p>\n<p><span style=\"font-family: verdana, geneva, sans-serif;\">Mit der\u00a0<strong>&#8218;Smart E-Control&#8216;\u00a0<\/strong>k\u00f6nnen Sie das Flamerite-Feuer \u00fcber Ihr Mobiltelefon einstellen und steuern. Der <strong>einstellbare Thermostat<\/strong>\u00a0kann auch ferngesteuert werden.<\/span><\/p>\n<h2><span style=\"font-size: 12pt; font-family: verdana, geneva, sans-serif;\"><strong>Genie\u00dfen Sie Ihren Einbau &#8211; Kamin, ohne die Umwelt zu st\u00f6ren.<\/strong><\/span><\/h2>\n<ul>\n<li><span style=\"font-family: verdana, geneva, sans-serif;\">Einbau &#8211; Wand- Stand- Elektrokamin<\/span><\/li>\n<li><span style=\"font-family: verdana, geneva, sans-serif;\">Ein\u00a0<strong>flexibel<\/strong>\u00a0einstellbares 7-Tage-Programm garantiert unbeschwerte W\u00e4rme.<\/span><\/li>\n<li><span style=\"font-family: verdana, geneva, sans-serif;\">Das separat erh\u00e4ltliche &#8222;<strong>Steuertablett<\/strong>&#8220; erweitert die oben genannten Optionen um noch mehr Optionen.<\/span><\/li>\n<li><span style=\"font-family: verdana, geneva, sans-serif;\">Flameritkamine sind die einzige Antwort auf einen verantwortungsbewussten Kamin ohne zus\u00e4tzliche Auswirkungen auf die Umwelt.<\/span><\/li>\n<li><span style=\"font-family: verdana, geneva, sans-serif;\">Panorama 1-seitiges Feuerbild<\/span><\/li>\n<li><span style=\"font-family: verdana, geneva, sans-serif;\">Cinderwood Holzeffekt<\/span><\/li>\n<li><span style=\"font-family: verdana, geneva, sans-serif;\">Thermostatsteuerung 750w \/ 1500w verdeckte L\u00fcfterheizung<\/span><\/li>\n<li><span style=\"font-family: verdana, geneva, sans-serif;\">OmniGlide 2-Positionen-Frontscheibe mit dimmbarem LED-Flammeneffekt<\/span><\/li>\n<li><span style=\"font-family: verdana, geneva, sans-serif;\">Erweiterte Funktion der iOS- und Android-App (Download erforderlich)<\/span><\/li>\n<\/ul>\n<\/div>\n<div class=\"desc clearfix\">\n<div class=\"item_desc custom_content\"><\/div>\n<div>\n<p><span style=\"font-family: verdana, geneva, sans-serif;\">Ausserdem, der Glazer 1300 verf\u00fcgt \u00fcber das OmniGlide-System. Dieses System sorgt f\u00fcr eine gute W\u00e4rmeverteilung. Ebenso so, das realistische Feuerbild hinter dem Holzdekor entsteht durch LED-Beleuchtung.<\/span><\/p>\n<\/div>\n<\/div>\n<ul>\n<li><span style=\"font-family: verdana, geneva, sans-serif;\"><strong>MADE IN EUROPE<\/strong><\/span><\/li>\n<li><span style=\"font-family: verdana, geneva, sans-serif;\">flexibel einstellbares 7-Tage-Programm garantiert unbeschwerte W\u00e4rme.<\/span><\/li>\n<li><span style=\"font-family: verdana, geneva, sans-serif;\">Das separat erh\u00e4ltliche &#8222;<strong>Steuertablett<\/strong>&#8220; erweitert die oben genannten Optionen um noch mehr Optionen.<\/span><\/li>\n<li><span style=\"font-family: verdana, geneva, sans-serif;\">Flameritkamine sind die einzige Antwort auf einen verantwortungsbewussten Kamin ohne zus\u00e4tzliche Auswirkungen auf die Umwelt.<\/span><\/li>\n<li><span style=\"font-family: verdana, geneva, sans-serif;\">Thermostatsteuerung 750w \/ 1500w verdeckte L\u00fcfterheizung<\/span><\/li>\n<li><span style=\"font-family: verdana, geneva, sans-serif;\">Einseitiger Kamin<\/span><\/li>\n<li><span style=\"font-family: verdana, geneva, sans-serif;\">1 &#8211; 2 &#8211; 3 Sichtseiten\u00a0 Elektrokamin<\/span><\/li>\n<li><span style=\"font-family: verdana, geneva, sans-serif;\">Sicher und sauber<\/span><\/li>\n<li><span style=\"font-family: verdana, geneva, sans-serif;\">Modern mit realistischem LED-Flameneffekt<\/span><\/li>\n<li><span style=\"font-family: verdana, geneva, sans-serif;\">H\u00f6her Qualit\u00e4t<\/span><\/li>\n<li><span style=\"font-family: verdana, geneva, sans-serif;\">Led-Beleuchtung &#8211; Energiesparend<\/span><\/li>\n<li><span style=\"font-family: verdana, geneva, sans-serif;\">Thermostatsteuerung\u00a0 750w &#8211; 1500w verdeckte L\u00fafterheizung<\/span><\/li>\n<li><span style=\"font-family: verdana, geneva, sans-serif;\"><strong>e-touch-Control-<\/strong> Fernbedienung<\/span><\/li>\n<li><span style=\"font-family: verdana, geneva, sans-serif;\">Holz- Silberbirken oder Steine Dekor<\/span><\/li>\n<li><span style=\"font-family: verdana, geneva, sans-serif;\"><strong>Nitra-Flame<\/strong> &#8211; F\u00e4rbige Flammen<\/span><\/li>\n<li><span style=\"font-family: verdana, geneva, sans-serif;\">Preisgekr\u00f6ntes Produkt<\/span><\/li>\n<li><span style=\"font-family: verdana, geneva, sans-serif;\"><a href=\"https:\/\/www.ambifuego.net\/de\/kontakt\/\" target=\"_blank\" rel=\"noopener\">Weitere Infos<\/a>\u00a0<\/span><\/li>\n<li><span style=\"font-family: verdana, geneva, sans-serif;\"><a href=\"https:\/\/www.ambifuego.net\/wp-content\/uploads\/2020\/11\/20-21-Flamerite-catalogo-27-11-20.pdf\" target=\"_blank\" rel=\"noopener\">Katalog<\/a>\u00a0<\/span><\/li>\n<\/ul>\n<p><img decoding=\"async\" width=\"220\" height=\"150\" class=\"size-full wp-image-47124\" src=\"https:\/\/www.ambifuego.net\/wp-content\/uploads\/2021\/05\/1300glazergf_optimized.jpg\" alt=\"&quot;&lt;yoastmark\" \/><img decoding=\"async\" width=\"262\" height=\"150\" class=\"size-full wp-image-47127\" src=\"https:\/\/www.ambifuego.net\/wp-content\/uploads\/2021\/05\/1300glazer-gf3_optimized.jpg\" alt=\"&quot;&lt;yoastmark\" \/><\/p>\n","protected":false},"excerpt":{"rendered":"<p><img fetchpriority=\"high\" decoding=\"async\" class=\"alignnone wp-image-49649\" src=\"https:\/\/www.ambifuego.net\/wp-content\/uploads\/2021\/05\/flamerite-glazer-1300-cu_optimized.jpg\" alt=\"\" width=\"521\" height=\"521\" \/><\/p>\n","protected":false},"featured_media":74596,"template":"","meta":[],"product_brand":[],"product_cat":[379,383,382],"product_tag":[],"class_list":{"0":"post-40401","1":"product","2":"type-product","3":"status-publish","4":"has-post-thumbnail","6":"product_cat-ihr-spezialist-fuer-elektrokamine","7":"product_cat-electro-standkamin","8":"product_cat-elektrokamin-manufaktur-panoramakamin-spanien","10":"first","11":"instock","12":"shipping-taxable","13":"product-type-simple"},"_links":{"self":[{"href":"https:\/\/www.ambifuego.net\/de\/wp-json\/wp\/v2\/product\/40401","targetHints":{"allow":["GET"]}}],"collection":[{"href":"https:\/\/www.ambifuego.net\/de\/wp-json\/wp\/v2\/product"}],"about":[{"href":"https:\/\/www.ambifuego.net\/de\/wp-json\/wp\/v2\/types\/product"}],"version-history":[{"count":0,"href":"https:\/\/www.ambifuego.net\/de\/wp-json\/wp\/v2\/product\/40401\/revisions"}],"wp:featuredmedia":[{"embeddable":true,"href":"https:\/\/www.ambifuego.net\/de\/wp-json\/wp\/v2\/media\/74596"}],"wp:attachment":[{"href":"https:\/\/www.ambifuego.net\/de\/wp-json\/wp\/v2\/media?parent=40401"}],"wp:term":[{"taxonomy":"product_brand","embeddable":true,"href":"https:\/\/www.ambifuego.net\/de\/wp-json\/wp\/v2\/product_brand?post=40401"},{"taxonomy":"product_cat","embeddable":true,"href":"https:\/\/www.ambifuego.net\/de\/wp-json\/wp\/v2\/product_cat?post=40401"},{"taxonomy":"product_tag","embeddable":true,"href":"https:\/\/www.ambifuego.net\/de\/wp-json\/wp\/v2\/product_tag?post=40401"}],"curies":[{"name":"wp","href":"https:\/\/api.w.org\/{rel}","templated":true}]}}