{"id":40190,"date":"2021-05-20T12:26:43","date_gmt":"2021-05-20T12:26:43","guid":{"rendered":"https:\/\/www.ambifuego.net\/xtempx\/?post_type=product&#038;p=40190"},"modified":"2024-01-02T16:43:55","modified_gmt":"2024-01-02T15:43:55","slug":"elektrokamine-modernen-stils-730","status":"publish","type":"product","link":"https:\/\/www.ambifuego.net\/de\/producto\/elektrokamine-modernen-stils-730\/","title":{"rendered":"1-2-3 SEITEN KAMIN &#8211; 730"},"content":{"rendered":"<p style=\"text-align: justify;\"><span style=\"font-family: verdana, geneva, sans-serif;\">Elektrokamine modernen Stils 730 &#8211; Gem\u00fctlichkeit auch ohne Feuer\u00a0<\/span><\/p>\n<p style=\"text-align: justify;\"><span style=\"font-family: verdana, geneva, sans-serif;\">Ein knisterndes Feuer und lodernde Flammen; Kaum etwas sorgt an kalten Winterabenden f\u00fcr mehr Gem\u00fctlichkeit in den eigenen vier W\u00e4nden. Erleben l\u00e4sst sich das besondere Gef\u00fchl aber auch mit einem Kamin ohne Schrnstein. Die L\u00f6sung bringt ein Elektrokamin, den Verbraucher ohne grossen Aufwand, ohne Anschluss an den Schornstein und ohne Genehmigug einfach installieren k\u00f6nnen. Und das sogar in einer Mietwohnung.\u00a0<\/span><\/p>\n<p style=\"text-align: justify;\"><span style=\"font-family: verdana, geneva, sans-serif;\">Funktionsweise der Elektrokamine. Der Elektrokamin ist eine einfache Alternative zum konventionellen Kaminofen. Er heizt die Raumluft mithilfe elektrischer Heizwiderst\u00e4nde auf und ist somit eine Elektrodirektheizung.. W\u00e4hrend stromdurchflossene Heizelemente die Luft im Elektrokamin erw\u00e4rmen, steigt diese auf und verteilt sich im Raum. Dabei entsteht ein Unterdruck im Ofen, der frische Raumluft ansaugt und zu den Heizfl\u00e4chen leitet. Anders als bei einem konventionellen Kamin \u00fcbertr\u00e4gt ein elektrischer Kamin thermische Energie also \u00fcberwiegend in Form von Konvektion an den Raum. Das typische Kamingef\u00fchl von sonnengleicher W\u00e4rme, die tief in die Haut eindringt, bleibt somit aus.<\/span><\/p>\n<h2><span style=\"font-size: 14pt;\">Elektrokamine modernen Stils 730<\/span><\/h2>\n<ul>\n<li><span style=\"font-family: verdana, geneva, sans-serif;\"><strong>Made in Europe<\/strong><\/span><\/li>\n<li><span style=\"font-family: verdana, geneva, sans-serif;\">Moderne elektrische Kamine von hoher Qualit\u00e4t<\/span><\/li>\n<li><span style=\"font-family: verdana, geneva, sans-serif;\">1-2-3 Feuersicht-Seiten<\/span><\/li>\n<li><span style=\"font-family: verdana, geneva, sans-serif;\">Mit realistischem Flammen-Effekt<\/span><\/li>\n<li><span style=\"font-family: verdana, geneva, sans-serif;\">Mit LED Beleuchtung<\/span><\/li>\n<li><span style=\"font-family: verdana, geneva, sans-serif;\">Heizl\u00fcfter: 2 Stufen 750 &#8211; 1500 W<\/span><\/li>\n<li><span style=\"font-family: verdana, geneva, sans-serif;\">APP-Steuerung &#8211; Fernbedienung (Bald)<\/span><\/li>\n<li><span style=\"font-family: verdana, geneva, sans-serif;\">Feuer-Deko: Holzst\u00fccke &#8211; Steine<\/span><\/li>\n<li><span style=\"font-family: verdana, geneva, sans-serif;\"><strong>Nitra-Flame<\/strong> &#8211; F\u00e4rbige Flammen<\/span><\/li>\n<li><span style=\"font-family: verdana, geneva, sans-serif;\">Sicher und Sauber<\/span><\/li>\n<li><span style=\"font-family: verdana, geneva, sans-serif;\">Preisgekr\u00f6ntes Produkt<\/span><\/li>\n<li><span style=\"font-family: verdana, geneva, sans-serif;\"><a href=\"https:\/\/www.ambifuego.net\/de\/kontakt\/\" target=\"_blank\" rel=\"noopener\">Weitere Infos<\/a>\u00a0<\/span><\/li>\n<li><span style=\"font-family: verdana, geneva, sans-serif;\"><a href=\"https:\/\/www.ambifuego.net\/wp-content\/uploads\/2021\/05\/EVONIC-2021.pdf\" target=\"_blank\" rel=\"noopener\">Katalog<\/a>\u00a0<\/span><\/li>\n<li><a href=\"https:\/\/vimeo.com\/ambifuego\" target=\"_blank\" rel=\"noopener\"><span style=\"font-family: verdana, geneva, sans-serif;\">Video<\/span><\/a><\/li>\n<\/ul>\n<figure id=\"attachment_64691\" aria-describedby=\"caption-attachment-64691\" style=\"width: 480px\" class=\"wp-caption alignnone\"><img fetchpriority=\"high\" decoding=\"async\" class=\"size-medium wp-image-64691\" src=\"https:\/\/www.ambifuego.net\/wp-content\/uploads\/2023\/07\/730-2_optimized-480x165.jpg\" alt=\"chimenea electrica e 730 medidas\" width=\"480\" height=\"165\" srcset=\"https:\/\/www.ambifuego.net\/wp-content\/uploads\/2023\/07\/730-2_optimized-480x165.jpg 480w, https:\/\/www.ambifuego.net\/wp-content\/uploads\/2023\/07\/730-2_optimized-768x263.jpg 768w, https:\/\/www.ambifuego.net\/wp-content\/uploads\/2023\/07\/730-2_optimized-780x267.jpg 780w, https:\/\/www.ambifuego.net\/wp-content\/uploads\/2023\/07\/730-2_optimized-800x274.jpg 800w, https:\/\/www.ambifuego.net\/wp-content\/uploads\/2023\/07\/730-2_optimized.jpg 834w\" sizes=\"(max-width: 480px) 100vw, 480px\" \/><figcaption id=\"caption-attachment-64691\" class=\"wp-caption-text\">chimenea electrica e 730 medidas<\/figcaption><\/figure>\n","protected":false},"excerpt":{"rendered":"[caption id=\"attachment_64679\" align=\"alignnone\" width=\"480\"]<img decoding=\"async\" class=\"size-full wp-image-64679\" src=\"https:\/\/www.ambifuego.net\/wp-content\/uploads\/2021\/05\/e730_gf_1-1_optimized.jpg\" alt=\"chimenea electrica 730 vista frente le\u00f1os\" width=\"480\" height=\"320\" srcset=\"https:\/\/www.ambifuego.net\/wp-content\/uploads\/2021\/05\/e730_gf_1-1_optimized.jpg 480w, https:\/\/www.ambifuego.net\/wp-content\/uploads\/2021\/05\/e730_gf_1-1_optimized-405x270.jpg 405w\" sizes=\"(max-width: 480px) 100vw, 480px\" \/> chimenea electrica 730 vista frente le\u00f1os[\/caption]\n","protected":false},"featured_media":64697,"template":"","meta":[],"product_brand":[],"product_cat":[379,382],"product_tag":[],"class_list":{"0":"post-40190","1":"product","2":"type-product","3":"status-publish","4":"has-post-thumbnail","6":"product_cat-ihr-spezialist-fuer-elektrokamine","7":"product_cat-elektrokamin-manufaktur-panoramakamin-spanien","9":"first","10":"instock","11":"shipping-taxable","12":"product-type-simple"},"_links":{"self":[{"href":"https:\/\/www.ambifuego.net\/de\/wp-json\/wp\/v2\/product\/40190","targetHints":{"allow":["GET"]}}],"collection":[{"href":"https:\/\/www.ambifuego.net\/de\/wp-json\/wp\/v2\/product"}],"about":[{"href":"https:\/\/www.ambifuego.net\/de\/wp-json\/wp\/v2\/types\/product"}],"version-history":[{"count":0,"href":"https:\/\/www.ambifuego.net\/de\/wp-json\/wp\/v2\/product\/40190\/revisions"}],"wp:featuredmedia":[{"embeddable":true,"href":"https:\/\/www.ambifuego.net\/de\/wp-json\/wp\/v2\/media\/64697"}],"wp:attachment":[{"href":"https:\/\/www.ambifuego.net\/de\/wp-json\/wp\/v2\/media?parent=40190"}],"wp:term":[{"taxonomy":"product_brand","embeddable":true,"href":"https:\/\/www.ambifuego.net\/de\/wp-json\/wp\/v2\/product_brand?post=40190"},{"taxonomy":"product_cat","embeddable":true,"href":"https:\/\/www.ambifuego.net\/de\/wp-json\/wp\/v2\/product_cat?post=40190"},{"taxonomy":"product_tag","embeddable":true,"href":"https:\/\/www.ambifuego.net\/de\/wp-json\/wp\/v2\/product_tag?post=40190"}],"curies":[{"name":"wp","href":"https:\/\/api.w.org\/{rel}","templated":true}]}}