{"id":40057,"date":"2021-05-19T09:17:46","date_gmt":"2021-05-19T09:17:46","guid":{"rendered":"https:\/\/www.ambifuego.net\/xtempx\/?post_type=product&#038;p=40057"},"modified":"2023-11-29T15:47:11","modified_gmt":"2023-11-29T14:47:11","slug":"elektrokamin-gemuetlichkeit-ohne-feuer","status":"publish","type":"product","link":"https:\/\/www.ambifuego.net\/de\/producto\/elektrokamin-gemuetlichkeit-ohne-feuer\/","title":{"rendered":"1-2-3 SEITEN KAMIN &#8211; 1250"},"content":{"rendered":"<p style=\"text-align: justify;\"><span style=\"font-family: verdana, geneva, sans-serif;\">Elektrokamin Gem\u00fctlichkeit ohne Feuer<\/span><\/p>\n<p style=\"text-align: justify;\"><span style=\"font-family: verdana, geneva, sans-serif;\">Ein knisterndes Feuer und lodernde Flammen: Kaum etwas sorgt an kalten Winterabenden f\u00fcr mehr Gem\u00fctlichkeit in den eigenen vier W\u00e4nden. Erleben l\u00e4sst sich das besondere Gef\u00fchl aber auch mit einem Kamin ohne Schornstein. Die L\u00f6sung bringt ein Elektrokamin, den Verbraucher ohne gro\u00dfen Aufwand, ohne Anschluss an den Schornstein und ohne Genehmigung einfach installieren k\u00f6nnen. Und das sogar in einer Mietwohnung.\u00a0<\/span><\/p>\n<p style=\"text-align: justify;\"><span style=\"font-family: verdana, geneva, sans-serif;\">Der Elektrokamin ist eine einfache Alternative zum konventionellen Kaminofen. Er heizt die Raumluft mithilfe elektrischer Heizwiderst\u00e4nde auf und ist somit eine Elektrodirektheizung. W\u00e4hrend stromdurchflossene Heizelemente die Luft im Elektrokamin erw\u00e4rmen, steigt diese auf und verteilt sich im Raum. Dabei entsteht ein Unterdruck im Ofen, der frische Raumluft ansaugt und zu den Heizfl\u00e4chen leitet. Anders als bei einem konventionellen Kamin \u00fcbertr\u00e4gt ein elektrischer Kamin thermische Energie also \u00fcberwiegend in Form von\u00a0Konvektion an den Raum. Das typische Kamingef\u00fchl von sonnengleicher W\u00e4rme, die tief in die Haut eindringt, bleibt somit aus.<\/span><\/p>\n<h3 style=\"text-align: justify;\"><span style=\"font-family: verdana, geneva, sans-serif;\">Elektrokamin Gem\u00fctlichkeit ohne Feuer mit t\u00e4uschend echten Flammen\u00a0<\/span><\/h3>\n<p style=\"text-align: justify;\"><span style=\"font-family: verdana, geneva, sans-serif;\">Ein moderner elektrischer Kamin besticht mit t\u00e4uschend <a href=\"https:\/\/www.youtube.com\/user\/ambifuego\/videos\" target=\"_blank\" rel=\"noopener\">echten Flammen,<\/a> die l\u00e4ngst nichts mehr mit den einfach beleuchteten Stoffstreifen zu tun haben. Die Technologien dahinter nennen sich Opti-Myst, Opti-Flame oder Opti-Virtual und verzaubern Verbraucher mit allerhand Raffinesse. Die folgende Tabelle gibt einen \u00dcberblick und zeigt, wie die verschiedenen Systeme arbeiten.<\/span><\/p>\n<ul>\n<li><span style=\"font-family: verdana, geneva, sans-serif;\"><strong>Made in Europe<\/strong><span id=\"result_box\" class=\"\" lang=\"de\"><br \/>\n<\/span><\/span><\/li>\n<li><span style=\"font-family: verdana, geneva, sans-serif;\">Moderner Kamin mit echtfeuer Flammeneffekt<\/span><\/li>\n<li><span style=\"font-family: verdana, geneva, sans-serif;\">1-2 or 3 sided Elektrokamin<\/span><\/li>\n<li><span style=\"font-family: verdana, geneva, sans-serif;\">E-touch App-Control &#8211; Tablet &#8211; Fernbedienung<\/span><\/li>\n<li><span id=\"result_box\" class=\"\" lang=\"de\" style=\"font-family: verdana, geneva, sans-serif;\">2 Heizstufen 750 &#8211; 1500 W<\/span><\/li>\n<li><span style=\"font-family: verdana, geneva, sans-serif;\">Antireflekteriendes Frontglas<\/span><\/li>\n<li><span id=\"result_box\" class=\"\" lang=\"de\" style=\"font-family: verdana, geneva, sans-serif;\">Led Beleuchtung &#8211; Energiesparend<\/span><\/li>\n<li><span id=\"result_box\" class=\"\" lang=\"de\" style=\"font-family: verdana, geneva, sans-serif;\">Holz- Silberbirken oder Steine Dekor<\/span><\/li>\n<li><span style=\"font-family: verdana, geneva, sans-serif;\">Sicher und Sauber<\/span><\/li>\n<li><span style=\"font-family: verdana, geneva, sans-serif;\">* Option;<strong> Nitra-Flame Effect<\/strong>&#8211; F\u00e4rbige Flammen<\/span><\/li>\n<li><a href=\"https:\/\/www.ambifuego.net\/wp-content\/uploads\/2021\/05\/EVONIC-2021.pdf\" target=\"_blank\" rel=\"noopener\"><span style=\"font-family: verdana, geneva, sans-serif;\">Katalog<\/span><\/a><\/li>\n<li><a href=\"https:\/\/vimeo.com\/ambifuego\" target=\"_blank\" rel=\"noopener\">Video<\/a><\/li>\n<\/ul>\n<p>&nbsp;<\/p>\n<figure id=\"attachment_51221\" aria-describedby=\"caption-attachment-51221\" style=\"width: 557px\" class=\"wp-caption alignnone\"><img fetchpriority=\"high\" decoding=\"async\" class=\" wp-image-51221\" src=\"https:\/\/www.ambifuego.net\/wp-content\/uploads\/2021\/05\/1250gf-_-gf2-evonic_optimized-480x154.jpg\" alt=\"1250 gf-gf2 evonic electrico\" width=\"557\" height=\"179\" srcset=\"https:\/\/www.ambifuego.net\/wp-content\/uploads\/2021\/05\/1250gf-_-gf2-evonic_optimized-480x154.jpg 480w, https:\/\/www.ambifuego.net\/wp-content\/uploads\/2021\/05\/1250gf-_-gf2-evonic_optimized.jpg 500w\" sizes=\"(max-width: 557px) 100vw, 557px\" \/><figcaption id=\"caption-attachment-51221\" class=\"wp-caption-text\">1250 gf-gf2 el\u00e9ctrico<\/figcaption><\/figure>\n","protected":false},"excerpt":{"rendered":"[caption id=\"attachment_49280\" align=\"alignnone\" width=\"453\"]<img decoding=\"async\" class=\"size-full wp-image-49280\" src=\"https:\/\/www.ambifuego.net\/wp-content\/uploads\/2021\/05\/efectos-de-llamas_optimized.jpg\" alt=\"efecto de llamas electricas\" width=\"453\" height=\"320\" \/> <strong style=\"font-size: 16px;\">Reallistischem Feuer Effekt<\/strong>[\/caption]\n","protected":false},"featured_media":51227,"template":"","meta":[],"product_brand":[],"product_cat":[379,382],"product_tag":[],"class_list":{"0":"post-40057","1":"product","2":"type-product","3":"status-publish","4":"has-post-thumbnail","6":"product_cat-ihr-spezialist-fuer-elektrokamine","7":"product_cat-elektrokamin-manufaktur-panoramakamin-spanien","9":"first","10":"instock","11":"shipping-taxable","12":"product-type-simple"},"_links":{"self":[{"href":"https:\/\/www.ambifuego.net\/de\/wp-json\/wp\/v2\/product\/40057","targetHints":{"allow":["GET"]}}],"collection":[{"href":"https:\/\/www.ambifuego.net\/de\/wp-json\/wp\/v2\/product"}],"about":[{"href":"https:\/\/www.ambifuego.net\/de\/wp-json\/wp\/v2\/types\/product"}],"version-history":[{"count":0,"href":"https:\/\/www.ambifuego.net\/de\/wp-json\/wp\/v2\/product\/40057\/revisions"}],"wp:featuredmedia":[{"embeddable":true,"href":"https:\/\/www.ambifuego.net\/de\/wp-json\/wp\/v2\/media\/51227"}],"wp:attachment":[{"href":"https:\/\/www.ambifuego.net\/de\/wp-json\/wp\/v2\/media?parent=40057"}],"wp:term":[{"taxonomy":"product_brand","embeddable":true,"href":"https:\/\/www.ambifuego.net\/de\/wp-json\/wp\/v2\/product_brand?post=40057"},{"taxonomy":"product_cat","embeddable":true,"href":"https:\/\/www.ambifuego.net\/de\/wp-json\/wp\/v2\/product_cat?post=40057"},{"taxonomy":"product_tag","embeddable":true,"href":"https:\/\/www.ambifuego.net\/de\/wp-json\/wp\/v2\/product_tag?post=40057"}],"curies":[{"name":"wp","href":"https:\/\/api.w.org\/{rel}","templated":true}]}}